{"id":1652,"date":"2016-12-03T21:49:37","date_gmt":"2016-12-03T20:49:37","guid":{"rendered":"http:\/\/ffw-bockhorn.de\/?page_id=1652"},"modified":"2020-01-02T14:55:03","modified_gmt":"2020-01-02T13:55:03","slug":"jugendfeuerwehr","status":"publish","type":"page","link":"https:\/\/ffw-bockhorn.de\/?page_id=1652","title":{"rendered":"Du willst zur Jugendfeuerwehr?"},"content":{"rendered":"<div class=\"n diyfeLiveArea\">\n<p>Du hast Interesse an der Feuerwehr?<\/p>\n<p>Du wolltest schon immer Feuerwehrmann\/-frau sein?<\/p>\n<p>Du bist interessiert an Technik?<\/p>\n<p>Du m\u00f6chtest anderen Menschen helfen?<\/p>\n<p>Du bist gerne draussen unterwegs und bewegst dich gern?<\/p>\n<p>Du bist zwischen 12 und 18 Jahren alt?<\/p>\n<p><\/p>\n<h4>Dann bist DU genau richtig bei der Jugendfeuerwehr!!!<\/h4>\n<p><\/p>\n<\/div>\n<div class=\"n diyfeLiveArea\">\n<div id=\"imageSubtitle-5798444447\" class=\"clearover imageSubtitle\">\n<div class=\"align-container align-center\"><a class=\"imagewrapper\" href=\"https:\/\/i0.wp.com\/www.kreisjugendfeuerwehr-erding.de\/s\/cc_images\/teaserbox_2451484274.jpg\" rel=\"lightbox[5798444447]\"> <img data-recalc-dims=\"1\" loading=\"lazy\" decoding=\"async\" id=\"image_2451484274\" class=\"\" src=\"https:\/\/i0.wp.com\/www.kreisjugendfeuerwehr-erding.de\/s\/cc_images\/cache_2451484274.jpg?resize=641%2C452\" alt=\"\" width=\"641\" height=\"452\"> <\/a><\/div>\n<\/div>\n<\/div>\n<div class=\"n diyfeLiveArea\">\n<p>Informiere Dich jetzt bei den Jugendwarten und komm dazu!<\/p>\n<\/div>\n\n\n<div class=\"wp-block-button\"><a class=\"wp-block-button__link\" href=\"https:\/\/ffw-bockhorn.de\/?page_id=3791\">Ich m\u00f6chte auch dabei sein<br><\/a><\/div>\n\n\n\n<p>\nZur Internetseite der <a href=\"http:\/\/www.kreisjugendfeuerwehr-erding.de\/\" target=\"_blank\" rel=\"noreferrer noopener\">Jugendfeuerwehr im Landkreis Erding<\/a>.\n\n<\/p>\n\n\n\n<h2 class=\"wp-block-heading\"> Ein Starkes Team sucht Verst\u00e4rkung und z\u00e4hlt auf DICH! <\/h2>\n","protected":false},"excerpt":{"rendered":"<p>Du hast Interesse an der Feuerwehr? Du wolltest schon immer Feuerwehrmann\/-frau sein? Du bist interessiert an Technik? Du m\u00f6chtest anderen Menschen helfen? Du bist gerne draussen unterwegs und bewegst dich<\/p>\n","protected":false},"author":1,"featured_media":0,"parent":0,"menu_order":0,"comment_status":"closed","ping_status":"closed","template":"","meta":{"jetpack_post_was_ever_published":false,"footnotes":""},"class_list":["post-1652","page","type-page","status-publish","hentry"],"jetpack_sharing_enabled":true,"jetpack_shortlink":"https:\/\/wp.me\/P6T4yF-qE","jetpack-related-posts":[{"id":3791,"url":"https:\/\/ffw-bockhorn.de\/?page_id=3791","url_meta":{"origin":1652,"position":0},"title":"Mitglied bei der Jugendfeuerwehr","author":"FFW Bockhorn","date":"2. Januar 2020","format":false,"excerpt":"Du bist zwischen 12 und 17 Jahre alt Wenn du dir unsicher ist, dann komm einfach mal unverbindlich vorbei und schau dir an was wir machen. Im \u00dcbungplan oder im Terminkalender siehst du wann die n\u00e4chste \u00dcbung ist. Du kannst auch den Jugendwarten auf whatsapp, instagram, snapchat oder....schreiben. Die Handynummern\u2026","rel":"","context":"\u00c4hnlicher Beitrag","block_context":{"text":"\u00c4hnlicher Beitrag","link":""},"img":{"alt_text":"","src":"","width":0,"height":0},"classes":[]},{"id":1782,"url":"https:\/\/ffw-bockhorn.de\/?page_id=1782","url_meta":{"origin":1652,"position":1},"title":"Mitglied werden &#8211; w\u00e4hle aus&#8230;.","author":"FFW Bockhorn","date":"21. Dezember 2016","format":false,"excerpt":"Ich bin zwischen 12 und 17 Jahre alt Wenn du dir unsicher ist, dann komm einfach mal unverbindlich vorbei und schau dir an was wir machen. Im \u00dcbungplan oder im Terminkalender siehst du wann die n\u00e4chste \u00dcbung ist. Du kannst auch den Jugendwarten auf whatsapp, instagram, snapchat oder....schreiben. Die Handynummern\u2026","rel":"","context":"\u00c4hnlicher Beitrag","block_context":{"text":"\u00c4hnlicher Beitrag","link":""},"img":{"alt_text":"","src":"","width":0,"height":0},"classes":[]},{"id":3794,"url":"https:\/\/ffw-bockhorn.de\/?page_id=3794","url_meta":{"origin":1652,"position":2},"title":"Mitglied im aktiven Feuerwehrdienst","author":"FFW Bockhorn","date":"2. Januar 2020","format":false,"excerpt":"Du m\u00f6chtest aktiv helfen und bist mind 18 Jahre alt Bitte w\u00e4hle im Mitgliedsantrag mind. \"aktives Mitglied\" aus. Mitgliedschaft FW_Beitrittserkl\u00e4rungHerunterladen \u00dcbungsplan_2025Herunterladen Bei zus\u00e4tzlicher Mitgliedschaft im Verein, schau dir auch die Vereinssatzung an. VereinssatzungHerunterladen Zur\u00fcck zur \u00dcbersicht","rel":"","context":"\u00c4hnlicher Beitrag","block_context":{"text":"\u00c4hnlicher Beitrag","link":""},"img":{"alt_text":"","src":"","width":0,"height":0},"classes":[]},{"id":2526,"url":"https:\/\/ffw-bockhorn.de\/?page_id=2526","url_meta":{"origin":1652,"position":3},"title":"2017 &#8211; Unser erstes Jahr","author":"FFW Bockhorn","date":"5. Februar 2019","format":false,"excerpt":"Im Jahr 2017 wurde die Jugendfeuerwehr Bockhorn gegr\u00fcndet. Willst du wissen was wir im ersten Jahr erlebt haben? Dann schau`s dir an! Ich m\u00f6chte auch dabei sein Erste Hilfe Unter Anleitung der Kollegen aus Gr\u00fcnbach lernten die Jungs und M\u00e4dchen Basics wie die stabile Seitenlage und die richtige Wiederbelebung. Auch\u2026","rel":"","context":"\u00c4hnlicher Beitrag","block_context":{"text":"\u00c4hnlicher Beitrag","link":""},"img":{"alt_text":"","src":"https:\/\/i0.wp.com\/ffw-bockhorn.de\/wp-content\/uploads\/2019\/02\/JF_2017_056.jpg?fit=1200%2C900&ssl=1&resize=350%2C200","width":350,"height":200,"srcset":"https:\/\/i0.wp.com\/ffw-bockhorn.de\/wp-content\/uploads\/2019\/02\/JF_2017_056.jpg?fit=1200%2C900&ssl=1&resize=350%2C200 1x, https:\/\/i0.wp.com\/ffw-bockhorn.de\/wp-content\/uploads\/2019\/02\/JF_2017_056.jpg?fit=1200%2C900&ssl=1&resize=525%2C300 1.5x, https:\/\/i0.wp.com\/ffw-bockhorn.de\/wp-content\/uploads\/2019\/02\/JF_2017_056.jpg?fit=1200%2C900&ssl=1&resize=700%2C400 2x, https:\/\/i0.wp.com\/ffw-bockhorn.de\/wp-content\/uploads\/2019\/02\/JF_2017_056.jpg?fit=1200%2C900&ssl=1&resize=1050%2C600 3x"},"classes":[]},{"id":3353,"url":"https:\/\/ffw-bockhorn.de\/?page_id=3353","url_meta":{"origin":1652,"position":4},"title":"2019 &#8211; l\u00e4uft bei uns","author":"FFW Bockhorn","date":"8. Juli 2019","format":false,"excerpt":"Die neuesten Beitr\u00e4ge Aktion Ferienspass Den Kindern der Gemeinde Bockhorn wurde heute an allen 4 Feuerwehrh\u00e4usern der Gemeinde etwas gro\u00dfartiges Rund um die Feuerwehr geboten. In Bockhorn hat die Jugendfeuerwehr unter Anleitung ein Auto mit Scheere und Spreizer zerlegt. Daf\u00fcr durfte die Jugend auch in das Gewand der \"Gro\u00dfen\" schl\u00fcpfen!\u2026","rel":"","context":"\u00c4hnlicher Beitrag","block_context":{"text":"\u00c4hnlicher Beitrag","link":""},"img":{"alt_text":"","src":"https:\/\/i0.wp.com\/ffw-bockhorn.de\/wp-content\/uploads\/2019\/07\/IMG_20190317_184316.jpg?fit=1200%2C781&ssl=1&resize=350%2C200","width":350,"height":200,"srcset":"https:\/\/i0.wp.com\/ffw-bockhorn.de\/wp-content\/uploads\/2019\/07\/IMG_20190317_184316.jpg?fit=1200%2C781&ssl=1&resize=350%2C200 1x, https:\/\/i0.wp.com\/ffw-bockhorn.de\/wp-content\/uploads\/2019\/07\/IMG_20190317_184316.jpg?fit=1200%2C781&ssl=1&resize=525%2C300 1.5x, https:\/\/i0.wp.com\/ffw-bockhorn.de\/wp-content\/uploads\/2019\/07\/IMG_20190317_184316.jpg?fit=1200%2C781&ssl=1&resize=700%2C400 2x, https:\/\/i0.wp.com\/ffw-bockhorn.de\/wp-content\/uploads\/2019\/07\/IMG_20190317_184316.jpg?fit=1200%2C781&ssl=1&resize=1050%2C600 3x"},"classes":[]},{"id":216,"url":"https:\/\/ffw-bockhorn.de\/?page_id=216","url_meta":{"origin":1652,"position":5},"title":"Presse","author":"FFW Bockhorn","date":"2. November 2015","format":false,"excerpt":"Hier sammeln wir Pressemitteilungen, ausgenommen Einsatzberichte, die sich auf die Feuerwehr Bockhorn beziehen. 2026 01.04.2026 Die Feuerwehr Bockhorn verj\u00fcngt sich und plant das 150-J\u00e4hrige 22.01.2026 Spende an Jugendfeuerwehr Bockhorn und Kinderkrebshilfe e. V. 2025 23.04.2025 Feuerwehr Bockhorn: Ideen f\u00fcrs 150-J\u00e4hrige gesucht 2024 20.10.2024 111 Jugendliche legten den Feuerwehr Wissenstest erfolgreich\u2026","rel":"","context":"\u00c4hnlicher Beitrag","block_context":{"text":"\u00c4hnlicher Beitrag","link":""},"img":{"alt_text":"","src":"","width":0,"height":0},"classes":[]}],"_links":{"self":[{"href":"https:\/\/ffw-bockhorn.de\/index.php?rest_route=\/wp\/v2\/pages\/1652","targetHints":{"allow":["GET"]}}],"collection":[{"href":"https:\/\/ffw-bockhorn.de\/index.php?rest_route=\/wp\/v2\/pages"}],"about":[{"href":"https:\/\/ffw-bockhorn.de\/index.php?rest_route=\/wp\/v2\/types\/page"}],"author":[{"embeddable":true,"href":"https:\/\/ffw-bockhorn.de\/index.php?rest_route=\/wp\/v2\/users\/1"}],"replies":[{"embeddable":true,"href":"https:\/\/ffw-bockhorn.de\/index.php?rest_route=%2Fwp%2Fv2%2Fcomments&post=1652"}],"version-history":[{"count":28,"href":"https:\/\/ffw-bockhorn.de\/index.php?rest_route=\/wp\/v2\/pages\/1652\/revisions"}],"predecessor-version":[{"id":4138,"href":"https:\/\/ffw-bockhorn.de\/index.php?rest_route=\/wp\/v2\/pages\/1652\/revisions\/4138"}],"wp:attachment":[{"href":"https:\/\/ffw-bockhorn.de\/index.php?rest_route=%2Fwp%2Fv2%2Fmedia&parent=1652"}],"curies":[{"name":"wp","href":"https:\/\/api.w.org\/{rel}","templated":true}]}}