{"id":1767,"date":"2016-12-20T22:00:10","date_gmt":"2016-12-20T21:00:10","guid":{"rendered":"http:\/\/ffw-bockhorn.de\/?page_id=1767"},"modified":"2020-01-02T14:57:18","modified_gmt":"2020-01-02T13:57:18","slug":"jugenduebungen","status":"publish","type":"page","link":"https:\/\/ffw-bockhorn.de\/?page_id=1767","title":{"rendered":"\u00dcbungen der Jugendfeuerwehr"},"content":{"rendered":"<p>Die Jugendfeuerwehr Bockhorn trifft sich in der Regel zweimal im Monat zu Ihren \u00dcbungen!<\/p>\n<p>Den aktuellen <a href=\"https:\/\/ffw-bockhorn.de\/?page_id=3791\">\u00dcbungsplan<\/a> k\u00f6nnt Ihr euch <a href=\"https:\/\/ffw-bockhorn.de\/?page_id=3791\">hier<\/a> im PDF-Format herunterladen. <\/p>\n\n\n<p><\/p>\n","protected":false},"excerpt":{"rendered":"<p>Die Jugendfeuerwehr Bockhorn trifft sich in der Regel zweimal im Monat zu Ihren \u00dcbungen! Den aktuellen \u00dcbungsplan k\u00f6nnt Ihr euch hier im PDF-Format herunterladen.<\/p>\n","protected":false},"author":1,"featured_media":2136,"parent":0,"menu_order":0,"comment_status":"closed","ping_status":"closed","template":"","meta":{"jetpack_post_was_ever_published":false,"footnotes":""},"class_list":["post-1767","page","type-page","status-publish","has-post-thumbnail","hentry"],"jetpack_sharing_enabled":true,"jetpack_shortlink":"https:\/\/wp.me\/P6T4yF-sv","jetpack-related-posts":[{"id":3211,"url":"https:\/\/ffw-bockhorn.de\/?page_id=3211","url_meta":{"origin":1767,"position":0},"title":"2018 &#8211; nur wer dabei war, war dabei","author":"FFW Bockhorn","date":"6. Juli 2019","format":false,"excerpt":"...die Seite ist leider noch nicht ganz vollst\u00e4ndig.... :-( Wissenstest in Wartenberg Dazu gibt es auch einen Fernsehbeitrag von TV M\u00fcnchen. Jugendflamme Seit Jahresbeginn hat sich die Jugendgruppe der FF Bockhorn auf das Abzeichen \u201eJugenflamme \u2013 Stufe 1\u201c intensiv vorbereitet. Es wurden verschiedene Pr\u00fcfungen abgelegt. Der Feuerwehrnachwuchs musste unter anderem\u2026","rel":"","context":"\u00c4hnlicher Beitrag","block_context":{"text":"\u00c4hnlicher Beitrag","link":""},"img":{"alt_text":"","src":"https:\/\/i0.wp.com\/ffw-bockhorn.de\/wp-content\/uploads\/2019\/02\/IMG_20181021_062300.jpg?fit=1200%2C900&ssl=1&resize=350%2C200","width":350,"height":200,"srcset":"https:\/\/i0.wp.com\/ffw-bockhorn.de\/wp-content\/uploads\/2019\/02\/IMG_20181021_062300.jpg?fit=1200%2C900&ssl=1&resize=350%2C200 1x, https:\/\/i0.wp.com\/ffw-bockhorn.de\/wp-content\/uploads\/2019\/02\/IMG_20181021_062300.jpg?fit=1200%2C900&ssl=1&resize=525%2C300 1.5x, https:\/\/i0.wp.com\/ffw-bockhorn.de\/wp-content\/uploads\/2019\/02\/IMG_20181021_062300.jpg?fit=1200%2C900&ssl=1&resize=700%2C400 2x, https:\/\/i0.wp.com\/ffw-bockhorn.de\/wp-content\/uploads\/2019\/02\/IMG_20181021_062300.jpg?fit=1200%2C900&ssl=1&resize=1050%2C600 3x"},"classes":[]},{"id":2526,"url":"https:\/\/ffw-bockhorn.de\/?page_id=2526","url_meta":{"origin":1767,"position":1},"title":"2017 &#8211; Unser erstes Jahr","author":"FFW Bockhorn","date":"5. Februar 2019","format":false,"excerpt":"Im Jahr 2017 wurde die Jugendfeuerwehr Bockhorn gegr\u00fcndet. Willst du wissen was wir im ersten Jahr erlebt haben? Dann schau`s dir an! Ich m\u00f6chte auch dabei sein Erste Hilfe Unter Anleitung der Kollegen aus Gr\u00fcnbach lernten die Jungs und M\u00e4dchen Basics wie die stabile Seitenlage und die richtige Wiederbelebung. Auch\u2026","rel":"","context":"\u00c4hnlicher Beitrag","block_context":{"text":"\u00c4hnlicher Beitrag","link":""},"img":{"alt_text":"","src":"https:\/\/i0.wp.com\/ffw-bockhorn.de\/wp-content\/uploads\/2019\/02\/JF_2017_056.jpg?fit=1200%2C900&ssl=1&resize=350%2C200","width":350,"height":200,"srcset":"https:\/\/i0.wp.com\/ffw-bockhorn.de\/wp-content\/uploads\/2019\/02\/JF_2017_056.jpg?fit=1200%2C900&ssl=1&resize=350%2C200 1x, https:\/\/i0.wp.com\/ffw-bockhorn.de\/wp-content\/uploads\/2019\/02\/JF_2017_056.jpg?fit=1200%2C900&ssl=1&resize=525%2C300 1.5x, https:\/\/i0.wp.com\/ffw-bockhorn.de\/wp-content\/uploads\/2019\/02\/JF_2017_056.jpg?fit=1200%2C900&ssl=1&resize=700%2C400 2x, https:\/\/i0.wp.com\/ffw-bockhorn.de\/wp-content\/uploads\/2019\/02\/JF_2017_056.jpg?fit=1200%2C900&ssl=1&resize=1050%2C600 3x"},"classes":[]},{"id":1652,"url":"https:\/\/ffw-bockhorn.de\/?page_id=1652","url_meta":{"origin":1767,"position":2},"title":"Du willst zur Jugendfeuerwehr?","author":"FFW Bockhorn","date":"3. Dezember 2016","format":false,"excerpt":"Du hast Interesse an der Feuerwehr? Du wolltest schon immer Feuerwehrmann\/-frau sein? Du bist interessiert an Technik? Du m\u00f6chtest anderen Menschen helfen? Du bist gerne draussen unterwegs und bewegst dich gern? Du bist zwischen 12 und 18 Jahren alt? Dann bist DU genau richtig bei der Jugendfeuerwehr!!! Informiere Dich jetzt\u2026","rel":"","context":"\u00c4hnlicher Beitrag","block_context":{"text":"\u00c4hnlicher Beitrag","link":""},"img":{"alt_text":"","src":"https:\/\/i0.wp.com\/www.kreisjugendfeuerwehr-erding.de\/s\/cc_images\/cache_2451484274.jpg?resize=350%2C200","width":350,"height":200,"srcset":"https:\/\/i0.wp.com\/www.kreisjugendfeuerwehr-erding.de\/s\/cc_images\/cache_2451484274.jpg?resize=350%2C200 1x, https:\/\/i0.wp.com\/www.kreisjugendfeuerwehr-erding.de\/s\/cc_images\/cache_2451484274.jpg?resize=525%2C300 1.5x"},"classes":[]},{"id":1782,"url":"https:\/\/ffw-bockhorn.de\/?page_id=1782","url_meta":{"origin":1767,"position":3},"title":"Mitglied werden &#8211; w\u00e4hle aus&#8230;.","author":"FFW Bockhorn","date":"21. Dezember 2016","format":false,"excerpt":"Ich bin zwischen 12 und 17 Jahre alt Wenn du dir unsicher ist, dann komm einfach mal unverbindlich vorbei und schau dir an was wir machen. Im \u00dcbungplan oder im Terminkalender siehst du wann die n\u00e4chste \u00dcbung ist. Du kannst auch den Jugendwarten auf whatsapp, instagram, snapchat oder....schreiben. Die Handynummern\u2026","rel":"","context":"\u00c4hnlicher Beitrag","block_context":{"text":"\u00c4hnlicher Beitrag","link":""},"img":{"alt_text":"","src":"","width":0,"height":0},"classes":[]},{"id":3791,"url":"https:\/\/ffw-bockhorn.de\/?page_id=3791","url_meta":{"origin":1767,"position":4},"title":"Mitglied bei der Jugendfeuerwehr","author":"FFW Bockhorn","date":"2. Januar 2020","format":false,"excerpt":"Du bist zwischen 12 und 17 Jahre alt Wenn du dir unsicher ist, dann komm einfach mal unverbindlich vorbei und schau dir an was wir machen. Im \u00dcbungplan oder im Terminkalender siehst du wann die n\u00e4chste \u00dcbung ist. Du kannst auch den Jugendwarten auf whatsapp, instagram, snapchat oder....schreiben. Die Handynummern\u2026","rel":"","context":"\u00c4hnlicher Beitrag","block_context":{"text":"\u00c4hnlicher Beitrag","link":""},"img":{"alt_text":"","src":"","width":0,"height":0},"classes":[]},{"id":3353,"url":"https:\/\/ffw-bockhorn.de\/?page_id=3353","url_meta":{"origin":1767,"position":5},"title":"2019 &#8211; l\u00e4uft bei uns","author":"FFW Bockhorn","date":"8. Juli 2019","format":false,"excerpt":"Die neuesten Beitr\u00e4ge Aktion Ferienspass Den Kindern der Gemeinde Bockhorn wurde heute an allen 4 Feuerwehrh\u00e4usern der Gemeinde etwas gro\u00dfartiges Rund um die Feuerwehr geboten. In Bockhorn hat die Jugendfeuerwehr unter Anleitung ein Auto mit Scheere und Spreizer zerlegt. Daf\u00fcr durfte die Jugend auch in das Gewand der \"Gro\u00dfen\" schl\u00fcpfen!\u2026","rel":"","context":"\u00c4hnlicher Beitrag","block_context":{"text":"\u00c4hnlicher Beitrag","link":""},"img":{"alt_text":"","src":"https:\/\/i0.wp.com\/ffw-bockhorn.de\/wp-content\/uploads\/2019\/07\/IMG_20190317_184316.jpg?fit=1200%2C781&ssl=1&resize=350%2C200","width":350,"height":200,"srcset":"https:\/\/i0.wp.com\/ffw-bockhorn.de\/wp-content\/uploads\/2019\/07\/IMG_20190317_184316.jpg?fit=1200%2C781&ssl=1&resize=350%2C200 1x, https:\/\/i0.wp.com\/ffw-bockhorn.de\/wp-content\/uploads\/2019\/07\/IMG_20190317_184316.jpg?fit=1200%2C781&ssl=1&resize=525%2C300 1.5x, https:\/\/i0.wp.com\/ffw-bockhorn.de\/wp-content\/uploads\/2019\/07\/IMG_20190317_184316.jpg?fit=1200%2C781&ssl=1&resize=700%2C400 2x, https:\/\/i0.wp.com\/ffw-bockhorn.de\/wp-content\/uploads\/2019\/07\/IMG_20190317_184316.jpg?fit=1200%2C781&ssl=1&resize=1050%2C600 3x"},"classes":[]}],"_links":{"self":[{"href":"https:\/\/ffw-bockhorn.de\/index.php?rest_route=\/wp\/v2\/pages\/1767","targetHints":{"allow":["GET"]}}],"collection":[{"href":"https:\/\/ffw-bockhorn.de\/index.php?rest_route=\/wp\/v2\/pages"}],"about":[{"href":"https:\/\/ffw-bockhorn.de\/index.php?rest_route=\/wp\/v2\/types\/page"}],"author":[{"embeddable":true,"href":"https:\/\/ffw-bockhorn.de\/index.php?rest_route=\/wp\/v2\/users\/1"}],"replies":[{"embeddable":true,"href":"https:\/\/ffw-bockhorn.de\/index.php?rest_route=%2Fwp%2Fv2%2Fcomments&post=1767"}],"version-history":[{"count":19,"href":"https:\/\/ffw-bockhorn.de\/index.php?rest_route=\/wp\/v2\/pages\/1767\/revisions"}],"predecessor-version":[{"id":3819,"href":"https:\/\/ffw-bockhorn.de\/index.php?rest_route=\/wp\/v2\/pages\/1767\/revisions\/3819"}],"wp:featuredmedia":[{"embeddable":true,"href":"https:\/\/ffw-bockhorn.de\/index.php?rest_route=\/wp\/v2\/media\/2136"}],"wp:attachment":[{"href":"https:\/\/ffw-bockhorn.de\/index.php?rest_route=%2Fwp%2Fv2%2Fmedia&parent=1767"}],"curies":[{"name":"wp","href":"https:\/\/api.w.org\/{rel}","templated":true}]}}