{"id":1808,"date":"2017-01-08T05:48:29","date_gmt":"2017-01-08T04:48:29","guid":{"rendered":"http:\/\/ffw-bockhorn.de\/?page_id=1808"},"modified":"2017-01-08T05:48:29","modified_gmt":"2017-01-08T04:48:29","slug":"einsaetze-2017","status":"publish","type":"page","link":"https:\/\/ffw-bockhorn.de\/?page_id=1808","title":{"rendered":"Eins\u00e4tze 2017"},"content":{"rendered":"<p><img data-recalc-dims=\"1\" loading=\"lazy\" decoding=\"async\" data-attachment-id=\"1724\" data-permalink=\"https:\/\/ffw-bockhorn.de\/?attachment_id=1724\" data-orig-file=\"https:\/\/i0.wp.com\/ffw-bockhorn.de\/wp-content\/uploads\/2016\/10\/Webbanner_155x55_Feuermelder.jpg?fit=610%2C217&amp;ssl=1\" data-orig-size=\"610,217\" data-comments-opened=\"0\" data-image-meta=\"{&quot;aperture&quot;:&quot;0&quot;,&quot;credit&quot;:&quot;&quot;,&quot;camera&quot;:&quot;&quot;,&quot;caption&quot;:&quot;&quot;,&quot;created_timestamp&quot;:&quot;0&quot;,&quot;copyright&quot;:&quot;&quot;,&quot;focal_length&quot;:&quot;0&quot;,&quot;iso&quot;:&quot;0&quot;,&quot;shutter_speed&quot;:&quot;0&quot;,&quot;title&quot;:&quot;&quot;,&quot;orientation&quot;:&quot;0&quot;}\" data-image-title=\"Webbanner_155x55_Feuermelder\" data-image-description=\"\" data-image-caption=\"\" data-medium-file=\"https:\/\/i0.wp.com\/ffw-bockhorn.de\/wp-content\/uploads\/2016\/10\/Webbanner_155x55_Feuermelder.jpg?fit=300%2C107&amp;ssl=1\" data-large-file=\"https:\/\/i0.wp.com\/ffw-bockhorn.de\/wp-content\/uploads\/2016\/10\/Webbanner_155x55_Feuermelder.jpg?fit=840%2C840&amp;ssl=1\" class=\"alignnone size-full wp-image-1724\" src=\"https:\/\/i0.wp.com\/ffw-bockhorn.de\/wp-content\/uploads\/2016\/10\/Webbanner_155x55_Feuermelder.jpg?resize=610%2C217&#038;ssl=1\" alt=\"Webbanner_155x55_Feuermelder\" width=\"610\" height=\"217\" srcset=\"https:\/\/i0.wp.com\/ffw-bockhorn.de\/wp-content\/uploads\/2016\/10\/Webbanner_155x55_Feuermelder.jpg?w=610&amp;ssl=1 610w, https:\/\/i0.wp.com\/ffw-bockhorn.de\/wp-content\/uploads\/2016\/10\/Webbanner_155x55_Feuermelder.jpg?resize=300%2C107&amp;ssl=1 300w\" sizes=\"auto, (max-width: 610px) 100vw, 610px\" \/><\/p>\n\n<table id=\"tablepress-11\" class=\"tablepress tablepress-id-11\">\n<thead>\n<tr class=\"row-1\">\n\t<th class=\"column-1\">Nr.<\/th><th class=\"column-2\">Datum<\/th><th class=\"column-3\">Einsatzbeschreibung<\/th><th class=\"column-4\">Einsatzort<\/th><th class=\"column-5\">Einsatzbericht<\/th>\n<\/tr>\n<\/thead>\n<tbody class=\"row-striping row-hover\">\n<tr class=\"row-2\">\n\t<td class=\"column-1\">24<\/td><td class=\"column-2\">14.12.2017<\/td><td class=\"column-3\">Baum \u00fcber Fahrbahn<\/td><td class=\"column-4\">Bockhorn<\/td><td class=\"column-5\"><a href=\"https:\/\/www.merkur.de\/lokales\/erding\/erding-ort28651\/unwetter-im-landkreis-erding-wintergewitter-mit-orkanboeen-9448731.html\" rel=\"noopener\" target=\"_blank\">Merkur<\/a><\/td>\n<\/tr>\n<tr class=\"row-3\">\n\t<td class=\"column-1\">23<\/td><td class=\"column-2\">12.12.2017<\/td><td class=\"column-3\">Technische Hilfeleistung<\/td><td class=\"column-4\">B388, Schollbach<\/td><td class=\"column-5\"><a href=\"https:\/\/www.merkur.de\/lokales\/erding\/erding-ort28651\/lange-strassensperrung-lkw-faehrt-in-graben-und-droht-zu-kippen-9442821.html\" rel=\"noopener\" target=\"_blank\">Merkur<\/a><\/td>\n<\/tr>\n<tr class=\"row-4\">\n\t<td class=\"column-1\">22<\/td><td class=\"column-2\">22.11.2017<\/td><td class=\"column-3\">Ausleuchten Hubschrauberlandung<\/td><td class=\"column-4\">Bernau<\/td><td class=\"column-5\"><\/td>\n<\/tr>\n<tr class=\"row-5\">\n\t<td class=\"column-1\">21<\/td><td class=\"column-2\">20.11.2017<\/td><td class=\"column-3\">BMA - Fehlalarm<\/td><td class=\"column-4\">Unterstrogn<\/td><td class=\"column-5\"><\/td>\n<\/tr>\n<tr class=\"row-6\">\n\t<td class=\"column-1\">20<\/td><td class=\"column-2\">10.11.2017<\/td><td class=\"column-3\">Verkehrsunfall<\/td><td class=\"column-4\">B388, Hecken<\/td><td class=\"column-5\"><a href=\"https:\/\/www.merkur.de\/lokales\/erding\/bockhorn-ort377212\/bundesstrasse-b388-bei-hecken-9323744.html\" rel=\"noopener\" target=\"_blank\">Merkur<\/a><\/td>\n<\/tr>\n<tr class=\"row-7\">\n\t<td class=\"column-1\">19<\/td><td class=\"column-2\">29.10.2017<\/td><td class=\"column-3\">Baum \u00fcber Fahrbahn<\/td><td class=\"column-4\">Bockhorn<\/td><td class=\"column-5\"><\/td>\n<\/tr>\n<tr class=\"row-8\">\n\t<td class=\"column-1\">18<\/td><td class=\"column-2\">25.10.2017<\/td><td class=\"column-3\">Erneuter Gefahrstoffaustritt<\/td><td class=\"column-4\">Schwaig<\/td><td class=\"column-5\"><\/td>\n<\/tr>\n<tr class=\"row-9\">\n\t<td class=\"column-1\">17<\/td><td class=\"column-2\">25.10.2017<\/td><td class=\"column-3\">Gefahrstoffaustritt<\/td><td class=\"column-4\">Schwaig<\/td><td class=\"column-5\"><a href=\"https:\/\/www.merkur.de\/lokales\/erding\/oberding-ort29189\/25-kilo-sack-mit-granulat-auf-lkw-gerissen-mit-shuttle-in-klinik-16-verletzte-bei-giftaustritt-8806260.html\" target=\"_blank\">Merkur<\/a><\/td>\n<\/tr>\n<tr class=\"row-10\">\n\t<td class=\"column-1\">16<\/td><td class=\"column-2\">22.10.2017<\/td><td class=\"column-3\">BMA - Fehlalarm<\/td><td class=\"column-4\">Unterstrogn<\/td><td class=\"column-5\"><\/td>\n<\/tr>\n<tr class=\"row-11\">\n\t<td class=\"column-1\">15<\/td><td class=\"column-2\">22.08.2017<\/td><td class=\"column-3\">Verkehrsunfall <\/td><td class=\"column-4\">B388, Unterstrogn<\/td><td class=\"column-5\"><a href=\"https:\/\/www.merkur.de\/lokales\/erding\/bockhorn-ort377212\/biker-uebersteht-unfall-mit-schuerfwunden-8619422.html\" target=\"_blank\">Merkur<\/a><\/td>\n<\/tr>\n<tr class=\"row-12\">\n\t<td class=\"column-1\">14<\/td><td class=\"column-2\">18.08.2017<\/td><td class=\"column-3\">Unwettersch\u00e4den<\/td><td class=\"column-4\">Gemeindegebiet<\/td><td class=\"column-5\"><\/td>\n<\/tr>\n<tr class=\"row-13\">\n\t<td class=\"column-1\">13<\/td><td class=\"column-2\">26.07.2017<\/td><td class=\"column-3\">Verkehrsabsicherung<\/td><td class=\"column-4\">St. 2084, Neumaggen<\/td><td class=\"column-5\"><a href=\"https:\/\/www.merkur.de\/lokales\/erding\/bockhorn-ort377212\/unfall-in-neumauggen-golffahrerin-38-schwer-verletzt-8524283.html\" target=\"_blank\">Merkur<\/a><\/td>\n<\/tr>\n<tr class=\"row-14\">\n\t<td class=\"column-1\">12<\/td><td class=\"column-2\">18.06.2017<\/td><td class=\"column-3\">Bulldogbrand<\/td><td class=\"column-4\">Haselbach<\/td><td class=\"column-5\"><a href=\"https:\/\/www.ed-live.de\/nachrichten_details?id=80952\" target=\"_blank\">ED-Live<\/a><\/td>\n<\/tr>\n<tr class=\"row-15\">\n\t<td class=\"column-1\">11<\/td><td class=\"column-2\">31.05.2017<\/td><td class=\"column-3\">Verkehrsunfall<\/td><td class=\"column-4\">St. 2084, Neumaggen<\/td><td class=\"column-5\"><a href=\"https:\/\/www.merkur.de\/lokales\/erding\/bockhorn-ort377212\/staatsstrasse-erding-dorfen-unfall-mit-zwoelf-insassen-8368908.html\" target=\"_blank\">Merkur<\/a><\/td>\n<\/tr>\n<tr class=\"row-16\">\n\t<td class=\"column-1\">10<\/td><td class=\"column-2\">15.05.2017<\/td><td class=\"column-3\">Gefahrstoffaustritt<\/td><td class=\"column-4\">Bahnhof Thann-Matzbach<\/td><td class=\"column-5\"><a href=\"https:\/\/www.merkur.de\/lokales\/erding\/forstern-ort377219\/fluessigkeit-ausgelaufen-grosseinsatz-im-gewerbegebiet-forstern-8305327.html\" target=\"_blank\">Merkur<\/a><\/td>\n<\/tr>\n<tr class=\"row-17\">\n\t<td class=\"column-1\">9<\/td><td class=\"column-2\">14.05.2017<\/td><td class=\"column-3\">Gefahrstoffaustritt<\/td><td class=\"column-4\">Forstern<\/td><td class=\"column-5\"><a href=\"https:\/\/www.merkur.de\/lokales\/erding\/forstern-ort377219\/fluessigkeit-ausgelaufen-grosseinsatz-im-gewerbegebiet-forstern-8305327.html\" target=\"_blank\">Merkur<\/a><br \/>\n<a href=\"https:\/\/www.merkur.de\/lokales\/erding\/forstern-ort377219\/gefahrgut-grosseinsatz-im-gewerbegebiet-forstern-8308880.html\" target=\"_blank\">Merkur Bilder<\/a><br \/>\n<a href=\"http:\/\/www.feuerwehr-forstern.de\/einsaetze\/einsaetze-2017\/?eid=8290\" target=\"_blank\">Einsatzbericht FF Forstern<\/a><\/td>\n<\/tr>\n<tr class=\"row-18\">\n\t<td class=\"column-1\">8<\/td><td class=\"column-2\">24.04.2017<\/td><td class=\"column-3\">Verkehrsabsicherung<\/td><td class=\"column-4\">B388, Unterstrogn<\/td><td class=\"column-5\"><a href=\"https:\/\/www.merkur.de\/lokales\/erding\/erding-ort28651\/fluechtlinge-in-lkw-winkten-aus-laderaum-um-hilfe-8211730.html\" target=\"_blank\">Merkur<\/a><br \/>\n<a href=\"http:\/\/www.focus.de\/regional\/bayern\/sattelzuege-in-bockhorn-gestoppt-haende-winken-aus-fahrzeug-polizei-befreien-fluechtlinge-aus-lkw_id_7025332.html\" target=\"_blank\">Focus Online<\/a><\/td>\n<\/tr>\n<tr class=\"row-19\">\n\t<td class=\"column-1\">7<\/td><td class=\"column-2\">07.04.2017<\/td><td class=\"column-3\">Verkehrsunfall<\/td><td class=\"column-4\">St. 2084, Neukirchen<\/td><td class=\"column-5\"><a href=\"https:\/\/www.merkur.de\/lokales\/erding\/riskant-ueberholt-vw-rast-an-baum-bockhorn-8118156.html\" target=\"_blank\">Merkur<\/a><br \/>\n<a href=\"http:\/\/einsatzfotos-online.de\/?einsatz=vw-golf-prallt-gegen-baum-fahrer-eingeklemmt\" target=\"_blank\">Einsatzfotos-online<\/a><\/td>\n<\/tr>\n<tr class=\"row-20\">\n\t<td class=\"column-1\">6<\/td><td class=\"column-2\">04.04.2017<\/td><td class=\"column-3\">Verkehrsunfall<\/td><td class=\"column-4\">Bockhorn, Obere Hauptstr.<\/td><td class=\"column-5\"><\/td>\n<\/tr>\n<tr class=\"row-21\">\n\t<td class=\"column-1\">5<\/td><td class=\"column-2\">06.02.2017<\/td><td class=\"column-3\">Verkehrsunfall<\/td><td class=\"column-4\">B388, Gr\u00fcnbach<\/td><td class=\"column-5\"><a href=\"https:\/\/www.merkur.de\/lokales\/erding\/bockhorn-ort377212\/unfall-nach-wendemanoever-fahrerin-verletzt-7370218.html\" target=\"_blank\">Merkur<\/a><\/td>\n<\/tr>\n<tr class=\"row-22\">\n\t<td class=\"column-1\">4<\/td><td class=\"column-2\">25.01.2017<\/td><td class=\"column-3\">Besetzung Feuerwache Erding nach Gro\u00dfbrand<\/td><td class=\"column-4\">Erding<\/td><td class=\"column-5\"><a href=\"https:\/\/www.merkur.de\/lokales\/erding\/flughafen\/flughafen-muenchen-ort60188\/grossbrand-in-flughafennaehe-schwierige-loescharbeiten-7326008.html\" target=\"_blank\">Merkur<\/a><br \/>\n<a href=\"https:\/\/www.merkur.de\/lokales\/erding\/oberding-ort29189\/grossfeuer-zersoert-zwei-halle-zehneinhalb-stunden-einsatz-halbe-million-euro-schaden-7327938.html\" target=\"_blank\">Merkur mit Video<\/a><br \/>\n<a href=\"http:\/\/www.sueddeutsche.de\/muenchen\/erding\/zehn-feuerwehren-im-einsatz-grossbrand-in-schwaig-1.3350960\" target=\"_blank\">Sueddeutsche<\/a><br \/>\n<a href=\"http:\/\/www.focus.de\/regional\/bayern\/polizei-schwaig-bei-nuernberg-grossbrand-im-industriegebiet_id_6549046.html#\" target=\"_blank\">Focus<\/a><br \/>\n<a href=\"http:\/\/www.bild.de\/regional\/muenchen\/muenchen\/brand-in-oberding-49967514.bild.html\" target=\"_blank\">Bild<\/a><\/td>\n<\/tr>\n<tr class=\"row-23\">\n\t<td class=\"column-1\">3<\/td><td class=\"column-2\">13.01.2017<\/td><td class=\"column-3\">BMA - Fehlalarm<\/td><td class=\"column-4\">Unterstrogn<\/td><td class=\"column-5\"><\/td>\n<\/tr>\n<tr class=\"row-24\">\n\t<td class=\"column-1\">2<\/td><td class=\"column-2\">08.01.2017<\/td><td class=\"column-3\">Verkehrsunfall<\/td><td class=\"column-4\">ST2084, Neukirchen<\/td><td class=\"column-5\"><a href=\"https:\/\/www.merkur.de\/lokales\/erding\/erding-ort28651\/viel-verbeultes-blech-auf-glatten-strassen-7200743.html\" target=\"_blank\">Merkur<\/a><br \/>\n<a href=\"https:\/\/www.ed-live.de\/nachrichten_details?id=76570\" target=\"_blank\">ED-Live<\/a><\/td>\n<\/tr>\n<tr class=\"row-25\">\n\t<td class=\"column-1\">1<\/td><td class=\"column-2\">06.01.2017<\/td><td class=\"column-3\">Brandnachschau<\/td><td class=\"column-4\">Bockhorn<\/td><td class=\"column-5\"><\/td>\n<\/tr>\n<\/tbody>\n<\/table>\n<!-- #tablepress-11 from cache -->\n","protected":false},"excerpt":{"rendered":"","protected":false},"author":1,"featured_media":0,"parent":0,"menu_order":0,"comment_status":"closed","ping_status":"closed","template":"","meta":{"jetpack_post_was_ever_published":false,"footnotes":""},"class_list":["post-1808","page","type-page","status-publish","hentry"],"jetpack_sharing_enabled":true,"jetpack_shortlink":"https:\/\/wp.me\/P6T4yF-ta","jetpack-related-posts":[{"id":3073,"url":"https:\/\/ffw-bockhorn.de\/?page_id=3073","url_meta":{"origin":1808,"position":0},"title":"Eins\u00e4tze","author":"FFW Bockhorn","date":"9. Februar 2019","format":false,"excerpt":"","rel":"","context":"\u00c4hnlicher Beitrag","block_context":{"text":"\u00c4hnlicher Beitrag","link":""},"img":{"alt_text":"","src":"https:\/\/i0.wp.com\/ffw-bockhorn.de\/wp-content\/uploads\/2019\/02\/IMG_20181020_154455.jpg?resize=350%2C200&ssl=1","width":350,"height":200,"srcset":"https:\/\/i0.wp.com\/ffw-bockhorn.de\/wp-content\/uploads\/2019\/02\/IMG_20181020_154455.jpg?resize=350%2C200&ssl=1 1x, https:\/\/i0.wp.com\/ffw-bockhorn.de\/wp-content\/uploads\/2019\/02\/IMG_20181020_154455.jpg?resize=525%2C300&ssl=1 1.5x, https:\/\/i0.wp.com\/ffw-bockhorn.de\/wp-content\/uploads\/2019\/02\/IMG_20181020_154455.jpg?resize=700%2C400&ssl=1 2x, https:\/\/i0.wp.com\/ffw-bockhorn.de\/wp-content\/uploads\/2019\/02\/IMG_20181020_154455.jpg?resize=1050%2C600&ssl=1 3x, https:\/\/i0.wp.com\/ffw-bockhorn.de\/wp-content\/uploads\/2019\/02\/IMG_20181020_154455.jpg?resize=1400%2C800&ssl=1 4x"},"classes":[]},{"id":263,"url":"https:\/\/ffw-bockhorn.de\/?page_id=263","url_meta":{"origin":1808,"position":1},"title":"Eins\u00e4tze 2012","author":"FFW Bockhorn","date":"5. November 2015","format":false,"excerpt":"","rel":"","context":"\u00c4hnlicher Beitrag","block_context":{"text":"\u00c4hnlicher Beitrag","link":""},"img":{"alt_text":"","src":"","width":0,"height":0},"classes":[]},{"id":477,"url":"https:\/\/ffw-bockhorn.de\/?page_id=477","url_meta":{"origin":1808,"position":2},"title":"Eins\u00e4tze 2011","author":"FFW Bockhorn","date":"29. November 2015","format":false,"excerpt":"","rel":"","context":"\u00c4hnlicher Beitrag","block_context":{"text":"\u00c4hnlicher Beitrag","link":""},"img":{"alt_text":"","src":"","width":0,"height":0},"classes":[]},{"id":479,"url":"https:\/\/ffw-bockhorn.de\/?page_id=479","url_meta":{"origin":1808,"position":3},"title":"Eins\u00e4tze 2013","author":"FFW Bockhorn","date":"29. November 2015","format":false,"excerpt":"","rel":"","context":"\u00c4hnlicher Beitrag","block_context":{"text":"\u00c4hnlicher Beitrag","link":""},"img":{"alt_text":"","src":"","width":0,"height":0},"classes":[]},{"id":4293,"url":"https:\/\/ffw-bockhorn.de\/?page_id=4293","url_meta":{"origin":1808,"position":4},"title":"Eins\u00e4tze 2023","author":"FFW Bockhorn","date":"22. Januar 2023","format":false,"excerpt":"","rel":"","context":"\u00c4hnlicher Beitrag","block_context":{"text":"\u00c4hnlicher Beitrag","link":""},"img":{"alt_text":"","src":"","width":0,"height":0},"classes":[]},{"id":2228,"url":"https:\/\/ffw-bockhorn.de\/?page_id=2228","url_meta":{"origin":1808,"position":5},"title":"Eins\u00e4tze 2018","author":"FFW Bockhorn","date":"4. Januar 2018","format":false,"excerpt":"","rel":"","context":"\u00c4hnlicher Beitrag","block_context":{"text":"\u00c4hnlicher Beitrag","link":""},"img":{"alt_text":"","src":"https:\/\/i0.wp.com\/ffw-bockhorn.de\/wp-content\/uploads\/2016\/10\/Webbanner_155x55_Handy.jpg?resize=350%2C200","width":350,"height":200,"srcset":"https:\/\/i0.wp.com\/ffw-bockhorn.de\/wp-content\/uploads\/2016\/10\/Webbanner_155x55_Handy.jpg?resize=350%2C200 1x, https:\/\/i0.wp.com\/ffw-bockhorn.de\/wp-content\/uploads\/2016\/10\/Webbanner_155x55_Handy.jpg?resize=525%2C300 1.5x"},"classes":[]}],"_links":{"self":[{"href":"https:\/\/ffw-bockhorn.de\/index.php?rest_route=\/wp\/v2\/pages\/1808","targetHints":{"allow":["GET"]}}],"collection":[{"href":"https:\/\/ffw-bockhorn.de\/index.php?rest_route=\/wp\/v2\/pages"}],"about":[{"href":"https:\/\/ffw-bockhorn.de\/index.php?rest_route=\/wp\/v2\/types\/page"}],"author":[{"embeddable":true,"href":"https:\/\/ffw-bockhorn.de\/index.php?rest_route=\/wp\/v2\/users\/1"}],"replies":[{"embeddable":true,"href":"https:\/\/ffw-bockhorn.de\/index.php?rest_route=%2Fwp%2Fv2%2Fcomments&post=1808"}],"version-history":[{"count":1,"href":"https:\/\/ffw-bockhorn.de\/index.php?rest_route=\/wp\/v2\/pages\/1808\/revisions"}],"predecessor-version":[{"id":1810,"href":"https:\/\/ffw-bockhorn.de\/index.php?rest_route=\/wp\/v2\/pages\/1808\/revisions\/1810"}],"wp:attachment":[{"href":"https:\/\/ffw-bockhorn.de\/index.php?rest_route=%2Fwp%2Fv2%2Fmedia&parent=1808"}],"curies":[{"name":"wp","href":"https:\/\/api.w.org\/{rel}","templated":true}]}}