{"id":2228,"date":"2018-01-04T18:08:27","date_gmt":"2018-01-04T17:08:27","guid":{"rendered":"http:\/\/ffw-bockhorn.de\/?page_id=2228"},"modified":"2018-01-04T18:15:34","modified_gmt":"2018-01-04T17:15:34","slug":"einsaetze-2018","status":"publish","type":"page","link":"https:\/\/ffw-bockhorn.de\/?page_id=2228","title":{"rendered":"Eins\u00e4tze 2018"},"content":{"rendered":"<p><img data-recalc-dims=\"1\" loading=\"lazy\" decoding=\"async\" data-attachment-id=\"1726\" data-permalink=\"https:\/\/ffw-bockhorn.de\/?attachment_id=1726\" data-orig-file=\"https:\/\/i0.wp.com\/ffw-bockhorn.de\/wp-content\/uploads\/2016\/10\/Webbanner_155x55_Handy.jpg?fit=610%2C217&amp;ssl=1\" data-orig-size=\"610,217\" data-comments-opened=\"0\" data-image-meta=\"{&quot;aperture&quot;:&quot;0&quot;,&quot;credit&quot;:&quot;&quot;,&quot;camera&quot;:&quot;&quot;,&quot;caption&quot;:&quot;&quot;,&quot;created_timestamp&quot;:&quot;0&quot;,&quot;copyright&quot;:&quot;&quot;,&quot;focal_length&quot;:&quot;0&quot;,&quot;iso&quot;:&quot;0&quot;,&quot;shutter_speed&quot;:&quot;0&quot;,&quot;title&quot;:&quot;&quot;,&quot;orientation&quot;:&quot;0&quot;}\" data-image-title=\"Webbanner_155x55_Handy\" data-image-description=\"\" data-image-caption=\"\" data-medium-file=\"https:\/\/i0.wp.com\/ffw-bockhorn.de\/wp-content\/uploads\/2016\/10\/Webbanner_155x55_Handy.jpg?fit=300%2C107&amp;ssl=1\" data-large-file=\"https:\/\/i0.wp.com\/ffw-bockhorn.de\/wp-content\/uploads\/2016\/10\/Webbanner_155x55_Handy.jpg?fit=840%2C840&amp;ssl=1\" class=\"size-full wp-image-1726 alignnone\" src=\"https:\/\/i0.wp.com\/ffw-bockhorn.de\/wp-content\/uploads\/2016\/10\/Webbanner_155x55_Handy.jpg?resize=610%2C217&#038;ssl=1\" alt=\"\" width=\"610\" height=\"217\" srcset=\"https:\/\/i0.wp.com\/ffw-bockhorn.de\/wp-content\/uploads\/2016\/10\/Webbanner_155x55_Handy.jpg?w=610&amp;ssl=1 610w, https:\/\/i0.wp.com\/ffw-bockhorn.de\/wp-content\/uploads\/2016\/10\/Webbanner_155x55_Handy.jpg?resize=300%2C107&amp;ssl=1 300w\" sizes=\"auto, (max-width: 610px) 100vw, 610px\" \/><\/p>\n<p style=\"text-align: left;\">\n<table id=\"tablepress-12\" class=\"tablepress tablepress-id-12\">\n<thead>\n<tr class=\"row-1\">\n\t<th class=\"column-1\">Nr.<\/th><th class=\"column-2\">Datum<\/th><th class=\"column-3\">Einsatzbeschreibung<\/th><th class=\"column-4\">Einsatzort<\/th><th class=\"column-5\">Einsatzbericht<\/th>\n<\/tr>\n<\/thead>\n<tbody class=\"row-striping row-hover\">\n<tr class=\"row-2\">\n\t<td class=\"column-1\">15<\/td><td class=\"column-2\">24.12.2018<\/td><td class=\"column-3\">Baum \u00fcber Fahrbahn <\/td><td class=\"column-4\">Riedersheim <\/td><td class=\"column-5\"><a href=\"https:\/\/www.merkur.de\/lokales\/erding\/erding-ort28651\/erding-baeume-fallen-um-feuerwehren-ueber-ein-dutzend-mal-im-einsatz-heftiger-sturm-vor-heiligabend-10915246.amp.html#referrer=https%3A%2F%2Fwww.google.com&amp;amp_tf=Von%20%251%24s\" rel=\"noopener\" target=\"_blank\">Merkur<\/a><\/td>\n<\/tr>\n<tr class=\"row-3\">\n\t<td class=\"column-1\">14<\/td><td class=\"column-2\">23.12.2018<\/td><td class=\"column-3\">Kaminbrand<\/td><td class=\"column-4\">Gr\u00fcnbach <\/td><td class=\"column-5\"><\/td>\n<\/tr>\n<tr class=\"row-4\">\n\t<td class=\"column-1\">13<\/td><td class=\"column-2\">17.11.2018<\/td><td class=\"column-3\">Verkehrsunfall<\/td><td class=\"column-4\">B388, Hecken<\/td><td class=\"column-5\"><a href=\"https:\/\/www.ed-live.de\/nachrichten_details?id=96263\" rel=\"noopener\" target=\"_blank\">ED-LIVE<\/a><\/td>\n<\/tr>\n<tr class=\"row-5\">\n\t<td class=\"column-1\">12<\/td><td class=\"column-2\">23.09.2018<\/td><td class=\"column-3\">Baum \u00fcber Fahrbahn<\/td><td class=\"column-4\">B388, Unterstrogn<\/td><td class=\"column-5\"><\/td>\n<\/tr>\n<tr class=\"row-6\">\n\t<td class=\"column-1\">11<\/td><td class=\"column-2\">19.09.2018<\/td><td class=\"column-3\">Verkehrsunfall<\/td><td class=\"column-4\">B388, Schollbach<\/td><td class=\"column-5\"><a href=\"https:\/\/www.merkur.de\/lokales\/erding\/erding-ort28651\/erding-b388-autofahrer-ueberschlaegt-sich-und-landet-im-maisfeld-10254769.html\" rel=\"noopener\" target=\"_blank\">Merkur<\/a><\/td>\n<\/tr>\n<tr class=\"row-7\">\n\t<td class=\"column-1\">10<\/td><td class=\"column-2\">13.09.2018<\/td><td class=\"column-3\">Wohnungs\u00f6ffnung<\/td><td class=\"column-4\">Bockhorn<\/td><td class=\"column-5\"><\/td>\n<\/tr>\n<tr class=\"row-8\">\n\t<td class=\"column-1\">9<\/td><td class=\"column-2\">26. 08.2018<\/td><td class=\"column-3\">Verkehrsunfall<\/td><td class=\"column-4\">ED 15, Ferteln<\/td><td class=\"column-5\"><a href=\"https:\/\/www.merkur.de\/lokales\/erding\/bockhorn-ort377212\/erding-bockhorn-polizei-feuerwehr-audi-rast-gegen-telefonmast-zwei-rentner-schwer-verletzt-10173860.html\" rel=\"noopener\" target=\"_blank\">Merkur<\/a><\/td>\n<\/tr>\n<tr class=\"row-9\">\n\t<td class=\"column-1\">8<\/td><td class=\"column-2\">16.08.2018<\/td><td class=\"column-3\">Verkehrsunfall<\/td><td class=\"column-4\">B388, Oberstrogn<\/td><td class=\"column-5\"><a href=\"https:\/\/www.merkur.de\/lokales\/erding\/bockhorn-ort377212\/oberstrogn-audi-fahrer-mit-bruechen-am-brustkorb-im-klinikum-10127892.html\" rel=\"noopener\" target=\"_blank\">Merkur<\/a><br \/>\n<a href=\"https:\/\/www.ed-live.de\/nachrichten_details?id=93002\" rel=\"noopener\" target=\"_blank\">ED-Live<\/a><\/td>\n<\/tr>\n<tr class=\"row-10\">\n\t<td class=\"column-1\">7<\/td><td class=\"column-2\">05.07.2018<\/td><td class=\"column-3\">PKW Brand<\/td><td class=\"column-4\">B388, Emling<\/td><td class=\"column-5\"><a href=\"https:\/\/www.merkur.de\/lokales\/erding\/bockhorn-ort377212\/b-388-zwischen-erding-und-taufkirchen-technischer-defekt-auto-brennt-komplett-aus-10012027.html\" rel=\"noopener\" target=\"_blank\">Merkur<\/a><\/td>\n<\/tr>\n<tr class=\"row-11\">\n\t<td class=\"column-1\">6<\/td><td class=\"column-2\">13.06.2018<\/td><td class=\"column-3\">Tierrettung<\/td><td class=\"column-4\">Bockhorn<\/td><td class=\"column-5\"><\/td>\n<\/tr>\n<tr class=\"row-12\">\n\t<td class=\"column-1\">5<\/td><td class=\"column-2\">18.05.2018<\/td><td class=\"column-3\">LKW verliert Ladung<\/td><td class=\"column-4\">Unterstrogn<\/td><td class=\"column-5\"><a href=\"https:\/\/www.merkur.de\/lokales\/erding\/bockhorn-ort377212\/erding-bockhorn-biersee-auf-b-388-folgenreicher-unfall-im-berufsverkehr-9881185.html\" rel=\"noopener\" target=\"_blank\">Merkur<\/a><\/td>\n<\/tr>\n<tr class=\"row-13\">\n\t<td class=\"column-1\">4<\/td><td class=\"column-2\">04.04.2018<\/td><td class=\"column-3\">BMA - Fehlalarm<\/td><td class=\"column-4\">Unterstrogn<\/td><td class=\"column-5\"><\/td>\n<\/tr>\n<tr class=\"row-14\">\n\t<td class=\"column-1\">3<\/td><td class=\"column-2\">12.03.2018<\/td><td class=\"column-3\">Verkehrsunfall<\/td><td class=\"column-4\">B388<\/td><td class=\"column-5\"><a href=\"https:\/\/www.ed-live.de\/nachrichten_details?id=88491&amp;r=798705\" rel=\"noopener\" target=\"_blank\">ED-Live<\/a><\/td>\n<\/tr>\n<tr class=\"row-15\">\n\t<td class=\"column-1\">2<\/td><td class=\"column-2\">20.02.2018<\/td><td class=\"column-3\">Brand M\u00fclltonne<\/td><td class=\"column-4\">Bockhorn<\/td><td class=\"column-5\"><\/td>\n<\/tr>\n<tr class=\"row-16\">\n\t<td class=\"column-1\">1<\/td><td class=\"column-2\">03.01.2018<\/td><td class=\"column-3\">Unwettersch\u00e4den<\/td><td class=\"column-4\">Bockhorn<\/td><td class=\"column-5\"><a href=\"https:\/\/www.merkur.de\/lokales\/erding\/erding-ort28651\/sturm-fegt-ueber-landkreis-tief-burglind-sorgt-fuer-50-einsaetze-9496134.html\" rel=\"noopener\" target=\"_blank\">Merkur<\/a><\/td>\n<\/tr>\n<\/tbody>\n<\/table>\n<!-- #tablepress-12 from cache --><\/p>\n","protected":false},"excerpt":{"rendered":"","protected":false},"author":1,"featured_media":0,"parent":0,"menu_order":0,"comment_status":"closed","ping_status":"closed","template":"","meta":{"jetpack_post_was_ever_published":false,"footnotes":""},"class_list":["post-2228","page","type-page","status-publish","hentry"],"jetpack_sharing_enabled":true,"jetpack_shortlink":"https:\/\/wp.me\/P6T4yF-zW","jetpack-related-posts":[{"id":3073,"url":"https:\/\/ffw-bockhorn.de\/?page_id=3073","url_meta":{"origin":2228,"position":0},"title":"Eins\u00e4tze","author":"FFW Bockhorn","date":"9. Februar 2019","format":false,"excerpt":"","rel":"","context":"\u00c4hnlicher Beitrag","block_context":{"text":"\u00c4hnlicher Beitrag","link":""},"img":{"alt_text":"","src":"https:\/\/i0.wp.com\/ffw-bockhorn.de\/wp-content\/uploads\/2019\/02\/IMG_20181020_154455.jpg?resize=350%2C200&ssl=1","width":350,"height":200,"srcset":"https:\/\/i0.wp.com\/ffw-bockhorn.de\/wp-content\/uploads\/2019\/02\/IMG_20181020_154455.jpg?resize=350%2C200&ssl=1 1x, https:\/\/i0.wp.com\/ffw-bockhorn.de\/wp-content\/uploads\/2019\/02\/IMG_20181020_154455.jpg?resize=525%2C300&ssl=1 1.5x, https:\/\/i0.wp.com\/ffw-bockhorn.de\/wp-content\/uploads\/2019\/02\/IMG_20181020_154455.jpg?resize=700%2C400&ssl=1 2x, https:\/\/i0.wp.com\/ffw-bockhorn.de\/wp-content\/uploads\/2019\/02\/IMG_20181020_154455.jpg?resize=1050%2C600&ssl=1 3x, https:\/\/i0.wp.com\/ffw-bockhorn.de\/wp-content\/uploads\/2019\/02\/IMG_20181020_154455.jpg?resize=1400%2C800&ssl=1 4x"},"classes":[]},{"id":263,"url":"https:\/\/ffw-bockhorn.de\/?page_id=263","url_meta":{"origin":2228,"position":1},"title":"Eins\u00e4tze 2012","author":"FFW Bockhorn","date":"5. November 2015","format":false,"excerpt":"","rel":"","context":"\u00c4hnlicher Beitrag","block_context":{"text":"\u00c4hnlicher Beitrag","link":""},"img":{"alt_text":"","src":"","width":0,"height":0},"classes":[]},{"id":477,"url":"https:\/\/ffw-bockhorn.de\/?page_id=477","url_meta":{"origin":2228,"position":2},"title":"Eins\u00e4tze 2011","author":"FFW Bockhorn","date":"29. November 2015","format":false,"excerpt":"","rel":"","context":"\u00c4hnlicher Beitrag","block_context":{"text":"\u00c4hnlicher Beitrag","link":""},"img":{"alt_text":"","src":"","width":0,"height":0},"classes":[]},{"id":479,"url":"https:\/\/ffw-bockhorn.de\/?page_id=479","url_meta":{"origin":2228,"position":3},"title":"Eins\u00e4tze 2013","author":"FFW Bockhorn","date":"29. November 2015","format":false,"excerpt":"","rel":"","context":"\u00c4hnlicher Beitrag","block_context":{"text":"\u00c4hnlicher Beitrag","link":""},"img":{"alt_text":"","src":"","width":0,"height":0},"classes":[]},{"id":4293,"url":"https:\/\/ffw-bockhorn.de\/?page_id=4293","url_meta":{"origin":2228,"position":4},"title":"Eins\u00e4tze 2023","author":"FFW Bockhorn","date":"22. Januar 2023","format":false,"excerpt":"","rel":"","context":"\u00c4hnlicher Beitrag","block_context":{"text":"\u00c4hnlicher Beitrag","link":""},"img":{"alt_text":"","src":"","width":0,"height":0},"classes":[]},{"id":451,"url":"https:\/\/ffw-bockhorn.de\/?page_id=451","url_meta":{"origin":2228,"position":5},"title":"Eins\u00e4tze 2015","author":"FFW Bockhorn","date":"29. November 2015","format":false,"excerpt":"","rel":"","context":"\u00c4hnlicher Beitrag","block_context":{"text":"\u00c4hnlicher Beitrag","link":""},"img":{"alt_text":"","src":"","width":0,"height":0},"classes":[]}],"_links":{"self":[{"href":"https:\/\/ffw-bockhorn.de\/index.php?rest_route=\/wp\/v2\/pages\/2228","targetHints":{"allow":["GET"]}}],"collection":[{"href":"https:\/\/ffw-bockhorn.de\/index.php?rest_route=\/wp\/v2\/pages"}],"about":[{"href":"https:\/\/ffw-bockhorn.de\/index.php?rest_route=\/wp\/v2\/types\/page"}],"author":[{"embeddable":true,"href":"https:\/\/ffw-bockhorn.de\/index.php?rest_route=\/wp\/v2\/users\/1"}],"replies":[{"embeddable":true,"href":"https:\/\/ffw-bockhorn.de\/index.php?rest_route=%2Fwp%2Fv2%2Fcomments&post=2228"}],"version-history":[{"count":4,"href":"https:\/\/ffw-bockhorn.de\/index.php?rest_route=\/wp\/v2\/pages\/2228\/revisions"}],"predecessor-version":[{"id":2379,"href":"https:\/\/ffw-bockhorn.de\/index.php?rest_route=\/wp\/v2\/pages\/2228\/revisions\/2379"}],"wp:attachment":[{"href":"https:\/\/ffw-bockhorn.de\/index.php?rest_route=%2Fwp%2Fv2%2Fmedia&parent=2228"}],"curies":[{"name":"wp","href":"https:\/\/api.w.org\/{rel}","templated":true}]}}