{"id":26,"date":"2015-10-27T20:59:10","date_gmt":"2015-10-27T20:59:10","guid":{"rendered":"http:\/\/ffw-bockhorn.de\/?page_id=26"},"modified":"2024-04-26T07:52:27","modified_gmt":"2024-04-26T05:52:27","slug":"vorstaende","status":"publish","type":"page","link":"https:\/\/ffw-bockhorn.de\/?page_id=26","title":{"rendered":"Vorst\u00e4nde"},"content":{"rendered":"\n<figure class=\"wp-block-gallery has-nested-images columns-default is-cropped wp-block-gallery-1 is-layout-flex wp-block-gallery-is-layout-flex\">\n<figure class=\"wp-block-image size-full is-style-rounded\"><a href=\"https:\/\/i0.wp.com\/ffw-bockhorn.de\/wp-content\/uploads\/2024\/04\/Andreas-NEU.png?ssl=1\"><img data-recalc-dims=\"1\" loading=\"lazy\" decoding=\"async\" width=\"598\" height=\"700\" data-attachment-id=\"4492\" data-permalink=\"https:\/\/ffw-bockhorn.de\/?attachment_id=4492\" data-orig-file=\"https:\/\/i0.wp.com\/ffw-bockhorn.de\/wp-content\/uploads\/2024\/04\/Andreas-NEU.png?fit=598%2C700&amp;ssl=1\" data-orig-size=\"598,700\" data-comments-opened=\"0\" data-image-meta=\"{&quot;aperture&quot;:&quot;0&quot;,&quot;credit&quot;:&quot;&quot;,&quot;camera&quot;:&quot;&quot;,&quot;caption&quot;:&quot;&quot;,&quot;created_timestamp&quot;:&quot;0&quot;,&quot;copyright&quot;:&quot;&quot;,&quot;focal_length&quot;:&quot;0&quot;,&quot;iso&quot;:&quot;0&quot;,&quot;shutter_speed&quot;:&quot;0&quot;,&quot;title&quot;:&quot;&quot;,&quot;orientation&quot;:&quot;0&quot;}\" data-image-title=\"Andreas-NEU\" data-image-description=\"\" data-image-caption=\"\" data-large-file=\"https:\/\/i0.wp.com\/ffw-bockhorn.de\/wp-content\/uploads\/2024\/04\/Andreas-NEU.png?fit=598%2C700&amp;ssl=1\" data-id=\"4492\" src=\"https:\/\/i0.wp.com\/ffw-bockhorn.de\/wp-content\/uploads\/2024\/04\/Andreas-NEU.png?resize=598%2C700&#038;ssl=1\" alt=\"\" class=\"wp-image-4492\" srcset=\"https:\/\/i0.wp.com\/ffw-bockhorn.de\/wp-content\/uploads\/2024\/04\/Andreas-NEU.png?w=598&amp;ssl=1 598w, https:\/\/i0.wp.com\/ffw-bockhorn.de\/wp-content\/uploads\/2024\/04\/Andreas-NEU.png?resize=256%2C300&amp;ssl=1 256w\" sizes=\"auto, (max-width: 598px) 100vw, 598px\" \/><\/a><figcaption class=\"wp-element-caption\">Vorstand<br>Andreas Scharl<\/figcaption><\/figure>\n\n\n\n<figure class=\"wp-block-image size-full is-style-rounded\"><a href=\"https:\/\/i0.wp.com\/ffw-bockhorn.de\/wp-content\/uploads\/2024\/04\/Lukas.png?ssl=1\"><img data-recalc-dims=\"1\" loading=\"lazy\" decoding=\"async\" width=\"600\" height=\"700\" data-attachment-id=\"4472\" data-permalink=\"https:\/\/ffw-bockhorn.de\/?attachment_id=4472\" data-orig-file=\"https:\/\/i0.wp.com\/ffw-bockhorn.de\/wp-content\/uploads\/2024\/04\/Lukas.png?fit=600%2C700&amp;ssl=1\" data-orig-size=\"600,700\" data-comments-opened=\"0\" data-image-meta=\"{&quot;aperture&quot;:&quot;0&quot;,&quot;credit&quot;:&quot;&quot;,&quot;camera&quot;:&quot;&quot;,&quot;caption&quot;:&quot;&quot;,&quot;created_timestamp&quot;:&quot;0&quot;,&quot;copyright&quot;:&quot;&quot;,&quot;focal_length&quot;:&quot;0&quot;,&quot;iso&quot;:&quot;0&quot;,&quot;shutter_speed&quot;:&quot;0&quot;,&quot;title&quot;:&quot;&quot;,&quot;orientation&quot;:&quot;0&quot;}\" data-image-title=\"Lukas\" data-image-description=\"\" data-image-caption=\"\" data-large-file=\"https:\/\/i0.wp.com\/ffw-bockhorn.de\/wp-content\/uploads\/2024\/04\/Lukas.png?fit=600%2C700&amp;ssl=1\" data-id=\"4472\" src=\"https:\/\/i0.wp.com\/ffw-bockhorn.de\/wp-content\/uploads\/2024\/04\/Lukas.png?resize=600%2C700&#038;ssl=1\" alt=\"\" class=\"wp-image-4472\" srcset=\"https:\/\/i0.wp.com\/ffw-bockhorn.de\/wp-content\/uploads\/2024\/04\/Lukas.png?w=600&amp;ssl=1 600w, https:\/\/i0.wp.com\/ffw-bockhorn.de\/wp-content\/uploads\/2024\/04\/Lukas.png?resize=257%2C300&amp;ssl=1 257w\" sizes=\"auto, (max-width: 600px) 100vw, 600px\" \/><\/a><figcaption class=\"wp-element-caption\">Stellvertreter<br>Lucas Huber<\/figcaption><\/figure>\n<\/figure>\n\n\n\n<p class=\"has-text-align-left\">Nachricht an die Vorst\u00e4nde: <a href=\"mailto:vorstand@ffw-bockhorn.de\">vorstand@ffw-bockhorn.de<\/a><\/p>\n\n\n\n<h3 class=\"wp-block-heading\">Unsere ehemaligen Vereinsvorst\u00e4nde:<\/h3>\n\n\n\n<figure class=\"wp-block-gallery has-nested-images columns-default is-cropped wp-block-gallery-2 is-layout-flex wp-block-gallery-is-layout-flex\">\n<figure class=\"wp-block-image size-full is-style-rounded\"><a href=\"https:\/\/i0.wp.com\/ffw-bockhorn.de\/wp-content\/uploads\/2015\/11\/VV_30_Herbst_Franz.jpg?ssl=1\"><img data-recalc-dims=\"1\" loading=\"lazy\" decoding=\"async\" width=\"177\" height=\"236\" data-attachment-id=\"392\" data-permalink=\"https:\/\/ffw-bockhorn.de\/?attachment_id=392\" data-orig-file=\"https:\/\/i0.wp.com\/ffw-bockhorn.de\/wp-content\/uploads\/2015\/11\/VV_30_Herbst_Franz.jpg?fit=177%2C236&amp;ssl=1\" data-orig-size=\"177,236\" data-comments-opened=\"0\" data-image-meta=\"{&quot;aperture&quot;:&quot;0&quot;,&quot;credit&quot;:&quot;&quot;,&quot;camera&quot;:&quot;&quot;,&quot;caption&quot;:&quot;&quot;,&quot;created_timestamp&quot;:&quot;0&quot;,&quot;copyright&quot;:&quot;&quot;,&quot;focal_length&quot;:&quot;0&quot;,&quot;iso&quot;:&quot;0&quot;,&quot;shutter_speed&quot;:&quot;0&quot;,&quot;title&quot;:&quot;&quot;,&quot;orientation&quot;:&quot;0&quot;}\" data-image-title=\"VV_30_Herbst_Franz\" data-image-description=\"\" data-image-caption=\"\" data-large-file=\"https:\/\/i0.wp.com\/ffw-bockhorn.de\/wp-content\/uploads\/2015\/11\/VV_30_Herbst_Franz.jpg?fit=177%2C236&amp;ssl=1\" data-id=\"392\" src=\"https:\/\/i0.wp.com\/ffw-bockhorn.de\/wp-content\/uploads\/2015\/11\/VV_30_Herbst_Franz.jpg?resize=177%2C236&#038;ssl=1\" alt=\"\" class=\"wp-image-392\"\/><\/a><figcaption class=\"wp-element-caption\">Franz Herbst<br>2006 &#8211; 2022<\/figcaption><\/figure>\n\n\n\n<figure class=\"wp-block-image size-full is-style-rounded\"><a href=\"https:\/\/i0.wp.com\/ffw-bockhorn.de\/wp-content\/uploads\/2015\/11\/festsc17.jpg?ssl=1\"><img data-recalc-dims=\"1\" loading=\"lazy\" decoding=\"async\" width=\"143\" height=\"190\" data-attachment-id=\"390\" data-permalink=\"https:\/\/ffw-bockhorn.de\/?attachment_id=390\" data-orig-file=\"https:\/\/i0.wp.com\/ffw-bockhorn.de\/wp-content\/uploads\/2015\/11\/festsc17.jpg?fit=143%2C190&amp;ssl=1\" data-orig-size=\"143,190\" data-comments-opened=\"0\" data-image-meta=\"{&quot;aperture&quot;:&quot;0&quot;,&quot;credit&quot;:&quot;&quot;,&quot;camera&quot;:&quot;&quot;,&quot;caption&quot;:&quot;&quot;,&quot;created_timestamp&quot;:&quot;0&quot;,&quot;copyright&quot;:&quot;&quot;,&quot;focal_length&quot;:&quot;0&quot;,&quot;iso&quot;:&quot;0&quot;,&quot;shutter_speed&quot;:&quot;0&quot;,&quot;title&quot;:&quot;&quot;,&quot;orientation&quot;:&quot;0&quot;}\" data-image-title=\"festsc17\" data-image-description=\"\" data-image-caption=\"\" data-large-file=\"https:\/\/i0.wp.com\/ffw-bockhorn.de\/wp-content\/uploads\/2015\/11\/festsc17.jpg?fit=840%2C840&amp;ssl=1\" data-id=\"390\" src=\"https:\/\/i0.wp.com\/ffw-bockhorn.de\/wp-content\/uploads\/2015\/11\/festsc17.jpg?resize=143%2C190&#038;ssl=1\" alt=\"\" class=\"wp-image-390\"\/><\/a><figcaption class=\"wp-element-caption\">Thomas Huber<br>1998 &#8211; 2006<\/figcaption><\/figure>\n\n\n\n<figure class=\"wp-block-image size-full is-style-rounded\"><a href=\"https:\/\/i0.wp.com\/ffw-bockhorn.de\/wp-content\/uploads\/2015\/11\/festsc16.jpg?ssl=1\"><img data-recalc-dims=\"1\" loading=\"lazy\" decoding=\"async\" width=\"146\" height=\"190\" data-attachment-id=\"391\" data-permalink=\"https:\/\/ffw-bockhorn.de\/?attachment_id=391\" data-orig-file=\"https:\/\/i0.wp.com\/ffw-bockhorn.de\/wp-content\/uploads\/2015\/11\/festsc16.jpg?fit=146%2C190&amp;ssl=1\" data-orig-size=\"146,190\" data-comments-opened=\"0\" data-image-meta=\"{&quot;aperture&quot;:&quot;0&quot;,&quot;credit&quot;:&quot;&quot;,&quot;camera&quot;:&quot;&quot;,&quot;caption&quot;:&quot;&quot;,&quot;created_timestamp&quot;:&quot;0&quot;,&quot;copyright&quot;:&quot;&quot;,&quot;focal_length&quot;:&quot;0&quot;,&quot;iso&quot;:&quot;0&quot;,&quot;shutter_speed&quot;:&quot;0&quot;,&quot;title&quot;:&quot;&quot;,&quot;orientation&quot;:&quot;0&quot;}\" data-image-title=\"festsc16\" data-image-description=\"\" data-image-caption=\"\" data-large-file=\"https:\/\/i0.wp.com\/ffw-bockhorn.de\/wp-content\/uploads\/2015\/11\/festsc16.jpg?fit=840%2C840&amp;ssl=1\" data-id=\"391\" src=\"https:\/\/i0.wp.com\/ffw-bockhorn.de\/wp-content\/uploads\/2015\/11\/festsc16.jpg?resize=146%2C190&#038;ssl=1\" alt=\"\" class=\"wp-image-391\"\/><\/a><figcaption class=\"wp-element-caption\">Johann Altmann<br>1985 \u2013 1998<\/figcaption><\/figure>\n<\/figure>\n","protected":false},"excerpt":{"rendered":"<p>Nachricht an die Vorst\u00e4nde: vorstand@ffw-bockhorn.de Unsere ehemaligen Vereinsvorst\u00e4nde:<\/p>\n","protected":false},"author":1,"featured_media":0,"parent":0,"menu_order":0,"comment_status":"closed","ping_status":"closed","template":"","meta":{"jetpack_post_was_ever_published":false,"footnotes":""},"class_list":["post-26","page","type-page","status-publish","hentry"],"jetpack_sharing_enabled":false,"jetpack_shortlink":"https:\/\/wp.me\/P6T4yF-q","jetpack-related-posts":[{"id":80,"url":"https:\/\/ffw-bockhorn.de\/?page_id=80","url_meta":{"origin":26,"position":0},"title":"Impressum","author":"FFW Bockhorn","date":"27. Oktober 2015","format":false,"excerpt":"Angaben gem\u00e4\u00df \u00a7 5 TMG: Freiwillige Feuerwehr Bockhorn e. V.Untere Hauptstra\u00dfe 885461 Bockhorn Vertreten durch: Andreas Scharl (1. Vorsitzender)Lucas Huber (2. Vorsitzender) Kontakt: Telefon:08122 \/ 50 24E-Mail:ffwbockhorn ( a ) gmail . com Registereintrag: Eintragung im Vereinsregister.Registergericht:Amtsgericht M\u00fcnchenRegisternummer: VR110608 Aufsichtsbeh\u00f6rde: Gemeinde Bockhorn Verantwortlich f\u00fcr den Inhalt nach \u00a7 55 Abs.\u2026","rel":"","context":"\u00c4hnlicher Beitrag","block_context":{"text":"\u00c4hnlicher Beitrag","link":""},"img":{"alt_text":"","src":"","width":0,"height":0},"classes":[]},{"id":43,"url":"https:\/\/ffw-bockhorn.de\/?page_id=43","url_meta":{"origin":26,"position":1},"title":"Chronik der Feuerwehr","author":"FFW Bockhorn","date":"27. Oktober 2015","format":false,"excerpt":"Die Geschichte der Feuerwehr Bockhorn ist bis 1875 zur\u00fcckzuverfolgen. Im Jahre 1873\u00a0wurde durch das Kgl. Bezirksamt Erding die Errichtung einer Pflichtfeuerwehr angeordnet.\u00a0Zum Feuerl\u00f6schbezirk Bockhorn geh\u00f6rten Gr\u00fcnbach, Salmannskirchen und Eschlbach, die\u00a0zur gegenseitigen Hilfe verpflichtet waren. Herangezogen wurden alle m\u00e4nnlichen\u00a0Ortsbewohner zwischen dem 18. und 50. Lebensjahr. Die Mannschaften bestanden aus\u00a0Steigern, Spritzenm\u00e4nnern und\u2026","rel":"","context":"\u00c4hnlicher Beitrag","block_context":{"text":"\u00c4hnlicher Beitrag","link":""},"img":{"alt_text":"","src":"https:\/\/i0.wp.com\/ffw-bockhorn.de\/wp-content\/uploads\/2016\/01\/Chronik_FFW_2-1024x717.jpg?resize=350%2C200","width":350,"height":200,"srcset":"https:\/\/i0.wp.com\/ffw-bockhorn.de\/wp-content\/uploads\/2016\/01\/Chronik_FFW_2-1024x717.jpg?resize=350%2C200 1x, https:\/\/i0.wp.com\/ffw-bockhorn.de\/wp-content\/uploads\/2016\/01\/Chronik_FFW_2-1024x717.jpg?resize=525%2C300 1.5x, https:\/\/i0.wp.com\/ffw-bockhorn.de\/wp-content\/uploads\/2016\/01\/Chronik_FFW_2-1024x717.jpg?resize=700%2C400 2x"},"classes":[]}],"_links":{"self":[{"href":"https:\/\/ffw-bockhorn.de\/index.php?rest_route=\/wp\/v2\/pages\/26","targetHints":{"allow":["GET"]}}],"collection":[{"href":"https:\/\/ffw-bockhorn.de\/index.php?rest_route=\/wp\/v2\/pages"}],"about":[{"href":"https:\/\/ffw-bockhorn.de\/index.php?rest_route=\/wp\/v2\/types\/page"}],"author":[{"embeddable":true,"href":"https:\/\/ffw-bockhorn.de\/index.php?rest_route=\/wp\/v2\/users\/1"}],"replies":[{"embeddable":true,"href":"https:\/\/ffw-bockhorn.de\/index.php?rest_route=%2Fwp%2Fv2%2Fcomments&post=26"}],"version-history":[{"count":22,"href":"https:\/\/ffw-bockhorn.de\/index.php?rest_route=\/wp\/v2\/pages\/26\/revisions"}],"predecessor-version":[{"id":4493,"href":"https:\/\/ffw-bockhorn.de\/index.php?rest_route=\/wp\/v2\/pages\/26\/revisions\/4493"}],"wp:attachment":[{"href":"https:\/\/ffw-bockhorn.de\/index.php?rest_route=%2Fwp%2Fv2%2Fmedia&parent=26"}],"curies":[{"name":"wp","href":"https:\/\/api.w.org\/{rel}","templated":true}]}}