{"id":263,"date":"2015-11-05T21:43:27","date_gmt":"2015-11-05T21:43:27","guid":{"rendered":"http:\/\/ffw-bockhorn.de\/?page_id=263"},"modified":"2015-11-30T21:02:52","modified_gmt":"2015-11-30T20:02:52","slug":"einsaetze-2012","status":"publish","type":"page","link":"https:\/\/ffw-bockhorn.de\/?page_id=263","title":{"rendered":"Eins\u00e4tze 2012"},"content":{"rendered":"\n<table id=\"tablepress-4\" class=\"tablepress tablepress-id-4\">\n<thead>\n<tr class=\"row-1\">\n\t<th class=\"column-1\">Nr.<\/th><th class=\"column-2\">Datum<\/th><th class=\"column-3\">Einsatzbeschreibung<\/th><th class=\"column-4\">Einsatzort<\/th><th class=\"column-5\">Einsatzbericht<\/th>\n<\/tr>\n<\/thead>\n<tbody class=\"row-striping row-hover\">\n<tr class=\"row-2\">\n\t<td class=\"column-1\">22<\/td><td class=\"column-2\">18.12.2012<\/td><td class=\"column-3\">\u00d6lspur<\/td><td class=\"column-4\">Bockhorn<\/td><td class=\"column-5\"><\/td>\n<\/tr>\n<tr class=\"row-3\">\n\t<td class=\"column-1\">21<\/td><td class=\"column-2\">08.12.2012<\/td><td class=\"column-3\">Keller unter Wasser<\/td><td class=\"column-4\">Bockhorn<\/td><td class=\"column-5\"><\/td>\n<\/tr>\n<tr class=\"row-4\">\n\t<td class=\"column-1\">20<\/td><td class=\"column-2\">30.11.2012<\/td><td class=\"column-3\">Hubschrauberlandeplatz ausleuchten<\/td><td class=\"column-4\">Emling<\/td><td class=\"column-5\"><\/td>\n<\/tr>\n<tr class=\"row-5\">\n\t<td class=\"column-1\">19<\/td><td class=\"column-2\">19.10.2012<\/td><td class=\"column-3\">\u00d6lspur<\/td><td class=\"column-4\">Mauggen<\/td><td class=\"column-5\"><\/td>\n<\/tr>\n<tr class=\"row-6\">\n\t<td class=\"column-1\">18<\/td><td class=\"column-2\">17.10.2012<\/td><td class=\"column-3\">Schwerer Verkehrsunfall<\/td><td class=\"column-4\">Bockhorn<\/td><td class=\"column-5\"><a href=\"http:\/\/www.merkur.de\/lokales\/erding\/landkreis\/bockhorn-zwei-tote-schwerem-unfall-2552867.html\" target=\"_blank\">Merkur<\/a><br \/>\n<a href=\"https:\/\/youtu.be\/OIIuUFBomLQ\" target=\"_blank\">Video<\/a><\/td>\n<\/tr>\n<tr class=\"row-7\">\n\t<td class=\"column-1\">17<\/td><td class=\"column-2\">02.08.2012<\/td><td class=\"column-3\">Brand Gartenh\u00fctte<\/td><td class=\"column-4\">Kirchasch<\/td><td class=\"column-5\"><\/td>\n<\/tr>\n<tr class=\"row-8\">\n\t<td class=\"column-1\">16<\/td><td class=\"column-2\">02.08.2012<\/td><td class=\"column-3\">Verkehrsunfall<\/td><td class=\"column-4\">Unterstrogn<\/td><td class=\"column-5\"><a href=\"http:\/\/www.merkur.de\/lokales\/erding\/landkreis\/linksabbieger-b388-spaet-gesehen-fahrerin-34-mittelschwer-verletzt-2442907.html\" target=\"_blank\">Merkur<\/a><\/td>\n<\/tr>\n<tr class=\"row-9\">\n\t<td class=\"column-1\">15<\/td><td class=\"column-2\">23.07.2012<\/td><td class=\"column-3\">Brandmeldeanlage<\/td><td class=\"column-4\">Unterstrogn<\/td><td class=\"column-5\"><a href=\"http:\/\/www.merkur.de\/lokales\/erding\/erding\/zerstoerungswuetige-einbrecher-machen-fette-beute-mm-2430320.html\" target=\"_blank\">Merkur<\/a><\/td>\n<\/tr>\n<tr class=\"row-10\">\n\t<td class=\"column-1\">14<\/td><td class=\"column-2\">30.06.2012<\/td><td class=\"column-3\">Schwerer Verkehrsunfall<\/td><td class=\"column-4\">St2082, Fraunberg<\/td><td class=\"column-5\"><a href=\"http:\/\/www.merkur.de\/lokales\/erding\/landkreis\/schleudernder-anhaenger-wirft-auto-2372791.html\" target=\"_blank\">Merkur<\/a><\/td>\n<\/tr>\n<tr class=\"row-11\">\n\t<td class=\"column-1\">13<\/td><td class=\"column-2\">29.06.2012<\/td><td class=\"column-3\">Rauchentwicklung<\/td><td class=\"column-4\">Bockhorn<\/td><td class=\"column-5\"><\/td>\n<\/tr>\n<tr class=\"row-12\">\n\t<td class=\"column-1\">12<\/td><td class=\"column-2\">23.06.2012<\/td><td class=\"column-3\">Einsatzstelle ausleuchten<\/td><td class=\"column-4\">B388, Unterstrogn<\/td><td class=\"column-5\"><\/td>\n<\/tr>\n<tr class=\"row-13\">\n\t<td class=\"column-1\">11<\/td><td class=\"column-2\">20.06.2012<\/td><td class=\"column-3\">Baum \u00fcber Fahrbahn<\/td><td class=\"column-4\">Gr\u00fcnbach<\/td><td class=\"column-5\"><\/td>\n<\/tr>\n<tr class=\"row-14\">\n\t<td class=\"column-1\">10<\/td><td class=\"column-2\">20.06.2012<\/td><td class=\"column-3\">\u00d6lspur<\/td><td class=\"column-4\">Gr\u00fcnbach<\/td><td class=\"column-5\"><\/td>\n<\/tr>\n<tr class=\"row-15\">\n\t<td class=\"column-1\">9<\/td><td class=\"column-2\">18.06.2012<\/td><td class=\"column-3\">THL - Person eingeklemmt<\/td><td class=\"column-4\">Walpertskirchen<\/td><td class=\"column-5\"><\/td>\n<\/tr>\n<tr class=\"row-16\">\n\t<td class=\"column-1\">8<\/td><td class=\"column-2\">18.06.2012<\/td><td class=\"column-3\">Schwerer Verkehrsunfall<\/td><td class=\"column-4\">St2084, Bockhorn<\/td><td class=\"column-5\"><a href=\"http:\/\/www.merkur.de\/lokales\/erding\/landkreis\/kirchasch-kleinwagen-rast-gegen-alleebaum-fahrer-42-stelle-2357300.html\" target=\"_blank\">Merkur<\/a><br \/>\n<a href=\"https:\/\/youtu.be\/omiQFeCmgqk\" target=\"_blank\">Video<\/a><\/td>\n<\/tr>\n<tr class=\"row-17\">\n\t<td class=\"column-1\">7<\/td><td class=\"column-2\">10.05.2012<\/td><td class=\"column-3\">Kleintierrettung<\/td><td class=\"column-4\">Bockhorn<\/td><td class=\"column-5\"><\/td>\n<\/tr>\n<tr class=\"row-18\">\n\t<td class=\"column-1\">6<\/td><td class=\"column-2\">05.05.2012<\/td><td class=\"column-3\">Brand PKW<\/td><td class=\"column-4\">B388, Gr\u00fcnbach<\/td><td class=\"column-5\"><a href=\"http:\/\/www.merkur.de\/lokales\/erding\/landkreis\/skoda-wird-b388-raub-flammen-2305567.html\" target=\"_blank\">Merkur<\/a><\/td>\n<\/tr>\n<tr class=\"row-19\">\n\t<td class=\"column-1\">5<\/td><td class=\"column-2\">28.03.2012<\/td><td class=\"column-3\">Brand Wiese<\/td><td class=\"column-4\">Kirchasch<\/td><td class=\"column-5\"><\/td>\n<\/tr>\n<tr class=\"row-20\">\n\t<td class=\"column-1\">4<\/td><td class=\"column-2\">20.03.2012<\/td><td class=\"column-3\">Brandmeldeanlage<\/td><td class=\"column-4\">Unterstrogn<\/td><td class=\"column-5\"><a href=\"http:\/\/www.merkur.de\/lokales\/erding\/erding\/feuerwehr-stoert-einbrecher-2245357.html\" target=\"_blank\">Merkur<\/a><\/td>\n<\/tr>\n<tr class=\"row-21\">\n\t<td class=\"column-1\">3<\/td><td class=\"column-2\">15.02.2012<\/td><td class=\"column-3\">Schwerer Verkehrsunfall<\/td><td class=\"column-4\">St2084, Neumauggen<\/td><td class=\"column-5\"><\/td>\n<\/tr>\n<tr class=\"row-22\">\n\t<td class=\"column-1\">2<\/td><td class=\"column-2\">08.02.2012<\/td><td class=\"column-3\">\u00d6lspur<\/td><td class=\"column-4\">B388, Hecken<\/td><td class=\"column-5\"><\/td>\n<\/tr>\n<tr class=\"row-23\">\n\t<td class=\"column-1\">1<\/td><td class=\"column-2\">07.01.2012<\/td><td class=\"column-3\">Verkehrsunfall<\/td><td class=\"column-4\">B388, Unterstrogn<\/td><td class=\"column-5\"><a href=\"http:\/\/www.merkur.de\/lokales\/erding\/landkreis\/mutter-tochter-unfall-betrunkenem-verletzt-1554834.html\" target=\"_blank\">Merkur<\/a><\/td>\n<\/tr>\n<\/tbody>\n<\/table>\n<!-- #tablepress-4 from cache -->\n","protected":false},"excerpt":{"rendered":"","protected":false},"author":1,"featured_media":0,"parent":0,"menu_order":0,"comment_status":"closed","ping_status":"closed","template":"","meta":{"jetpack_post_was_ever_published":false,"footnotes":""},"class_list":["post-263","page","type-page","status-publish","hentry"],"jetpack_sharing_enabled":true,"jetpack_shortlink":"https:\/\/wp.me\/P6T4yF-4f","jetpack-related-posts":[{"id":3073,"url":"https:\/\/ffw-bockhorn.de\/?page_id=3073","url_meta":{"origin":263,"position":0},"title":"Eins\u00e4tze","author":"FFW Bockhorn","date":"9. Februar 2019","format":false,"excerpt":"","rel":"","context":"\u00c4hnlicher Beitrag","block_context":{"text":"\u00c4hnlicher Beitrag","link":""},"img":{"alt_text":"","src":"https:\/\/i0.wp.com\/ffw-bockhorn.de\/wp-content\/uploads\/2019\/02\/IMG_20181020_154455.jpg?resize=350%2C200&ssl=1","width":350,"height":200,"srcset":"https:\/\/i0.wp.com\/ffw-bockhorn.de\/wp-content\/uploads\/2019\/02\/IMG_20181020_154455.jpg?resize=350%2C200&ssl=1 1x, https:\/\/i0.wp.com\/ffw-bockhorn.de\/wp-content\/uploads\/2019\/02\/IMG_20181020_154455.jpg?resize=525%2C300&ssl=1 1.5x, https:\/\/i0.wp.com\/ffw-bockhorn.de\/wp-content\/uploads\/2019\/02\/IMG_20181020_154455.jpg?resize=700%2C400&ssl=1 2x, https:\/\/i0.wp.com\/ffw-bockhorn.de\/wp-content\/uploads\/2019\/02\/IMG_20181020_154455.jpg?resize=1050%2C600&ssl=1 3x, https:\/\/i0.wp.com\/ffw-bockhorn.de\/wp-content\/uploads\/2019\/02\/IMG_20181020_154455.jpg?resize=1400%2C800&ssl=1 4x"},"classes":[]},{"id":477,"url":"https:\/\/ffw-bockhorn.de\/?page_id=477","url_meta":{"origin":263,"position":1},"title":"Eins\u00e4tze 2011","author":"FFW Bockhorn","date":"29. November 2015","format":false,"excerpt":"","rel":"","context":"\u00c4hnlicher Beitrag","block_context":{"text":"\u00c4hnlicher Beitrag","link":""},"img":{"alt_text":"","src":"","width":0,"height":0},"classes":[]},{"id":479,"url":"https:\/\/ffw-bockhorn.de\/?page_id=479","url_meta":{"origin":263,"position":2},"title":"Eins\u00e4tze 2013","author":"FFW Bockhorn","date":"29. November 2015","format":false,"excerpt":"","rel":"","context":"\u00c4hnlicher Beitrag","block_context":{"text":"\u00c4hnlicher Beitrag","link":""},"img":{"alt_text":"","src":"","width":0,"height":0},"classes":[]},{"id":4293,"url":"https:\/\/ffw-bockhorn.de\/?page_id=4293","url_meta":{"origin":263,"position":3},"title":"Eins\u00e4tze 2023","author":"FFW Bockhorn","date":"22. Januar 2023","format":false,"excerpt":"","rel":"","context":"\u00c4hnlicher Beitrag","block_context":{"text":"\u00c4hnlicher Beitrag","link":""},"img":{"alt_text":"","src":"","width":0,"height":0},"classes":[]},{"id":2228,"url":"https:\/\/ffw-bockhorn.de\/?page_id=2228","url_meta":{"origin":263,"position":4},"title":"Eins\u00e4tze 2018","author":"FFW Bockhorn","date":"4. Januar 2018","format":false,"excerpt":"","rel":"","context":"\u00c4hnlicher Beitrag","block_context":{"text":"\u00c4hnlicher Beitrag","link":""},"img":{"alt_text":"","src":"https:\/\/i0.wp.com\/ffw-bockhorn.de\/wp-content\/uploads\/2016\/10\/Webbanner_155x55_Handy.jpg?resize=350%2C200","width":350,"height":200,"srcset":"https:\/\/i0.wp.com\/ffw-bockhorn.de\/wp-content\/uploads\/2016\/10\/Webbanner_155x55_Handy.jpg?resize=350%2C200 1x, https:\/\/i0.wp.com\/ffw-bockhorn.de\/wp-content\/uploads\/2016\/10\/Webbanner_155x55_Handy.jpg?resize=525%2C300 1.5x"},"classes":[]},{"id":451,"url":"https:\/\/ffw-bockhorn.de\/?page_id=451","url_meta":{"origin":263,"position":5},"title":"Eins\u00e4tze 2015","author":"FFW Bockhorn","date":"29. November 2015","format":false,"excerpt":"","rel":"","context":"\u00c4hnlicher Beitrag","block_context":{"text":"\u00c4hnlicher Beitrag","link":""},"img":{"alt_text":"","src":"","width":0,"height":0},"classes":[]}],"_links":{"self":[{"href":"https:\/\/ffw-bockhorn.de\/index.php?rest_route=\/wp\/v2\/pages\/263","targetHints":{"allow":["GET"]}}],"collection":[{"href":"https:\/\/ffw-bockhorn.de\/index.php?rest_route=\/wp\/v2\/pages"}],"about":[{"href":"https:\/\/ffw-bockhorn.de\/index.php?rest_route=\/wp\/v2\/types\/page"}],"author":[{"embeddable":true,"href":"https:\/\/ffw-bockhorn.de\/index.php?rest_route=\/wp\/v2\/users\/1"}],"replies":[{"embeddable":true,"href":"https:\/\/ffw-bockhorn.de\/index.php?rest_route=%2Fwp%2Fv2%2Fcomments&post=263"}],"version-history":[{"count":3,"href":"https:\/\/ffw-bockhorn.de\/index.php?rest_route=\/wp\/v2\/pages\/263\/revisions"}],"predecessor-version":[{"id":498,"href":"https:\/\/ffw-bockhorn.de\/index.php?rest_route=\/wp\/v2\/pages\/263\/revisions\/498"}],"wp:attachment":[{"href":"https:\/\/ffw-bockhorn.de\/index.php?rest_route=%2Fwp%2Fv2%2Fmedia&parent=263"}],"curies":[{"name":"wp","href":"https:\/\/api.w.org\/{rel}","templated":true}]}}