{"id":3415,"date":"2019-07-11T22:29:13","date_gmt":"2019-07-11T20:29:13","guid":{"rendered":"http:\/\/ffw-bockhorn.de\/?page_id=3415"},"modified":"2023-10-01T18:10:52","modified_gmt":"2023-10-01T16:10:52","slug":"jugendwarte","status":"publish","type":"page","link":"https:\/\/ffw-bockhorn.de\/?page_id=3415","title":{"rendered":"Die Jugendwarte"},"content":{"rendered":"\n<p>&#8230;der Jugendfeuerwehr Bockhorn stellen sich vor. <\/p>\n\n\n\n<p><\/p>\n\n\n\n<p>Alle unser Jugendwarte\/innen sind ausgebildete &#8222;Jugendleiter\/in in der Feuerwehr&#8220; nach der Feuerwehr-Dienstvorschrift FwDV 2 &#8222;Ausbildung der Freiwilligen Feuerwehren&#8220;. <\/p>\n\n\n\n<figure class=\"wp-block-image size-large\"><a href=\"https:\/\/i0.wp.com\/ffw-bockhorn.de\/wp-content\/uploads\/2023\/10\/Jugendwart_Bjoern.jpg?ssl=1\"><img data-recalc-dims=\"1\" loading=\"lazy\" decoding=\"async\" width=\"840\" height=\"473\" data-attachment-id=\"4374\" data-permalink=\"https:\/\/ffw-bockhorn.de\/?attachment_id=4374\" data-orig-file=\"https:\/\/i0.wp.com\/ffw-bockhorn.de\/wp-content\/uploads\/2023\/10\/Jugendwart_Bjoern.jpg?fit=1280%2C720&amp;ssl=1\" data-orig-size=\"1280,720\" data-comments-opened=\"0\" data-image-meta=\"{&quot;aperture&quot;:&quot;0&quot;,&quot;credit&quot;:&quot;&quot;,&quot;camera&quot;:&quot;&quot;,&quot;caption&quot;:&quot;&quot;,&quot;created_timestamp&quot;:&quot;0&quot;,&quot;copyright&quot;:&quot;&quot;,&quot;focal_length&quot;:&quot;0&quot;,&quot;iso&quot;:&quot;0&quot;,&quot;shutter_speed&quot;:&quot;0&quot;,&quot;title&quot;:&quot;&quot;,&quot;orientation&quot;:&quot;0&quot;}\" data-image-title=\"Jugendwart_Bjoern\" data-image-description=\"\" data-image-caption=\"\" data-medium-file=\"https:\/\/i0.wp.com\/ffw-bockhorn.de\/wp-content\/uploads\/2023\/10\/Jugendwart_Bjoern.jpg?fit=300%2C169&amp;ssl=1\" data-large-file=\"https:\/\/i0.wp.com\/ffw-bockhorn.de\/wp-content\/uploads\/2023\/10\/Jugendwart_Bjoern.jpg?fit=840%2C473&amp;ssl=1\" src=\"https:\/\/i0.wp.com\/ffw-bockhorn.de\/wp-content\/uploads\/2023\/10\/Jugendwart_Bjoern.jpg?resize=840%2C473&#038;ssl=1\" alt=\"\" class=\"wp-image-4374\" srcset=\"https:\/\/i0.wp.com\/ffw-bockhorn.de\/wp-content\/uploads\/2023\/10\/Jugendwart_Bjoern.jpg?resize=1024%2C576&amp;ssl=1 1024w, https:\/\/i0.wp.com\/ffw-bockhorn.de\/wp-content\/uploads\/2023\/10\/Jugendwart_Bjoern.jpg?resize=300%2C169&amp;ssl=1 300w, https:\/\/i0.wp.com\/ffw-bockhorn.de\/wp-content\/uploads\/2023\/10\/Jugendwart_Bjoern.jpg?resize=768%2C432&amp;ssl=1 768w, https:\/\/i0.wp.com\/ffw-bockhorn.de\/wp-content\/uploads\/2023\/10\/Jugendwart_Bjoern.jpg?w=1280&amp;ssl=1 1280w\" sizes=\"auto, (max-width: 840px) 100vw, 840px\" \/><\/a><\/figure>\n\n\n\n<figure class=\"wp-block-image size-large\"><a href=\"https:\/\/i0.wp.com\/ffw-bockhorn.de\/wp-content\/uploads\/2023\/10\/Jugendwart_Caro.jpg?ssl=1\"><img data-recalc-dims=\"1\" loading=\"lazy\" decoding=\"async\" width=\"840\" height=\"473\" data-attachment-id=\"4376\" data-permalink=\"https:\/\/ffw-bockhorn.de\/?attachment_id=4376\" data-orig-file=\"https:\/\/i0.wp.com\/ffw-bockhorn.de\/wp-content\/uploads\/2023\/10\/Jugendwart_Caro.jpg?fit=1280%2C720&amp;ssl=1\" data-orig-size=\"1280,720\" data-comments-opened=\"0\" data-image-meta=\"{&quot;aperture&quot;:&quot;0&quot;,&quot;credit&quot;:&quot;&quot;,&quot;camera&quot;:&quot;&quot;,&quot;caption&quot;:&quot;&quot;,&quot;created_timestamp&quot;:&quot;0&quot;,&quot;copyright&quot;:&quot;&quot;,&quot;focal_length&quot;:&quot;0&quot;,&quot;iso&quot;:&quot;0&quot;,&quot;shutter_speed&quot;:&quot;0&quot;,&quot;title&quot;:&quot;&quot;,&quot;orientation&quot;:&quot;0&quot;}\" data-image-title=\"Jugendwart_Caro\" data-image-description=\"\" data-image-caption=\"\" data-medium-file=\"https:\/\/i0.wp.com\/ffw-bockhorn.de\/wp-content\/uploads\/2023\/10\/Jugendwart_Caro.jpg?fit=300%2C169&amp;ssl=1\" data-large-file=\"https:\/\/i0.wp.com\/ffw-bockhorn.de\/wp-content\/uploads\/2023\/10\/Jugendwart_Caro.jpg?fit=840%2C473&amp;ssl=1\" src=\"https:\/\/i0.wp.com\/ffw-bockhorn.de\/wp-content\/uploads\/2023\/10\/Jugendwart_Caro.jpg?resize=840%2C473&#038;ssl=1\" alt=\"\" class=\"wp-image-4376\" srcset=\"https:\/\/i0.wp.com\/ffw-bockhorn.de\/wp-content\/uploads\/2023\/10\/Jugendwart_Caro.jpg?resize=1024%2C576&amp;ssl=1 1024w, https:\/\/i0.wp.com\/ffw-bockhorn.de\/wp-content\/uploads\/2023\/10\/Jugendwart_Caro.jpg?resize=300%2C169&amp;ssl=1 300w, https:\/\/i0.wp.com\/ffw-bockhorn.de\/wp-content\/uploads\/2023\/10\/Jugendwart_Caro.jpg?resize=768%2C432&amp;ssl=1 768w, https:\/\/i0.wp.com\/ffw-bockhorn.de\/wp-content\/uploads\/2023\/10\/Jugendwart_Caro.jpg?w=1280&amp;ssl=1 1280w\" sizes=\"auto, (max-width: 840px) 100vw, 840px\" \/><\/a><\/figure>\n\n\n\n<figure class=\"wp-block-image size-large\"><a href=\"https:\/\/i0.wp.com\/ffw-bockhorn.de\/wp-content\/uploads\/2023\/10\/Jugendwart_Simon.jpg?ssl=1\"><img data-recalc-dims=\"1\" loading=\"lazy\" decoding=\"async\" width=\"840\" height=\"473\" data-attachment-id=\"4377\" data-permalink=\"https:\/\/ffw-bockhorn.de\/?attachment_id=4377\" data-orig-file=\"https:\/\/i0.wp.com\/ffw-bockhorn.de\/wp-content\/uploads\/2023\/10\/Jugendwart_Simon.jpg?fit=1280%2C720&amp;ssl=1\" data-orig-size=\"1280,720\" data-comments-opened=\"0\" data-image-meta=\"{&quot;aperture&quot;:&quot;0&quot;,&quot;credit&quot;:&quot;&quot;,&quot;camera&quot;:&quot;&quot;,&quot;caption&quot;:&quot;&quot;,&quot;created_timestamp&quot;:&quot;0&quot;,&quot;copyright&quot;:&quot;&quot;,&quot;focal_length&quot;:&quot;0&quot;,&quot;iso&quot;:&quot;0&quot;,&quot;shutter_speed&quot;:&quot;0&quot;,&quot;title&quot;:&quot;&quot;,&quot;orientation&quot;:&quot;0&quot;}\" data-image-title=\"Jugendwart_Simon\" data-image-description=\"\" data-image-caption=\"\" data-medium-file=\"https:\/\/i0.wp.com\/ffw-bockhorn.de\/wp-content\/uploads\/2023\/10\/Jugendwart_Simon.jpg?fit=300%2C169&amp;ssl=1\" data-large-file=\"https:\/\/i0.wp.com\/ffw-bockhorn.de\/wp-content\/uploads\/2023\/10\/Jugendwart_Simon.jpg?fit=840%2C473&amp;ssl=1\" src=\"https:\/\/i0.wp.com\/ffw-bockhorn.de\/wp-content\/uploads\/2023\/10\/Jugendwart_Simon.jpg?resize=840%2C473&#038;ssl=1\" alt=\"\" class=\"wp-image-4377\" srcset=\"https:\/\/i0.wp.com\/ffw-bockhorn.de\/wp-content\/uploads\/2023\/10\/Jugendwart_Simon.jpg?resize=1024%2C576&amp;ssl=1 1024w, https:\/\/i0.wp.com\/ffw-bockhorn.de\/wp-content\/uploads\/2023\/10\/Jugendwart_Simon.jpg?resize=300%2C169&amp;ssl=1 300w, https:\/\/i0.wp.com\/ffw-bockhorn.de\/wp-content\/uploads\/2023\/10\/Jugendwart_Simon.jpg?resize=768%2C432&amp;ssl=1 768w, https:\/\/i0.wp.com\/ffw-bockhorn.de\/wp-content\/uploads\/2023\/10\/Jugendwart_Simon.jpg?w=1280&amp;ssl=1 1280w\" sizes=\"auto, (max-width: 840px) 100vw, 840px\" \/><\/a><\/figure>\n\n\n\n<figure class=\"wp-block-image size-large\"><a href=\"https:\/\/i0.wp.com\/ffw-bockhorn.de\/wp-content\/uploads\/2023\/10\/Jugendwart_Regina.jpg?ssl=1\"><img data-recalc-dims=\"1\" loading=\"lazy\" decoding=\"async\" width=\"840\" height=\"473\" data-attachment-id=\"4378\" data-permalink=\"https:\/\/ffw-bockhorn.de\/?attachment_id=4378\" data-orig-file=\"https:\/\/i0.wp.com\/ffw-bockhorn.de\/wp-content\/uploads\/2023\/10\/Jugendwart_Regina.jpg?fit=1280%2C720&amp;ssl=1\" data-orig-size=\"1280,720\" data-comments-opened=\"0\" data-image-meta=\"{&quot;aperture&quot;:&quot;0&quot;,&quot;credit&quot;:&quot;&quot;,&quot;camera&quot;:&quot;&quot;,&quot;caption&quot;:&quot;&quot;,&quot;created_timestamp&quot;:&quot;0&quot;,&quot;copyright&quot;:&quot;&quot;,&quot;focal_length&quot;:&quot;0&quot;,&quot;iso&quot;:&quot;0&quot;,&quot;shutter_speed&quot;:&quot;0&quot;,&quot;title&quot;:&quot;&quot;,&quot;orientation&quot;:&quot;0&quot;}\" data-image-title=\"Jugendwart_Regina\" data-image-description=\"\" data-image-caption=\"\" data-medium-file=\"https:\/\/i0.wp.com\/ffw-bockhorn.de\/wp-content\/uploads\/2023\/10\/Jugendwart_Regina.jpg?fit=300%2C169&amp;ssl=1\" data-large-file=\"https:\/\/i0.wp.com\/ffw-bockhorn.de\/wp-content\/uploads\/2023\/10\/Jugendwart_Regina.jpg?fit=840%2C473&amp;ssl=1\" src=\"https:\/\/i0.wp.com\/ffw-bockhorn.de\/wp-content\/uploads\/2023\/10\/Jugendwart_Regina.jpg?resize=840%2C473&#038;ssl=1\" alt=\"\" class=\"wp-image-4378\" srcset=\"https:\/\/i0.wp.com\/ffw-bockhorn.de\/wp-content\/uploads\/2023\/10\/Jugendwart_Regina.jpg?resize=1024%2C576&amp;ssl=1 1024w, https:\/\/i0.wp.com\/ffw-bockhorn.de\/wp-content\/uploads\/2023\/10\/Jugendwart_Regina.jpg?resize=300%2C169&amp;ssl=1 300w, https:\/\/i0.wp.com\/ffw-bockhorn.de\/wp-content\/uploads\/2023\/10\/Jugendwart_Regina.jpg?resize=768%2C432&amp;ssl=1 768w, https:\/\/i0.wp.com\/ffw-bockhorn.de\/wp-content\/uploads\/2023\/10\/Jugendwart_Regina.jpg?w=1280&amp;ssl=1 1280w\" sizes=\"auto, (max-width: 840px) 100vw, 840px\" \/><\/a><\/figure>\n","protected":false},"excerpt":{"rendered":"<p>&#8230;der Jugendfeuerwehr Bockhorn stellen sich vor. Alle unser Jugendwarte\/innen sind ausgebildete &#8222;Jugendleiter\/in in der Feuerwehr&#8220; nach der Feuerwehr-Dienstvorschrift FwDV 2 &#8222;Ausbildung der Freiwilligen Feuerwehren&#8220;.<\/p>\n","protected":false},"author":1,"featured_media":0,"parent":0,"menu_order":0,"comment_status":"closed","ping_status":"closed","template":"","meta":{"jetpack_post_was_ever_published":false,"footnotes":""},"class_list":["post-3415","page","type-page","status-publish","hentry"],"jetpack_sharing_enabled":true,"jetpack_shortlink":"https:\/\/wp.me\/P6T4yF-T5","jetpack-related-posts":[{"id":3427,"url":"https:\/\/ffw-bockhorn.de\/?page_id=3427","url_meta":{"origin":3415,"position":0},"title":"Jugendordnung","author":"FFW Bockhorn","date":"21. Juli 2019","format":false,"excerpt":"JUGENDORDNUNG f\u00fcr die Jugendgruppe der \u201eFreiwilligen Feuerwehr Bockhorn e.V.\u201c Der Einfachheit halber wird in der Jugendordnung f\u00fcr Personen nur die m\u00e4nnliche Form verwendet. Dieweibliche Form ist immer miteingeschlossen. \u00a7 1 Die Jugendgruppe (1) Der Jugendgruppe der Freiwilligen Feuerwehr Bockhorn e.V. (Jugendgruppe) geh\u00f6ren alle Angeh\u00f6rigen der Freiwilligen Feuerwehr Bockhorn vom 12.\u2026","rel":"","context":"\u00c4hnlicher Beitrag","block_context":{"text":"\u00c4hnlicher Beitrag","link":""},"img":{"alt_text":"","src":"","width":0,"height":0},"classes":[]},{"id":216,"url":"https:\/\/ffw-bockhorn.de\/?page_id=216","url_meta":{"origin":3415,"position":1},"title":"Presse","author":"FFW Bockhorn","date":"2. November 2015","format":false,"excerpt":"Hier sammeln wir Pressemitteilungen, ausgenommen Einsatzberichte, die sich auf die Feuerwehr Bockhorn beziehen. 2026 01.04.2026 Die Feuerwehr Bockhorn verj\u00fcngt sich und plant das 150-J\u00e4hrige 22.01.2026 Spende an Jugendfeuerwehr Bockhorn und Kinderkrebshilfe e. V. 2025 23.04.2025 Feuerwehr Bockhorn: Ideen f\u00fcrs 150-J\u00e4hrige gesucht 2024 20.10.2024 111 Jugendliche legten den Feuerwehr Wissenstest erfolgreich\u2026","rel":"","context":"\u00c4hnlicher Beitrag","block_context":{"text":"\u00c4hnlicher Beitrag","link":""},"img":{"alt_text":"","src":"","width":0,"height":0},"classes":[]},{"id":43,"url":"https:\/\/ffw-bockhorn.de\/?page_id=43","url_meta":{"origin":3415,"position":2},"title":"Chronik der Feuerwehr","author":"FFW Bockhorn","date":"27. Oktober 2015","format":false,"excerpt":"Die Geschichte der Feuerwehr Bockhorn ist bis 1875 zur\u00fcckzuverfolgen. Im Jahre 1873\u00a0wurde durch das Kgl. Bezirksamt Erding die Errichtung einer Pflichtfeuerwehr angeordnet.\u00a0Zum Feuerl\u00f6schbezirk Bockhorn geh\u00f6rten Gr\u00fcnbach, Salmannskirchen und Eschlbach, die\u00a0zur gegenseitigen Hilfe verpflichtet waren. Herangezogen wurden alle m\u00e4nnlichen\u00a0Ortsbewohner zwischen dem 18. und 50. Lebensjahr. Die Mannschaften bestanden aus\u00a0Steigern, Spritzenm\u00e4nnern und\u2026","rel":"","context":"\u00c4hnlicher Beitrag","block_context":{"text":"\u00c4hnlicher Beitrag","link":""},"img":{"alt_text":"","src":"https:\/\/i0.wp.com\/ffw-bockhorn.de\/wp-content\/uploads\/2016\/01\/Chronik_FFW_2-1024x717.jpg?resize=350%2C200","width":350,"height":200,"srcset":"https:\/\/i0.wp.com\/ffw-bockhorn.de\/wp-content\/uploads\/2016\/01\/Chronik_FFW_2-1024x717.jpg?resize=350%2C200 1x, https:\/\/i0.wp.com\/ffw-bockhorn.de\/wp-content\/uploads\/2016\/01\/Chronik_FFW_2-1024x717.jpg?resize=525%2C300 1.5x, https:\/\/i0.wp.com\/ffw-bockhorn.de\/wp-content\/uploads\/2016\/01\/Chronik_FFW_2-1024x717.jpg?resize=700%2C400 2x"},"classes":[]},{"id":3291,"url":"https:\/\/ffw-bockhorn.de\/?page_id=3291","url_meta":{"origin":3415,"position":3},"title":"Respekt, Ja bitte!","author":"FFW Bockhorn","date":"30. Mai 2019","format":false,"excerpt":"https:\/\/www.youtube.com\/watch?v=K6B2arGwxb4 Werde Mitglied bei der Freiwilligen Feuerwehr Bockhorn!\u00a0 Hier gehts zur Beitrittserkl\u00e4rung Ein Video der Deutsche Feuerwehr-Gewerkschaft (DFeuG) Landesgruppe Bayern.","rel":"","context":"\u00c4hnlicher Beitrag","block_context":{"text":"\u00c4hnlicher Beitrag","link":""},"img":{"alt_text":"","src":"https:\/\/i0.wp.com\/img.youtube.com\/vi\/K6B2arGwxb4\/0.jpg?resize=350%2C200","width":350,"height":200},"classes":[]},{"id":1473,"url":"https:\/\/ffw-bockhorn.de\/?page_id=1473","url_meta":{"origin":3415,"position":4},"title":"Datenschutz","author":"FFW Bockhorn","date":"9. Januar 2016","format":false,"excerpt":"Datenschutzerkl\u00e4rung Wir freuen uns sehr \u00fcber Ihr Interesse an unserem Unternehmen. Datenschutz hat einen besonders hohen Stellenwert f\u00fcr die Gesch\u00e4ftsleitung der Freiwillige Feuerwehr Bockorn e.V.. Eine Nutzung der Internetseiten der Freiwillige Feuerwehr Bockorn e.V. ist grunds\u00e4tzlich ohne jede Angabe personenbezogener Daten m\u00f6glich. Sofern eine betroffene Person besondere Services unseres Unternehmens\u2026","rel":"","context":"\u00c4hnlicher Beitrag","block_context":{"text":"\u00c4hnlicher Beitrag","link":""},"img":{"alt_text":"","src":"","width":0,"height":0},"classes":[]},{"id":55,"url":"https:\/\/ffw-bockhorn.de\/?page_id=55","url_meta":{"origin":3415,"position":5},"title":"Drehleiter (a.D.)","author":"FFW Bockhorn","date":"27. Oktober 2015","format":false,"excerpt":"\u00a0 Dieses Fahrzeug wurde im Jahr 2002 kurz vor der Fahnenweihe der Feuerwehr Bockhorn angeschafft. Die Ausstattung war jedoch bereits bei Anschaffung \u00fcberholt. Die Mannschaft klagte \u00fcber mangelnden Platz im Fahrzeug sowohl f\u00fcr Personal als auch f\u00fcr die Ger\u00e4tschaften. Der niedrige Spritverbrauch w\u00fcrde zwar noch heute seines Gleichen suchen. Jedoch\u2026","rel":"","context":"\u00c4hnlicher Beitrag","block_context":{"text":"\u00c4hnlicher Beitrag","link":""},"img":{"alt_text":"","src":"https:\/\/i0.wp.com\/ffw-bockhorn.de\/wp-content\/uploads\/2016\/01\/Chronik_FFW_13.jpg?resize=350%2C200","width":350,"height":200,"srcset":"https:\/\/i0.wp.com\/ffw-bockhorn.de\/wp-content\/uploads\/2016\/01\/Chronik_FFW_13.jpg?resize=350%2C200 1x, https:\/\/i0.wp.com\/ffw-bockhorn.de\/wp-content\/uploads\/2016\/01\/Chronik_FFW_13.jpg?resize=525%2C300 1.5x, https:\/\/i0.wp.com\/ffw-bockhorn.de\/wp-content\/uploads\/2016\/01\/Chronik_FFW_13.jpg?resize=700%2C400 2x, https:\/\/i0.wp.com\/ffw-bockhorn.de\/wp-content\/uploads\/2016\/01\/Chronik_FFW_13.jpg?resize=1050%2C600 3x, https:\/\/i0.wp.com\/ffw-bockhorn.de\/wp-content\/uploads\/2016\/01\/Chronik_FFW_13.jpg?resize=1400%2C800 4x"},"classes":[]}],"_links":{"self":[{"href":"https:\/\/ffw-bockhorn.de\/index.php?rest_route=\/wp\/v2\/pages\/3415","targetHints":{"allow":["GET"]}}],"collection":[{"href":"https:\/\/ffw-bockhorn.de\/index.php?rest_route=\/wp\/v2\/pages"}],"about":[{"href":"https:\/\/ffw-bockhorn.de\/index.php?rest_route=\/wp\/v2\/types\/page"}],"author":[{"embeddable":true,"href":"https:\/\/ffw-bockhorn.de\/index.php?rest_route=\/wp\/v2\/users\/1"}],"replies":[{"embeddable":true,"href":"https:\/\/ffw-bockhorn.de\/index.php?rest_route=%2Fwp%2Fv2%2Fcomments&post=3415"}],"version-history":[{"count":18,"href":"https:\/\/ffw-bockhorn.de\/index.php?rest_route=\/wp\/v2\/pages\/3415\/revisions"}],"predecessor-version":[{"id":4380,"href":"https:\/\/ffw-bockhorn.de\/index.php?rest_route=\/wp\/v2\/pages\/3415\/revisions\/4380"}],"wp:attachment":[{"href":"https:\/\/ffw-bockhorn.de\/index.php?rest_route=%2Fwp%2Fv2%2Fmedia&parent=3415"}],"curies":[{"name":"wp","href":"https:\/\/api.w.org\/{rel}","templated":true}]}}