{"id":3427,"date":"2019-07-21T10:01:37","date_gmt":"2019-07-21T08:01:37","guid":{"rendered":"http:\/\/ffw-bockhorn.de\/?page_id=3427"},"modified":"2020-01-02T14:58:23","modified_gmt":"2020-01-02T13:58:23","slug":"jugendordnung","status":"publish","type":"page","link":"https:\/\/ffw-bockhorn.de\/?page_id=3427","title":{"rendered":"Jugendordnung"},"content":{"rendered":"\n<h2 class=\"wp-block-heading\">JUGENDORDNUNG f\u00fcr die Jugendgruppe  der<br> \u201eFreiwilligen Feuerwehr Bockhorn e.V.\u201c <\/h2>\n\n\n\n<p>Der Einfachheit halber wird in der Jugendordnung f\u00fcr Personen nur die m\u00e4nnliche Form verwendet. Die<br>weibliche Form ist immer miteingeschlossen.<\/p>\n\n\n\n<h2 class=\"wp-block-heading\">\u00a7 1 Die Jugendgruppe<\/h2>\n\n\n\n<p>(1) Der Jugendgruppe der Freiwilligen Feuerwehr Bockhorn e.V. (Jugendgruppe) geh\u00f6ren alle Angeh\u00f6rigen  der Freiwilligen Feuerwehr Bockhorn vom 12. bis zum vollendeten 18. Lebensjahr an.<\/p>\n\n\n\n<p> (2) Die Jugendgruppe ist Bestandteil der Freiwilligen Feuerwehr. Sie f\u00fchrt und verwaltet ihre<br> Angelegenheiten im Rahmen dieser Jugendordnung selbst\u00e4ndig. Die durch die Satzung der Freiwilligen<br> Feuerwehr Bockhorn e.V. begr\u00fcndeten Rechte und Pflichten bleiben unber\u00fchrt.<\/p>\n\n\n\n<p> (3) Die Jugendgruppe der Freiwilligen Feuerwehr Bockhorn e.V. ist mit Annahme dieser Jugendordnung<br> anerkannter Tr\u00e4ger der Jugendhilfe gem. \u00a7 3 SGB VIII (KJHG) bzw. Art. 33 Gesetz zur Ausf\u00fchrung der<br> Sozialgesetze (AGSG) Teil 7. Sie leistet Jugendarbeit im Sinne des \u00a7 11 KJHG.<\/p>\n\n\n\n<h2 class=\"wp-block-heading\">\u00a7 2 Ziele<\/h2>\n\n\n\n<p>(1) Die Jugendgruppe will in gemeinn\u00fctziger Weise die Pers\u00f6nlichkeitsbildung ihrer Mitglieder, deren<br> Entwicklung zu gesellschaftlicher Mitverantwortung und die Ausbildung zu verantwortungsbewussten<br> Feuerwehrdienstleistenden f\u00f6rdern.<\/p>\n\n\n\n<p> Dieser Zielsetzung dienen insbesondere:<\/p>\n\n\n\n<p> \u2022 F\u00f6rderung des Verantwortungsbewusstseins und des Kameradschaftsgeistes in der Gruppe und in<br>    der Freiwilligen Feuerwehr Bockhorn<br> \u2022 F\u00f6rderung des sozialen Engagements<br> \u2022 staatsb\u00fcrgerliche Begegnungen<br> \u2022 internationale Begegnungen und Jugendaustausch<br> \u2022 Gestaltung der Freizeit durch Gruppenarbeiten, Ausfl\u00fcge, Fahrten, Zeltlager u.a.<br> \u2022 Beteiligung an Sportveranstaltungen der Feuerwehren<br> \u2022 Mitgestaltung und Pflege der Traditionen der Freiwilligen Feuerwehren<br> \u2022 F\u00f6rderung der Traditionen anderer Vereine und Gruppierungen durch die Teilnahme an<br>    Festumz\u00fcgen, Prozessionen usw.<\/p>\n\n\n\n<p> (2) Die Mitglieder der Jugendgruppe gestalten ihr Gruppenleben auf der Grundlage der vorstehenden Ziele und Aufgaben selbst\u00e4ndig. F\u00fcr den Ausbildungs- und Einsatzdienst gelten die daf\u00fcr getroffenen Bestimmungen.<\/p>\n\n\n\n<h2 class=\"wp-block-heading\">\u00a7 3 Organe<\/h2>\n\n\n\n<p>(1) Organe der Jugendgruppe sind der Jugendgruppensprecher, sein Stellvertreter, der Kassenwart und die Gruppenversammlung. Die Jugendwarte und Betreuer \u00fcbernehmen bei Bedarf beratende Funktion.<\/p>\n\n\n\n<p> (2) Die Jugendgruppe trifft sich einmal j\u00e4hrlich jeweils zu Beginn des Jahres zu einer Gruppenversammlung. Dazu sind alle Mitglieder der Jugendgruppe rechtzeitig zu laden. Die Gruppenversammlung ist  beschlussf\u00e4hig, wenn die Mehrheit der Mitglieder der Jugendgruppe anwesend ist.<\/p>\n\n\n\n<p>(3) Der Jugendgruppensprecher, sein Stellvertreter und der Kassenwart werden durch die<br> Gruppenversammlung auf die Dauer eines Jahres aus dem Kreis der Mitglieder der Jugendgruppe gew\u00e4hlt. Gew\u00e4hlt ist, wer die Mehrheit der abgegebenen Stimmen auf sich vereint. Wiederwahl ist zul\u00e4ssig.<\/p>\n\n\n\n<p> (4) Sollte ein gew\u00e4hltes Organ w\u00e4hrend seiner Amtszeit sein Amt niederlegen oder ausscheiden, \u00fcbernimmt kommissarisch ein anderes gew\u00e4hltes Organ seine Aufgaben bis zur n\u00e4chsten Gruppenversammlung.<\/p>\n\n\n\n<p> (5) Der Jugendgruppensprecher, im Verhinderungsfalle sein Stellvertreter, vertritt die Belange der<br> Jugendgruppe im Rahmen der in \u00a7 2 (1) genannten Zielsetzungen und Aufgaben. Er sucht dabei die<br> Zusammenarbeit mit dem f\u00fcr den Ausbildungs- und Einsatzdienst der Feuerwehranw\u00e4rter zust\u00e4ndigen<br> Jugendwart und stimmt mit ihm die T\u00e4tigkeiten der Jugendgruppe im Verh\u00e4ltnis zum Ausbildungs- und<br> Einsatzdienst ab.<\/p>\n\n\n\n<h2 class=\"wp-block-heading\">\u00a7 4 Kasse<\/h2>\n\n\n\n<p>(1) Die Jugendgruppe f\u00fchrt eine eigene Kasse. Die Gruppenversammlung w\u00e4hlt f\u00fcr diese Aufgabe einen<br> Kassenwart.<\/p>\n\n\n\n<p> (2) In der Gruppenversammlung wird \u2013 sofern m\u00f6glich &#8211; jeweils \u00fcber die im folgenden Jahr zu erwartenden Einnahmen und Ausgaben beraten und in geeigneten F\u00e4llen Beschluss gefasst. Die regelm\u00e4\u00dfig  stattfindenden Gruppentermine (siehe \u00dcbungsplan der Jugendfeuerwehr) k\u00f6nnen f\u00fcr unterj\u00e4hrige Abstimmungen ebenfalls genutzt werden.<\/p>\n\n\n\n<p> (3) Der Kassenwart erstellt, ggf. zusammen mit dem Jugendwart, zum Jahresende einen Kassenbericht.<br> Dieser wird von zwei Kassenpr\u00fcfern gepr\u00fcft, die von der Gruppenversammlung f\u00fcr jeweils ein Jahr aus der Mitte der Jugendgruppe gew\u00e4hlt werden. Der Kassenbericht ist in der folgenden Fr\u00fchjahrsversammlung der Freiwilligen Feuerwehr Bockhorn e.V. vorzutragen, die durch Beschluss die ordnungsgem\u00e4\u00dfe Kassenf\u00fchrung zu best\u00e4tigen hat. Kassenbericht und Pr\u00fcfungsergebnis sind anschlie\u00dfend dem Vorstand der Freiwilligen Feuerwehr Bockhorn e.V. zur Kenntnis zu bringen.<\/p>\n\n\n\n<h2 class=\"wp-block-heading\">\u00a7 5 Inkrafttreten<\/h2>\n\n\n\n<p>Die Jugendordnung wurde von der Jugendgruppe der Freiwilligen Feuerwehr Bockhorn e.V. am 17.07.2019 auf der Grundlage der Muster-Jugendordnung der Freiwilligen Feuerwehren Bayerns beschlossen. Sie wurde am 17.07.2019 durch den Vorstand der Freiwilligen Feuerwehr Bockhorn e.V. best\u00e4tigt.<\/p>\n\n\n\n<p><\/p>\n\n\n\n<h3 class=\"wp-block-heading\"><a href=\"https:\/\/ffw-bockhorn.de\/?page_id=3791\">Download<\/a> der aktuellen Jugendordnung der Jugendgruppe der Freiwilligen Feuerwehr Bockhorn e.V.<\/h3>\n","protected":false},"excerpt":{"rendered":"<p>JUGENDORDNUNG f\u00fcr die Jugendgruppe der \u201eFreiwilligen Feuerwehr Bockhorn e.V.\u201c Der Einfachheit halber wird in der Jugendordnung f\u00fcr Personen nur die m\u00e4nnliche Form verwendet. Dieweibliche Form ist immer miteingeschlossen. \u00a7 1<\/p>\n","protected":false},"author":1,"featured_media":0,"parent":0,"menu_order":0,"comment_status":"closed","ping_status":"closed","template":"","meta":{"jetpack_post_was_ever_published":false,"footnotes":""},"class_list":["post-3427","page","type-page","status-publish","hentry"],"jetpack_sharing_enabled":true,"jetpack_shortlink":"https:\/\/wp.me\/P6T4yF-Th","jetpack-related-posts":[{"id":3415,"url":"https:\/\/ffw-bockhorn.de\/?page_id=3415","url_meta":{"origin":3427,"position":0},"title":"Die Jugendwarte","author":"FFW Bockhorn","date":"11. Juli 2019","format":false,"excerpt":"...der Jugendfeuerwehr Bockhorn stellen sich vor. Alle unser Jugendwarte\/innen sind ausgebildete \"Jugendleiter\/in in der Feuerwehr\" nach der Feuerwehr-Dienstvorschrift FwDV 2 \"Ausbildung der Freiwilligen Feuerwehren\".","rel":"","context":"\u00c4hnlicher Beitrag","block_context":{"text":"\u00c4hnlicher Beitrag","link":""},"img":{"alt_text":"","src":"https:\/\/i0.wp.com\/ffw-bockhorn.de\/wp-content\/uploads\/2023\/10\/Jugendwart_Bjoern.jpg?resize=350%2C200&ssl=1","width":350,"height":200,"srcset":"https:\/\/i0.wp.com\/ffw-bockhorn.de\/wp-content\/uploads\/2023\/10\/Jugendwart_Bjoern.jpg?resize=350%2C200&ssl=1 1x, https:\/\/i0.wp.com\/ffw-bockhorn.de\/wp-content\/uploads\/2023\/10\/Jugendwart_Bjoern.jpg?resize=525%2C300&ssl=1 1.5x, https:\/\/i0.wp.com\/ffw-bockhorn.de\/wp-content\/uploads\/2023\/10\/Jugendwart_Bjoern.jpg?resize=700%2C400&ssl=1 2x, https:\/\/i0.wp.com\/ffw-bockhorn.de\/wp-content\/uploads\/2023\/10\/Jugendwart_Bjoern.jpg?resize=1050%2C600&ssl=1 3x"},"classes":[]},{"id":34,"url":"https:\/\/ffw-bockhorn.de\/?page_id=34","url_meta":{"origin":3427,"position":1},"title":"Satzung","author":"FFW Bockhorn","date":"27. Oktober 2015","format":false,"excerpt":"Die Satzung wurde in der Mitgliederversammlung vom 20.05.2006 angenommen. Satzung des Vereins \"Freiwillige Feuerwehr Bockhorn e.V.\" \u00a7 1 Name, Sitz, Gesch\u00e4ftsjahr (1) Der Verein f\u00fchrt den Namen \"Freiwillige Feuerwehr Bockhorn e.V.\". Er ist in das Vereinsregister einzutragen. (2) Der Verein hat seinen Sitz in Bockhorn. (3) Gesch\u00e4ftsjahr des Vereins ist\u2026","rel":"","context":"\u00c4hnlicher Beitrag","block_context":{"text":"\u00c4hnlicher Beitrag","link":""},"img":{"alt_text":"","src":"","width":0,"height":0},"classes":[]},{"id":43,"url":"https:\/\/ffw-bockhorn.de\/?page_id=43","url_meta":{"origin":3427,"position":2},"title":"Chronik der Feuerwehr","author":"FFW Bockhorn","date":"27. Oktober 2015","format":false,"excerpt":"Die Geschichte der Feuerwehr Bockhorn ist bis 1875 zur\u00fcckzuverfolgen. Im Jahre 1873\u00a0wurde durch das Kgl. Bezirksamt Erding die Errichtung einer Pflichtfeuerwehr angeordnet.\u00a0Zum Feuerl\u00f6schbezirk Bockhorn geh\u00f6rten Gr\u00fcnbach, Salmannskirchen und Eschlbach, die\u00a0zur gegenseitigen Hilfe verpflichtet waren. Herangezogen wurden alle m\u00e4nnlichen\u00a0Ortsbewohner zwischen dem 18. und 50. Lebensjahr. Die Mannschaften bestanden aus\u00a0Steigern, Spritzenm\u00e4nnern und\u2026","rel":"","context":"\u00c4hnlicher Beitrag","block_context":{"text":"\u00c4hnlicher Beitrag","link":""},"img":{"alt_text":"","src":"https:\/\/i0.wp.com\/ffw-bockhorn.de\/wp-content\/uploads\/2016\/01\/Chronik_FFW_2-1024x717.jpg?resize=350%2C200","width":350,"height":200,"srcset":"https:\/\/i0.wp.com\/ffw-bockhorn.de\/wp-content\/uploads\/2016\/01\/Chronik_FFW_2-1024x717.jpg?resize=350%2C200 1x, https:\/\/i0.wp.com\/ffw-bockhorn.de\/wp-content\/uploads\/2016\/01\/Chronik_FFW_2-1024x717.jpg?resize=525%2C300 1.5x, https:\/\/i0.wp.com\/ffw-bockhorn.de\/wp-content\/uploads\/2016\/01\/Chronik_FFW_2-1024x717.jpg?resize=700%2C400 2x"},"classes":[]},{"id":62,"url":"https:\/\/ffw-bockhorn.de\/?page_id=62","url_meta":{"origin":3427,"position":3},"title":"Maibaum 2019","author":"FFW Bockhorn","date":"27. Oktober 2015","format":false,"excerpt":"Kontak zum Maibaumauschuss \u00fcber maibaum2019@ffw-bockhorn.de Bilder vom Maibaumaufstellen Allen Spendern ein herzliches \"vergelts`s Gott\"! Da Bam is furt... Gut verhandelt haben die Kameraden der Freiwilligen Feuerwehr Eschlbach, nachdem Sie morgens um 9 Uhr den Baum gestohlen hatten. F\u00fcr jeden gib`s a Brotzeit und 2 Ma\u00df Bier... :-) Da Bam kimmt\u2026","rel":"","context":"\u00c4hnlicher Beitrag","block_context":{"text":"\u00c4hnlicher Beitrag","link":""},"img":{"alt_text":"","src":"https:\/\/i0.wp.com\/ffw-bockhorn.de\/wp-content\/uploads\/2016\/01\/Chronik_FFW_16-3.jpg?fit=750%2C500&ssl=1&resize=350%2C200","width":350,"height":200,"srcset":"https:\/\/i0.wp.com\/ffw-bockhorn.de\/wp-content\/uploads\/2016\/01\/Chronik_FFW_16-3.jpg?fit=750%2C500&ssl=1&resize=350%2C200 1x, https:\/\/i0.wp.com\/ffw-bockhorn.de\/wp-content\/uploads\/2016\/01\/Chronik_FFW_16-3.jpg?fit=750%2C500&ssl=1&resize=525%2C300 1.5x, https:\/\/i0.wp.com\/ffw-bockhorn.de\/wp-content\/uploads\/2016\/01\/Chronik_FFW_16-3.jpg?fit=750%2C500&ssl=1&resize=700%2C400 2x"},"classes":[]},{"id":3291,"url":"https:\/\/ffw-bockhorn.de\/?page_id=3291","url_meta":{"origin":3427,"position":4},"title":"Respekt, Ja bitte!","author":"FFW Bockhorn","date":"30. Mai 2019","format":false,"excerpt":"https:\/\/www.youtube.com\/watch?v=K6B2arGwxb4 Werde Mitglied bei der Freiwilligen Feuerwehr Bockhorn!\u00a0 Hier gehts zur Beitrittserkl\u00e4rung Ein Video der Deutsche Feuerwehr-Gewerkschaft (DFeuG) Landesgruppe Bayern.","rel":"","context":"\u00c4hnlicher Beitrag","block_context":{"text":"\u00c4hnlicher Beitrag","link":""},"img":{"alt_text":"","src":"https:\/\/i0.wp.com\/img.youtube.com\/vi\/K6B2arGwxb4\/0.jpg?resize=350%2C200","width":350,"height":200},"classes":[]},{"id":3211,"url":"https:\/\/ffw-bockhorn.de\/?page_id=3211","url_meta":{"origin":3427,"position":5},"title":"2018 &#8211; nur wer dabei war, war dabei","author":"FFW Bockhorn","date":"6. Juli 2019","format":false,"excerpt":"...die Seite ist leider noch nicht ganz vollst\u00e4ndig.... :-( Wissenstest in Wartenberg Dazu gibt es auch einen Fernsehbeitrag von TV M\u00fcnchen. Jugendflamme Seit Jahresbeginn hat sich die Jugendgruppe der FF Bockhorn auf das Abzeichen \u201eJugenflamme \u2013 Stufe 1\u201c intensiv vorbereitet. Es wurden verschiedene Pr\u00fcfungen abgelegt. Der Feuerwehrnachwuchs musste unter anderem\u2026","rel":"","context":"\u00c4hnlicher Beitrag","block_context":{"text":"\u00c4hnlicher Beitrag","link":""},"img":{"alt_text":"","src":"https:\/\/i0.wp.com\/ffw-bockhorn.de\/wp-content\/uploads\/2019\/02\/IMG_20181021_062300.jpg?fit=1200%2C900&ssl=1&resize=350%2C200","width":350,"height":200,"srcset":"https:\/\/i0.wp.com\/ffw-bockhorn.de\/wp-content\/uploads\/2019\/02\/IMG_20181021_062300.jpg?fit=1200%2C900&ssl=1&resize=350%2C200 1x, https:\/\/i0.wp.com\/ffw-bockhorn.de\/wp-content\/uploads\/2019\/02\/IMG_20181021_062300.jpg?fit=1200%2C900&ssl=1&resize=525%2C300 1.5x, https:\/\/i0.wp.com\/ffw-bockhorn.de\/wp-content\/uploads\/2019\/02\/IMG_20181021_062300.jpg?fit=1200%2C900&ssl=1&resize=700%2C400 2x, https:\/\/i0.wp.com\/ffw-bockhorn.de\/wp-content\/uploads\/2019\/02\/IMG_20181021_062300.jpg?fit=1200%2C900&ssl=1&resize=1050%2C600 3x"},"classes":[]}],"_links":{"self":[{"href":"https:\/\/ffw-bockhorn.de\/index.php?rest_route=\/wp\/v2\/pages\/3427","targetHints":{"allow":["GET"]}}],"collection":[{"href":"https:\/\/ffw-bockhorn.de\/index.php?rest_route=\/wp\/v2\/pages"}],"about":[{"href":"https:\/\/ffw-bockhorn.de\/index.php?rest_route=\/wp\/v2\/types\/page"}],"author":[{"embeddable":true,"href":"https:\/\/ffw-bockhorn.de\/index.php?rest_route=\/wp\/v2\/users\/1"}],"replies":[{"embeddable":true,"href":"https:\/\/ffw-bockhorn.de\/index.php?rest_route=%2Fwp%2Fv2%2Fcomments&post=3427"}],"version-history":[{"count":13,"href":"https:\/\/ffw-bockhorn.de\/index.php?rest_route=\/wp\/v2\/pages\/3427\/revisions"}],"predecessor-version":[{"id":3820,"href":"https:\/\/ffw-bockhorn.de\/index.php?rest_route=\/wp\/v2\/pages\/3427\/revisions\/3820"}],"wp:attachment":[{"href":"https:\/\/ffw-bockhorn.de\/index.php?rest_route=%2Fwp%2Fv2%2Fmedia&parent=3427"}],"curies":[{"name":"wp","href":"https:\/\/api.w.org\/{rel}","templated":true}]}}