{"id":37,"date":"2015-10-27T21:05:32","date_gmt":"2015-10-27T21:05:32","guid":{"rendered":"http:\/\/ffw-bockhorn.de\/?page_id=37"},"modified":"2020-06-08T20:21:17","modified_gmt":"2020-06-08T18:21:17","slug":"mannschaft","status":"publish","type":"page","link":"https:\/\/ffw-bockhorn.de\/?page_id=37","title":{"rendered":"Mannschaft"},"content":{"rendered":"\n<h2 class=\"wp-block-heading\">2019<\/h2>\n\n\n\n<div class=\"wp-block-image\"><figure class=\"aligncenter size-large\"><img loading=\"lazy\" decoding=\"async\" width=\"1612\" height=\"784\" data-attachment-id=\"3891\" data-permalink=\"https:\/\/ffw-bockhorn.de\/?attachment_id=3891\" data-orig-file=\"https:\/\/i0.wp.com\/ffw-bockhorn.de\/wp-content\/uploads\/2020\/06\/201911_FFB-Mannschaft.jpg?fit=1612%2C784&amp;ssl=1\" data-orig-size=\"1612,784\" data-comments-opened=\"0\" data-image-meta=\"{&quot;aperture&quot;:&quot;0&quot;,&quot;credit&quot;:&quot;&quot;,&quot;camera&quot;:&quot;&quot;,&quot;caption&quot;:&quot;&quot;,&quot;created_timestamp&quot;:&quot;0&quot;,&quot;copyright&quot;:&quot;&quot;,&quot;focal_length&quot;:&quot;0&quot;,&quot;iso&quot;:&quot;0&quot;,&quot;shutter_speed&quot;:&quot;0&quot;,&quot;title&quot;:&quot;&quot;,&quot;orientation&quot;:&quot;0&quot;}\" data-image-title=\"201911_FFB-Mannschaft\" data-image-description=\"\" data-image-caption=\"\" data-medium-file=\"https:\/\/i0.wp.com\/ffw-bockhorn.de\/wp-content\/uploads\/2020\/06\/201911_FFB-Mannschaft.jpg?fit=300%2C146&amp;ssl=1\" data-large-file=\"https:\/\/i0.wp.com\/ffw-bockhorn.de\/wp-content\/uploads\/2020\/06\/201911_FFB-Mannschaft.jpg?fit=840%2C409&amp;ssl=1\" src=\"https:\/\/i2.wp.com\/ffw-bockhorn.de\/wp-content\/uploads\/2020\/06\/201911_FFB-Mannschaft.jpg?fit=840%2C409\" alt=\"\" class=\"wp-image-3891\" srcset=\"https:\/\/i0.wp.com\/ffw-bockhorn.de\/wp-content\/uploads\/2020\/06\/201911_FFB-Mannschaft.jpg?w=1612&amp;ssl=1 1612w, https:\/\/i0.wp.com\/ffw-bockhorn.de\/wp-content\/uploads\/2020\/06\/201911_FFB-Mannschaft.jpg?resize=300%2C146&amp;ssl=1 300w, https:\/\/i0.wp.com\/ffw-bockhorn.de\/wp-content\/uploads\/2020\/06\/201911_FFB-Mannschaft.jpg?resize=1024%2C498&amp;ssl=1 1024w, https:\/\/i0.wp.com\/ffw-bockhorn.de\/wp-content\/uploads\/2020\/06\/201911_FFB-Mannschaft.jpg?resize=768%2C374&amp;ssl=1 768w, https:\/\/i0.wp.com\/ffw-bockhorn.de\/wp-content\/uploads\/2020\/06\/201911_FFB-Mannschaft.jpg?resize=1536%2C747&amp;ssl=1 1536w\" sizes=\"auto, (max-width: 840px) 100vw, 840px\" \/><\/figure><\/div>\n\n\n\n<h2 class=\"wp-block-heading\">2002<\/h2>\n\n\n<p><img data-recalc-dims=\"1\" loading=\"lazy\" decoding=\"async\" data-attachment-id=\"1593\" data-permalink=\"https:\/\/ffw-bockhorn.de\/?attachment_id=1593\" data-orig-file=\"https:\/\/i0.wp.com\/ffw-bockhorn.de\/wp-content\/uploads\/2015\/10\/Aktive.jpg?fit=1280%2C970&amp;ssl=1\" data-orig-size=\"1280,970\" data-comments-opened=\"0\" data-image-meta=\"{&quot;aperture&quot;:&quot;0&quot;,&quot;credit&quot;:&quot;&quot;,&quot;camera&quot;:&quot;&quot;,&quot;caption&quot;:&quot;&quot;,&quot;created_timestamp&quot;:&quot;0&quot;,&quot;copyright&quot;:&quot;&quot;,&quot;focal_length&quot;:&quot;0&quot;,&quot;iso&quot;:&quot;0&quot;,&quot;shutter_speed&quot;:&quot;0&quot;,&quot;title&quot;:&quot;&quot;,&quot;orientation&quot;:&quot;0&quot;}\" data-image-title=\"Aktive\" data-image-description=\"\" data-image-caption=\"\" data-medium-file=\"https:\/\/i0.wp.com\/ffw-bockhorn.de\/wp-content\/uploads\/2015\/10\/Aktive.jpg?fit=300%2C227&amp;ssl=1\" data-large-file=\"https:\/\/i0.wp.com\/ffw-bockhorn.de\/wp-content\/uploads\/2015\/10\/Aktive.jpg?fit=840%2C637&amp;ssl=1\" class=\"size-full wp-image-1593 aligncenter\" src=\"https:\/\/i0.wp.com\/ffw-bockhorn.de\/wp-content\/uploads\/2015\/10\/Aktive.jpg?resize=840%2C637&#038;ssl=1\" alt=\"Aktive\" width=\"840\" height=\"637\" srcset=\"https:\/\/i0.wp.com\/ffw-bockhorn.de\/wp-content\/uploads\/2015\/10\/Aktive.jpg?w=1280&amp;ssl=1 1280w, https:\/\/i0.wp.com\/ffw-bockhorn.de\/wp-content\/uploads\/2015\/10\/Aktive.jpg?resize=300%2C227&amp;ssl=1 300w, https:\/\/i0.wp.com\/ffw-bockhorn.de\/wp-content\/uploads\/2015\/10\/Aktive.jpg?resize=768%2C582&amp;ssl=1 768w, https:\/\/i0.wp.com\/ffw-bockhorn.de\/wp-content\/uploads\/2015\/10\/Aktive.jpg?resize=1024%2C776&amp;ssl=1 1024w\" sizes=\"auto, (max-width: 840px) 100vw, 840px\" \/><\/p>","protected":false},"excerpt":{"rendered":"<p>2019 2002<\/p>\n","protected":false},"author":1,"featured_media":0,"parent":0,"menu_order":0,"comment_status":"closed","ping_status":"closed","template":"","meta":{"jetpack_post_was_ever_published":false,"footnotes":""},"class_list":["post-37","page","type-page","status-publish","hentry"],"jetpack_sharing_enabled":true,"jetpack_shortlink":"https:\/\/wp.me\/P6T4yF-B","jetpack-related-posts":[{"id":55,"url":"https:\/\/ffw-bockhorn.de\/?page_id=55","url_meta":{"origin":37,"position":0},"title":"Drehleiter (a.D.)","author":"FFW Bockhorn","date":"27. Oktober 2015","format":false,"excerpt":"\u00a0 Dieses Fahrzeug wurde im Jahr 2002 kurz vor der Fahnenweihe der Feuerwehr Bockhorn angeschafft. Die Ausstattung war jedoch bereits bei Anschaffung \u00fcberholt. Die Mannschaft klagte \u00fcber mangelnden Platz im Fahrzeug sowohl f\u00fcr Personal als auch f\u00fcr die Ger\u00e4tschaften. Der niedrige Spritverbrauch w\u00fcrde zwar noch heute seines Gleichen suchen. Jedoch\u2026","rel":"","context":"\u00c4hnlicher Beitrag","block_context":{"text":"\u00c4hnlicher Beitrag","link":""},"img":{"alt_text":"","src":"https:\/\/i0.wp.com\/ffw-bockhorn.de\/wp-content\/uploads\/2016\/01\/Chronik_FFW_13.jpg?resize=350%2C200","width":350,"height":200,"srcset":"https:\/\/i0.wp.com\/ffw-bockhorn.de\/wp-content\/uploads\/2016\/01\/Chronik_FFW_13.jpg?resize=350%2C200 1x, https:\/\/i0.wp.com\/ffw-bockhorn.de\/wp-content\/uploads\/2016\/01\/Chronik_FFW_13.jpg?resize=525%2C300 1.5x, https:\/\/i0.wp.com\/ffw-bockhorn.de\/wp-content\/uploads\/2016\/01\/Chronik_FFW_13.jpg?resize=700%2C400 2x, https:\/\/i0.wp.com\/ffw-bockhorn.de\/wp-content\/uploads\/2016\/01\/Chronik_FFW_13.jpg?resize=1050%2C600 3x, https:\/\/i0.wp.com\/ffw-bockhorn.de\/wp-content\/uploads\/2016\/01\/Chronik_FFW_13.jpg?resize=1400%2C800 4x"},"classes":[]},{"id":62,"url":"https:\/\/ffw-bockhorn.de\/?page_id=62","url_meta":{"origin":37,"position":1},"title":"Maibaum 2019","author":"FFW Bockhorn","date":"27. Oktober 2015","format":false,"excerpt":"Kontak zum Maibaumauschuss \u00fcber maibaum2019@ffw-bockhorn.de Bilder vom Maibaumaufstellen Allen Spendern ein herzliches \"vergelts`s Gott\"! Da Bam is furt... Gut verhandelt haben die Kameraden der Freiwilligen Feuerwehr Eschlbach, nachdem Sie morgens um 9 Uhr den Baum gestohlen hatten. F\u00fcr jeden gib`s a Brotzeit und 2 Ma\u00df Bier... :-) Da Bam kimmt\u2026","rel":"","context":"\u00c4hnlicher Beitrag","block_context":{"text":"\u00c4hnlicher Beitrag","link":""},"img":{"alt_text":"","src":"https:\/\/i0.wp.com\/ffw-bockhorn.de\/wp-content\/uploads\/2016\/01\/Chronik_FFW_16-3.jpg?fit=750%2C500&ssl=1&resize=350%2C200","width":350,"height":200,"srcset":"https:\/\/i0.wp.com\/ffw-bockhorn.de\/wp-content\/uploads\/2016\/01\/Chronik_FFW_16-3.jpg?fit=750%2C500&ssl=1&resize=350%2C200 1x, https:\/\/i0.wp.com\/ffw-bockhorn.de\/wp-content\/uploads\/2016\/01\/Chronik_FFW_16-3.jpg?fit=750%2C500&ssl=1&resize=525%2C300 1.5x, https:\/\/i0.wp.com\/ffw-bockhorn.de\/wp-content\/uploads\/2016\/01\/Chronik_FFW_16-3.jpg?fit=750%2C500&ssl=1&resize=700%2C400 2x"},"classes":[]},{"id":2378,"url":"https:\/\/ffw-bockhorn.de\/?page_id=2378","url_meta":{"origin":37,"position":2},"title":"Eins\u00e4tze 2019","author":"FFW Bockhorn","date":"31. Dezember 2018","format":false,"excerpt":"Ich m\u00f6chte auch helfen","rel":"","context":"\u00c4hnlicher Beitrag","block_context":{"text":"\u00c4hnlicher Beitrag","link":""},"img":{"alt_text":"","src":"https:\/\/i0.wp.com\/ffw-bockhorn.de\/wp-content\/uploads\/2016\/10\/Webbanner_155x55_Feuermelder.jpg?fit=610%2C217&ssl=1&resize=350%2C200","width":350,"height":200,"srcset":"https:\/\/i0.wp.com\/ffw-bockhorn.de\/wp-content\/uploads\/2016\/10\/Webbanner_155x55_Feuermelder.jpg?fit=610%2C217&ssl=1&resize=350%2C200 1x, https:\/\/i0.wp.com\/ffw-bockhorn.de\/wp-content\/uploads\/2016\/10\/Webbanner_155x55_Feuermelder.jpg?fit=610%2C217&ssl=1&resize=525%2C300 1.5x"},"classes":[]},{"id":3353,"url":"https:\/\/ffw-bockhorn.de\/?page_id=3353","url_meta":{"origin":37,"position":3},"title":"2019 &#8211; l\u00e4uft bei uns","author":"FFW Bockhorn","date":"8. Juli 2019","format":false,"excerpt":"Die neuesten Beitr\u00e4ge Aktion Ferienspass Den Kindern der Gemeinde Bockhorn wurde heute an allen 4 Feuerwehrh\u00e4usern der Gemeinde etwas gro\u00dfartiges Rund um die Feuerwehr geboten. In Bockhorn hat die Jugendfeuerwehr unter Anleitung ein Auto mit Scheere und Spreizer zerlegt. Daf\u00fcr durfte die Jugend auch in das Gewand der \"Gro\u00dfen\" schl\u00fcpfen!\u2026","rel":"","context":"\u00c4hnlicher Beitrag","block_context":{"text":"\u00c4hnlicher Beitrag","link":""},"img":{"alt_text":"","src":"https:\/\/i0.wp.com\/ffw-bockhorn.de\/wp-content\/uploads\/2019\/07\/IMG_20190317_184316.jpg?fit=1200%2C781&ssl=1&resize=350%2C200","width":350,"height":200,"srcset":"https:\/\/i0.wp.com\/ffw-bockhorn.de\/wp-content\/uploads\/2019\/07\/IMG_20190317_184316.jpg?fit=1200%2C781&ssl=1&resize=350%2C200 1x, https:\/\/i0.wp.com\/ffw-bockhorn.de\/wp-content\/uploads\/2019\/07\/IMG_20190317_184316.jpg?fit=1200%2C781&ssl=1&resize=525%2C300 1.5x, https:\/\/i0.wp.com\/ffw-bockhorn.de\/wp-content\/uploads\/2019\/07\/IMG_20190317_184316.jpg?fit=1200%2C781&ssl=1&resize=700%2C400 2x, https:\/\/i0.wp.com\/ffw-bockhorn.de\/wp-content\/uploads\/2019\/07\/IMG_20190317_184316.jpg?fit=1200%2C781&ssl=1&resize=1050%2C600 3x"},"classes":[]},{"id":1782,"url":"https:\/\/ffw-bockhorn.de\/?page_id=1782","url_meta":{"origin":37,"position":4},"title":"Mitglied werden &#8211; w\u00e4hle aus&#8230;.","author":"FFW Bockhorn","date":"21. Dezember 2016","format":false,"excerpt":"Ich bin zwischen 12 und 17 Jahre alt Wenn du dir unsicher ist, dann komm einfach mal unverbindlich vorbei und schau dir an was wir machen. Im \u00dcbungplan oder im Terminkalender siehst du wann die n\u00e4chste \u00dcbung ist. Du kannst auch den Jugendwarten auf whatsapp, instagram, snapchat oder....schreiben. Die Handynummern\u2026","rel":"","context":"\u00c4hnlicher Beitrag","block_context":{"text":"\u00c4hnlicher Beitrag","link":""},"img":{"alt_text":"","src":"","width":0,"height":0},"classes":[]},{"id":216,"url":"https:\/\/ffw-bockhorn.de\/?page_id=216","url_meta":{"origin":37,"position":5},"title":"Presse","author":"FFW Bockhorn","date":"2. November 2015","format":false,"excerpt":"Hier sammeln wir Pressemitteilungen, ausgenommen Einsatzberichte, die sich auf die Feuerwehr Bockhorn beziehen. 2026 01.04.2026 Die Feuerwehr Bockhorn verj\u00fcngt sich und plant das 150-J\u00e4hrige 22.01.2026 Spende an Jugendfeuerwehr Bockhorn und Kinderkrebshilfe e. V. 2025 23.04.2025 Feuerwehr Bockhorn: Ideen f\u00fcrs 150-J\u00e4hrige gesucht 2024 20.10.2024 111 Jugendliche legten den Feuerwehr Wissenstest erfolgreich\u2026","rel":"","context":"\u00c4hnlicher Beitrag","block_context":{"text":"\u00c4hnlicher Beitrag","link":""},"img":{"alt_text":"","src":"","width":0,"height":0},"classes":[]}],"_links":{"self":[{"href":"https:\/\/ffw-bockhorn.de\/index.php?rest_route=\/wp\/v2\/pages\/37","targetHints":{"allow":["GET"]}}],"collection":[{"href":"https:\/\/ffw-bockhorn.de\/index.php?rest_route=\/wp\/v2\/pages"}],"about":[{"href":"https:\/\/ffw-bockhorn.de\/index.php?rest_route=\/wp\/v2\/types\/page"}],"author":[{"embeddable":true,"href":"https:\/\/ffw-bockhorn.de\/index.php?rest_route=\/wp\/v2\/users\/1"}],"replies":[{"embeddable":true,"href":"https:\/\/ffw-bockhorn.de\/index.php?rest_route=%2Fwp%2Fv2%2Fcomments&post=37"}],"version-history":[{"count":4,"href":"https:\/\/ffw-bockhorn.de\/index.php?rest_route=\/wp\/v2\/pages\/37\/revisions"}],"predecessor-version":[{"id":3893,"href":"https:\/\/ffw-bockhorn.de\/index.php?rest_route=\/wp\/v2\/pages\/37\/revisions\/3893"}],"wp:attachment":[{"href":"https:\/\/ffw-bockhorn.de\/index.php?rest_route=%2Fwp%2Fv2%2Fmedia&parent=37"}],"curies":[{"name":"wp","href":"https:\/\/api.w.org\/{rel}","templated":true}]}}