{"id":3754,"date":"2019-12-21T06:42:11","date_gmt":"2019-12-21T05:42:11","guid":{"rendered":"http:\/\/ffw-bockhorn.de\/?page_id=3754"},"modified":"2020-01-02T15:02:31","modified_gmt":"2020-01-02T14:02:31","slug":"einsaetze-2020","status":"publish","type":"page","link":"https:\/\/ffw-bockhorn.de\/?page_id=3754","title":{"rendered":"Eins\u00e4tze 2020"},"content":{"rendered":"\n<p> <\/p>\n\n\n\n<div class=\"wp-block-button\"><a class=\"wp-block-button__link\" href=\"https:\/\/ffw-bockhorn.de\/?page_id=3794\"> Ich m\u00f6chte auch helfen <\/a><\/div>\n\n\n\n<p>  <\/p>\n\n\n\n\n<table id=\"tablepress-21\" class=\"tablepress tablepress-id-21\">\n<thead>\n<tr class=\"row-1\">\n\t<th class=\"column-1\">Nr.<\/th><th class=\"column-2\">Datum<\/th><th class=\"column-3\">Beschreibung<\/th><th class=\"column-4\">Ort<\/th><th class=\"column-5\">Bericht<\/th>\n<\/tr>\n<\/thead>\n<tbody class=\"row-striping row-hover\">\n<tr class=\"row-2\">\n\t<td class=\"column-1\">17<\/td><td class=\"column-2\">08.11.<\/td><td class=\"column-3\">Verkehrsunfall<\/td><td class=\"column-4\">B388, Kreuth\u00e4usl<\/td><td class=\"column-5\"><a href=\"https:\/\/www.merkur.de\/lokales\/erding\/bockhorn-ort377212\/polizei-erding-unfall-auf-b388-links-abgebogen-drei-verletzte-13932513.html\" rel=\"noopener noreferrer\" target=\"_blank\">Merkur<\/a><br \/>\n<a href=\"https:\/\/einsatzfotos-online.de\/?einsatz=unfall-auf-der-b-388-fordert-drei-verletzte\" rel=\"noopener noreferrer\" target=\"_blank\">Einsatzfotos-Online<\/a><\/td>\n<\/tr>\n<tr class=\"row-3\">\n\t<td class=\"column-1\">16<\/td><td class=\"column-2\">14.10.<\/td><td class=\"column-3\">PKW-\u00dcberschlag<\/td><td class=\"column-4\">Oppolding<\/td><td class=\"column-5\"><a href=\"https:\/\/www.merkur.de\/lokales\/erding\/bockhorn-ort377212\/bmw-ueberschlaegt-sich-bei-ueberholmanoever-in-gruenbach-strasse-verschmutzt-vier-verletzte-13920012.html\" rel=\"noopener noreferrer\" target=\"_blank\">Merkur<\/a><br \/>\n<a href=\"https:\/\/einsatzfotos-online.de\/?einsatz=verschmutzte-fahrbahn-ueberholmanoever-forder-vier-verletzte\" rel=\"noopener noreferrer\" target=\"_blank\">Einsatzfotos-Online<\/a><\/td>\n<\/tr>\n<tr class=\"row-4\">\n\t<td class=\"column-1\">15<\/td><td class=\"column-2\">05.10.<\/td><td class=\"column-3\">BMA- Fehlalarm<\/td><td class=\"column-4\">Unterstrogn<\/td><td class=\"column-5\"><\/td>\n<\/tr>\n<tr class=\"row-5\">\n\t<td class=\"column-1\">14<\/td><td class=\"column-2\">03.10.<\/td><td class=\"column-3\">Baum auf Stra\u00dfe<\/td><td class=\"column-4\">Riedersheim<\/td><td class=\"column-5\"><\/td>\n<\/tr>\n<tr class=\"row-6\">\n\t<td class=\"column-1\">13<\/td><td class=\"column-2\">28.09.<\/td><td class=\"column-3\">Verkehrsunfall<\/td><td class=\"column-4\">B388, Unterstrogn<\/td><td class=\"column-5\"><a href=\"https:\/\/www.ed-live.de\/nachrichten_details?id=121633\" rel=\"noopener noreferrer\" target=\"_blank\">ED-Live<\/a><br \/>\n<a href=\"https:\/\/www.merkur.de\/lokales\/erding\/bockhorn-ort377212\/polizei-unfall-b388-unterstrogn-erding-taufkirchen-sportwagen-schleudert-in-vw-golf-13909516.html\" rel=\"noopener noreferrer\" target=\"_blank\">Merkur<\/a><br \/>\n<\/td>\n<\/tr>\n<tr class=\"row-7\">\n\t<td class=\"column-1\">12<\/td><td class=\"column-2\">11.09<\/td><td class=\"column-3\">Umgefahrender Telefonmast<\/td><td class=\"column-4\">Aurlfing<\/td><td class=\"column-5\"><\/td>\n<\/tr>\n<tr class=\"row-8\">\n\t<td class=\"column-1\">11<\/td><td class=\"column-2\">16.08.<\/td><td class=\"column-3\">Verkehrslenkung nach VU<\/td><td class=\"column-4\">B388, Hecken<\/td><td class=\"column-5\"><\/td>\n<\/tr>\n<tr class=\"row-9\">\n\t<td class=\"column-1\">10<\/td><td class=\"column-2\">10.08.<\/td><td class=\"column-3\">BMA - Fehlalarm<\/td><td class=\"column-4\">Unterstrogn<\/td><td class=\"column-5\"><\/td>\n<\/tr>\n<tr class=\"row-10\">\n\t<td class=\"column-1\">9<\/td><td class=\"column-2\">14.07.<\/td><td class=\"column-3\">\u00d6lspur<\/td><td class=\"column-4\"><\/td><td class=\"column-5\"><\/td>\n<\/tr>\n<tr class=\"row-11\">\n\t<td class=\"column-1\">8<\/td><td class=\"column-2\">03.07.<\/td><td class=\"column-3\">PKW-\u00dcberschlag<\/td><td class=\"column-4\">B388, Unterstrogn<\/td><td class=\"column-5\"><\/td>\n<\/tr>\n<tr class=\"row-12\">\n\t<td class=\"column-1\">7<\/td><td class=\"column-2\">30.06.<\/td><td class=\"column-3\">Hubschrauberlandung<\/td><td class=\"column-4\">Kirchasch<\/td><td class=\"column-5\"><\/td>\n<\/tr>\n<tr class=\"row-13\">\n\t<td class=\"column-1\">6<\/td><td class=\"column-2\">03.06.<\/td><td class=\"column-3\">Verunreinigte Stra\u00dfe<\/td><td class=\"column-4\">B388, Unterstrogn<\/td><td class=\"column-5\"><\/td>\n<\/tr>\n<tr class=\"row-14\">\n\t<td class=\"column-1\">5<\/td><td class=\"column-2\">KW13<\/td><td class=\"column-3\">Unterst\u00fctzung bei Hilfskrankenhaus im Camp Shelterschleife<\/td><td class=\"column-4\">Fliegerhorst Erding<\/td><td class=\"column-5\"><a href=\"https:\/\/www.ed-live.de\/nachrichten_details?id=114964\" rel=\"noopener noreferrer\" target=\"_blank\">ED-Live<\/a><br \/>\n<a href=\"https:\/\/www.merkur.de\/lokales\/erding\/dorfen-ort28598\/coronavirus-erding-ausbreitung-infizierte-news-und-infos-im-ticker-live-13605939.html\" rel=\"noopener noreferrer\" target=\"_blank\">Merkur<\/a><br \/>\n<br \/>\n<\/td>\n<\/tr>\n<tr class=\"row-15\">\n\t<td class=\"column-1\">4<\/td><td class=\"column-2\">27.02.<\/td><td class=\"column-3\">Baum auf Stra\u00dfe<\/td><td class=\"column-4\">St. 2084, Neumauggen<\/td><td class=\"column-5\"><\/td>\n<\/tr>\n<tr class=\"row-16\">\n\t<td class=\"column-1\">3<\/td><td class=\"column-2\">10.02.<\/td><td class=\"column-3\">Angeordnete Einsatzbereitschaft und verschiedene Unwettereins\u00e4tze<\/td><td class=\"column-4\">Gemeinde Bockhorn<\/td><td class=\"column-5\"><a href=\"https:\/\/www.merkur.de\/lokales\/erding\/erding-ort28651\/erding-sturm-sabine-646-anrufe-rettungsleitstelle-vier-autos-von-baeumen-getroffen-13532294.html\" rel=\"noopener noreferrer\" target=\"_blank\">Merkur<\/a><br \/>\n<\/td>\n<\/tr>\n<tr class=\"row-17\">\n\t<td class=\"column-1\">2<\/td><td class=\"column-2\">04.02.<\/td><td class=\"column-3\">Unwettereinsatz<\/td><td class=\"column-4\">Heckener Holz<\/td><td class=\"column-5\"><\/td>\n<\/tr>\n<tr class=\"row-18\">\n\t<td class=\"column-1\">1<\/td><td class=\"column-2\">28.01.<\/td><td class=\"column-3\">Baum auf Stra\u00dfe<\/td><td class=\"column-4\">B388, Hecken<\/td><td class=\"column-5\"><\/td>\n<\/tr>\n<\/tbody>\n<\/table>\n\n","protected":false},"excerpt":{"rendered":"","protected":false},"author":1,"featured_media":1725,"parent":0,"menu_order":0,"comment_status":"closed","ping_status":"closed","template":"","meta":{"jetpack_post_was_ever_published":false,"footnotes":""},"class_list":["post-3754","page","type-page","status-publish","has-post-thumbnail","hentry"],"jetpack_sharing_enabled":true,"jetpack_shortlink":"https:\/\/wp.me\/P6T4yF-Yy","jetpack-related-posts":[{"id":2378,"url":"https:\/\/ffw-bockhorn.de\/?page_id=2378","url_meta":{"origin":3754,"position":0},"title":"Eins\u00e4tze 2019","author":"FFW Bockhorn","date":"31. Dezember 2018","format":false,"excerpt":"Ich m\u00f6chte auch helfen","rel":"","context":"\u00c4hnlicher Beitrag","block_context":{"text":"\u00c4hnlicher Beitrag","link":""},"img":{"alt_text":"","src":"https:\/\/i0.wp.com\/ffw-bockhorn.de\/wp-content\/uploads\/2016\/10\/Webbanner_155x55_Feuermelder.jpg?fit=610%2C217&ssl=1&resize=350%2C200","width":350,"height":200,"srcset":"https:\/\/i0.wp.com\/ffw-bockhorn.de\/wp-content\/uploads\/2016\/10\/Webbanner_155x55_Feuermelder.jpg?fit=610%2C217&ssl=1&resize=350%2C200 1x, https:\/\/i0.wp.com\/ffw-bockhorn.de\/wp-content\/uploads\/2016\/10\/Webbanner_155x55_Feuermelder.jpg?fit=610%2C217&ssl=1&resize=525%2C300 1.5x"},"classes":[]},{"id":3945,"url":"https:\/\/ffw-bockhorn.de\/?page_id=3945","url_meta":{"origin":3754,"position":1},"title":"Eins\u00e4tze 2021","author":"FFW Bockhorn","date":"31. Dezember 2020","format":false,"excerpt":"Ich m\u00f6chte auch helfen","rel":"","context":"\u00c4hnlicher Beitrag","block_context":{"text":"\u00c4hnlicher Beitrag","link":""},"img":{"alt_text":"","src":"","width":0,"height":0},"classes":[]},{"id":4106,"url":"https:\/\/ffw-bockhorn.de\/?page_id=4106","url_meta":{"origin":3754,"position":2},"title":"Eins\u00e4tze 2022","author":"FFW Bockhorn","date":"2. Januar 2022","format":false,"excerpt":"Ich m\u00f6chte auch helfen","rel":"","context":"\u00c4hnlicher Beitrag","block_context":{"text":"\u00c4hnlicher Beitrag","link":""},"img":{"alt_text":"","src":"https:\/\/i0.wp.com\/ffw-bockhorn.de\/wp-content\/uploads\/2016\/10\/Webbanner_155x55_Handy.jpg?fit=610%2C217&ssl=1&resize=350%2C200","width":350,"height":200,"srcset":"https:\/\/i0.wp.com\/ffw-bockhorn.de\/wp-content\/uploads\/2016\/10\/Webbanner_155x55_Handy.jpg?fit=610%2C217&ssl=1&resize=350%2C200 1x, https:\/\/i0.wp.com\/ffw-bockhorn.de\/wp-content\/uploads\/2016\/10\/Webbanner_155x55_Handy.jpg?fit=610%2C217&ssl=1&resize=525%2C300 1.5x"},"classes":[]},{"id":4451,"url":"https:\/\/ffw-bockhorn.de\/?page_id=4451","url_meta":{"origin":3754,"position":3},"title":"Eins\u00e4tze 2024","author":"FFW Bockhorn","date":"30. M\u00e4rz 2024","format":false,"excerpt":"Ich m\u00f6chte auch helfen","rel":"","context":"\u00c4hnlicher Beitrag","block_context":{"text":"\u00c4hnlicher Beitrag","link":""},"img":{"alt_text":"","src":"https:\/\/i0.wp.com\/ffw-bockhorn.de\/wp-content\/uploads\/2016\/10\/Webbanner_155x55_Handy.jpg?resize=350%2C200&ssl=1","width":350,"height":200,"srcset":"https:\/\/i0.wp.com\/ffw-bockhorn.de\/wp-content\/uploads\/2016\/10\/Webbanner_155x55_Handy.jpg?resize=350%2C200&ssl=1 1x, https:\/\/i0.wp.com\/ffw-bockhorn.de\/wp-content\/uploads\/2016\/10\/Webbanner_155x55_Handy.jpg?resize=525%2C300&ssl=1 1.5x"},"classes":[]},{"id":4551,"url":"https:\/\/ffw-bockhorn.de\/?page_id=4551","url_meta":{"origin":3754,"position":4},"title":"Eins\u00e4tze 2025","author":"FFW Bockhorn","date":"16. M\u00e4rz 2025","format":false,"excerpt":"Ich m\u00f6chte auch helfen","rel":"","context":"\u00c4hnlicher Beitrag","block_context":{"text":"\u00c4hnlicher Beitrag","link":""},"img":{"alt_text":"","src":"https:\/\/i0.wp.com\/ffw-bockhorn.de\/wp-content\/uploads\/2016\/10\/Webbanner_155x55_Hydrant.jpg?resize=350%2C200&ssl=1","width":350,"height":200,"srcset":"https:\/\/i0.wp.com\/ffw-bockhorn.de\/wp-content\/uploads\/2016\/10\/Webbanner_155x55_Hydrant.jpg?resize=350%2C200&ssl=1 1x, https:\/\/i0.wp.com\/ffw-bockhorn.de\/wp-content\/uploads\/2016\/10\/Webbanner_155x55_Hydrant.jpg?resize=525%2C300&ssl=1 1.5x"},"classes":[]},{"id":4674,"url":"https:\/\/ffw-bockhorn.de\/?page_id=4674","url_meta":{"origin":3754,"position":5},"title":"Eins\u00e4tze 2026","author":"FFW Bockhorn","date":"6. April 2026","format":false,"excerpt":"Ich m\u00f6chte auch helfen","rel":"","context":"\u00c4hnlicher Beitrag","block_context":{"text":"\u00c4hnlicher Beitrag","link":""},"img":{"alt_text":"","src":"https:\/\/i0.wp.com\/ffw-bockhorn.de\/wp-content\/uploads\/2016\/10\/Webbanner_155x55_Flammen.jpg?resize=350%2C200&ssl=1","width":350,"height":200,"srcset":"https:\/\/i0.wp.com\/ffw-bockhorn.de\/wp-content\/uploads\/2016\/10\/Webbanner_155x55_Flammen.jpg?resize=350%2C200&ssl=1 1x, https:\/\/i0.wp.com\/ffw-bockhorn.de\/wp-content\/uploads\/2016\/10\/Webbanner_155x55_Flammen.jpg?resize=525%2C300&ssl=1 1.5x"},"classes":[]}],"_links":{"self":[{"href":"https:\/\/ffw-bockhorn.de\/index.php?rest_route=\/wp\/v2\/pages\/3754","targetHints":{"allow":["GET"]}}],"collection":[{"href":"https:\/\/ffw-bockhorn.de\/index.php?rest_route=\/wp\/v2\/pages"}],"about":[{"href":"https:\/\/ffw-bockhorn.de\/index.php?rest_route=\/wp\/v2\/types\/page"}],"author":[{"embeddable":true,"href":"https:\/\/ffw-bockhorn.de\/index.php?rest_route=\/wp\/v2\/users\/1"}],"replies":[{"embeddable":true,"href":"https:\/\/ffw-bockhorn.de\/index.php?rest_route=%2Fwp%2Fv2%2Fcomments&post=3754"}],"version-history":[{"count":8,"href":"https:\/\/ffw-bockhorn.de\/index.php?rest_route=\/wp\/v2\/pages\/3754\/revisions"}],"predecessor-version":[{"id":3946,"href":"https:\/\/ffw-bockhorn.de\/index.php?rest_route=\/wp\/v2\/pages\/3754\/revisions\/3946"}],"wp:featuredmedia":[{"embeddable":true,"href":"https:\/\/ffw-bockhorn.de\/index.php?rest_route=\/wp\/v2\/media\/1725"}],"wp:attachment":[{"href":"https:\/\/ffw-bockhorn.de\/index.php?rest_route=%2Fwp%2Fv2%2Fmedia&parent=3754"}],"curies":[{"name":"wp","href":"https:\/\/api.w.org\/{rel}","templated":true}]}}