{"id":3791,"date":"2020-01-02T14:23:38","date_gmt":"2020-01-02T13:23:38","guid":{"rendered":"http:\/\/ffw-bockhorn.de\/?page_id=3791"},"modified":"2025-11-15T08:20:04","modified_gmt":"2025-11-15T07:20:04","slug":"mitglied-12-bis-17","status":"publish","type":"page","link":"https:\/\/ffw-bockhorn.de\/?page_id=3791","title":{"rendered":"Mitglied bei der Jugendfeuerwehr"},"content":{"rendered":"\n<h2 class=\"wp-block-heading\" id=\"du-bist-zwischen-12-und-17-jahre-alt\">Du bist zwischen 12 und 17 Jahre alt<\/h2>\n\n\n\n<p>Wenn du dir unsicher ist, dann komm einfach mal unverbindlich vorbei und <strong>schau dir an was wir machen<\/strong>. Im \u00dcbungplan oder im Terminkalender siehst du wann die n\u00e4chste \u00dcbung ist. Du kannst auch  den Jugendwarten auf whatsapp, instagram, snapchat oder&#8230;.schreiben. Die Handynummern findest du im \u00dcbungsplan.<\/p>\n\n\n\n<div class=\"wp-block-file\"><a id=\"wp-block-file--media-7adda8e3-715c-46c3-8a04-bc8a9b4a0db0\" href=\"https:\/\/ffw-bockhorn.de\/wp-content\/uploads\/2025\/04\/FF_Bockhorn_Kalender_2025_V3.pdf\" target=\"_blank\" rel=\"noreferrer noopener\">\u00dcbungsplan_2025<\/a><a href=\"https:\/\/ffw-bockhorn.de\/wp-content\/uploads\/2025\/04\/FF_Bockhorn_Kalender_2025_V3.pdf\" class=\"wp-block-file__button wp-element-button\" download aria-describedby=\"wp-block-file--media-7adda8e3-715c-46c3-8a04-bc8a9b4a0db0\">Herunterladen<\/a><\/div>\n\n\n\n<p>Wenn du dich bereits entschieden hast, lass den Mitgliedsantrag von deinen Eltern unterschreiben und bring ihn zur n\u00e4chsten \u00dcbung mit. <\/p>\n\n\n\n<div class=\"wp-block-file\"><a id=\"wp-block-file--media-9c783215-eb06-422f-81c5-4cbe33efb470\" href=\"https:\/\/ffw-bockhorn.de\/wp-content\/uploads\/2025\/11\/Aufnahmeantrag_JF_Bockhorn_2026_V1.pdf\" target=\"_blank\" rel=\"noreferrer noopener\">Aufnahmeantrag_JF_Bockhorn_2026_V1<\/a><a href=\"https:\/\/ffw-bockhorn.de\/wp-content\/uploads\/2025\/11\/Aufnahmeantrag_JF_Bockhorn_2026_V1.pdf\" class=\"wp-block-file__button wp-element-button\" download aria-describedby=\"wp-block-file--media-9c783215-eb06-422f-81c5-4cbe33efb470\">Herunterladen<\/a><\/div>\n\n\n\n<p>\u00dcbrigens: Ehrenamt ist <strong>wichtig<\/strong>! Deswegen ist deine Mitgliedschat in der Jugendfeuerwehr <strong>kostenlos<\/strong>!<\/p>\n\n\n\n<div class=\"wp-block-file\"><a id=\"wp-block-file--media-64e4c211-dcc2-48dc-83fc-b4729456e0eb\" href=\"https:\/\/ffw-bockhorn.de\/wp-content\/uploads\/2019\/07\/Jugendordnung_FF-Bockhorn.pdf\" target=\"_blank\" rel=\"noreferrer noopener\">Jugendordnung_FF-Bockhorn<\/a><a href=\"https:\/\/ffw-bockhorn.de\/wp-content\/uploads\/2019\/07\/Jugendordnung_FF-Bockhorn.pdf\" class=\"wp-block-file__button wp-element-button\" download aria-describedby=\"wp-block-file--media-64e4c211-dcc2-48dc-83fc-b4729456e0eb\">Herunterladen<\/a><\/div>\n\n\n\n<p><\/p>\n\n\n\n<div class=\"wp-block-button is-style-outline is-style-outline--1\"><a class=\"wp-block-button__link has-black-color has-light-gray-background-color has-text-color has-background wp-element-button\" href=\"https:\/\/ffw-bockhorn.de\/?page_id=3780\">Zur\u00fcck zur \u00dcbersicht<\/a><\/div>\n","protected":false},"excerpt":{"rendered":"<p>Du bist zwischen 12 und 17 Jahre alt Wenn du dir unsicher ist, dann komm einfach mal unverbindlich vorbei und schau dir an was wir machen. Im \u00dcbungplan oder im<\/p>\n","protected":false},"author":1,"featured_media":0,"parent":0,"menu_order":0,"comment_status":"closed","ping_status":"closed","template":"","meta":{"jetpack_post_was_ever_published":false,"footnotes":""},"class_list":["post-3791","page","type-page","status-publish","hentry"],"jetpack_sharing_enabled":true,"jetpack_shortlink":"https:\/\/wp.me\/P6T4yF-Z9","jetpack-related-posts":[{"id":1782,"url":"https:\/\/ffw-bockhorn.de\/?page_id=1782","url_meta":{"origin":3791,"position":0},"title":"Mitglied werden &#8211; w\u00e4hle aus&#8230;.","author":"FFW Bockhorn","date":"21. Dezember 2016","format":false,"excerpt":"Ich bin zwischen 12 und 17 Jahre alt Wenn du dir unsicher ist, dann komm einfach mal unverbindlich vorbei und schau dir an was wir machen. Im \u00dcbungplan oder im Terminkalender siehst du wann die n\u00e4chste \u00dcbung ist. Du kannst auch den Jugendwarten auf whatsapp, instagram, snapchat oder....schreiben. Die Handynummern\u2026","rel":"","context":"\u00c4hnlicher Beitrag","block_context":{"text":"\u00c4hnlicher Beitrag","link":""},"img":{"alt_text":"","src":"","width":0,"height":0},"classes":[]},{"id":2526,"url":"https:\/\/ffw-bockhorn.de\/?page_id=2526","url_meta":{"origin":3791,"position":1},"title":"2017 &#8211; Unser erstes Jahr","author":"FFW Bockhorn","date":"5. Februar 2019","format":false,"excerpt":"Im Jahr 2017 wurde die Jugendfeuerwehr Bockhorn gegr\u00fcndet. Willst du wissen was wir im ersten Jahr erlebt haben? Dann schau`s dir an! Ich m\u00f6chte auch dabei sein Erste Hilfe Unter Anleitung der Kollegen aus Gr\u00fcnbach lernten die Jungs und M\u00e4dchen Basics wie die stabile Seitenlage und die richtige Wiederbelebung. Auch\u2026","rel":"","context":"\u00c4hnlicher Beitrag","block_context":{"text":"\u00c4hnlicher Beitrag","link":""},"img":{"alt_text":"","src":"https:\/\/i0.wp.com\/ffw-bockhorn.de\/wp-content\/uploads\/2019\/02\/JF_2017_056.jpg?fit=1200%2C900&ssl=1&resize=350%2C200","width":350,"height":200,"srcset":"https:\/\/i0.wp.com\/ffw-bockhorn.de\/wp-content\/uploads\/2019\/02\/JF_2017_056.jpg?fit=1200%2C900&ssl=1&resize=350%2C200 1x, https:\/\/i0.wp.com\/ffw-bockhorn.de\/wp-content\/uploads\/2019\/02\/JF_2017_056.jpg?fit=1200%2C900&ssl=1&resize=525%2C300 1.5x, https:\/\/i0.wp.com\/ffw-bockhorn.de\/wp-content\/uploads\/2019\/02\/JF_2017_056.jpg?fit=1200%2C900&ssl=1&resize=700%2C400 2x, https:\/\/i0.wp.com\/ffw-bockhorn.de\/wp-content\/uploads\/2019\/02\/JF_2017_056.jpg?fit=1200%2C900&ssl=1&resize=1050%2C600 3x"},"classes":[]},{"id":3794,"url":"https:\/\/ffw-bockhorn.de\/?page_id=3794","url_meta":{"origin":3791,"position":2},"title":"Mitglied im aktiven Feuerwehrdienst","author":"FFW Bockhorn","date":"2. Januar 2020","format":false,"excerpt":"Du m\u00f6chtest aktiv helfen und bist mind 18 Jahre alt Bitte w\u00e4hle im Mitgliedsantrag mind. \"aktives Mitglied\" aus. Mitgliedschaft FW_Beitrittserkl\u00e4rungHerunterladen \u00dcbungsplan_2025Herunterladen Bei zus\u00e4tzlicher Mitgliedschaft im Verein, schau dir auch die Vereinssatzung an. VereinssatzungHerunterladen Zur\u00fcck zur \u00dcbersicht","rel":"","context":"\u00c4hnlicher Beitrag","block_context":{"text":"\u00c4hnlicher Beitrag","link":""},"img":{"alt_text":"","src":"","width":0,"height":0},"classes":[]},{"id":1473,"url":"https:\/\/ffw-bockhorn.de\/?page_id=1473","url_meta":{"origin":3791,"position":3},"title":"Datenschutz","author":"FFW Bockhorn","date":"9. Januar 2016","format":false,"excerpt":"Datenschutzerkl\u00e4rung Wir freuen uns sehr \u00fcber Ihr Interesse an unserem Unternehmen. Datenschutz hat einen besonders hohen Stellenwert f\u00fcr die Gesch\u00e4ftsleitung der Freiwillige Feuerwehr Bockorn e.V.. Eine Nutzung der Internetseiten der Freiwillige Feuerwehr Bockorn e.V. ist grunds\u00e4tzlich ohne jede Angabe personenbezogener Daten m\u00f6glich. Sofern eine betroffene Person besondere Services unseres Unternehmens\u2026","rel":"","context":"\u00c4hnlicher Beitrag","block_context":{"text":"\u00c4hnlicher Beitrag","link":""},"img":{"alt_text":"","src":"","width":0,"height":0},"classes":[]},{"id":34,"url":"https:\/\/ffw-bockhorn.de\/?page_id=34","url_meta":{"origin":3791,"position":4},"title":"Satzung","author":"FFW Bockhorn","date":"27. Oktober 2015","format":false,"excerpt":"Die Satzung wurde in der Mitgliederversammlung vom 20.05.2006 angenommen. Satzung des Vereins \"Freiwillige Feuerwehr Bockhorn e.V.\" \u00a7 1 Name, Sitz, Gesch\u00e4ftsjahr (1) Der Verein f\u00fchrt den Namen \"Freiwillige Feuerwehr Bockhorn e.V.\". Er ist in das Vereinsregister einzutragen. (2) Der Verein hat seinen Sitz in Bockhorn. (3) Gesch\u00e4ftsjahr des Vereins ist\u2026","rel":"","context":"\u00c4hnlicher Beitrag","block_context":{"text":"\u00c4hnlicher Beitrag","link":""},"img":{"alt_text":"","src":"","width":0,"height":0},"classes":[]},{"id":49,"url":"https:\/\/ffw-bockhorn.de\/?page_id=49","url_meta":{"origin":3791,"position":5},"title":"Datenschutz alt","author":"FFW Bockhorn","date":"27. Oktober 2015","format":false,"excerpt":"Datenschutzerkl\u00e4rung Diese Datenschutzerkl\u00e4rung erl\u00e4utert wie wir pers\u00f6nliche Daten erheben, verarbeiten und nutzen. Ferner erkl\u00e4rt diese Datenschutzerkl\u00e4rung, wie Sie auf die Erhebung, Verarbeitung und Nutzung Ihrer pers\u00f6nlichen Daten Einfluss nehmen k\u00f6nnen. Wenn Sie im Rahmen Ihrer erstmaligen Registrierung auf unserer Web-Site ein entsprechend gekennzeichnetes K\u00e4stchen ankreuzen oder die Felder \"Weiter\", \"Einverstanden\",\u2026","rel":"","context":"\u00c4hnlicher Beitrag","block_context":{"text":"\u00c4hnlicher Beitrag","link":""},"img":{"alt_text":"","src":"","width":0,"height":0},"classes":[]}],"_links":{"self":[{"href":"https:\/\/ffw-bockhorn.de\/index.php?rest_route=\/wp\/v2\/pages\/3791","targetHints":{"allow":["GET"]}}],"collection":[{"href":"https:\/\/ffw-bockhorn.de\/index.php?rest_route=\/wp\/v2\/pages"}],"about":[{"href":"https:\/\/ffw-bockhorn.de\/index.php?rest_route=\/wp\/v2\/types\/page"}],"author":[{"embeddable":true,"href":"https:\/\/ffw-bockhorn.de\/index.php?rest_route=\/wp\/v2\/users\/1"}],"replies":[{"embeddable":true,"href":"https:\/\/ffw-bockhorn.de\/index.php?rest_route=%2Fwp%2Fv2%2Fcomments&post=3791"}],"version-history":[{"count":19,"href":"https:\/\/ffw-bockhorn.de\/index.php?rest_route=\/wp\/v2\/pages\/3791\/revisions"}],"predecessor-version":[{"id":4619,"href":"https:\/\/ffw-bockhorn.de\/index.php?rest_route=\/wp\/v2\/pages\/3791\/revisions\/4619"}],"wp:attachment":[{"href":"https:\/\/ffw-bockhorn.de\/index.php?rest_route=%2Fwp%2Fv2%2Fmedia&parent=3791"}],"curies":[{"name":"wp","href":"https:\/\/api.w.org\/{rel}","templated":true}]}}