{"id":3797,"date":"2020-01-02T14:25:40","date_gmt":"2020-01-02T13:25:40","guid":{"rendered":"http:\/\/ffw-bockhorn.de\/?page_id=3797"},"modified":"2025-11-21T20:57:34","modified_gmt":"2025-11-21T19:57:34","slug":"mitglied-passiv","status":"publish","type":"page","link":"https:\/\/ffw-bockhorn.de\/?page_id=3797","title":{"rendered":"Mitglied Passiv"},"content":{"rendered":"\n<h2 class=\"wp-block-heading\">Ich m\u00f6chte euch f\u00f6rdern und nur dem Feuerwehr-Verein beitreten<\/h2>\n\n\n\n<p>Bitte w\u00e4hle im Mitgliedsantrag  &#8222;Vereinsmitglied&#8220; aus.  <\/p>\n\n\n\n<div class=\"wp-block-file\"><a id=\"wp-block-file--media-884efd23-f67d-4a68-882b-df05ed512102\" href=\"https:\/\/ffw-bockhorn.de\/wp-content\/uploads\/2025\/11\/Mitgliedschaft-FW_Beitrittserklaerung_2025.pdf\" target=\"_blank\" rel=\"noreferrer noopener\">Mitgliedschaft FW_Beitrittserkl\u00e4rung<\/a><a href=\"https:\/\/ffw-bockhorn.de\/wp-content\/uploads\/2025\/11\/Mitgliedschaft-FW_Beitrittserklaerung_2025.pdf\" class=\"wp-block-file__button wp-element-button\" download aria-describedby=\"wp-block-file--media-884efd23-f67d-4a68-882b-df05ed512102\">Herunterladen<\/a><\/div>\n\n\n\n<div class=\"wp-block-file\"><a id=\"wp-block-file--media-fdb4b695-4119-435a-8727-53f36634c02f\" href=\"https:\/\/ffw-bockhorn.de\/wp-content\/uploads\/2025\/11\/Mitgliedschaft-FW_Satzung-20230512.pdf\" target=\"_blank\" rel=\"noreferrer noopener\">Vereinssatzung<\/a><a href=\"https:\/\/ffw-bockhorn.de\/wp-content\/uploads\/2025\/11\/Mitgliedschaft-FW_Satzung-20230512.pdf\" class=\"wp-block-file__button wp-element-button\" download aria-describedby=\"wp-block-file--media-fdb4b695-4119-435a-8727-53f36634c02f\">Herunterladen<\/a><\/div>\n\n\n\n<p><\/p>\n\n\n\n<div class=\"wp-block-button is-style-outline is-style-outline--1\"><a class=\"wp-block-button__link has-black-color has-light-gray-background-color has-text-color has-background wp-element-button\" href=\"https:\/\/ffw-bockhorn.de\/?page_id=3780\">Zur\u00fcck zur \u00dcbersicht<\/a><\/div>\n","protected":false},"excerpt":{"rendered":"<p>Ich m\u00f6chte euch f\u00f6rdern und nur dem Feuerwehr-Verein beitreten Bitte w\u00e4hle im Mitgliedsantrag &#8222;Vereinsmitglied&#8220; aus.<\/p>\n","protected":false},"author":1,"featured_media":0,"parent":0,"menu_order":0,"comment_status":"closed","ping_status":"closed","template":"","meta":{"jetpack_post_was_ever_published":false,"footnotes":""},"class_list":["post-3797","page","type-page","status-publish","hentry"],"jetpack_sharing_enabled":true,"jetpack_shortlink":"https:\/\/wp.me\/P6T4yF-Zf","jetpack-related-posts":[],"_links":{"self":[{"href":"https:\/\/ffw-bockhorn.de\/index.php?rest_route=\/wp\/v2\/pages\/3797","targetHints":{"allow":["GET"]}}],"collection":[{"href":"https:\/\/ffw-bockhorn.de\/index.php?rest_route=\/wp\/v2\/pages"}],"about":[{"href":"https:\/\/ffw-bockhorn.de\/index.php?rest_route=\/wp\/v2\/types\/page"}],"author":[{"embeddable":true,"href":"https:\/\/ffw-bockhorn.de\/index.php?rest_route=\/wp\/v2\/users\/1"}],"replies":[{"embeddable":true,"href":"https:\/\/ffw-bockhorn.de\/index.php?rest_route=%2Fwp%2Fv2%2Fcomments&post=3797"}],"version-history":[{"count":9,"href":"https:\/\/ffw-bockhorn.de\/index.php?rest_route=\/wp\/v2\/pages\/3797\/revisions"}],"predecessor-version":[{"id":4624,"href":"https:\/\/ffw-bockhorn.de\/index.php?rest_route=\/wp\/v2\/pages\/3797\/revisions\/4624"}],"wp:attachment":[{"href":"https:\/\/ffw-bockhorn.de\/index.php?rest_route=%2Fwp%2Fv2%2Fmedia&parent=3797"}],"curies":[{"name":"wp","href":"https:\/\/api.w.org\/{rel}","templated":true}]}}