{"id":40,"date":"2015-10-27T21:06:21","date_gmt":"2015-10-27T21:06:21","guid":{"rendered":"http:\/\/ffw-bockhorn.de\/?page_id=40"},"modified":"2022-08-12T17:43:21","modified_gmt":"2022-08-12T15:43:21","slug":"links","status":"publish","type":"page","link":"https:\/\/ffw-bockhorn.de\/?page_id=40","title":{"rendered":"Links"},"content":{"rendered":"<h2><span style=\"text-decoration: underline; color: #000000;\">Gemeinde<\/span><\/h2>\n<h3><span style=\"color: #0000ff;\"><a style=\"color: #0000ff;\" href=\"http:\/\/www.bockhorn-obb.de\/JOM\/index.php\" target=\"_blank\" rel=\"noopener noreferrer\">Gemeinde Bockhorn<\/a><\/span><\/h3>\n<h3><span style=\"color: #0000ff;\"><a style=\"color: #0000ff;\" href=\"http:\/\/www.ffw-eschlbach.de\/\" target=\"_blank\" rel=\"noopener noreferrer\">Feuerwehr Eschlbach<\/a><\/span><\/h3>\n<h3>Feuerwehr Gr\u00fcnbach<\/h3>\n<h3><span style=\"color: #0000ff;\"><a style=\"color: #0000ff;\" href=\"http:\/\/www.feuerwehr-kirchasch.de\/Startseite\" target=\"_blank\" rel=\"noopener noreferrer\">Feuerwehr Kirchasch<\/a><\/span><\/h3>\n<h3><\/h3>\n<h2><span style=\"text-decoration: underline; color: #000000;\">Landkreis<br \/>\n<\/span><\/h2>\n<h3><span style=\"color: #0000ff;\"><a style=\"color: #0000ff;\" href=\"http:\/\/www.einsatzfotos-online.de\/\" target=\"_blank\" rel=\"noopener noreferrer\">Einsatzfotos Online<\/a><\/span><\/h3>\n<h3><span style=\"color: #0000ff;\"><a style=\"color: #0000ff;\" href=\"https:\/\/www.kfv-erding.de\/\" target=\"_blank\" rel=\"noopener noreferrer\">Kreisfeuerwehrverband Erding<\/a><\/span><\/h3>\n<h3><span style=\"color: #0000ff;\"><a href=\"http:\/\/www.kreisjugendfeuerwehr-erding.de\/\" target=\"_blank\" rel=\"noopener noreferrer\">Kreisjugendfeuerwehr Erding<\/a><\/span><\/h3>\n<h3><span style=\"color: #0000ff;\"><a style=\"color: #0000ff;\" href=\"https:\/\/www.kfv-erding.de\/feuerwehrwesen\/feuerwehren-im-landkreis-erding\/\" target=\"_blank\" rel=\"noopener noreferrer\">\u00dcbersicht Landkreisfeuerwehren<\/a><\/span><\/h3>\n<h2><span style=\"text-decoration: underline; color: #000000;\">Presse<\/span><\/h2>\n<h3><span style=\"color: #0000ff;\"><a style=\"color: #0000ff;\" href=\"http:\/\/www.merkur.de\/lokales\/erding\/\">M\u00fcnchner Merkur &#8211; Erding<\/a><\/span><\/h3>\n<h3><span style=\"color: #0000ff;\"><a style=\"color: #0000ff;\" href=\"http:\/\/www.sueddeutsche.de\/muenchen\/erding\">S\u00fcddeutsche Zeitung &#8211; Erding<\/a><\/span><\/h3>\n<h3><span style=\"color: #0000ff;\"><a style=\"color: #0000ff;\" href=\"http:\/\/www.wochenblatt.de\/nachrichten\/erding\/\">Wochenblatt &#8211; Erding<\/a><\/span><\/h3>\n<h2><span style=\"text-decoration: underline; color: #000000;\">Weitere Links<br \/>\n<\/span><\/h2>\n<h3><span style=\"color: #0000ff;\"><a style=\"color: #0000ff;\" href=\"http:\/\/www.lfv-bayern.de\/index.html\" target=\"_blank\" rel=\"noopener noreferrer\">Landesfeuerwehrverband Bayern e.V<\/a><\/span><\/h3>\n<h3><span style=\"color: #0000ff;\"><a href=\"http:\/\/jf-bayern.de\/cms\/\" target=\"_blank\" rel=\"noopener noreferrer\">Jugendfeuerwehr Bayern<\/a><\/span><\/h3>\n<h3><a href=\"https:\/\/bos-fahrzeuge.info\/wachen\/7887\/FF_Bockhorn\" target=\"_blank\" rel=\"noopener noreferrer\">BOS-Fahrzeuge<\/a><\/h3>\n","protected":false},"excerpt":{"rendered":"<p>Gemeinde Gemeinde Bockhorn Feuerwehr Eschlbach Feuerwehr Gr\u00fcnbach Feuerwehr Kirchasch Landkreis Einsatzfotos Online Kreisfeuerwehrverband Erding Kreisjugendfeuerwehr Erding \u00dcbersicht Landkreisfeuerwehren Presse M\u00fcnchner Merkur &#8211; Erding S\u00fcddeutsche Zeitung &#8211; Erding Wochenblatt &#8211; Erding<\/p>\n","protected":false},"author":1,"featured_media":0,"parent":0,"menu_order":0,"comment_status":"closed","ping_status":"closed","template":"","meta":{"jetpack_post_was_ever_published":false,"footnotes":""},"class_list":["post-40","page","type-page","status-publish","hentry"],"jetpack_sharing_enabled":true,"jetpack_shortlink":"https:\/\/wp.me\/P6T4yF-E","jetpack-related-posts":[{"id":2122,"url":"https:\/\/ffw-bockhorn.de\/?page_id=2122","url_meta":{"origin":40,"position":0},"title":"GW Dekon-P","author":"FFW Bockhorn","date":"4. Juni 2017","format":false,"excerpt":"Funkrufname: Florian Bockhorn 67\/1 Im April 2017 wurde der Dekon-P als eines der letzten Fahrzeuge f\u00fcr Bayern, an den Landkreis Erding \u00fcbergeben. Das Fahrzeug des Bundes ersetzt damit den Dekon-E-Anh\u00e4nger des Landkreises Erding. Wie auch schon der Dekon-E, ist der Dekon-P bei der Feuerwehr Bockhorn untergestellt und wird durch alle\u2026","rel":"","context":"\u00c4hnlicher Beitrag","block_context":{"text":"\u00c4hnlicher Beitrag","link":""},"img":{"alt_text":"","src":"https:\/\/i0.wp.com\/ffw-bockhorn.de\/wp-content\/uploads\/2017\/06\/Dekon-P.jpg?resize=350%2C200","width":350,"height":200,"srcset":"https:\/\/i0.wp.com\/ffw-bockhorn.de\/wp-content\/uploads\/2017\/06\/Dekon-P.jpg?resize=350%2C200 1x, https:\/\/i0.wp.com\/ffw-bockhorn.de\/wp-content\/uploads\/2017\/06\/Dekon-P.jpg?resize=525%2C300 1.5x, https:\/\/i0.wp.com\/ffw-bockhorn.de\/wp-content\/uploads\/2017\/06\/Dekon-P.jpg?resize=700%2C400 2x, https:\/\/i0.wp.com\/ffw-bockhorn.de\/wp-content\/uploads\/2017\/06\/Dekon-P.jpg?resize=1050%2C600 3x"},"classes":[]},{"id":43,"url":"https:\/\/ffw-bockhorn.de\/?page_id=43","url_meta":{"origin":40,"position":1},"title":"Chronik der Feuerwehr","author":"FFW Bockhorn","date":"27. Oktober 2015","format":false,"excerpt":"Die Geschichte der Feuerwehr Bockhorn ist bis 1875 zur\u00fcckzuverfolgen. Im Jahre 1873\u00a0wurde durch das Kgl. Bezirksamt Erding die Errichtung einer Pflichtfeuerwehr angeordnet.\u00a0Zum Feuerl\u00f6schbezirk Bockhorn geh\u00f6rten Gr\u00fcnbach, Salmannskirchen und Eschlbach, die\u00a0zur gegenseitigen Hilfe verpflichtet waren. Herangezogen wurden alle m\u00e4nnlichen\u00a0Ortsbewohner zwischen dem 18. und 50. Lebensjahr. Die Mannschaften bestanden aus\u00a0Steigern, Spritzenm\u00e4nnern und\u2026","rel":"","context":"\u00c4hnlicher Beitrag","block_context":{"text":"\u00c4hnlicher Beitrag","link":""},"img":{"alt_text":"","src":"https:\/\/i0.wp.com\/ffw-bockhorn.de\/wp-content\/uploads\/2016\/01\/Chronik_FFW_2-1024x717.jpg?resize=350%2C200","width":350,"height":200,"srcset":"https:\/\/i0.wp.com\/ffw-bockhorn.de\/wp-content\/uploads\/2016\/01\/Chronik_FFW_2-1024x717.jpg?resize=350%2C200 1x, https:\/\/i0.wp.com\/ffw-bockhorn.de\/wp-content\/uploads\/2016\/01\/Chronik_FFW_2-1024x717.jpg?resize=525%2C300 1.5x, https:\/\/i0.wp.com\/ffw-bockhorn.de\/wp-content\/uploads\/2016\/01\/Chronik_FFW_2-1024x717.jpg?resize=700%2C400 2x"},"classes":[]},{"id":216,"url":"https:\/\/ffw-bockhorn.de\/?page_id=216","url_meta":{"origin":40,"position":2},"title":"Presse","author":"FFW Bockhorn","date":"2. November 2015","format":false,"excerpt":"Hier sammeln wir Pressemitteilungen, ausgenommen Einsatzberichte, die sich auf die Feuerwehr Bockhorn beziehen. 2026 01.04.2026 Die Feuerwehr Bockhorn verj\u00fcngt sich und plant das 150-J\u00e4hrige 22.01.2026 Spende an Jugendfeuerwehr Bockhorn und Kinderkrebshilfe e. V. 2025 23.04.2025 Feuerwehr Bockhorn: Ideen f\u00fcrs 150-J\u00e4hrige gesucht 2024 20.10.2024 111 Jugendliche legten den Feuerwehr Wissenstest erfolgreich\u2026","rel":"","context":"\u00c4hnlicher Beitrag","block_context":{"text":"\u00c4hnlicher Beitrag","link":""},"img":{"alt_text":"","src":"","width":0,"height":0},"classes":[]},{"id":77,"url":"https:\/\/ffw-bockhorn.de\/?page_id=77","url_meta":{"origin":40,"position":3},"title":"Historisches","author":"FFW Bockhorn","date":"27. Oktober 2015","format":false,"excerpt":"> Chronik der Gemeinde > Chronik der Feuerwehr > Besondere Eins\u00e4tze","rel":"","context":"\u00c4hnlicher Beitrag","block_context":{"text":"\u00c4hnlicher Beitrag","link":""},"img":{"alt_text":"florian_transparent","src":"https:\/\/i0.wp.com\/ffw-bockhorn.de\/wp-content\/uploads\/2015\/11\/florian_transparent-185x300.jpg?resize=350%2C200","width":350,"height":200},"classes":[]},{"id":46,"url":"https:\/\/ffw-bockhorn.de\/?page_id=46","url_meta":{"origin":40,"position":4},"title":"Chronik der Gemeinde","author":"FFW Bockhorn","date":"27. Oktober 2015","format":false,"excerpt":"Bockhorn liegt etwa 7 km \u00f6stlich der Kreisstadt Erding, genau in der Mitte des Landkreises und umfasst 47 qkm. Das Gemeindegebiet mit seinen fruchtbaren B\u00f6den und seinem Wasserreichtum geh\u00f6rt zu den fr\u00fchest besiedelten Gebieten. Das erste Volk, dessen Name uns noch bekannt ist, waren die Kelten um 500 v.Chr.. Letzte\u2026","rel":"","context":"\u00c4hnlicher Beitrag","block_context":{"text":"\u00c4hnlicher Beitrag","link":""},"img":{"alt_text":"festsc0","src":"https:\/\/i0.wp.com\/ffw-bockhorn.de\/wp-content\/uploads\/2015\/12\/festsc0.jpg?resize=350%2C200","width":350,"height":200},"classes":[]},{"id":3353,"url":"https:\/\/ffw-bockhorn.de\/?page_id=3353","url_meta":{"origin":40,"position":5},"title":"2019 &#8211; l\u00e4uft bei uns","author":"FFW Bockhorn","date":"8. Juli 2019","format":false,"excerpt":"Die neuesten Beitr\u00e4ge Aktion Ferienspass Den Kindern der Gemeinde Bockhorn wurde heute an allen 4 Feuerwehrh\u00e4usern der Gemeinde etwas gro\u00dfartiges Rund um die Feuerwehr geboten. In Bockhorn hat die Jugendfeuerwehr unter Anleitung ein Auto mit Scheere und Spreizer zerlegt. Daf\u00fcr durfte die Jugend auch in das Gewand der \"Gro\u00dfen\" schl\u00fcpfen!\u2026","rel":"","context":"\u00c4hnlicher Beitrag","block_context":{"text":"\u00c4hnlicher Beitrag","link":""},"img":{"alt_text":"","src":"https:\/\/i0.wp.com\/ffw-bockhorn.de\/wp-content\/uploads\/2019\/07\/IMG_20190317_184316.jpg?fit=1200%2C781&ssl=1&resize=350%2C200","width":350,"height":200,"srcset":"https:\/\/i0.wp.com\/ffw-bockhorn.de\/wp-content\/uploads\/2019\/07\/IMG_20190317_184316.jpg?fit=1200%2C781&ssl=1&resize=350%2C200 1x, https:\/\/i0.wp.com\/ffw-bockhorn.de\/wp-content\/uploads\/2019\/07\/IMG_20190317_184316.jpg?fit=1200%2C781&ssl=1&resize=525%2C300 1.5x, https:\/\/i0.wp.com\/ffw-bockhorn.de\/wp-content\/uploads\/2019\/07\/IMG_20190317_184316.jpg?fit=1200%2C781&ssl=1&resize=700%2C400 2x, https:\/\/i0.wp.com\/ffw-bockhorn.de\/wp-content\/uploads\/2019\/07\/IMG_20190317_184316.jpg?fit=1200%2C781&ssl=1&resize=1050%2C600 3x"},"classes":[]}],"_links":{"self":[{"href":"https:\/\/ffw-bockhorn.de\/index.php?rest_route=\/wp\/v2\/pages\/40","targetHints":{"allow":["GET"]}}],"collection":[{"href":"https:\/\/ffw-bockhorn.de\/index.php?rest_route=\/wp\/v2\/pages"}],"about":[{"href":"https:\/\/ffw-bockhorn.de\/index.php?rest_route=\/wp\/v2\/types\/page"}],"author":[{"embeddable":true,"href":"https:\/\/ffw-bockhorn.de\/index.php?rest_route=\/wp\/v2\/users\/1"}],"replies":[{"embeddable":true,"href":"https:\/\/ffw-bockhorn.de\/index.php?rest_route=%2Fwp%2Fv2%2Fcomments&post=40"}],"version-history":[{"count":16,"href":"https:\/\/ffw-bockhorn.de\/index.php?rest_route=\/wp\/v2\/pages\/40\/revisions"}],"predecessor-version":[{"id":3913,"href":"https:\/\/ffw-bockhorn.de\/index.php?rest_route=\/wp\/v2\/pages\/40\/revisions\/3913"}],"wp:attachment":[{"href":"https:\/\/ffw-bockhorn.de\/index.php?rest_route=%2Fwp%2Fv2%2Fmedia&parent=40"}],"curies":[{"name":"wp","href":"https:\/\/api.w.org\/{rel}","templated":true}]}}