{"id":4032,"date":"2021-05-18T12:16:44","date_gmt":"2021-05-18T10:16:44","guid":{"rendered":"http:\/\/ffw-bockhorn.de\/?page_id=4032"},"modified":"2021-05-18T12:28:14","modified_gmt":"2021-05-18T10:28:14","slug":"intern","status":"publish","type":"page","link":"https:\/\/ffw-bockhorn.de\/?page_id=4032","title":{"rendered":"Intern"},"content":{"rendered":"","protected":true},"excerpt":{"rendered":"","protected":true},"author":1,"featured_media":0,"parent":0,"menu_order":0,"comment_status":"closed","ping_status":"closed","template":"","meta":{"jetpack_post_was_ever_published":false,"footnotes":""},"class_list":["post-4032","page","type-page","status-publish","post-password-required","hentry"],"jetpack_sharing_enabled":true,"jetpack_shortlink":"https:\/\/wp.me\/P6T4yF-132","jetpack-related-posts":[{"id":1767,"url":"https:\/\/ffw-bockhorn.de\/?page_id=1767","url_meta":{"origin":4032,"position":0},"title":"\u00dcbungen der Jugendfeuerwehr","author":"FFW Bockhorn","date":"20. Dezember 2016","format":false,"excerpt":"Die Jugendfeuerwehr Bockhorn trifft sich in der Regel zweimal im Monat zu Ihren \u00dcbungen! Den aktuellen \u00dcbungsplan k\u00f6nnt Ihr euch hier im PDF-Format herunterladen.","rel":"","context":"\u00c4hnlicher Beitrag","block_context":{"text":"\u00c4hnlicher Beitrag","link":""},"img":{"alt_text":"","src":"https:\/\/i0.wp.com\/ffw-bockhorn.de\/wp-content\/uploads\/2017\/07\/JF-Gruppe.jpg?fit=1200%2C772&ssl=1&resize=350%2C200","width":350,"height":200,"srcset":"https:\/\/i0.wp.com\/ffw-bockhorn.de\/wp-content\/uploads\/2017\/07\/JF-Gruppe.jpg?fit=1200%2C772&ssl=1&resize=350%2C200 1x, https:\/\/i0.wp.com\/ffw-bockhorn.de\/wp-content\/uploads\/2017\/07\/JF-Gruppe.jpg?fit=1200%2C772&ssl=1&resize=525%2C300 1.5x, https:\/\/i0.wp.com\/ffw-bockhorn.de\/wp-content\/uploads\/2017\/07\/JF-Gruppe.jpg?fit=1200%2C772&ssl=1&resize=700%2C400 2x, https:\/\/i0.wp.com\/ffw-bockhorn.de\/wp-content\/uploads\/2017\/07\/JF-Gruppe.jpg?fit=1200%2C772&ssl=1&resize=1050%2C600 3x"},"classes":[]},{"id":1782,"url":"https:\/\/ffw-bockhorn.de\/?page_id=1782","url_meta":{"origin":4032,"position":1},"title":"Mitglied werden &#8211; w\u00e4hle aus&#8230;.","author":"FFW Bockhorn","date":"21. Dezember 2016","format":false,"excerpt":"Ich bin zwischen 12 und 17 Jahre alt Wenn du dir unsicher ist, dann komm einfach mal unverbindlich vorbei und schau dir an was wir machen. Im \u00dcbungplan oder im Terminkalender siehst du wann die n\u00e4chste \u00dcbung ist. Du kannst auch den Jugendwarten auf whatsapp, instagram, snapchat oder....schreiben. Die Handynummern\u2026","rel":"","context":"\u00c4hnlicher Beitrag","block_context":{"text":"\u00c4hnlicher Beitrag","link":""},"img":{"alt_text":"","src":"","width":0,"height":0},"classes":[]},{"id":49,"url":"https:\/\/ffw-bockhorn.de\/?page_id=49","url_meta":{"origin":4032,"position":2},"title":"Datenschutz alt","author":"FFW Bockhorn","date":"27. Oktober 2015","format":false,"excerpt":"Datenschutzerkl\u00e4rung Diese Datenschutzerkl\u00e4rung erl\u00e4utert wie wir pers\u00f6nliche Daten erheben, verarbeiten und nutzen. Ferner erkl\u00e4rt diese Datenschutzerkl\u00e4rung, wie Sie auf die Erhebung, Verarbeitung und Nutzung Ihrer pers\u00f6nlichen Daten Einfluss nehmen k\u00f6nnen. Wenn Sie im Rahmen Ihrer erstmaligen Registrierung auf unserer Web-Site ein entsprechend gekennzeichnetes K\u00e4stchen ankreuzen oder die Felder \"Weiter\", \"Einverstanden\",\u2026","rel":"","context":"\u00c4hnlicher Beitrag","block_context":{"text":"\u00c4hnlicher Beitrag","link":""},"img":{"alt_text":"","src":"","width":0,"height":0},"classes":[]},{"id":43,"url":"https:\/\/ffw-bockhorn.de\/?page_id=43","url_meta":{"origin":4032,"position":3},"title":"Chronik der Feuerwehr","author":"FFW Bockhorn","date":"27. Oktober 2015","format":false,"excerpt":"Die Geschichte der Feuerwehr Bockhorn ist bis 1875 zur\u00fcckzuverfolgen. Im Jahre 1873\u00a0wurde durch das Kgl. Bezirksamt Erding die Errichtung einer Pflichtfeuerwehr angeordnet.\u00a0Zum Feuerl\u00f6schbezirk Bockhorn geh\u00f6rten Gr\u00fcnbach, Salmannskirchen und Eschlbach, die\u00a0zur gegenseitigen Hilfe verpflichtet waren. Herangezogen wurden alle m\u00e4nnlichen\u00a0Ortsbewohner zwischen dem 18. und 50. Lebensjahr. Die Mannschaften bestanden aus\u00a0Steigern, Spritzenm\u00e4nnern und\u2026","rel":"","context":"\u00c4hnlicher Beitrag","block_context":{"text":"\u00c4hnlicher Beitrag","link":""},"img":{"alt_text":"","src":"https:\/\/i0.wp.com\/ffw-bockhorn.de\/wp-content\/uploads\/2016\/01\/Chronik_FFW_2-1024x717.jpg?resize=350%2C200","width":350,"height":200,"srcset":"https:\/\/i0.wp.com\/ffw-bockhorn.de\/wp-content\/uploads\/2016\/01\/Chronik_FFW_2-1024x717.jpg?resize=350%2C200 1x, https:\/\/i0.wp.com\/ffw-bockhorn.de\/wp-content\/uploads\/2016\/01\/Chronik_FFW_2-1024x717.jpg?resize=525%2C300 1.5x, https:\/\/i0.wp.com\/ffw-bockhorn.de\/wp-content\/uploads\/2016\/01\/Chronik_FFW_2-1024x717.jpg?resize=700%2C400 2x"},"classes":[]},{"id":2526,"url":"https:\/\/ffw-bockhorn.de\/?page_id=2526","url_meta":{"origin":4032,"position":4},"title":"2017 &#8211; Unser erstes Jahr","author":"FFW Bockhorn","date":"5. Februar 2019","format":false,"excerpt":"Im Jahr 2017 wurde die Jugendfeuerwehr Bockhorn gegr\u00fcndet. Willst du wissen was wir im ersten Jahr erlebt haben? Dann schau`s dir an! Ich m\u00f6chte auch dabei sein Erste Hilfe Unter Anleitung der Kollegen aus Gr\u00fcnbach lernten die Jungs und M\u00e4dchen Basics wie die stabile Seitenlage und die richtige Wiederbelebung. Auch\u2026","rel":"","context":"\u00c4hnlicher Beitrag","block_context":{"text":"\u00c4hnlicher Beitrag","link":""},"img":{"alt_text":"","src":"https:\/\/i0.wp.com\/ffw-bockhorn.de\/wp-content\/uploads\/2019\/02\/JF_2017_056.jpg?fit=1200%2C900&ssl=1&resize=350%2C200","width":350,"height":200,"srcset":"https:\/\/i0.wp.com\/ffw-bockhorn.de\/wp-content\/uploads\/2019\/02\/JF_2017_056.jpg?fit=1200%2C900&ssl=1&resize=350%2C200 1x, https:\/\/i0.wp.com\/ffw-bockhorn.de\/wp-content\/uploads\/2019\/02\/JF_2017_056.jpg?fit=1200%2C900&ssl=1&resize=525%2C300 1.5x, https:\/\/i0.wp.com\/ffw-bockhorn.de\/wp-content\/uploads\/2019\/02\/JF_2017_056.jpg?fit=1200%2C900&ssl=1&resize=700%2C400 2x, https:\/\/i0.wp.com\/ffw-bockhorn.de\/wp-content\/uploads\/2019\/02\/JF_2017_056.jpg?fit=1200%2C900&ssl=1&resize=1050%2C600 3x"},"classes":[]},{"id":3797,"url":"https:\/\/ffw-bockhorn.de\/?page_id=3797","url_meta":{"origin":4032,"position":5},"title":"Mitglied Passiv","author":"FFW Bockhorn","date":"2. Januar 2020","format":false,"excerpt":"Ich m\u00f6chte euch f\u00f6rdern und nur dem Feuerwehr-Verein beitreten Bitte w\u00e4hle im Mitgliedsantrag \"Vereinsmitglied\" aus. Mitgliedschaft FW_Beitrittserkl\u00e4rungHerunterladen VereinssatzungHerunterladen Zur\u00fcck zur \u00dcbersicht","rel":"","context":"\u00c4hnlicher Beitrag","block_context":{"text":"\u00c4hnlicher Beitrag","link":""},"img":{"alt_text":"","src":"","width":0,"height":0},"classes":[]}],"_links":{"self":[{"href":"https:\/\/ffw-bockhorn.de\/index.php?rest_route=\/wp\/v2\/pages\/4032","targetHints":{"allow":["GET"]}}],"collection":[{"href":"https:\/\/ffw-bockhorn.de\/index.php?rest_route=\/wp\/v2\/pages"}],"about":[{"href":"https:\/\/ffw-bockhorn.de\/index.php?rest_route=\/wp\/v2\/types\/page"}],"author":[{"embeddable":true,"href":"https:\/\/ffw-bockhorn.de\/index.php?rest_route=\/wp\/v2\/users\/1"}],"replies":[{"embeddable":true,"href":"https:\/\/ffw-bockhorn.de\/index.php?rest_route=%2Fwp%2Fv2%2Fcomments&post=4032"}],"version-history":[{"count":3,"href":"https:\/\/ffw-bockhorn.de\/index.php?rest_route=\/wp\/v2\/pages\/4032\/revisions"}],"predecessor-version":[{"id":4037,"href":"https:\/\/ffw-bockhorn.de\/index.php?rest_route=\/wp\/v2\/pages\/4032\/revisions\/4037"}],"wp:attachment":[{"href":"https:\/\/ffw-bockhorn.de\/index.php?rest_route=%2Fwp%2Fv2%2Fmedia&parent=4032"}],"curies":[{"name":"wp","href":"https:\/\/api.w.org\/{rel}","templated":true}]}}