{"id":4106,"date":"2022-01-02T19:24:36","date_gmt":"2022-01-02T18:24:36","guid":{"rendered":"http:\/\/ffw-bockhorn.de\/?page_id=4106"},"modified":"2022-01-02T19:28:36","modified_gmt":"2022-01-02T18:28:36","slug":"einsaetze-2022","status":"publish","type":"page","link":"https:\/\/ffw-bockhorn.de\/?page_id=4106","title":{"rendered":"Eins\u00e4tze 2022"},"content":{"rendered":"\n<p><\/p>\n\n\n\n<div class=\"wp-block-buttons is-layout-flex wp-block-buttons-is-layout-flex\">\n<div class=\"wp-block-button\"><a class=\"wp-block-button__link has-white-color has-text-color\" href=\"https:\/\/ffw-bockhorn.de\/?page_id=3780\">Ich m\u00f6chte auch helfen<\/a><\/div>\n<\/div>\n\n\n\n<p><\/p>\n\n\n\n\n<table id=\"tablepress-23\" class=\"tablepress tablepress-id-23\">\n<thead>\n<tr class=\"row-1\">\n\t<th class=\"column-1\">Nr.<\/th><th class=\"column-2\">Datum<\/th><th class=\"column-3\">Beschreibung<\/th><th class=\"column-4\">Ort<\/th><th class=\"column-5\">Bericht<\/th>\n<\/tr>\n<\/thead>\n<tbody class=\"row-striping row-hover\">\n<tr class=\"row-2\">\n\t<td class=\"column-1\">19<\/td><td class=\"column-2\">31.12.<\/td><td class=\"column-3\">Hubschrauberlandung<\/td><td class=\"column-4\">Kirchasch<\/td><td class=\"column-5\"><\/td>\n<\/tr>\n<tr class=\"row-3\">\n\t<td class=\"column-1\">18<\/td><td class=\"column-2\">28.11.<\/td><td class=\"column-3\">Verkehrsunfall<\/td><td class=\"column-4\">Bockhorn<\/td><td class=\"column-5\"><\/td>\n<\/tr>\n<tr class=\"row-4\">\n\t<td class=\"column-1\">17<\/td><td class=\"column-2\">10.11.<\/td><td class=\"column-3\">Verkehrsunfall<\/td><td class=\"column-4\">B388, Kreuth\u00e4usl<\/td><td class=\"column-5\"><a href=\"https:\/\/www.merkur.de\/lokales\/erding\/bockhorn-ort377212\/autofahrt-endet-am-baum-unfall-bmw-eschlbach-bockhorn-polizei-erding-91907256.html\" rel=\"noopener noreferrer\" target=\"_blank\">Merkur<\/a><\/td>\n<\/tr>\n<tr class=\"row-5\">\n\t<td class=\"column-1\">16<\/td><td class=\"column-2\">15.10.<\/td><td class=\"column-3\">Verkehrsunfall<\/td><td class=\"column-4\">St2082, Tittenkofen<\/td><td class=\"column-5\"><\/td>\n<\/tr>\n<tr class=\"row-6\">\n\t<td class=\"column-1\">15<\/td><td class=\"column-2\">07.10.<\/td><td class=\"column-3\">Kleintierrettung<\/td><td class=\"column-4\">B388<\/td><td class=\"column-5\"><\/td>\n<\/tr>\n<tr class=\"row-7\">\n\t<td class=\"column-1\">14<\/td><td class=\"column-2\">27.09.<\/td><td class=\"column-3\">eCall - Fehlalarm<\/td><td class=\"column-4\">Bockhorn<\/td><td class=\"column-5\"><\/td>\n<\/tr>\n<tr class=\"row-8\">\n\t<td class=\"column-1\">13<\/td><td class=\"column-2\">02.08.<\/td><td class=\"column-3\">\u00d6lspur<\/td><td class=\"column-4\">Bockhorn<\/td><td class=\"column-5\"><\/td>\n<\/tr>\n<tr class=\"row-9\">\n\t<td class=\"column-1\">12<\/td><td class=\"column-2\">29.07.<\/td><td class=\"column-3\">Verunreinigte Stra\u00dfe<\/td><td class=\"column-4\">B388, Oberstrogn<\/td><td class=\"column-5\"><\/td>\n<\/tr>\n<tr class=\"row-10\">\n\t<td class=\"column-1\">11<\/td><td class=\"column-2\">22.06.<\/td><td class=\"column-3\">Wohnungsbrand<\/td><td class=\"column-4\">Grucking<\/td><td class=\"column-5\"><a href=\"https:\/\/www.merkur.de\/lokales\/erding\/fraunberg-ort377220\/grucking-brand-in-landwirtschaftlichem-wohnhaus-91624229.html\" rel=\"noopener noreferrer\" target=\"_blank\">Merkur<\/a><\/td>\n<\/tr>\n<tr class=\"row-11\">\n\t<td class=\"column-1\">10<\/td><td class=\"column-2\">19.06.<\/td><td class=\"column-3\">Kleinbrand im Freien<\/td><td class=\"column-4\">B388, Salmannskirchen<\/td><td class=\"column-5\"><\/td>\n<\/tr>\n<tr class=\"row-12\">\n\t<td class=\"column-1\">9<\/td><td class=\"column-2\">11.06.<\/td><td class=\"column-3\">Verkehrsunfall<\/td><td class=\"column-4\">Tittenkofen<\/td><td class=\"column-5\"><a href=\"https:\/\/www.ed-live.de\/nachrichten_details?id=147598\" rel=\"noopener noreferrer\" target=\"_blank\">ED-Live<\/a><\/td>\n<\/tr>\n<tr class=\"row-13\">\n\t<td class=\"column-1\">8<\/td><td class=\"column-2\">05.06.<\/td><td class=\"column-3\">Unwetter<\/td><td class=\"column-4\">Tankham<\/td><td class=\"column-5\"><\/td>\n<\/tr>\n<tr class=\"row-14\">\n\t<td class=\"column-1\">7<\/td><td class=\"column-2\">03.06.<\/td><td class=\"column-3\">Verkehrsunfall<\/td><td class=\"column-4\">Untermailling<\/td><td class=\"column-5\"><\/td>\n<\/tr>\n<tr class=\"row-15\">\n\t<td class=\"column-1\">6<\/td><td class=\"column-2\">22.04.<\/td><td class=\"column-3\">Verkehrsunfall<\/td><td class=\"column-4\">B388, Gr\u00fcnbach<\/td><td class=\"column-5\"><a href=\"https:\/\/www.merkur.de\/lokales\/erding\/bockhorn-ort377212\/gruenbach-bockhorn-unfall-auf-dem-dach-gelandet-91497476.html\" rel=\"noopener noreferrer\" target=\"_blank\">Merkur<\/a><\/td>\n<\/tr>\n<tr class=\"row-16\">\n\t<td class=\"column-1\">5<\/td><td class=\"column-2\">21.04.<\/td><td class=\"column-3\">Verkehrsunfall<\/td><td class=\"column-4\">B388, Kreuth\u00e4usl<\/td><td class=\"column-5\"><\/td>\n<\/tr>\n<tr class=\"row-17\">\n\t<td class=\"column-1\">4<\/td><td class=\"column-2\">09.04.<\/td><td class=\"column-3\">Baum auf Stra\u00dfe<\/td><td class=\"column-4\">Bockhorn<\/td><td class=\"column-5\"><\/td>\n<\/tr>\n<tr class=\"row-18\">\n\t<td class=\"column-1\">3<\/td><td class=\"column-2\">08.04.<\/td><td class=\"column-3\">Baum auf Stra\u00dfe<\/td><td class=\"column-4\">Bockhorn<\/td><td class=\"column-5\"><\/td>\n<\/tr>\n<tr class=\"row-19\">\n\t<td class=\"column-1\">2<\/td><td class=\"column-2\">17.02.<\/td><td class=\"column-3\">Wohnungs\u00f6ffnung<\/td><td class=\"column-4\">Emling<\/td><td class=\"column-5\"><\/td>\n<\/tr>\n<tr class=\"row-20\">\n\t<td class=\"column-1\">1<\/td><td class=\"column-2\">13.01.<\/td><td class=\"column-3\">Vermisstensuche<\/td><td class=\"column-4\">Bockhorn<\/td><td class=\"column-5\"><a href=\"https:\/\/www.ed-live.de\/nachrichten_details?id=141280\" rel=\"noopener noreferrer\" target=\"_blank\">ED-Live<\/a><\/td>\n<\/tr>\n<\/tbody>\n<\/table>\n<!-- #tablepress-23 from cache -->\n","protected":false},"excerpt":{"rendered":"","protected":false},"author":1,"featured_media":1726,"parent":0,"menu_order":0,"comment_status":"closed","ping_status":"closed","template":"","meta":{"jetpack_post_was_ever_published":false,"footnotes":""},"class_list":["post-4106","page","type-page","status-publish","has-post-thumbnail","hentry"],"jetpack_sharing_enabled":true,"jetpack_shortlink":"https:\/\/wp.me\/P6T4yF-14e","jetpack-related-posts":[{"id":2378,"url":"https:\/\/ffw-bockhorn.de\/?page_id=2378","url_meta":{"origin":4106,"position":0},"title":"Eins\u00e4tze 2019","author":"FFW Bockhorn","date":"31. Dezember 2018","format":false,"excerpt":"Ich m\u00f6chte auch helfen","rel":"","context":"\u00c4hnlicher Beitrag","block_context":{"text":"\u00c4hnlicher Beitrag","link":""},"img":{"alt_text":"","src":"https:\/\/i0.wp.com\/ffw-bockhorn.de\/wp-content\/uploads\/2016\/10\/Webbanner_155x55_Feuermelder.jpg?fit=610%2C217&ssl=1&resize=350%2C200","width":350,"height":200,"srcset":"https:\/\/i0.wp.com\/ffw-bockhorn.de\/wp-content\/uploads\/2016\/10\/Webbanner_155x55_Feuermelder.jpg?fit=610%2C217&ssl=1&resize=350%2C200 1x, https:\/\/i0.wp.com\/ffw-bockhorn.de\/wp-content\/uploads\/2016\/10\/Webbanner_155x55_Feuermelder.jpg?fit=610%2C217&ssl=1&resize=525%2C300 1.5x"},"classes":[]},{"id":3754,"url":"https:\/\/ffw-bockhorn.de\/?page_id=3754","url_meta":{"origin":4106,"position":1},"title":"Eins\u00e4tze 2020","author":"FFW Bockhorn","date":"21. Dezember 2019","format":false,"excerpt":"Ich m\u00f6chte auch helfen","rel":"","context":"\u00c4hnlicher Beitrag","block_context":{"text":"\u00c4hnlicher Beitrag","link":""},"img":{"alt_text":"","src":"https:\/\/i0.wp.com\/ffw-bockhorn.de\/wp-content\/uploads\/2016\/10\/Webbanner_155x55_Flammen.jpg?fit=610%2C217&ssl=1&resize=350%2C200","width":350,"height":200,"srcset":"https:\/\/i0.wp.com\/ffw-bockhorn.de\/wp-content\/uploads\/2016\/10\/Webbanner_155x55_Flammen.jpg?fit=610%2C217&ssl=1&resize=350%2C200 1x, https:\/\/i0.wp.com\/ffw-bockhorn.de\/wp-content\/uploads\/2016\/10\/Webbanner_155x55_Flammen.jpg?fit=610%2C217&ssl=1&resize=525%2C300 1.5x"},"classes":[]},{"id":3945,"url":"https:\/\/ffw-bockhorn.de\/?page_id=3945","url_meta":{"origin":4106,"position":2},"title":"Eins\u00e4tze 2021","author":"FFW Bockhorn","date":"31. Dezember 2020","format":false,"excerpt":"Ich m\u00f6chte auch helfen","rel":"","context":"\u00c4hnlicher Beitrag","block_context":{"text":"\u00c4hnlicher Beitrag","link":""},"img":{"alt_text":"","src":"","width":0,"height":0},"classes":[]},{"id":4451,"url":"https:\/\/ffw-bockhorn.de\/?page_id=4451","url_meta":{"origin":4106,"position":3},"title":"Eins\u00e4tze 2024","author":"FFW Bockhorn","date":"30. M\u00e4rz 2024","format":false,"excerpt":"Ich m\u00f6chte auch helfen","rel":"","context":"\u00c4hnlicher Beitrag","block_context":{"text":"\u00c4hnlicher Beitrag","link":""},"img":{"alt_text":"","src":"https:\/\/i0.wp.com\/ffw-bockhorn.de\/wp-content\/uploads\/2016\/10\/Webbanner_155x55_Handy.jpg?resize=350%2C200&ssl=1","width":350,"height":200,"srcset":"https:\/\/i0.wp.com\/ffw-bockhorn.de\/wp-content\/uploads\/2016\/10\/Webbanner_155x55_Handy.jpg?resize=350%2C200&ssl=1 1x, https:\/\/i0.wp.com\/ffw-bockhorn.de\/wp-content\/uploads\/2016\/10\/Webbanner_155x55_Handy.jpg?resize=525%2C300&ssl=1 1.5x"},"classes":[]},{"id":4551,"url":"https:\/\/ffw-bockhorn.de\/?page_id=4551","url_meta":{"origin":4106,"position":4},"title":"Eins\u00e4tze 2025","author":"FFW Bockhorn","date":"16. M\u00e4rz 2025","format":false,"excerpt":"Ich m\u00f6chte auch helfen","rel":"","context":"\u00c4hnlicher Beitrag","block_context":{"text":"\u00c4hnlicher Beitrag","link":""},"img":{"alt_text":"","src":"https:\/\/i0.wp.com\/ffw-bockhorn.de\/wp-content\/uploads\/2016\/10\/Webbanner_155x55_Hydrant.jpg?resize=350%2C200&ssl=1","width":350,"height":200,"srcset":"https:\/\/i0.wp.com\/ffw-bockhorn.de\/wp-content\/uploads\/2016\/10\/Webbanner_155x55_Hydrant.jpg?resize=350%2C200&ssl=1 1x, https:\/\/i0.wp.com\/ffw-bockhorn.de\/wp-content\/uploads\/2016\/10\/Webbanner_155x55_Hydrant.jpg?resize=525%2C300&ssl=1 1.5x"},"classes":[]},{"id":4674,"url":"https:\/\/ffw-bockhorn.de\/?page_id=4674","url_meta":{"origin":4106,"position":5},"title":"Eins\u00e4tze 2026","author":"FFW Bockhorn","date":"6. April 2026","format":false,"excerpt":"Ich m\u00f6chte auch helfen","rel":"","context":"\u00c4hnlicher Beitrag","block_context":{"text":"\u00c4hnlicher Beitrag","link":""},"img":{"alt_text":"","src":"https:\/\/i0.wp.com\/ffw-bockhorn.de\/wp-content\/uploads\/2016\/10\/Webbanner_155x55_Flammen.jpg?resize=350%2C200&ssl=1","width":350,"height":200,"srcset":"https:\/\/i0.wp.com\/ffw-bockhorn.de\/wp-content\/uploads\/2016\/10\/Webbanner_155x55_Flammen.jpg?resize=350%2C200&ssl=1 1x, https:\/\/i0.wp.com\/ffw-bockhorn.de\/wp-content\/uploads\/2016\/10\/Webbanner_155x55_Flammen.jpg?resize=525%2C300&ssl=1 1.5x"},"classes":[]}],"_links":{"self":[{"href":"https:\/\/ffw-bockhorn.de\/index.php?rest_route=\/wp\/v2\/pages\/4106","targetHints":{"allow":["GET"]}}],"collection":[{"href":"https:\/\/ffw-bockhorn.de\/index.php?rest_route=\/wp\/v2\/pages"}],"about":[{"href":"https:\/\/ffw-bockhorn.de\/index.php?rest_route=\/wp\/v2\/types\/page"}],"author":[{"embeddable":true,"href":"https:\/\/ffw-bockhorn.de\/index.php?rest_route=\/wp\/v2\/users\/1"}],"replies":[{"embeddable":true,"href":"https:\/\/ffw-bockhorn.de\/index.php?rest_route=%2Fwp%2Fv2%2Fcomments&post=4106"}],"version-history":[{"count":1,"href":"https:\/\/ffw-bockhorn.de\/index.php?rest_route=\/wp\/v2\/pages\/4106\/revisions"}],"predecessor-version":[{"id":4107,"href":"https:\/\/ffw-bockhorn.de\/index.php?rest_route=\/wp\/v2\/pages\/4106\/revisions\/4107"}],"wp:featuredmedia":[{"embeddable":true,"href":"https:\/\/ffw-bockhorn.de\/index.php?rest_route=\/wp\/v2\/media\/1726"}],"wp:attachment":[{"href":"https:\/\/ffw-bockhorn.de\/index.php?rest_route=%2Fwp%2Fv2%2Fmedia&parent=4106"}],"curies":[{"name":"wp","href":"https:\/\/api.w.org\/{rel}","templated":true}]}}