{"id":4293,"date":"2023-01-22T09:24:34","date_gmt":"2023-01-22T08:24:34","guid":{"rendered":"http:\/\/ffw-bockhorn.de\/?page_id=4293"},"modified":"2023-01-22T09:24:34","modified_gmt":"2023-01-22T08:24:34","slug":"einsaetze-2023","status":"publish","type":"page","link":"https:\/\/ffw-bockhorn.de\/?page_id=4293","title":{"rendered":"Eins\u00e4tze 2023"},"content":{"rendered":"\n\n<table id=\"tablepress-24\" class=\"tablepress tablepress-id-24\">\n<thead>\n<tr class=\"row-1\">\n\t<th class=\"column-1\">Nr.<\/th><th class=\"column-2\">Datum<\/th><th class=\"column-3\">Meldung<\/th><th class=\"column-4\">Ort<\/th><th class=\"column-5\">Bericht<\/th>\n<\/tr>\n<\/thead>\n<tbody class=\"row-striping row-hover\">\n<tr class=\"row-2\">\n\t<td class=\"column-1\">27<\/td><td class=\"column-2\">21.12.<\/td><td class=\"column-3\">Baum auf Fahrbahn<\/td><td class=\"column-4\">B388, Unterstrogn<\/td><td class=\"column-5\"><\/td>\n<\/tr>\n<tr class=\"row-3\">\n\t<td class=\"column-1\">26<\/td><td class=\"column-2\">02.12.<\/td><td class=\"column-3\">Unwetter - Schnee<\/td><td class=\"column-4\">Emling<\/td><td class=\"column-5\"><\/td>\n<\/tr>\n<tr class=\"row-4\">\n\t<td class=\"column-1\">25<\/td><td class=\"column-2\">01.12.<\/td><td class=\"column-3\">Unwetter - Schnee<\/td><td class=\"column-4\">Bockhorn<\/td><td class=\"column-5\"><\/td>\n<\/tr>\n<tr class=\"row-5\">\n\t<td class=\"column-1\">24<\/td><td class=\"column-2\">23.11.<\/td><td class=\"column-3\">LKW-Unfall<\/td><td class=\"column-4\">A94, Lengdorf<\/td><td class=\"column-5\"><a href=\"https:\/\/www.merkur.de\/lokales\/erding\/gesperrt-lkw-mit-gefahrengut-beladen-baut-unfall-a94-komplett-92691606.html\" target=\"_blank\" rel=\"noopener\">Merkur_1<\/a><br \/>\n<a href=\"https:\/\/www.merkur.de\/lokales\/erding\/lengdorf-ort28976\/bei-lengdorf-a94-acht-stunden-lang-komplett-gesperrt-92693731.html\" target=\"_blank\" rel=\"noopener\">Merkur_2<\/a><\/td>\n<\/tr>\n<tr class=\"row-6\">\n\t<td class=\"column-1\">23<\/td><td class=\"column-2\">27.10.<\/td><td class=\"column-3\">Verkehrsunfall<\/td><td class=\"column-4\">St2084, Kirchasch<\/td><td class=\"column-5\"><a href=\"https:\/\/www.merkur.de\/lokales\/erding\/bockhorn-ort377212\/st2084-mit-mini-gegen-baum-geprallt-unfall-bockhorn-kirchasch-92640491.html\" target=\"_blank\" rel=\"noopener\">Merkur<\/a><\/td>\n<\/tr>\n<tr class=\"row-7\">\n\t<td class=\"column-1\">22<\/td><td class=\"column-2\">17.10<\/td><td class=\"column-3\">Verkehrsunfall<\/td><td class=\"column-4\">B388, Loh<\/td><td class=\"column-5\"><a href=\"https:\/\/www.merkur.de\/lokales\/erding\/bockhorn-ort377212\/erding-b388-unfall-bockhorn-auffahrunfall-mit-pferdeanhaenger-drei-verletzte-92585857.html\" target=\"_blank\" rel=\"noopener\">Merkur<\/a><\/td>\n<\/tr>\n<tr class=\"row-8\">\n\t<td class=\"column-1\">21<\/td><td class=\"column-2\">02.10.<\/td><td class=\"column-3\">Einsatz\u00fcbung<\/td><td class=\"column-4\">Deimling<\/td><td class=\"column-5\"><a href=\"https:\/\/www.merkur.de\/lokales\/erding\/bockhorn-ort377212\/bockhorner-feuerwehren-ueben-suche-nach-vermissten-92560909.html\" target=\"_blank\" rel=\"noopener\">Merkur<\/a><\/td>\n<\/tr>\n<tr class=\"row-9\">\n\t<td class=\"column-1\">20<\/td><td class=\"column-2\">10.09.<\/td><td class=\"column-3\">Eingeklemmter Finger<\/td><td class=\"column-4\">Gr\u00fcnbach<\/td><td class=\"column-5\"><\/td>\n<\/tr>\n<tr class=\"row-10\">\n\t<td class=\"column-1\">19<\/td><td class=\"column-2\">25.08.<\/td><td class=\"column-3\">Unwetter - mehrere Eins\u00e4tze<\/td><td class=\"column-4\">Bockhorn<\/td><td class=\"column-5\"><a href=\"https:\/\/www.merkur.de\/lokales\/erding\/erding-ort28651\/sturm-erding-unwetter-bayern-s-bahn-oberleitung-auto-unfall-news-92480834.html\" target=\"_blank\" rel=\"noopener\">Merkur<\/a><\/td>\n<\/tr>\n<tr class=\"row-11\">\n\t<td class=\"column-1\">18<\/td><td class=\"column-2\">15.08.<\/td><td class=\"column-3\">Unwetter - Stra\u00dfe \u00fcberschwemmt<\/td><td class=\"column-4\">Bockhorn<\/td><td class=\"column-5\"><\/td>\n<\/tr>\n<tr class=\"row-12\">\n\t<td class=\"column-1\">17<\/td><td class=\"column-2\">22.07.<\/td><td class=\"column-3\">Verkehrsunfall<\/td><td class=\"column-4\">B388, Gr\u00fcnbach<\/td><td class=\"column-5\"><a href=\"https:\/\/www.merkur.de\/lokales\/erding\/bockhorn-ort377212\/gruenbach-erding-b388-unfall-falsch-geblinkt-mercedes-rammt-lkw-92417354.html?itm_source=story_detail&amp;itm_medium=interaction_bar&amp;itm_campaign=share\" target=\"_blank\" rel=\"noopener\">Merkur<\/a><\/td>\n<\/tr>\n<tr class=\"row-13\">\n\t<td class=\"column-1\">16<\/td><td class=\"column-2\">19.07.<\/td><td class=\"column-3\">Gro\u00dftierrettung<\/td><td class=\"column-4\">Loh<\/td><td class=\"column-5\"><\/td>\n<\/tr>\n<tr class=\"row-14\">\n\t<td class=\"column-1\">15<\/td><td class=\"column-2\">09.07<\/td><td class=\"column-3\">Brand Freifl\u00e4che<\/td><td class=\"column-4\">Grucking<\/td><td class=\"column-5\"><a href=\"https:\/\/www.merkur.de\/lokales\/erding\/erding-ort28651\/kriegsmunition-entzuendet-sich-immer-wieder-trockenheit-und-hitze-mehrere-brandeinsaetze-im-erding-land-92392737.html\" target=\"_blank\" rel=\"noopener\">Merkur<\/a><\/td>\n<\/tr>\n<tr class=\"row-15\">\n\t<td class=\"column-1\">14<\/td><td class=\"column-2\">07.07.<\/td><td class=\"column-3\">Verkehrsunfall Motorrad<\/td><td class=\"column-4\">B388, Emling<\/td><td class=\"column-5\"><a href=\"https:\/\/www.merkur.de\/lokales\/erding\/erding-ort28651\/polizei-unfall-b388-bei-erding-biker-in-lebensgefahr-rentner-ueberholt-trotz-gegenverkehrs-und-erfasst-26-jaehrigen-92389819.html?fbclid=IwAR1q5qS7s1Sk4sOlF7-4cWAGEKmXO1OcMqYBia8H_dQfeBrNcmS13YDdyyw\" target=\"_blank\" rel=\"noopener\">Merkur<\/a><br \/>\n<a href=\"https:\/\/einsatzfotos-online.de\/?einsatz=motorradfahrer-wird-mit-polytrauma-ins-krnkenhaus-geflogen\" target=\"_blank\" rel=\"noopener\">Einsatzfotos Online<\/a><\/td>\n<\/tr>\n<tr class=\"row-16\">\n\t<td class=\"column-1\">13<\/td><td class=\"column-2\">03.07.<\/td><td class=\"column-3\">Feueralarm Grundschule<\/td><td class=\"column-4\">Bockhorn<\/td><td class=\"column-5\"><\/td>\n<\/tr>\n<tr class=\"row-17\">\n\t<td class=\"column-1\">12<\/td><td class=\"column-2\">03.07.<\/td><td class=\"column-3\">Verkehrsunfall Bus<\/td><td class=\"column-4\">B388, Salmannskirchen<\/td><td class=\"column-5\"><a href=\"https:\/\/www.merkur.de\/lokales\/erding\/bockhorn-ort377212\/b388-unfall-polizei-vollbesetzter-bus-gegen-auto-sieben-verletzte-92378245.html\" target=\"_blank\" rel=\"noopener\">Merkur<\/a><br \/>\n<a href=\"https:\/\/einsatzfotos-online.de\/?einsatz=vollbesetzter-bus-gegen-auto-sieben-verletzte\" target=\"_blank\" rel=\"noopener\">Einsatzfotos Online<\/a><\/td>\n<\/tr>\n<tr class=\"row-18\">\n\t<td class=\"column-1\">11<\/td><td class=\"column-2\">26.06.<\/td><td class=\"column-3\">Kellerbrand<\/td><td class=\"column-4\">Schwabels\u00f6d<\/td><td class=\"column-5\"><\/td>\n<\/tr>\n<tr class=\"row-19\">\n\t<td class=\"column-1\">10<\/td><td class=\"column-2\">21.06.<\/td><td class=\"column-3\">Verkehrsunfall<\/td><td class=\"column-4\">B388, Kreuth\u00e4usl<\/td><td class=\"column-5\"><a href=\"https:\/\/www.merkur.de\/lokales\/erding\/erding-ort28651\/erding-polizei-unfall-bundesstrasse-feuerwehr-b388-frau-im-wrack-eingeklemmt-92357937.html\" target=\"_blank\" rel=\"noopener\">Merkur<\/a><\/td>\n<\/tr>\n<tr class=\"row-20\">\n\t<td class=\"column-1\">9<\/td><td class=\"column-2\">15.06.<\/td><td class=\"column-3\">eCall<\/td><td class=\"column-4\">B388, Salmannskirchen<\/td><td class=\"column-5\"><\/td>\n<\/tr>\n<tr class=\"row-21\">\n\t<td class=\"column-1\">8<\/td><td class=\"column-2\">14.06.<\/td><td class=\"column-3\">Ausgel\u00f6ste Brandmeldeanlage<\/td><td class=\"column-4\">Unterstrogen<\/td><td class=\"column-5\"><\/td>\n<\/tr>\n<tr class=\"row-22\">\n\t<td class=\"column-1\">7<\/td><td class=\"column-2\">18.05.<\/td><td class=\"column-3\">THL Chemie<\/td><td class=\"column-4\">Eitting<\/td><td class=\"column-5\"><\/td>\n<\/tr>\n<tr class=\"row-23\">\n\t<td class=\"column-1\">6<\/td><td class=\"column-2\">26.04.<\/td><td class=\"column-3\">Einsatz\u00fcbung<\/td><td class=\"column-4\">Gr\u00fcnbach<\/td><td class=\"column-5\"><\/td>\n<\/tr>\n<tr class=\"row-24\">\n\t<td class=\"column-1\">5<\/td><td class=\"column-2\">18.04.<\/td><td class=\"column-3\">Technische Hilfeleistung<\/td><td class=\"column-4\">Gr\u00fcnbach<\/td><td class=\"column-5\"><\/td>\n<\/tr>\n<tr class=\"row-25\">\n\t<td class=\"column-1\">4<\/td><td class=\"column-2\">17.04.<\/td><td class=\"column-3\">Kaminbrand<\/td><td class=\"column-4\">Grucking<\/td><td class=\"column-5\"><\/td>\n<\/tr>\n<tr class=\"row-26\">\n\t<td class=\"column-1\">3<\/td><td class=\"column-2\">17.04.<\/td><td class=\"column-3\">Brand Lagerhalle<\/td><td class=\"column-4\">Grucking<\/td><td class=\"column-5\"><a href=\"https:\/\/www.merkur.de\/lokales\/erding\/fraunberg-ort377220\/feuer-in-kfz-werkstatt-grossalarm-in-grucking-elektrobrand-in-lackierkabine-92217274.html\" target=\"_blank\" rel=\"noopener\">Merkur<\/a><br \/>\n<a href=\"https:\/\/einsatzfotos-online.de\/?einsatz=feuer-in-kfz-werkstatt-grossalarm-in-grucking\" target=\"_blank\" rel=\"noopener\">Einsatzfotos Online<\/a><\/td>\n<\/tr>\n<tr class=\"row-27\">\n\t<td class=\"column-1\">2<\/td><td class=\"column-2\">17.02.<\/td><td class=\"column-3\">\u00d6lspur<\/td><td class=\"column-4\">Bockhorn<\/td><td class=\"column-5\"><\/td>\n<\/tr>\n<tr class=\"row-28\">\n\t<td class=\"column-1\">1<\/td><td class=\"column-2\">21.01.<\/td><td class=\"column-3\">Verkehrsunfall<\/td><td class=\"column-4\">B388, Gr\u00fcnbach<\/td><td class=\"column-5\"><a href=\"https:\/\/einsatzfotos-online.de\/?einsatz=besetzter-linienbus-prallt-auf-audi\" target=\"_blank\" rel=\"noopener\">Einsatzfotos Online<\/a><\/td>\n<\/tr>\n<\/tbody>\n<\/table>\n<!-- #tablepress-24 from cache -->\n","protected":false},"excerpt":{"rendered":"","protected":false},"author":1,"featured_media":0,"parent":0,"menu_order":0,"comment_status":"closed","ping_status":"closed","template":"","meta":{"jetpack_post_was_ever_published":false,"footnotes":""},"class_list":["post-4293","page","type-page","status-publish","hentry"],"jetpack_sharing_enabled":true,"jetpack_shortlink":"https:\/\/wp.me\/P6T4yF-17f","jetpack-related-posts":[{"id":3073,"url":"https:\/\/ffw-bockhorn.de\/?page_id=3073","url_meta":{"origin":4293,"position":0},"title":"Eins\u00e4tze","author":"FFW Bockhorn","date":"9. Februar 2019","format":false,"excerpt":"","rel":"","context":"\u00c4hnlicher Beitrag","block_context":{"text":"\u00c4hnlicher Beitrag","link":""},"img":{"alt_text":"","src":"https:\/\/i0.wp.com\/ffw-bockhorn.de\/wp-content\/uploads\/2019\/02\/IMG_20181020_154455.jpg?resize=350%2C200&ssl=1","width":350,"height":200,"srcset":"https:\/\/i0.wp.com\/ffw-bockhorn.de\/wp-content\/uploads\/2019\/02\/IMG_20181020_154455.jpg?resize=350%2C200&ssl=1 1x, https:\/\/i0.wp.com\/ffw-bockhorn.de\/wp-content\/uploads\/2019\/02\/IMG_20181020_154455.jpg?resize=525%2C300&ssl=1 1.5x, https:\/\/i0.wp.com\/ffw-bockhorn.de\/wp-content\/uploads\/2019\/02\/IMG_20181020_154455.jpg?resize=700%2C400&ssl=1 2x, https:\/\/i0.wp.com\/ffw-bockhorn.de\/wp-content\/uploads\/2019\/02\/IMG_20181020_154455.jpg?resize=1050%2C600&ssl=1 3x, https:\/\/i0.wp.com\/ffw-bockhorn.de\/wp-content\/uploads\/2019\/02\/IMG_20181020_154455.jpg?resize=1400%2C800&ssl=1 4x"},"classes":[]},{"id":263,"url":"https:\/\/ffw-bockhorn.de\/?page_id=263","url_meta":{"origin":4293,"position":1},"title":"Eins\u00e4tze 2012","author":"FFW Bockhorn","date":"5. November 2015","format":false,"excerpt":"","rel":"","context":"\u00c4hnlicher Beitrag","block_context":{"text":"\u00c4hnlicher Beitrag","link":""},"img":{"alt_text":"","src":"","width":0,"height":0},"classes":[]},{"id":477,"url":"https:\/\/ffw-bockhorn.de\/?page_id=477","url_meta":{"origin":4293,"position":2},"title":"Eins\u00e4tze 2011","author":"FFW Bockhorn","date":"29. November 2015","format":false,"excerpt":"","rel":"","context":"\u00c4hnlicher Beitrag","block_context":{"text":"\u00c4hnlicher Beitrag","link":""},"img":{"alt_text":"","src":"","width":0,"height":0},"classes":[]},{"id":479,"url":"https:\/\/ffw-bockhorn.de\/?page_id=479","url_meta":{"origin":4293,"position":3},"title":"Eins\u00e4tze 2013","author":"FFW Bockhorn","date":"29. November 2015","format":false,"excerpt":"","rel":"","context":"\u00c4hnlicher Beitrag","block_context":{"text":"\u00c4hnlicher Beitrag","link":""},"img":{"alt_text":"","src":"","width":0,"height":0},"classes":[]},{"id":2228,"url":"https:\/\/ffw-bockhorn.de\/?page_id=2228","url_meta":{"origin":4293,"position":4},"title":"Eins\u00e4tze 2018","author":"FFW Bockhorn","date":"4. Januar 2018","format":false,"excerpt":"","rel":"","context":"\u00c4hnlicher Beitrag","block_context":{"text":"\u00c4hnlicher Beitrag","link":""},"img":{"alt_text":"","src":"https:\/\/i0.wp.com\/ffw-bockhorn.de\/wp-content\/uploads\/2016\/10\/Webbanner_155x55_Handy.jpg?resize=350%2C200","width":350,"height":200,"srcset":"https:\/\/i0.wp.com\/ffw-bockhorn.de\/wp-content\/uploads\/2016\/10\/Webbanner_155x55_Handy.jpg?resize=350%2C200 1x, https:\/\/i0.wp.com\/ffw-bockhorn.de\/wp-content\/uploads\/2016\/10\/Webbanner_155x55_Handy.jpg?resize=525%2C300 1.5x"},"classes":[]},{"id":451,"url":"https:\/\/ffw-bockhorn.de\/?page_id=451","url_meta":{"origin":4293,"position":5},"title":"Eins\u00e4tze 2015","author":"FFW Bockhorn","date":"29. November 2015","format":false,"excerpt":"","rel":"","context":"\u00c4hnlicher Beitrag","block_context":{"text":"\u00c4hnlicher Beitrag","link":""},"img":{"alt_text":"","src":"","width":0,"height":0},"classes":[]}],"_links":{"self":[{"href":"https:\/\/ffw-bockhorn.de\/index.php?rest_route=\/wp\/v2\/pages\/4293","targetHints":{"allow":["GET"]}}],"collection":[{"href":"https:\/\/ffw-bockhorn.de\/index.php?rest_route=\/wp\/v2\/pages"}],"about":[{"href":"https:\/\/ffw-bockhorn.de\/index.php?rest_route=\/wp\/v2\/types\/page"}],"author":[{"embeddable":true,"href":"https:\/\/ffw-bockhorn.de\/index.php?rest_route=\/wp\/v2\/users\/1"}],"replies":[{"embeddable":true,"href":"https:\/\/ffw-bockhorn.de\/index.php?rest_route=%2Fwp%2Fv2%2Fcomments&post=4293"}],"version-history":[{"count":1,"href":"https:\/\/ffw-bockhorn.de\/index.php?rest_route=\/wp\/v2\/pages\/4293\/revisions"}],"predecessor-version":[{"id":4294,"href":"https:\/\/ffw-bockhorn.de\/index.php?rest_route=\/wp\/v2\/pages\/4293\/revisions\/4294"}],"wp:attachment":[{"href":"https:\/\/ffw-bockhorn.de\/index.php?rest_route=%2Fwp%2Fv2%2Fmedia&parent=4293"}],"curies":[{"name":"wp","href":"https:\/\/api.w.org\/{rel}","templated":true}]}}