{"id":451,"date":"2015-11-29T08:00:34","date_gmt":"2015-11-29T07:00:34","guid":{"rendered":"http:\/\/ffw-bockhorn.de\/?page_id=451"},"modified":"2015-12-14T21:47:00","modified_gmt":"2015-12-14T20:47:00","slug":"einsaetze-2015-neu","status":"publish","type":"page","link":"https:\/\/ffw-bockhorn.de\/?page_id=451","title":{"rendered":"Eins\u00e4tze 2015"},"content":{"rendered":"\n<table id=\"tablepress-1\" class=\"tablepress tablepress-id-1\">\n<thead>\n<tr class=\"row-1\">\n\t<th class=\"column-1\">Nr.<\/th><th class=\"column-2\">Datum<\/th><th class=\"column-3\">Einsatzbeschreibung<\/th><th class=\"column-4\">Einsatzort<\/th><th class=\"column-5\">Einsatzbericht<\/th>\n<\/tr>\n<\/thead>\n<tbody class=\"row-striping row-hover\">\n<tr class=\"row-2\">\n\t<td class=\"column-1\">27<\/td><td class=\"column-2\">24.12.2015<\/td><td class=\"column-3\">Verkehrsunfall<\/td><td class=\"column-4\">B388, Kreuth\u00e4usl<\/td><td class=\"column-5\"><a href=\"https:\/\/www.facebook.com\/ffwgruenbach\/posts\/1045365488855474:0\" target=\"_blank\">Facebook<\/a><\/td>\n<\/tr>\n<tr class=\"row-3\">\n\t<td class=\"column-1\">26<\/td><td class=\"column-2\">16.12.2015<\/td><td class=\"column-3\">Verkehrsunfall<\/td><td class=\"column-4\">Bockhorn<\/td><td class=\"column-5\"><a href=\"https:\/\/www.ed-live.de\/nachrichten_details?id=66395\" target=\"_blank\">ED-Live<\/a><\/td>\n<\/tr>\n<tr class=\"row-4\">\n\t<td class=\"column-1\">25<\/td><td class=\"column-2\">09.10.2015 <\/td><td class=\"column-3\">Bulldogbrand<\/td><td class=\"column-4\">Tittenkofen<\/td><td class=\"column-5\"><\/td>\n<\/tr>\n<tr class=\"row-5\">\n\t<td class=\"column-1\">24<\/td><td class=\"column-2\">05.10.2015<\/td><td class=\"column-3\">PKW-Brand<\/td><td class=\"column-4\">Bockhorn<\/td><td class=\"column-5\"><\/td>\n<\/tr>\n<tr class=\"row-6\">\n\t<td class=\"column-1\">23<\/td><td class=\"column-2\">01.09.2015<\/td><td class=\"column-3\">Ausleuchten Hubschrauberlandeplatz<\/td><td class=\"column-4\">Unterstrogn<\/td><td class=\"column-5\"><\/td>\n<\/tr>\n<tr class=\"row-7\">\n\t<td class=\"column-1\">22<\/td><td class=\"column-2\">31.08.2015<\/td><td class=\"column-3\">Schwerer Verkehrsunfall<\/td><td class=\"column-4\">B388, Gr\u00fcnbach<\/td><td class=\"column-5\"><a href=\"http:\/\/www.merkur.de\/lokales\/erding\/landkreis\/motorradfahrer-bricht-sich-hand-5455196.html\" target=\"_blank\">Merkur<\/a><\/td>\n<\/tr>\n<tr class=\"row-8\">\n\t<td class=\"column-1\">21<\/td><td class=\"column-2\">25.08.2015<\/td><td class=\"column-3\">Zimmerbrand<\/td><td class=\"column-4\">Gr\u00fcnbach<\/td><td class=\"column-5\"><a href=\"http:\/\/www.sueddeutsche.de\/muenchen\/erding\/bockhorn-spuelmaschine-setzt-kueche-in-brand-1.2623072\" target=\"_blank\">S\u00fcddeutsche<\/a><\/td>\n<\/tr>\n<tr class=\"row-9\">\n\t<td class=\"column-1\">20<\/td><td class=\"column-2\">18.08.2015<\/td><td class=\"column-3\">\u00d6lspur<\/td><td class=\"column-4\">Unterstrogn<\/td><td class=\"column-5\"><\/td>\n<\/tr>\n<tr class=\"row-10\">\n\t<td class=\"column-1\">19<\/td><td class=\"column-2\">06.08.2015<\/td><td class=\"column-3\">Verkehrsunfall<\/td><td class=\"column-4\">Gr\u00fcnbach<\/td><td class=\"column-5\"><a href=\"http:\/\/www.merkur.de\/lokales\/erding\/bockhorn\/verletzter-b388-kolonnenspringer-provoziert-unfall-5324088.html\" target=\"_blank\">Merkur<\/a><br \/>\n<a href=\"http:\/\/www.sueddeutsche.de\/muenchen\/erding\/bockhorn-ruecksichtsloser-ueberholer-1.2598684\" target=\"_blank\">S\u00fcddeutsche<\/a><\/td>\n<\/tr>\n<tr class=\"row-11\">\n\t<td class=\"column-1\">18<\/td><td class=\"column-2\">16.07.2015<\/td><td class=\"column-3\">Verkehrsunfall<\/td><td class=\"column-4\">B388, Gr\u00fcnbach<\/td><td class=\"column-5\"><a href=\"http:\/\/www.merkur.de\/lokales\/erding\/erding\/vier-rettungshubschrauber-einsatz-sieben-verletzte-zwei-schweren-unfaellen-5258497.html\" target=\"_blank\">Merkur<\/a><br \/>\n<a href=\"http:\/\/www.sueddeutsche.de\/muenchen\/erding\/bockhorn-schwerer-unfall-auf-der-b-1.2571985\" target=\"_blank\">S\u00fcddeutsche 1<\/a><br \/>\n<a href=\"http:\/\/www.sueddeutsche.de\/muenchen\/erding\/bockhorn-unfall-beim-unfalleinsatz-1.2571520\" target=\"_blank\">S\u00fcddeutsche 2<\/a><br \/>\n<a href=\"http:\/\/www.wochenblatt.de\/nachrichten\/erding\/regionales\/Mega-Crash-mit-sechs-Verletzten-auf-der-B388;art1150,316977\" target=\"_blank\">Wochenblatt<\/a><br \/>\n<a href=\"http:\/\/www.einsatzfotos-online.de\/index.php?option=com_reports2&amp;view=show&amp;Itemid=72&amp;id=236&amp;Monat=0&amp;department=0&amp;data=0&amp;all=\" target=\"_blank\">Herkner<\/a><\/td>\n<\/tr>\n<tr class=\"row-12\">\n\t<td class=\"column-1\">17<\/td><td class=\"column-2\">11.07.2015<\/td><td class=\"column-3\">Baum \u00fcber Fahrbahn<\/td><td class=\"column-4\">Bockhorn<\/td><td class=\"column-5\"><\/td>\n<\/tr>\n<tr class=\"row-13\">\n\t<td class=\"column-1\">16<\/td><td class=\"column-2\">01.07.2015<\/td><td class=\"column-3\">Verkehrsunfall<\/td><td class=\"column-4\">Gr\u00fcnbach<\/td><td class=\"column-5\"><a href=\"http:\/\/www.wochenblatt.de\/nachrichten\/erding\/regionales\/Ein-Leichtverletzter-bei-Unfall-auf-der-B-388;art1150,314165\" target=\"_blank\">Wochenblatt<\/a><\/td>\n<\/tr>\n<tr class=\"row-14\">\n\t<td class=\"column-1\">15<\/td><td class=\"column-2\">18.06.2015<\/td><td class=\"column-3\">Rauchentwicklung<\/td><td class=\"column-4\">Salmannskirchen\/Flanning<\/td><td class=\"column-5\"><\/td>\n<\/tr>\n<tr class=\"row-15\">\n\t<td class=\"column-1\">14<\/td><td class=\"column-2\">17.06.2015<\/td><td class=\"column-3\">Schwerer Verkehrsunfall<\/td><td class=\"column-4\">ST2084, Kirchasch <\/td><td class=\"column-5\"><a href=\"http:\/\/www.merkur.de\/lokales\/erding\/erding\/schwerer-unfall-staatsstrasse-2084-kirchasch-drei-kinder-verletzt-5119779.html\" target=\"_blank\">Merkur<\/a><br \/>\n<a href=\"http:\/\/www.wochenblatt.de\/nachrichten\/erding\/regionales\/Beim-Ueberholen-Unfall-gebaut-fuenf-Verletzte-darunter-drei-Kinder;art1150,311747\" target=\"_blank\">Wochenblatt<\/a><\/td>\n<\/tr>\n<tr class=\"row-16\">\n\t<td class=\"column-1\">13<\/td><td class=\"column-2\">10.06.2015<\/td><td class=\"column-3\">Verkehrsunfall<\/td><td class=\"column-4\">B388, Hecken<\/td><td class=\"column-5\"><a href=\"http:\/\/www.merkur.de\/lokales\/erding\/bockhorn\/unfallauf-5091221.html\" target=\"_blank\">Merkur<\/a><\/td>\n<\/tr>\n<tr class=\"row-17\">\n\t<td class=\"column-1\">12<\/td><td class=\"column-2\">22.05.2015<\/td><td class=\"column-3\">Gro\u00dftierrettung<\/td><td class=\"column-4\">Papferding<\/td><td class=\"column-5\"><\/td>\n<\/tr>\n<tr class=\"row-18\">\n\t<td class=\"column-1\">11<\/td><td class=\"column-2\">22.04.2015<\/td><td class=\"column-3\">Zimmerbrand<\/td><td class=\"column-4\">Riedersheim<\/td><td class=\"column-5\"><a href=\"http:\/\/www.merkur.de\/lokales\/erding\/bockhorn\/rauchende-waschmaschine-4933313.html\" target=\"_blank\">Merkur<\/a><br \/>\n<a href=\"http:\/\/www.sueddeutsche.de\/muenchen\/erding\/bockhorn-rauchende-waschmaschine-1.2448099\" target=\"_blank\">S\u00fcddeutsche<\/a><br \/>\n<a href=\"http:\/\/www.wochenblatt.de\/nachrichten\/erding\/regionales\/Kurzschluss-fuehrt-zu-Zimmerbrand;art1150,302047\" target=\"_blank\">Wochenblatt<\/a><\/td>\n<\/tr>\n<tr class=\"row-19\">\n\t<td class=\"column-1\">10<\/td><td class=\"column-2\">31.03.2015<\/td><td class=\"column-3\">Baum \u00fcber Fahrbahn<\/td><td class=\"column-4\">Kreuth\u00e4usl<\/td><td class=\"column-5\"><a href=\"http:\/\/www.merkur.de\/lokales\/erding\/landkreis\/fussgaenger-orkan-schwer-verletzt-4873937.html\" target=\"_blank\">Merkur<\/a><\/td>\n<\/tr>\n<tr class=\"row-20\">\n\t<td class=\"column-1\">9<\/td><td class=\"column-2\">31.03.2015<\/td><td class=\"column-3\">Baum \u00fcber Fahrbahn<\/td><td class=\"column-4\">Kreuth\u00e4usl<\/td><td class=\"column-5\"><\/td>\n<\/tr>\n<tr class=\"row-21\">\n\t<td class=\"column-1\">8<\/td><td class=\"column-2\">31.03.2015<\/td><td class=\"column-3\">Baum \u00fcber Fahrbahn<\/td><td class=\"column-4\">Gr\u00fcnbach<\/td><td class=\"column-5\"><\/td>\n<\/tr>\n<tr class=\"row-22\">\n\t<td class=\"column-1\">7<\/td><td class=\"column-2\">31.03.2015<\/td><td class=\"column-3\">Besetzung ??????<\/td><td class=\"column-4\">Erding<\/td><td class=\"column-5\"><\/td>\n<\/tr>\n<tr class=\"row-23\">\n\t<td class=\"column-1\">6<\/td><td class=\"column-2\">31.03.2015<\/td><td class=\"column-3\">Baum \u00fcber Fahrbahn<\/td><td class=\"column-4\">Neumauggen<\/td><td class=\"column-5\"><\/td>\n<\/tr>\n<tr class=\"row-24\">\n\t<td class=\"column-1\">5<\/td><td class=\"column-2\">30.03.2015<\/td><td class=\"column-3\">Baum \u00fcber Fahrbahn<\/td><td class=\"column-4\">Riedersheim<\/td><td class=\"column-5\"><\/td>\n<\/tr>\n<tr class=\"row-25\">\n\t<td class=\"column-1\">4<\/td><td class=\"column-2\">23.03.2015<\/td><td class=\"column-3\">Zimmerbrand<\/td><td class=\"column-4\">Unterstrogn<\/td><td class=\"column-5\"><\/td>\n<\/tr>\n<tr class=\"row-26\">\n\t<td class=\"column-1\">3<\/td><td class=\"column-2\">05.03.2015<\/td><td class=\"column-3\">Verkehrsunfall mit LKW<\/td><td class=\"column-4\">Fraunberg<\/td><td class=\"column-5\"><\/td>\n<\/tr>\n<tr class=\"row-27\">\n\t<td class=\"column-1\">2<\/td><td class=\"column-2\">20.02.2015<\/td><td class=\"column-3\">Dekon-Einsatz<\/td><td class=\"column-4\">Aufhausen<\/td><td class=\"column-5\"><\/td>\n<\/tr>\n<tr class=\"row-28\">\n\t<td class=\"column-1\">1<\/td><td class=\"column-2\">03.02.2015<\/td><td class=\"column-3\">Rauchentwicklung<\/td><td class=\"column-4\">Gr\u00fcnbach<\/td><td class=\"column-5\"><a href=\"http:\/\/www.wochenblatt.de\/nachrichten\/erding\/regionales\/Heizungsanlage-loest-Feuerwehreinsatz-aus;art1150,288509\" target=\"_blank\">Wochenblatt<\/a><\/td>\n<\/tr>\n<\/tbody>\n<\/table>\n<!-- #tablepress-1 from cache -->\n","protected":false},"excerpt":{"rendered":"","protected":false},"author":1,"featured_media":0,"parent":0,"menu_order":0,"comment_status":"closed","ping_status":"closed","template":"","meta":{"jetpack_post_was_ever_published":false,"footnotes":""},"class_list":["post-451","page","type-page","status-publish","hentry"],"jetpack_sharing_enabled":true,"jetpack_shortlink":"https:\/\/wp.me\/P6T4yF-7h","jetpack-related-posts":[{"id":3073,"url":"https:\/\/ffw-bockhorn.de\/?page_id=3073","url_meta":{"origin":451,"position":0},"title":"Eins\u00e4tze","author":"FFW Bockhorn","date":"9. Februar 2019","format":false,"excerpt":"","rel":"","context":"\u00c4hnlicher Beitrag","block_context":{"text":"\u00c4hnlicher Beitrag","link":""},"img":{"alt_text":"","src":"https:\/\/i0.wp.com\/ffw-bockhorn.de\/wp-content\/uploads\/2019\/02\/IMG_20181020_154455.jpg?resize=350%2C200&ssl=1","width":350,"height":200,"srcset":"https:\/\/i0.wp.com\/ffw-bockhorn.de\/wp-content\/uploads\/2019\/02\/IMG_20181020_154455.jpg?resize=350%2C200&ssl=1 1x, https:\/\/i0.wp.com\/ffw-bockhorn.de\/wp-content\/uploads\/2019\/02\/IMG_20181020_154455.jpg?resize=525%2C300&ssl=1 1.5x, https:\/\/i0.wp.com\/ffw-bockhorn.de\/wp-content\/uploads\/2019\/02\/IMG_20181020_154455.jpg?resize=700%2C400&ssl=1 2x, https:\/\/i0.wp.com\/ffw-bockhorn.de\/wp-content\/uploads\/2019\/02\/IMG_20181020_154455.jpg?resize=1050%2C600&ssl=1 3x, https:\/\/i0.wp.com\/ffw-bockhorn.de\/wp-content\/uploads\/2019\/02\/IMG_20181020_154455.jpg?resize=1400%2C800&ssl=1 4x"},"classes":[]},{"id":263,"url":"https:\/\/ffw-bockhorn.de\/?page_id=263","url_meta":{"origin":451,"position":1},"title":"Eins\u00e4tze 2012","author":"FFW Bockhorn","date":"5. November 2015","format":false,"excerpt":"","rel":"","context":"\u00c4hnlicher Beitrag","block_context":{"text":"\u00c4hnlicher Beitrag","link":""},"img":{"alt_text":"","src":"","width":0,"height":0},"classes":[]},{"id":477,"url":"https:\/\/ffw-bockhorn.de\/?page_id=477","url_meta":{"origin":451,"position":2},"title":"Eins\u00e4tze 2011","author":"FFW Bockhorn","date":"29. November 2015","format":false,"excerpt":"","rel":"","context":"\u00c4hnlicher Beitrag","block_context":{"text":"\u00c4hnlicher Beitrag","link":""},"img":{"alt_text":"","src":"","width":0,"height":0},"classes":[]},{"id":479,"url":"https:\/\/ffw-bockhorn.de\/?page_id=479","url_meta":{"origin":451,"position":3},"title":"Eins\u00e4tze 2013","author":"FFW Bockhorn","date":"29. November 2015","format":false,"excerpt":"","rel":"","context":"\u00c4hnlicher Beitrag","block_context":{"text":"\u00c4hnlicher Beitrag","link":""},"img":{"alt_text":"","src":"","width":0,"height":0},"classes":[]},{"id":4293,"url":"https:\/\/ffw-bockhorn.de\/?page_id=4293","url_meta":{"origin":451,"position":4},"title":"Eins\u00e4tze 2023","author":"FFW Bockhorn","date":"22. Januar 2023","format":false,"excerpt":"","rel":"","context":"\u00c4hnlicher Beitrag","block_context":{"text":"\u00c4hnlicher Beitrag","link":""},"img":{"alt_text":"","src":"","width":0,"height":0},"classes":[]},{"id":2228,"url":"https:\/\/ffw-bockhorn.de\/?page_id=2228","url_meta":{"origin":451,"position":5},"title":"Eins\u00e4tze 2018","author":"FFW Bockhorn","date":"4. Januar 2018","format":false,"excerpt":"","rel":"","context":"\u00c4hnlicher Beitrag","block_context":{"text":"\u00c4hnlicher Beitrag","link":""},"img":{"alt_text":"","src":"https:\/\/i0.wp.com\/ffw-bockhorn.de\/wp-content\/uploads\/2016\/10\/Webbanner_155x55_Handy.jpg?resize=350%2C200","width":350,"height":200,"srcset":"https:\/\/i0.wp.com\/ffw-bockhorn.de\/wp-content\/uploads\/2016\/10\/Webbanner_155x55_Handy.jpg?resize=350%2C200 1x, https:\/\/i0.wp.com\/ffw-bockhorn.de\/wp-content\/uploads\/2016\/10\/Webbanner_155x55_Handy.jpg?resize=525%2C300 1.5x"},"classes":[]}],"_links":{"self":[{"href":"https:\/\/ffw-bockhorn.de\/index.php?rest_route=\/wp\/v2\/pages\/451","targetHints":{"allow":["GET"]}}],"collection":[{"href":"https:\/\/ffw-bockhorn.de\/index.php?rest_route=\/wp\/v2\/pages"}],"about":[{"href":"https:\/\/ffw-bockhorn.de\/index.php?rest_route=\/wp\/v2\/types\/page"}],"author":[{"embeddable":true,"href":"https:\/\/ffw-bockhorn.de\/index.php?rest_route=\/wp\/v2\/users\/1"}],"replies":[{"embeddable":true,"href":"https:\/\/ffw-bockhorn.de\/index.php?rest_route=%2Fwp%2Fv2%2Fcomments&post=451"}],"version-history":[{"count":2,"href":"https:\/\/ffw-bockhorn.de\/index.php?rest_route=\/wp\/v2\/pages\/451\/revisions"}],"predecessor-version":[{"id":616,"href":"https:\/\/ffw-bockhorn.de\/index.php?rest_route=\/wp\/v2\/pages\/451\/revisions\/616"}],"wp:attachment":[{"href":"https:\/\/ffw-bockhorn.de\/index.php?rest_route=%2Fwp%2Fv2%2Fmedia&parent=451"}],"curies":[{"name":"wp","href":"https:\/\/api.w.org\/{rel}","templated":true}]}}