{"id":4551,"date":"2025-03-16T09:58:11","date_gmt":"2025-03-16T08:58:11","guid":{"rendered":"https:\/\/ffw-bockhorn.de\/?page_id=4551"},"modified":"2025-03-16T10:02:16","modified_gmt":"2025-03-16T09:02:16","slug":"einsaetze-2025","status":"publish","type":"page","link":"https:\/\/ffw-bockhorn.de\/?page_id=4551","title":{"rendered":"Eins\u00e4tze 2025"},"content":{"rendered":"\n<figure class=\"wp-block-image size-full\"><a href=\"https:\/\/i0.wp.com\/ffw-bockhorn.de\/wp-content\/uploads\/2016\/10\/Webbanner_155x55_Hydrant.jpg?ssl=1\"><img data-recalc-dims=\"1\" loading=\"lazy\" decoding=\"async\" width=\"610\" height=\"217\" data-attachment-id=\"1723\" data-permalink=\"https:\/\/ffw-bockhorn.de\/?attachment_id=1723\" data-orig-file=\"https:\/\/i0.wp.com\/ffw-bockhorn.de\/wp-content\/uploads\/2016\/10\/Webbanner_155x55_Hydrant.jpg?fit=610%2C217&amp;ssl=1\" data-orig-size=\"610,217\" data-comments-opened=\"0\" data-image-meta=\"{&quot;aperture&quot;:&quot;0&quot;,&quot;credit&quot;:&quot;&quot;,&quot;camera&quot;:&quot;&quot;,&quot;caption&quot;:&quot;&quot;,&quot;created_timestamp&quot;:&quot;0&quot;,&quot;copyright&quot;:&quot;&quot;,&quot;focal_length&quot;:&quot;0&quot;,&quot;iso&quot;:&quot;0&quot;,&quot;shutter_speed&quot;:&quot;0&quot;,&quot;title&quot;:&quot;&quot;,&quot;orientation&quot;:&quot;0&quot;}\" data-image-title=\"Webbanner_155x55_Hydrant\" data-image-description=\"\" data-image-caption=\"\" data-medium-file=\"https:\/\/i0.wp.com\/ffw-bockhorn.de\/wp-content\/uploads\/2016\/10\/Webbanner_155x55_Hydrant.jpg?fit=300%2C107&amp;ssl=1\" data-large-file=\"https:\/\/i0.wp.com\/ffw-bockhorn.de\/wp-content\/uploads\/2016\/10\/Webbanner_155x55_Hydrant.jpg?fit=840%2C840&amp;ssl=1\" src=\"https:\/\/i0.wp.com\/ffw-bockhorn.de\/wp-content\/uploads\/2016\/10\/Webbanner_155x55_Hydrant.jpg?resize=610%2C217&#038;ssl=1\" alt=\"\" class=\"wp-image-1723\" srcset=\"https:\/\/i0.wp.com\/ffw-bockhorn.de\/wp-content\/uploads\/2016\/10\/Webbanner_155x55_Hydrant.jpg?w=610&amp;ssl=1 610w, https:\/\/i0.wp.com\/ffw-bockhorn.de\/wp-content\/uploads\/2016\/10\/Webbanner_155x55_Hydrant.jpg?resize=300%2C107&amp;ssl=1 300w\" sizes=\"auto, (max-width: 610px) 100vw, 610px\" \/><\/a><\/figure>\n\n\n\n<p><\/p>\n\n\n\n<div class=\"wp-block-buttons is-layout-flex wp-block-buttons-is-layout-flex\">\n<div class=\"wp-block-button\"><a class=\"wp-block-button__link wp-element-button\" href=\"https:\/\/ffw-bockhorn.de\/?page_id=3780\">Ich m\u00f6chte auch helfen<\/a><\/div>\n<\/div>\n\n\n\n<p><\/p>\n\n\n\n\n<table id=\"tablepress-26\" class=\"tablepress tablepress-id-26\">\n<thead>\n<tr class=\"row-1\">\n\t<th class=\"column-1\">Nr.<\/th><th class=\"column-2\">Datum<\/th><th class=\"column-3\">Meldung<\/th><th class=\"column-4\">Ort<\/th><th class=\"column-5\">Bericht<\/th>\n<\/tr>\n<\/thead>\n<tbody class=\"row-striping row-hover\">\n<tr class=\"row-2\">\n\t<td class=\"column-1\">13<\/td><td class=\"column-2\">18.10.<\/td><td class=\"column-3\">Unterst\u00fctzung Rettungsdienst<\/td><td class=\"column-4\">Riedersheim<\/td><td class=\"column-5\"><\/td>\n<\/tr>\n<tr class=\"row-3\">\n\t<td class=\"column-1\">12<\/td><td class=\"column-2\">26.09.<\/td><td class=\"column-3\">Gefahrstoff<\/td><td class=\"column-4\">Schwaig<\/td><td class=\"column-5\"><\/td>\n<\/tr>\n<tr class=\"row-4\">\n\t<td class=\"column-1\">11<\/td><td class=\"column-2\">21.09.<\/td><td class=\"column-3\">Verkehrsunfall<\/td><td class=\"column-4\">B388, Hecken<\/td><td class=\"column-5\"><\/td>\n<\/tr>\n<tr class=\"row-5\">\n\t<td class=\"column-1\">10<\/td><td class=\"column-2\">14.08.<\/td><td class=\"column-3\">Personenrettung<\/td><td class=\"column-4\">Tittenkofen<\/td><td class=\"column-5\"><\/td>\n<\/tr>\n<tr class=\"row-6\">\n\t<td class=\"column-1\">9<\/td><td class=\"column-2\">02.06.<\/td><td class=\"column-3\">Verkehrsunfall<\/td><td class=\"column-4\">B388, Salmanskirchen<\/td><td class=\"column-5\"><a href=\"https:\/\/www.ed-live.de\/nachrichten_details?id=190946\" target=\"_blank\" rel=\"noopener\">ED-Live<\/a><\/td>\n<\/tr>\n<tr class=\"row-7\">\n\t<td class=\"column-1\">8<\/td><td class=\"column-2\">30.05.<\/td><td class=\"column-3\">Verkehrsunfall<\/td><td class=\"column-4\">B388, Salmanskirchen<\/td><td class=\"column-5\"><a href=\"https:\/\/www.merkur.de\/lokales\/erding\/bockhorn-ort377212\/sechs-verletzte-bei-unfall-auf-der-b388-93762815.html\" target=\"_blank\" rel=\"noopener\">Merkur<\/a><\/td>\n<\/tr>\n<tr class=\"row-8\">\n\t<td class=\"column-1\">7<\/td><td class=\"column-2\">28.05.<\/td><td class=\"column-3\">Verkehrsunfall<\/td><td class=\"column-4\">Rappoldskirchen<\/td><td class=\"column-5\"><\/td>\n<\/tr>\n<tr class=\"row-9\">\n\t<td class=\"column-1\">6<\/td><td class=\"column-2\">05.04.<\/td><td class=\"column-3\">Verkehrsunfall<\/td><td class=\"column-4\">B388, Oberstrogn<\/td><td class=\"column-5\"><a href=\"https:\/\/www.merkur.de\/lokales\/erding\/bockhorn-ort377212\/bockhorn-unfall-auf-der-b388-bei-oberstrogn-kontrolle-uebers-cabrio-verloren-bmw-landet-im-strassengraben-93671163.html\" target=\"_blank\" rel=\"noopener\">Merkur<\/a><\/td>\n<\/tr>\n<tr class=\"row-10\">\n\t<td class=\"column-1\">5<\/td><td class=\"column-2\">23.03.<\/td><td class=\"column-3\">Verkehrsunfall<\/td><td class=\"column-4\">ED 15, Eschlbach<\/td><td class=\"column-5\"><a href=\"https:\/\/www.ed-live.de\/nachrichten_details?id=188068\" target=\"_blank\" rel=\"noopener\">ED-Live<\/a><\/td>\n<\/tr>\n<tr class=\"row-11\">\n\t<td class=\"column-1\">4<\/td><td class=\"column-2\">04.03.<\/td><td class=\"column-3\">THL - Chemie - Fehlalarm<\/td><td class=\"column-4\">A94<\/td><td class=\"column-5\"><\/td>\n<\/tr>\n<tr class=\"row-12\">\n\t<td class=\"column-1\">3<\/td><td class=\"column-2\">17.02.<\/td><td class=\"column-3\">Kaminbrand<\/td><td class=\"column-4\">Bockhorn<\/td><td class=\"column-5\"><\/td>\n<\/tr>\n<tr class=\"row-13\">\n\t<td class=\"column-1\">2<\/td><td class=\"column-2\">23.01.<\/td><td class=\"column-3\">Verkehrsunfall<\/td><td class=\"column-4\">B388, Hecken<\/td><td class=\"column-5\"><\/td>\n<\/tr>\n<tr class=\"row-14\">\n\t<td class=\"column-1\">1<\/td><td class=\"column-2\">09.01.<\/td><td class=\"column-3\">Baum auf Stra\u00dfe<\/td><td class=\"column-4\">Neumauggen<\/td><td class=\"column-5\"><\/td>\n<\/tr>\n<\/tbody>\n<\/table>\n<!-- #tablepress-26 from cache -->\n\n\n\n<p><\/p>\n","protected":false},"excerpt":{"rendered":"","protected":false},"author":1,"featured_media":0,"parent":0,"menu_order":0,"comment_status":"closed","ping_status":"closed","template":"","meta":{"jetpack_post_was_ever_published":false,"footnotes":""},"class_list":["post-4551","page","type-page","status-publish","hentry"],"jetpack_sharing_enabled":true,"jetpack_shortlink":"https:\/\/wp.me\/P6T4yF-1bp","jetpack-related-posts":[{"id":2378,"url":"https:\/\/ffw-bockhorn.de\/?page_id=2378","url_meta":{"origin":4551,"position":0},"title":"Eins\u00e4tze 2019","author":"FFW Bockhorn","date":"31. Dezember 2018","format":false,"excerpt":"Ich m\u00f6chte auch helfen","rel":"","context":"\u00c4hnlicher Beitrag","block_context":{"text":"\u00c4hnlicher Beitrag","link":""},"img":{"alt_text":"","src":"https:\/\/i0.wp.com\/ffw-bockhorn.de\/wp-content\/uploads\/2016\/10\/Webbanner_155x55_Feuermelder.jpg?fit=610%2C217&ssl=1&resize=350%2C200","width":350,"height":200,"srcset":"https:\/\/i0.wp.com\/ffw-bockhorn.de\/wp-content\/uploads\/2016\/10\/Webbanner_155x55_Feuermelder.jpg?fit=610%2C217&ssl=1&resize=350%2C200 1x, https:\/\/i0.wp.com\/ffw-bockhorn.de\/wp-content\/uploads\/2016\/10\/Webbanner_155x55_Feuermelder.jpg?fit=610%2C217&ssl=1&resize=525%2C300 1.5x"},"classes":[]},{"id":3754,"url":"https:\/\/ffw-bockhorn.de\/?page_id=3754","url_meta":{"origin":4551,"position":1},"title":"Eins\u00e4tze 2020","author":"FFW Bockhorn","date":"21. Dezember 2019","format":false,"excerpt":"Ich m\u00f6chte auch helfen","rel":"","context":"\u00c4hnlicher Beitrag","block_context":{"text":"\u00c4hnlicher Beitrag","link":""},"img":{"alt_text":"","src":"https:\/\/i0.wp.com\/ffw-bockhorn.de\/wp-content\/uploads\/2016\/10\/Webbanner_155x55_Flammen.jpg?fit=610%2C217&ssl=1&resize=350%2C200","width":350,"height":200,"srcset":"https:\/\/i0.wp.com\/ffw-bockhorn.de\/wp-content\/uploads\/2016\/10\/Webbanner_155x55_Flammen.jpg?fit=610%2C217&ssl=1&resize=350%2C200 1x, https:\/\/i0.wp.com\/ffw-bockhorn.de\/wp-content\/uploads\/2016\/10\/Webbanner_155x55_Flammen.jpg?fit=610%2C217&ssl=1&resize=525%2C300 1.5x"},"classes":[]},{"id":3945,"url":"https:\/\/ffw-bockhorn.de\/?page_id=3945","url_meta":{"origin":4551,"position":2},"title":"Eins\u00e4tze 2021","author":"FFW Bockhorn","date":"31. Dezember 2020","format":false,"excerpt":"Ich m\u00f6chte auch helfen","rel":"","context":"\u00c4hnlicher Beitrag","block_context":{"text":"\u00c4hnlicher Beitrag","link":""},"img":{"alt_text":"","src":"","width":0,"height":0},"classes":[]},{"id":4106,"url":"https:\/\/ffw-bockhorn.de\/?page_id=4106","url_meta":{"origin":4551,"position":3},"title":"Eins\u00e4tze 2022","author":"FFW Bockhorn","date":"2. Januar 2022","format":false,"excerpt":"Ich m\u00f6chte auch helfen","rel":"","context":"\u00c4hnlicher Beitrag","block_context":{"text":"\u00c4hnlicher Beitrag","link":""},"img":{"alt_text":"","src":"https:\/\/i0.wp.com\/ffw-bockhorn.de\/wp-content\/uploads\/2016\/10\/Webbanner_155x55_Handy.jpg?fit=610%2C217&ssl=1&resize=350%2C200","width":350,"height":200,"srcset":"https:\/\/i0.wp.com\/ffw-bockhorn.de\/wp-content\/uploads\/2016\/10\/Webbanner_155x55_Handy.jpg?fit=610%2C217&ssl=1&resize=350%2C200 1x, https:\/\/i0.wp.com\/ffw-bockhorn.de\/wp-content\/uploads\/2016\/10\/Webbanner_155x55_Handy.jpg?fit=610%2C217&ssl=1&resize=525%2C300 1.5x"},"classes":[]},{"id":4451,"url":"https:\/\/ffw-bockhorn.de\/?page_id=4451","url_meta":{"origin":4551,"position":4},"title":"Eins\u00e4tze 2024","author":"FFW Bockhorn","date":"30. M\u00e4rz 2024","format":false,"excerpt":"Ich m\u00f6chte auch helfen","rel":"","context":"\u00c4hnlicher Beitrag","block_context":{"text":"\u00c4hnlicher Beitrag","link":""},"img":{"alt_text":"","src":"https:\/\/i0.wp.com\/ffw-bockhorn.de\/wp-content\/uploads\/2016\/10\/Webbanner_155x55_Handy.jpg?resize=350%2C200&ssl=1","width":350,"height":200,"srcset":"https:\/\/i0.wp.com\/ffw-bockhorn.de\/wp-content\/uploads\/2016\/10\/Webbanner_155x55_Handy.jpg?resize=350%2C200&ssl=1 1x, https:\/\/i0.wp.com\/ffw-bockhorn.de\/wp-content\/uploads\/2016\/10\/Webbanner_155x55_Handy.jpg?resize=525%2C300&ssl=1 1.5x"},"classes":[]},{"id":4674,"url":"https:\/\/ffw-bockhorn.de\/?page_id=4674","url_meta":{"origin":4551,"position":5},"title":"Eins\u00e4tze 2026","author":"FFW Bockhorn","date":"6. April 2026","format":false,"excerpt":"Ich m\u00f6chte auch helfen","rel":"","context":"\u00c4hnlicher Beitrag","block_context":{"text":"\u00c4hnlicher Beitrag","link":""},"img":{"alt_text":"","src":"https:\/\/i0.wp.com\/ffw-bockhorn.de\/wp-content\/uploads\/2016\/10\/Webbanner_155x55_Flammen.jpg?resize=350%2C200&ssl=1","width":350,"height":200,"srcset":"https:\/\/i0.wp.com\/ffw-bockhorn.de\/wp-content\/uploads\/2016\/10\/Webbanner_155x55_Flammen.jpg?resize=350%2C200&ssl=1 1x, https:\/\/i0.wp.com\/ffw-bockhorn.de\/wp-content\/uploads\/2016\/10\/Webbanner_155x55_Flammen.jpg?resize=525%2C300&ssl=1 1.5x"},"classes":[]}],"_links":{"self":[{"href":"https:\/\/ffw-bockhorn.de\/index.php?rest_route=\/wp\/v2\/pages\/4551","targetHints":{"allow":["GET"]}}],"collection":[{"href":"https:\/\/ffw-bockhorn.de\/index.php?rest_route=\/wp\/v2\/pages"}],"about":[{"href":"https:\/\/ffw-bockhorn.de\/index.php?rest_route=\/wp\/v2\/types\/page"}],"author":[{"embeddable":true,"href":"https:\/\/ffw-bockhorn.de\/index.php?rest_route=\/wp\/v2\/users\/1"}],"replies":[{"embeddable":true,"href":"https:\/\/ffw-bockhorn.de\/index.php?rest_route=%2Fwp%2Fv2%2Fcomments&post=4551"}],"version-history":[{"count":2,"href":"https:\/\/ffw-bockhorn.de\/index.php?rest_route=\/wp\/v2\/pages\/4551\/revisions"}],"predecessor-version":[{"id":4554,"href":"https:\/\/ffw-bockhorn.de\/index.php?rest_route=\/wp\/v2\/pages\/4551\/revisions\/4554"}],"wp:attachment":[{"href":"https:\/\/ffw-bockhorn.de\/index.php?rest_route=%2Fwp%2Fv2%2Fmedia&parent=4551"}],"curies":[{"name":"wp","href":"https:\/\/api.w.org\/{rel}","templated":true}]}}