{"id":46,"date":"2015-10-27T21:07:58","date_gmt":"2015-10-27T21:07:58","guid":{"rendered":"http:\/\/ffw-bockhorn.de\/?page_id=46"},"modified":"2016-01-11T22:13:31","modified_gmt":"2016-01-11T21:13:31","slug":"chronik-der-gemeinde","status":"publish","type":"page","link":"https:\/\/ffw-bockhorn.de\/?page_id=46","title":{"rendered":"Chronik der Gemeinde"},"content":{"rendered":"<p style=\"text-align: justify;\">Bockhorn liegt etwa 7 km \u00f6stlich der Kreisstadt Erding, genau in der Mitte des Landkreises und umfasst 47 qkm. Das Gemeindegebiet mit seinen fruchtbaren B\u00f6den und seinem Wasserreichtum geh\u00f6rt zu den fr\u00fchest besiedelten Gebieten. Das erste Volk, dessen Name uns noch bekannt ist, waren die Kelten um 500 v.Chr..<\/p>\n<figure id=\"attachment_1013\" aria-describedby=\"caption-attachment-1013\" style=\"width: 250px\" class=\"wp-caption aligncenter\"><img data-recalc-dims=\"1\" loading=\"lazy\" decoding=\"async\" data-attachment-id=\"1013\" data-permalink=\"https:\/\/ffw-bockhorn.de\/?attachment_id=1013\" data-orig-file=\"https:\/\/i0.wp.com\/ffw-bockhorn.de\/wp-content\/uploads\/2015\/12\/festsc0.jpg?fit=250%2C217&amp;ssl=1\" data-orig-size=\"250,217\" data-comments-opened=\"0\" data-image-meta=\"{&quot;aperture&quot;:&quot;0&quot;,&quot;credit&quot;:&quot;&quot;,&quot;camera&quot;:&quot;&quot;,&quot;caption&quot;:&quot;&quot;,&quot;created_timestamp&quot;:&quot;0&quot;,&quot;copyright&quot;:&quot;&quot;,&quot;focal_length&quot;:&quot;0&quot;,&quot;iso&quot;:&quot;0&quot;,&quot;shutter_speed&quot;:&quot;0&quot;,&quot;title&quot;:&quot;&quot;,&quot;orientation&quot;:&quot;0&quot;}\" data-image-title=\"festsc0\" data-image-description=\"\" data-image-caption=\"\" data-medium-file=\"https:\/\/i0.wp.com\/ffw-bockhorn.de\/wp-content\/uploads\/2015\/12\/festsc0.jpg?fit=300%2C300&amp;ssl=1\" data-large-file=\"https:\/\/i0.wp.com\/ffw-bockhorn.de\/wp-content\/uploads\/2015\/12\/festsc0.jpg?fit=840%2C840&amp;ssl=1\" class=\"wp-image-1013 size-full\" src=\"https:\/\/i0.wp.com\/ffw-bockhorn.de\/wp-content\/uploads\/2015\/12\/festsc0.jpg?resize=250%2C217&#038;ssl=1\" alt=\"festsc0\" width=\"250\" height=\"217\" \/><figcaption id=\"caption-attachment-1013\" class=\"wp-caption-text\">Ortsschild von Bockhorn heute<\/figcaption><\/figure>\n<p style=\"text-align: justify;\">Letzte Spuren von dem Kulturvolk das rund ein halbes Jahrtausend europ\u00e4ische Geschichte pr\u00e4gte, finden wir auch heute noch in den Namen unserer Heimatfl\u00fcsse (Strogn, Sempt, Vils, Isen, Isar, Inn).<\/p>\n<p style=\"text-align: justify;\">Im Bockhorner Gemeindegebiet finden sich Spuren der Kelten bei Papferding, wo die Reste einer keltischen Viereckschanze zu erkennen sind. Die Kelten verloren ihre Selbstst\u00e4ndigkeit etwa um 15 v. Chr., als Rom sein Reich bis hin zur Donau ausbreitete und die neue Provinz Raetien dem r\u00f6mischen Weltreich eingliederte und besiedelte.<\/p>\n<p style=\"text-align: justify;\">Nach dem Niedergang des ,,R\u00f6mischen Reiches\u201c und dem Ende der V\u00f6lkerwanderung setzte eine neue Siedlert\u00e4tigkeit ein. In den Ortsnamen spiegelt sich diese Besitzergreifung wieder. So weisen vor allem die ,,-ing\u201c Orte auf die fr\u00fchen Siedlungen der ,,Bajuwaren\u201c hin. Im Gemeindegebiet von Bockhorn ist dies besonders an der Strogn und ihren Seitenb\u00e4chen der Fall. Genauere historische Spuren sind aber erst im fr\u00fchen Mittelalter auszumachen.<\/p>\n<p style=\"text-align: justify;\">Der Name des heutigen Bockhorn hat weder mit Bock noch mit Horn etwas zu tun. Die \u00e4lteste Schreibweise ,,Paccharun\u201c begegnet uns zum ersten Mal im Jahre 926 und bedeutet, dass Leute am Bach, die ,,Bacherer\u201c hier siedelten. Erst im Lauf der Zeit ist die Form Bockhorn amtlich festgeschrieben worden, ganz im Gegensatz zur m\u00fcndlichen \u00dcberlieferung, die den Ort nach wie vor ,,Bocking\u201c nennt. Schon 1315 ist Bockhorn (Pachorn) mit den Filialen Kirchasch, Hecken, Salmannskirchen, Gr\u00fcnbach und Tankham als Pfarrei gef\u00fchrt.<\/p>\n<p style=\"text-align: justify;\">Die fr\u00fcher gotische Kirche in Bockhorn wurde im Jahr 1712 abgerissen. An ihrer Stelle wurde 1723 die weitr\u00e4umige Barockkirche errichtet, die mit ihrem m\u00e4chtigen 36 Meter hohen Turm weit in das Land hinausgr\u00fc\u00dft. Die Kuppel des Turmes stammt aus dem Jahre 1778, da die Urspr\u00fcngliche durch einen Blitzschlag zerst\u00f6rt worden war.<\/p>\n<figure id=\"attachment_1014\" aria-describedby=\"caption-attachment-1014\" style=\"width: 300px\" class=\"wp-caption aligncenter\"><img data-recalc-dims=\"1\" loading=\"lazy\" decoding=\"async\" data-attachment-id=\"1014\" data-permalink=\"https:\/\/ffw-bockhorn.de\/?attachment_id=1014\" data-orig-file=\"https:\/\/i0.wp.com\/ffw-bockhorn.de\/wp-content\/uploads\/2015\/12\/festsc1.jpg?fit=469%2C298&amp;ssl=1\" data-orig-size=\"469,298\" data-comments-opened=\"0\" data-image-meta=\"{&quot;aperture&quot;:&quot;0&quot;,&quot;credit&quot;:&quot;&quot;,&quot;camera&quot;:&quot;&quot;,&quot;caption&quot;:&quot;&quot;,&quot;created_timestamp&quot;:&quot;0&quot;,&quot;copyright&quot;:&quot;&quot;,&quot;focal_length&quot;:&quot;0&quot;,&quot;iso&quot;:&quot;0&quot;,&quot;shutter_speed&quot;:&quot;0&quot;,&quot;title&quot;:&quot;&quot;,&quot;orientation&quot;:&quot;0&quot;}\" data-image-title=\"festsc1\" data-image-description=\"\" data-image-caption=\"\" data-medium-file=\"https:\/\/i0.wp.com\/ffw-bockhorn.de\/wp-content\/uploads\/2015\/12\/festsc1.jpg?fit=300%2C191&amp;ssl=1\" data-large-file=\"https:\/\/i0.wp.com\/ffw-bockhorn.de\/wp-content\/uploads\/2015\/12\/festsc1.jpg?fit=840%2C840&amp;ssl=1\" class=\"wp-image-1014 size-medium\" src=\"https:\/\/i0.wp.com\/ffw-bockhorn.de\/wp-content\/uploads\/2015\/12\/festsc1.jpg?resize=300%2C191&#038;ssl=1\" alt=\"festsc1\" width=\"300\" height=\"191\" srcset=\"https:\/\/i0.wp.com\/ffw-bockhorn.de\/wp-content\/uploads\/2015\/12\/festsc1.jpg?resize=300%2C191&amp;ssl=1 300w, https:\/\/i0.wp.com\/ffw-bockhorn.de\/wp-content\/uploads\/2015\/12\/festsc1.jpg?resize=600%2C381&amp;ssl=1 600w, https:\/\/i0.wp.com\/ffw-bockhorn.de\/wp-content\/uploads\/2015\/12\/festsc1.jpg?w=469&amp;ssl=1 469w\" sizes=\"auto, (max-width: 300px) 100vw, 300px\" \/><figcaption id=\"caption-attachment-1014\" class=\"wp-caption-text\">Eine Grusskarte aus Bockhorn zeigt den Ort um 1901<\/figcaption><\/figure>\n<p style=\"text-align: justify;\">Bockhorn blieb wohl immer ein mehr oder weniger stilles Pfarrdorf. Zu gr\u00f6\u00dferer Bedeutung kam dagegen Riedersheim als Edelsitz und sp\u00e4tere Hofmark. Auch die anderen Namen der zum fr\u00fcheren Gemeindegebiet geh\u00f6renden Orte finden sich schon recht fr\u00fch in alten Grundst\u00fccksurkunden. So wird Aurlfing um 890 als Urolfingen erw\u00e4hnt, auf Bergarn weist um 1660 der Name Pergan hin, Deimling leitet seinen Namen von einem Timo ab. Auf Emling deutet 818 in einer Schenkungsurkunde der Name Emilo hin. Schon 778 wird \u00fcber Haselbach damals Hasalpah berichtet, dass es ein romantisches Kirchlein besitzt. In einer Tauschurkunde von 957 taucht der Name Hoiccha, heute Hecken auf. Eine ganze Reihe von Urkunden befinden sich ab 976 von Ober- und Unterstrogn in den Archiven.<\/p>\n<figure id=\"attachment_1011\" aria-describedby=\"caption-attachment-1011\" style=\"width: 116px\" class=\"wp-caption aligncenter\"><img data-recalc-dims=\"1\" loading=\"lazy\" decoding=\"async\" data-attachment-id=\"1011\" data-permalink=\"https:\/\/ffw-bockhorn.de\/?attachment_id=1011\" data-orig-file=\"https:\/\/i0.wp.com\/ffw-bockhorn.de\/wp-content\/uploads\/2015\/12\/festsc2.jpg?fit=116%2C127&amp;ssl=1\" data-orig-size=\"116,127\" data-comments-opened=\"0\" data-image-meta=\"{&quot;aperture&quot;:&quot;0&quot;,&quot;credit&quot;:&quot;&quot;,&quot;camera&quot;:&quot;&quot;,&quot;caption&quot;:&quot;&quot;,&quot;created_timestamp&quot;:&quot;0&quot;,&quot;copyright&quot;:&quot;&quot;,&quot;focal_length&quot;:&quot;0&quot;,&quot;iso&quot;:&quot;0&quot;,&quot;shutter_speed&quot;:&quot;0&quot;,&quot;title&quot;:&quot;&quot;,&quot;orientation&quot;:&quot;0&quot;}\" data-image-title=\"festsc2\" data-image-description=\"\" data-image-caption=\"\" data-medium-file=\"https:\/\/i0.wp.com\/ffw-bockhorn.de\/wp-content\/uploads\/2015\/12\/festsc2.jpg?fit=300%2C300&amp;ssl=1\" data-large-file=\"https:\/\/i0.wp.com\/ffw-bockhorn.de\/wp-content\/uploads\/2015\/12\/festsc2.jpg?fit=840%2C840&amp;ssl=1\" class=\"wp-image-1011 size-full\" src=\"https:\/\/i0.wp.com\/ffw-bockhorn.de\/wp-content\/uploads\/2015\/12\/festsc2.jpg?resize=116%2C127&#038;ssl=1\" alt=\"festsc2\" width=\"116\" height=\"127\" \/><figcaption id=\"caption-attachment-1011\" class=\"wp-caption-text\">Gemeindewappen<\/figcaption><\/figure>\n<p style=\"text-align: justify;\">Mit Wirkung vom 1.1.1972 wurden die Gemeinden Bockhorn, Eschlbach, Gr\u00fcnbach und Salmannskirchen zur neuen Gemeinde Bockhorn zusammengelegt. Von diesen Gemeinden f\u00fchrten Bockhorn und Gr\u00fcnbach eigene Wappen, die durch die Zusammenlegung untergegangen sind. Der Inhalt des heutigen Wappens setzt sich zusammen aus dem Silberhorn des im Mittelalter in Gr\u00fcnbach ans\u00e4ssigen Geschlechts der Kraft von Gr\u00fcnbach und dem Wellenbalken als Flusssymbol f\u00fcr die Strogn, die durch das Gemeindegebiet flie\u00dft.<\/p>\n<p style=\"text-align: justify;\">Die Gemeinde Bockhorn hat bis heute seinen l\u00e4ndlichen Charakter nicht verloren. Die dazugeh\u00f6renden Ortschaften wurden durch neu geschaffene Wohnsiedlungen zwar immer gr\u00f6\u00dfer, dennoch blieb die Bebauung \u00fcberschaubar. Die Einwohnerzahl erh\u00f6hte sich von 2224 Einwohnern im Jahr 1963 (damalige Gemeinden zusammen), 2450 Einwohner 1980, auf jetzt 3347 Gemeindeb\u00fcrger (Stand 1.3.2002).<\/p>\n<p style=\"text-align: justify;\">In den letzten Jahren entstanden auch Gewerbegebiete zwischen Bockhorn und Mauggen, sowie in Richtung Grucking. Dabei mussten wir auch Abschied von unserem Lagerhaus in Bockhorn nehmen, das vor kurzem bei Unterstrogn neu errichtet wurde.<\/p>\n<p style=\"text-align: justify;\">Momentan erh\u00e4lt Bockhorn im Rahmen eines F\u00f6rderprogrammes ein neues Gesicht. Der Verlauf der Hauptstra\u00dfe durch den Ort wurde ver\u00e4ndert, dadurch wurde der Bau eines neuen Rathauses (das Alte war mittlerweile viel zu klein) erm\u00f6glicht. Au\u00dferdem war die Verlegung des Kriegerdenkmals n\u00f6tig, da sich das bisherige Denkmal dort befand, wo jetzt das Rathaus steht. Die neue Gedenkst\u00e4tte befindet sich heute hinter dem Rathaus am Weg zum geplanten Friedhof.<\/p>\n<p style=\"text-align: justify;\">In der Ortsmitte, die sich in den n\u00e4chsten Jahren auch noch ver\u00e4ndern soll, befindet sich die Grundschule, die zur Zeit 8 Klassen mit 172 Sch\u00fclern beherbergt. Der gro\u00dfe Anbau der Schule wurde im Mai 1994 eingeweiht.<\/p>\n<p style=\"text-align: justify;\">Bereits 1975 wurde die Schulturnhalle gebaut, dadurch bestand endlich auch die M\u00f6glichkeit f\u00fcr den Breitensport etwas zu tun. 1976 wurde der SV Bockhorn gegr\u00fcndet, der vor allem Gymnastik f\u00fcr jede Altersgruppe anbietet. Er feierte am 7.7.2001 sein 25-j\u00e4hriges Bestehen und hat als gr\u00f6\u00dfter Verein der Gemeinde derzeit 515 Mitglieder.<\/p>\n<p style=\"text-align: justify;\">1990 wurde das Pfarrheim und der Kindergarten an der Heckener Stra\u00dfe fertiggestellt. Der Kindergarten beherbergt momentan 6 Gruppen mit insgesamt 136 Kindern. Au\u00dferdem wird im Kindergarten ab heuer eine Mittagsbetreuung f\u00fcr Schulkinder angeboten.<\/p>\n<p style=\"text-align: justify;\">DasPfarrheimwirdintensivgenutzt,seies f\u00fcr Veranstaltungendes Pfarrgemeinderates, Kirchenchors,Rhythmus- und Kinderchors, Mutter-Kind-Gruppen usw.. Es ist aber auch die Heimat unserer KLJB Bockhorn, die dort regelm\u00e4\u00dfig ihre Gruppenstunden abh\u00e4lt und bei Pfarrfesten und Adventsingen gro\u00dfz\u00fcgig bei der Bewirtung hilft.<\/p>\n<p style=\"text-align: justify;\">Regelm\u00e4\u00dfiger Gast im Pfarrheim ist jedes Jahr vor Ostern die Theatergruppe Bockhorn mit ihren Auff\u00fchrungen, die bei der Bev\u00f6lkerung gro\u00dfen Anklang finden.<\/p>\n<p style=\"text-align: justify;\">Nicht vergessen sollte man, dass &#8211; wie in Bayern \u00fcblich &#8211; alle 5 Jahre ein Maibaum aufgestellt wird. Unter tatkr\u00e4ftiger Zusammenarbeit des Stopselclubs und der FFW Bockhorn wurde zuletzt am 1.5.2014 unser weithin sichtbarer Maibaum aufgestellt.<\/p>\n<figure id=\"attachment_1012\" aria-describedby=\"caption-attachment-1012\" style=\"width: 300px\" class=\"wp-caption aligncenter\"><img data-recalc-dims=\"1\" loading=\"lazy\" decoding=\"async\" data-attachment-id=\"1012\" data-permalink=\"https:\/\/ffw-bockhorn.de\/?attachment_id=1012\" data-orig-file=\"https:\/\/i0.wp.com\/ffw-bockhorn.de\/wp-content\/uploads\/2015\/12\/festsc3.jpg?fit=468%2C312&amp;ssl=1\" data-orig-size=\"468,312\" data-comments-opened=\"0\" data-image-meta=\"{&quot;aperture&quot;:&quot;0&quot;,&quot;credit&quot;:&quot;&quot;,&quot;camera&quot;:&quot;&quot;,&quot;caption&quot;:&quot;&quot;,&quot;created_timestamp&quot;:&quot;0&quot;,&quot;copyright&quot;:&quot;&quot;,&quot;focal_length&quot;:&quot;0&quot;,&quot;iso&quot;:&quot;0&quot;,&quot;shutter_speed&quot;:&quot;0&quot;,&quot;title&quot;:&quot;&quot;,&quot;orientation&quot;:&quot;0&quot;}\" data-image-title=\"festsc3\" data-image-description=\"\" data-image-caption=\"\" data-medium-file=\"https:\/\/i0.wp.com\/ffw-bockhorn.de\/wp-content\/uploads\/2015\/12\/festsc3.jpg?fit=300%2C200&amp;ssl=1\" data-large-file=\"https:\/\/i0.wp.com\/ffw-bockhorn.de\/wp-content\/uploads\/2015\/12\/festsc3.jpg?fit=840%2C840&amp;ssl=1\" class=\"wp-image-1012 size-medium\" src=\"https:\/\/i0.wp.com\/ffw-bockhorn.de\/wp-content\/uploads\/2015\/12\/festsc3.jpg?resize=300%2C200&#038;ssl=1\" alt=\"festsc3\" width=\"300\" height=\"200\" srcset=\"https:\/\/i0.wp.com\/ffw-bockhorn.de\/wp-content\/uploads\/2015\/12\/festsc3.jpg?resize=300%2C200&amp;ssl=1 300w, https:\/\/i0.wp.com\/ffw-bockhorn.de\/wp-content\/uploads\/2015\/12\/festsc3.jpg?resize=600%2C400&amp;ssl=1 600w, https:\/\/i0.wp.com\/ffw-bockhorn.de\/wp-content\/uploads\/2015\/12\/festsc3.jpg?resize=120%2C80&amp;ssl=1 120w, https:\/\/i0.wp.com\/ffw-bockhorn.de\/wp-content\/uploads\/2015\/12\/festsc3.jpg?w=468&amp;ssl=1 468w\" sizes=\"auto, (max-width: 300px) 100vw, 300px\" \/><figcaption id=\"caption-attachment-1012\" class=\"wp-caption-text\">Bockhorn aus der Luft<\/figcaption><\/figure>\n<p style=\"text-align: center;\"><strong><a href=\"https:\/\/ffw-bockhorn.de\/?page_id=46\">&lt;Nach oben&gt;<\/a>\u00a0\u00a0\u00a0\u00a0 <a href=\"http:\/\/www.ffw-bockhorn.de\">&lt;Startseite&gt;<\/a><\/strong><\/p>\n","protected":false},"excerpt":{"rendered":"<p>Bockhorn liegt etwa 7 km \u00f6stlich der Kreisstadt Erding, genau in der Mitte des Landkreises und umfasst 47 qkm. Das Gemeindegebiet mit seinen fruchtbaren B\u00f6den und seinem Wasserreichtum geh\u00f6rt zu<\/p>\n","protected":false},"author":1,"featured_media":0,"parent":0,"menu_order":0,"comment_status":"closed","ping_status":"closed","template":"","meta":{"jetpack_post_was_ever_published":false,"footnotes":""},"class_list":["post-46","page","type-page","status-publish","hentry"],"jetpack_sharing_enabled":true,"jetpack_shortlink":"https:\/\/wp.me\/P6T4yF-K","jetpack-related-posts":[{"id":43,"url":"https:\/\/ffw-bockhorn.de\/?page_id=43","url_meta":{"origin":46,"position":0},"title":"Chronik der Feuerwehr","author":"FFW Bockhorn","date":"27. Oktober 2015","format":false,"excerpt":"Die Geschichte der Feuerwehr Bockhorn ist bis 1875 zur\u00fcckzuverfolgen. Im Jahre 1873\u00a0wurde durch das Kgl. Bezirksamt Erding die Errichtung einer Pflichtfeuerwehr angeordnet.\u00a0Zum Feuerl\u00f6schbezirk Bockhorn geh\u00f6rten Gr\u00fcnbach, Salmannskirchen und Eschlbach, die\u00a0zur gegenseitigen Hilfe verpflichtet waren. Herangezogen wurden alle m\u00e4nnlichen\u00a0Ortsbewohner zwischen dem 18. und 50. Lebensjahr. Die Mannschaften bestanden aus\u00a0Steigern, Spritzenm\u00e4nnern und\u2026","rel":"","context":"\u00c4hnlicher Beitrag","block_context":{"text":"\u00c4hnlicher Beitrag","link":""},"img":{"alt_text":"","src":"https:\/\/i0.wp.com\/ffw-bockhorn.de\/wp-content\/uploads\/2016\/01\/Chronik_FFW_2-1024x717.jpg?resize=350%2C200","width":350,"height":200,"srcset":"https:\/\/i0.wp.com\/ffw-bockhorn.de\/wp-content\/uploads\/2016\/01\/Chronik_FFW_2-1024x717.jpg?resize=350%2C200 1x, https:\/\/i0.wp.com\/ffw-bockhorn.de\/wp-content\/uploads\/2016\/01\/Chronik_FFW_2-1024x717.jpg?resize=525%2C300 1.5x, https:\/\/i0.wp.com\/ffw-bockhorn.de\/wp-content\/uploads\/2016\/01\/Chronik_FFW_2-1024x717.jpg?resize=700%2C400 2x"},"classes":[]},{"id":3353,"url":"https:\/\/ffw-bockhorn.de\/?page_id=3353","url_meta":{"origin":46,"position":1},"title":"2019 &#8211; l\u00e4uft bei uns","author":"FFW Bockhorn","date":"8. Juli 2019","format":false,"excerpt":"Die neuesten Beitr\u00e4ge Aktion Ferienspass Den Kindern der Gemeinde Bockhorn wurde heute an allen 4 Feuerwehrh\u00e4usern der Gemeinde etwas gro\u00dfartiges Rund um die Feuerwehr geboten. In Bockhorn hat die Jugendfeuerwehr unter Anleitung ein Auto mit Scheere und Spreizer zerlegt. Daf\u00fcr durfte die Jugend auch in das Gewand der \"Gro\u00dfen\" schl\u00fcpfen!\u2026","rel":"","context":"\u00c4hnlicher Beitrag","block_context":{"text":"\u00c4hnlicher Beitrag","link":""},"img":{"alt_text":"","src":"https:\/\/i0.wp.com\/ffw-bockhorn.de\/wp-content\/uploads\/2019\/07\/IMG_20190317_184316.jpg?fit=1200%2C781&ssl=1&resize=350%2C200","width":350,"height":200,"srcset":"https:\/\/i0.wp.com\/ffw-bockhorn.de\/wp-content\/uploads\/2019\/07\/IMG_20190317_184316.jpg?fit=1200%2C781&ssl=1&resize=350%2C200 1x, https:\/\/i0.wp.com\/ffw-bockhorn.de\/wp-content\/uploads\/2019\/07\/IMG_20190317_184316.jpg?fit=1200%2C781&ssl=1&resize=525%2C300 1.5x, https:\/\/i0.wp.com\/ffw-bockhorn.de\/wp-content\/uploads\/2019\/07\/IMG_20190317_184316.jpg?fit=1200%2C781&ssl=1&resize=700%2C400 2x, https:\/\/i0.wp.com\/ffw-bockhorn.de\/wp-content\/uploads\/2019\/07\/IMG_20190317_184316.jpg?fit=1200%2C781&ssl=1&resize=1050%2C600 3x"},"classes":[]},{"id":17,"url":"https:\/\/ffw-bockhorn.de\/?page_id=17","url_meta":{"origin":46,"position":2},"title":"Besondere Eins\u00e4tze","author":"FFW Bockhorn","date":"27. Oktober 2015","format":false,"excerpt":"Auch in der Bockhorner Feuerwehr hat sich das Einsatzgebiet seit den Gr\u00fcndungsjahren stark gewandelt. Waren es lange Zeit \u00fcberwiegend Br\u00e4nde, die die Aktiven ausr\u00fccken liessen, so sind es heute meist Eins\u00e4tze in der Technischen Hilfeleistung. Dennoch kam es auch in j\u00fcngerer Vergangenheit im Zust\u00e4ndigkeitsbereich der Bockhorner Wehr zu einer Vielzahl\u2026","rel":"","context":"\u00c4hnlicher Beitrag","block_context":{"text":"\u00c4hnlicher Beitrag","link":""},"img":{"alt_text":"Chronik_FFW_16","src":"https:\/\/i0.wp.com\/ffw-bockhorn.de\/wp-content\/uploads\/2016\/01\/Chronik_FFW_16-1024x344.jpg?resize=350%2C200","width":350,"height":200,"srcset":"https:\/\/i0.wp.com\/ffw-bockhorn.de\/wp-content\/uploads\/2016\/01\/Chronik_FFW_16-1024x344.jpg?resize=350%2C200 1x, https:\/\/i0.wp.com\/ffw-bockhorn.de\/wp-content\/uploads\/2016\/01\/Chronik_FFW_16-1024x344.jpg?resize=525%2C300 1.5x, https:\/\/i0.wp.com\/ffw-bockhorn.de\/wp-content\/uploads\/2016\/01\/Chronik_FFW_16-1024x344.jpg?resize=700%2C400 2x"},"classes":[]},{"id":55,"url":"https:\/\/ffw-bockhorn.de\/?page_id=55","url_meta":{"origin":46,"position":3},"title":"Drehleiter (a.D.)","author":"FFW Bockhorn","date":"27. Oktober 2015","format":false,"excerpt":"\u00a0 Dieses Fahrzeug wurde im Jahr 2002 kurz vor der Fahnenweihe der Feuerwehr Bockhorn angeschafft. Die Ausstattung war jedoch bereits bei Anschaffung \u00fcberholt. Die Mannschaft klagte \u00fcber mangelnden Platz im Fahrzeug sowohl f\u00fcr Personal als auch f\u00fcr die Ger\u00e4tschaften. Der niedrige Spritverbrauch w\u00fcrde zwar noch heute seines Gleichen suchen. Jedoch\u2026","rel":"","context":"\u00c4hnlicher Beitrag","block_context":{"text":"\u00c4hnlicher Beitrag","link":""},"img":{"alt_text":"","src":"https:\/\/i0.wp.com\/ffw-bockhorn.de\/wp-content\/uploads\/2016\/01\/Chronik_FFW_13.jpg?resize=350%2C200","width":350,"height":200,"srcset":"https:\/\/i0.wp.com\/ffw-bockhorn.de\/wp-content\/uploads\/2016\/01\/Chronik_FFW_13.jpg?resize=350%2C200 1x, https:\/\/i0.wp.com\/ffw-bockhorn.de\/wp-content\/uploads\/2016\/01\/Chronik_FFW_13.jpg?resize=525%2C300 1.5x, https:\/\/i0.wp.com\/ffw-bockhorn.de\/wp-content\/uploads\/2016\/01\/Chronik_FFW_13.jpg?resize=700%2C400 2x, https:\/\/i0.wp.com\/ffw-bockhorn.de\/wp-content\/uploads\/2016\/01\/Chronik_FFW_13.jpg?resize=1050%2C600 3x, https:\/\/i0.wp.com\/ffw-bockhorn.de\/wp-content\/uploads\/2016\/01\/Chronik_FFW_13.jpg?resize=1400%2C800 4x"},"classes":[]},{"id":2526,"url":"https:\/\/ffw-bockhorn.de\/?page_id=2526","url_meta":{"origin":46,"position":4},"title":"2017 &#8211; Unser erstes Jahr","author":"FFW Bockhorn","date":"5. Februar 2019","format":false,"excerpt":"Im Jahr 2017 wurde die Jugendfeuerwehr Bockhorn gegr\u00fcndet. Willst du wissen was wir im ersten Jahr erlebt haben? Dann schau`s dir an! Ich m\u00f6chte auch dabei sein Erste Hilfe Unter Anleitung der Kollegen aus Gr\u00fcnbach lernten die Jungs und M\u00e4dchen Basics wie die stabile Seitenlage und die richtige Wiederbelebung. Auch\u2026","rel":"","context":"\u00c4hnlicher Beitrag","block_context":{"text":"\u00c4hnlicher Beitrag","link":""},"img":{"alt_text":"","src":"https:\/\/i0.wp.com\/ffw-bockhorn.de\/wp-content\/uploads\/2019\/02\/JF_2017_056.jpg?fit=1200%2C900&ssl=1&resize=350%2C200","width":350,"height":200,"srcset":"https:\/\/i0.wp.com\/ffw-bockhorn.de\/wp-content\/uploads\/2019\/02\/JF_2017_056.jpg?fit=1200%2C900&ssl=1&resize=350%2C200 1x, https:\/\/i0.wp.com\/ffw-bockhorn.de\/wp-content\/uploads\/2019\/02\/JF_2017_056.jpg?fit=1200%2C900&ssl=1&resize=525%2C300 1.5x, https:\/\/i0.wp.com\/ffw-bockhorn.de\/wp-content\/uploads\/2019\/02\/JF_2017_056.jpg?fit=1200%2C900&ssl=1&resize=700%2C400 2x, https:\/\/i0.wp.com\/ffw-bockhorn.de\/wp-content\/uploads\/2019\/02\/JF_2017_056.jpg?fit=1200%2C900&ssl=1&resize=1050%2C600 3x"},"classes":[]},{"id":34,"url":"https:\/\/ffw-bockhorn.de\/?page_id=34","url_meta":{"origin":46,"position":5},"title":"Satzung","author":"FFW Bockhorn","date":"27. Oktober 2015","format":false,"excerpt":"Die Satzung wurde in der Mitgliederversammlung vom 20.05.2006 angenommen. Satzung des Vereins \"Freiwillige Feuerwehr Bockhorn e.V.\" \u00a7 1 Name, Sitz, Gesch\u00e4ftsjahr (1) Der Verein f\u00fchrt den Namen \"Freiwillige Feuerwehr Bockhorn e.V.\". Er ist in das Vereinsregister einzutragen. (2) Der Verein hat seinen Sitz in Bockhorn. (3) Gesch\u00e4ftsjahr des Vereins ist\u2026","rel":"","context":"\u00c4hnlicher Beitrag","block_context":{"text":"\u00c4hnlicher Beitrag","link":""},"img":{"alt_text":"","src":"","width":0,"height":0},"classes":[]}],"_links":{"self":[{"href":"https:\/\/ffw-bockhorn.de\/index.php?rest_route=\/wp\/v2\/pages\/46","targetHints":{"allow":["GET"]}}],"collection":[{"href":"https:\/\/ffw-bockhorn.de\/index.php?rest_route=\/wp\/v2\/pages"}],"about":[{"href":"https:\/\/ffw-bockhorn.de\/index.php?rest_route=\/wp\/v2\/types\/page"}],"author":[{"embeddable":true,"href":"https:\/\/ffw-bockhorn.de\/index.php?rest_route=\/wp\/v2\/users\/1"}],"replies":[{"embeddable":true,"href":"https:\/\/ffw-bockhorn.de\/index.php?rest_route=%2Fwp%2Fv2%2Fcomments&post=46"}],"version-history":[{"count":22,"href":"https:\/\/ffw-bockhorn.de\/index.php?rest_route=\/wp\/v2\/pages\/46\/revisions"}],"predecessor-version":[{"id":1561,"href":"https:\/\/ffw-bockhorn.de\/index.php?rest_route=\/wp\/v2\/pages\/46\/revisions\/1561"}],"wp:attachment":[{"href":"https:\/\/ffw-bockhorn.de\/index.php?rest_route=%2Fwp%2Fv2%2Fmedia&parent=46"}],"curies":[{"name":"wp","href":"https:\/\/api.w.org\/{rel}","templated":true}]}}