{"id":4674,"date":"2026-04-06T19:32:18","date_gmt":"2026-04-06T17:32:18","guid":{"rendered":"https:\/\/ffw-bockhorn.de\/?page_id=4674"},"modified":"2026-04-06T19:35:13","modified_gmt":"2026-04-06T17:35:13","slug":"einsaetze-2026","status":"publish","type":"page","link":"https:\/\/ffw-bockhorn.de\/?page_id=4674","title":{"rendered":"Eins\u00e4tze 2026"},"content":{"rendered":"\n<figure class=\"wp-block-image size-full is-resized\"><a href=\"https:\/\/i0.wp.com\/ffw-bockhorn.de\/wp-content\/uploads\/2016\/10\/Webbanner_155x55_Flammen.jpg?ssl=1\"><img data-recalc-dims=\"1\" loading=\"lazy\" decoding=\"async\" width=\"610\" height=\"217\" data-attachment-id=\"1725\" data-permalink=\"https:\/\/ffw-bockhorn.de\/?attachment_id=1725\" data-orig-file=\"https:\/\/i0.wp.com\/ffw-bockhorn.de\/wp-content\/uploads\/2016\/10\/Webbanner_155x55_Flammen.jpg?fit=610%2C217&amp;ssl=1\" data-orig-size=\"610,217\" data-comments-opened=\"0\" data-image-meta=\"{&quot;aperture&quot;:&quot;0&quot;,&quot;credit&quot;:&quot;&quot;,&quot;camera&quot;:&quot;&quot;,&quot;caption&quot;:&quot;&quot;,&quot;created_timestamp&quot;:&quot;0&quot;,&quot;copyright&quot;:&quot;&quot;,&quot;focal_length&quot;:&quot;0&quot;,&quot;iso&quot;:&quot;0&quot;,&quot;shutter_speed&quot;:&quot;0&quot;,&quot;title&quot;:&quot;&quot;,&quot;orientation&quot;:&quot;0&quot;}\" data-image-title=\"Webbanner_155x55_Flammen\" data-image-description=\"\" data-image-caption=\"\" data-medium-file=\"https:\/\/i0.wp.com\/ffw-bockhorn.de\/wp-content\/uploads\/2016\/10\/Webbanner_155x55_Flammen.jpg?fit=300%2C107&amp;ssl=1\" data-large-file=\"https:\/\/i0.wp.com\/ffw-bockhorn.de\/wp-content\/uploads\/2016\/10\/Webbanner_155x55_Flammen.jpg?fit=610%2C217&amp;ssl=1\" src=\"https:\/\/i0.wp.com\/ffw-bockhorn.de\/wp-content\/uploads\/2016\/10\/Webbanner_155x55_Flammen.jpg?resize=610%2C217&#038;ssl=1\" alt=\"\" class=\"wp-image-1725\" style=\"width:610px;height:auto\" srcset=\"https:\/\/i0.wp.com\/ffw-bockhorn.de\/wp-content\/uploads\/2016\/10\/Webbanner_155x55_Flammen.jpg?w=610&amp;ssl=1 610w, https:\/\/i0.wp.com\/ffw-bockhorn.de\/wp-content\/uploads\/2016\/10\/Webbanner_155x55_Flammen.jpg?resize=300%2C107&amp;ssl=1 300w\" sizes=\"auto, (max-width: 610px) 100vw, 610px\" \/><\/a><\/figure>\n\n\n\n<p> <\/p>\n\n\n\n<div class=\"wp-block-buttons is-layout-flex wp-block-buttons-is-layout-flex\">\n<div class=\"wp-block-button\"><a class=\"wp-block-button__link wp-element-button\" href=\"https:\/\/ffw-bockhorn.de\/?page_id=3780\">Ich m\u00f6chte auch helfen<\/a><\/div>\n<\/div>\n\n\n\n<p><\/p>\n\n\n\n\n<table id=\"tablepress-27\" class=\"tablepress tablepress-id-27\">\n<thead>\n<tr class=\"row-1\">\n\t<th class=\"column-1\">Nr.<\/th><th class=\"column-2\">Datum<\/th><th class=\"column-3\">Meldung<\/th><th class=\"column-4\">Ort<\/th><th class=\"column-5\">Bericht<\/th>\n<\/tr>\n<\/thead>\n<tbody class=\"row-striping row-hover\">\n<tr class=\"row-2\">\n\t<td class=\"column-1\">5<\/td><td class=\"column-2\">01.04.<\/td><td class=\"column-3\">Verkehrsunfall<\/td><td class=\"column-4\">B388, Hecken<\/td><td class=\"column-5\"><a href=\"https:\/\/www.ed-live.de\/nachrichten_details?id=203666\" target=\"_blank\" rel=\"noopener\">ED-LIVE<\/a><\/td>\n<\/tr>\n<tr class=\"row-3\">\n\t<td class=\"column-1\">4<\/td><td class=\"column-2\">24.03<\/td><td class=\"column-3\">Verkehrsunfall<\/td><td class=\"column-4\">B388, Emling<\/td><td class=\"column-5\"><a href=\"https:\/\/www.merkur.de\/lokales\/erding\/bockhorn-ort377212\/ein-ueberholmanoever-endet-mit-einem-ueberschlag-im-acker-emling-b388-unfall-bockhorn-94233336.html?utm_source=_shared&amp;utm_medium=west&amp;utm_campaign=interactionbar\" target=\"_blank\" rel=\"noopener\">Merkur<\/a><\/td>\n<\/tr>\n<tr class=\"row-4\">\n\t<td class=\"column-1\">3<\/td><td class=\"column-2\">18.03.<\/td><td class=\"column-3\">Zimmerbrand<\/td><td class=\"column-4\">Mauggen<\/td><td class=\"column-5\"><\/td>\n<\/tr>\n<tr class=\"row-5\">\n\t<td class=\"column-1\">2<\/td><td class=\"column-2\">04.03.<\/td><td class=\"column-3\">Brand<\/td><td class=\"column-4\">Walpertskirchen<\/td><td class=\"column-5\"><a href=\"https:\/\/www.merkur.de\/lokales\/erding\/walpertskirchen-ort377243\/zwei-wohngebaeude-brennen-komplett-nieder-15-menschen-obdachlos-94203309.html\" target=\"_blank\" rel=\"noopener\">Merkur<\/a><\/td>\n<\/tr>\n<tr class=\"row-6\">\n\t<td class=\"column-1\">1<\/td><td class=\"column-2\">28.02.<\/td><td class=\"column-3\">Verkehrsunfall<\/td><td class=\"column-4\">B388, Kreuth\u00e4usel<\/td><td class=\"column-5\"><a href=\"https:\/\/www.merkur.de\/lokales\/erding\/fraunberg-ort377220\/eine-32-jaehrige-rast-ungebremst-in-die-rappoltskirchener-kreuzung-94192242.html\" target=\"_blank\" rel=\"noopener\">Merkur<\/a><\/td>\n<\/tr>\n<\/tbody>\n<\/table>\n<!-- #tablepress-27 from cache -->\n\n\n\n<p><\/p>\n","protected":false},"excerpt":{"rendered":"","protected":false},"author":1,"featured_media":0,"parent":0,"menu_order":0,"comment_status":"closed","ping_status":"closed","template":"","meta":{"jetpack_post_was_ever_published":false,"footnotes":""},"class_list":["post-4674","page","type-page","status-publish","hentry"],"jetpack_sharing_enabled":true,"jetpack_shortlink":"https:\/\/wp.me\/P6T4yF-1do","jetpack-related-posts":[{"id":3073,"url":"https:\/\/ffw-bockhorn.de\/?page_id=3073","url_meta":{"origin":4674,"position":0},"title":"Eins\u00e4tze","author":"FFW Bockhorn","date":"9. Februar 2019","format":false,"excerpt":"","rel":"","context":"\u00c4hnlicher Beitrag","block_context":{"text":"\u00c4hnlicher Beitrag","link":""},"img":{"alt_text":"","src":"https:\/\/i0.wp.com\/ffw-bockhorn.de\/wp-content\/uploads\/2019\/02\/IMG_20181020_154455.jpg?resize=350%2C200&ssl=1","width":350,"height":200,"srcset":"https:\/\/i0.wp.com\/ffw-bockhorn.de\/wp-content\/uploads\/2019\/02\/IMG_20181020_154455.jpg?resize=350%2C200&ssl=1 1x, https:\/\/i0.wp.com\/ffw-bockhorn.de\/wp-content\/uploads\/2019\/02\/IMG_20181020_154455.jpg?resize=525%2C300&ssl=1 1.5x, https:\/\/i0.wp.com\/ffw-bockhorn.de\/wp-content\/uploads\/2019\/02\/IMG_20181020_154455.jpg?resize=700%2C400&ssl=1 2x, https:\/\/i0.wp.com\/ffw-bockhorn.de\/wp-content\/uploads\/2019\/02\/IMG_20181020_154455.jpg?resize=1050%2C600&ssl=1 3x, https:\/\/i0.wp.com\/ffw-bockhorn.de\/wp-content\/uploads\/2019\/02\/IMG_20181020_154455.jpg?resize=1400%2C800&ssl=1 4x"},"classes":[]},{"id":263,"url":"https:\/\/ffw-bockhorn.de\/?page_id=263","url_meta":{"origin":4674,"position":1},"title":"Eins\u00e4tze 2012","author":"FFW Bockhorn","date":"5. November 2015","format":false,"excerpt":"","rel":"","context":"\u00c4hnlicher Beitrag","block_context":{"text":"\u00c4hnlicher Beitrag","link":""},"img":{"alt_text":"","src":"","width":0,"height":0},"classes":[]},{"id":477,"url":"https:\/\/ffw-bockhorn.de\/?page_id=477","url_meta":{"origin":4674,"position":2},"title":"Eins\u00e4tze 2011","author":"FFW Bockhorn","date":"29. November 2015","format":false,"excerpt":"","rel":"","context":"\u00c4hnlicher Beitrag","block_context":{"text":"\u00c4hnlicher Beitrag","link":""},"img":{"alt_text":"","src":"","width":0,"height":0},"classes":[]},{"id":479,"url":"https:\/\/ffw-bockhorn.de\/?page_id=479","url_meta":{"origin":4674,"position":3},"title":"Eins\u00e4tze 2013","author":"FFW Bockhorn","date":"29. November 2015","format":false,"excerpt":"","rel":"","context":"\u00c4hnlicher Beitrag","block_context":{"text":"\u00c4hnlicher Beitrag","link":""},"img":{"alt_text":"","src":"","width":0,"height":0},"classes":[]},{"id":4293,"url":"https:\/\/ffw-bockhorn.de\/?page_id=4293","url_meta":{"origin":4674,"position":4},"title":"Eins\u00e4tze 2023","author":"FFW Bockhorn","date":"22. Januar 2023","format":false,"excerpt":"","rel":"","context":"\u00c4hnlicher Beitrag","block_context":{"text":"\u00c4hnlicher Beitrag","link":""},"img":{"alt_text":"","src":"","width":0,"height":0},"classes":[]},{"id":2228,"url":"https:\/\/ffw-bockhorn.de\/?page_id=2228","url_meta":{"origin":4674,"position":5},"title":"Eins\u00e4tze 2018","author":"FFW Bockhorn","date":"4. Januar 2018","format":false,"excerpt":"","rel":"","context":"\u00c4hnlicher Beitrag","block_context":{"text":"\u00c4hnlicher Beitrag","link":""},"img":{"alt_text":"","src":"https:\/\/i0.wp.com\/ffw-bockhorn.de\/wp-content\/uploads\/2016\/10\/Webbanner_155x55_Handy.jpg?resize=350%2C200","width":350,"height":200,"srcset":"https:\/\/i0.wp.com\/ffw-bockhorn.de\/wp-content\/uploads\/2016\/10\/Webbanner_155x55_Handy.jpg?resize=350%2C200 1x, https:\/\/i0.wp.com\/ffw-bockhorn.de\/wp-content\/uploads\/2016\/10\/Webbanner_155x55_Handy.jpg?resize=525%2C300 1.5x"},"classes":[]}],"_links":{"self":[{"href":"https:\/\/ffw-bockhorn.de\/index.php?rest_route=\/wp\/v2\/pages\/4674","targetHints":{"allow":["GET"]}}],"collection":[{"href":"https:\/\/ffw-bockhorn.de\/index.php?rest_route=\/wp\/v2\/pages"}],"about":[{"href":"https:\/\/ffw-bockhorn.de\/index.php?rest_route=\/wp\/v2\/types\/page"}],"author":[{"embeddable":true,"href":"https:\/\/ffw-bockhorn.de\/index.php?rest_route=\/wp\/v2\/users\/1"}],"replies":[{"embeddable":true,"href":"https:\/\/ffw-bockhorn.de\/index.php?rest_route=%2Fwp%2Fv2%2Fcomments&post=4674"}],"version-history":[{"count":2,"href":"https:\/\/ffw-bockhorn.de\/index.php?rest_route=\/wp\/v2\/pages\/4674\/revisions"}],"predecessor-version":[{"id":4678,"href":"https:\/\/ffw-bockhorn.de\/index.php?rest_route=\/wp\/v2\/pages\/4674\/revisions\/4678"}],"wp:attachment":[{"href":"https:\/\/ffw-bockhorn.de\/index.php?rest_route=%2Fwp%2Fv2%2Fmedia&parent=4674"}],"curies":[{"name":"wp","href":"https:\/\/api.w.org\/{rel}","templated":true}]}}