{"id":477,"date":"2015-11-29T21:32:14","date_gmt":"2015-11-29T20:32:14","guid":{"rendered":"http:\/\/ffw-bockhorn.de\/?page_id=477"},"modified":"2015-11-29T21:32:14","modified_gmt":"2015-11-29T20:32:14","slug":"einsaetze-2011","status":"publish","type":"page","link":"https:\/\/ffw-bockhorn.de\/?page_id=477","title":{"rendered":"Eins\u00e4tze 2011"},"content":{"rendered":"\n<table id=\"tablepress-5\" class=\"tablepress tablepress-id-5\">\n<thead>\n<tr class=\"row-1\">\n\t<th class=\"column-1\">Nr.<\/th><th class=\"column-2\">Datum<\/th><th class=\"column-3\">Einsatzbeschreibung<\/th><th class=\"column-4\">Einsatzort<\/th><th class=\"column-5\">Einsatzbericht<\/th>\n<\/tr>\n<\/thead>\n<tbody class=\"row-striping row-hover\">\n<tr class=\"row-2\">\n\t<td class=\"column-1\">23<\/td><td class=\"column-2\">14.12.2011<\/td><td class=\"column-3\">Chemikalienaustritt<\/td><td class=\"column-4\">Erding<\/td><td class=\"column-5\"><a href=\"http:\/\/www.merkur.de\/lokales\/erding\/erding\/salzsaeure-laeuft-aus-drei-arbeiter-verletzt-1530067.html\" target=\"_blank\">Merkur<\/a><\/td>\n<\/tr>\n<tr class=\"row-3\">\n\t<td class=\"column-1\">22<\/td><td class=\"column-2\">06.12.2011<\/td><td class=\"column-3\">Brand Wohnhaus<\/td><td class=\"column-4\">Kirchasch<\/td><td class=\"column-5\"><a href=\"http:\/\/www.merkur.de\/lokales\/erding\/bockhorn\/autobrand-werkstatt-feuerwehr-rettet-wohnhaus-flammen-1519451.html\" target=\"_blank\">Merkur<\/a><\/td>\n<\/tr>\n<tr class=\"row-4\">\n\t<td class=\"column-1\">21<\/td><td class=\"column-2\">06.11.2011<\/td><td class=\"column-3\">Schwerer Verkehrsunfall<\/td><td class=\"column-4\">Gr\u00fcnbach<\/td><td class=\"column-5\"><a href=\"http:\/\/www.merkur.de\/lokales\/erding\/landkreis\/toedlicher-unfall-b388-familie-kind-verletzt-mm-1476950.html\" target=\"_blank\">Merkur<\/a><\/td>\n<\/tr>\n<tr class=\"row-5\">\n\t<td class=\"column-1\">20<\/td><td class=\"column-2\">22.10.2011<\/td><td class=\"column-3\">Brand Zimmer<\/td><td class=\"column-4\">Bockhorn<\/td><td class=\"column-5\"><a href=\"http:\/\/www.merkur.de\/lokales\/erding\/landkreis\/zimmerbrand-rauchender-ofen-1458259.html\" target=\"_blank\">Merkur<\/a><\/td>\n<\/tr>\n<tr class=\"row-6\">\n\t<td class=\"column-1\">19<\/td><td class=\"column-2\">16.10.2011<\/td><td class=\"column-3\">Schwerer Verkehrsunfall<\/td><td class=\"column-4\">Gr\u00fcnbach<\/td><td class=\"column-5\"><a href=\"http:\/\/www.merkur.de\/lokales\/erding\/landkreis\/frontalzusammenstoss-b388-komplett-gesperrt-mm-1448522.html\" target=\"_blank\">Merkur<\/a><\/td>\n<\/tr>\n<tr class=\"row-7\">\n\t<td class=\"column-1\">18<\/td><td class=\"column-2\">14.10.2011<\/td><td class=\"column-3\">\u00d6lspur<\/td><td class=\"column-4\">Bockhorn<\/td><td class=\"column-5\"><\/td>\n<\/tr>\n<tr class=\"row-8\">\n\t<td class=\"column-1\">17<\/td><td class=\"column-2\">10.10.2011<\/td><td class=\"column-3\">\u00d6lspur<\/td><td class=\"column-4\">Riedersheim<\/td><td class=\"column-5\"><\/td>\n<\/tr>\n<tr class=\"row-9\">\n\t<td class=\"column-1\">16<\/td><td class=\"column-2\">10.10.2011<\/td><td class=\"column-3\">Verkehrsabsicherung<\/td><td class=\"column-4\">B388, Bockhorn<\/td><td class=\"column-5\"><\/td>\n<\/tr>\n<tr class=\"row-10\">\n\t<td class=\"column-1\">15<\/td><td class=\"column-2\">10.10.2011<\/td><td class=\"column-3\">Verkehrsunfall mit LKW<\/td><td class=\"column-4\">B388, Erding<\/td><td class=\"column-5\"><a href=\"http:\/\/www.merkur.de\/lokales\/erding\/erding\/prallt-gegen-baum-b388-gesperrt-1440185.html\" target=\"_blank\">Merkur<\/a><\/td>\n<\/tr>\n<tr class=\"row-11\">\n\t<td class=\"column-1\">14<\/td><td class=\"column-2\">02.10.2011<\/td><td class=\"column-3\">Brand Stall<\/td><td class=\"column-4\">Hecken<\/td><td class=\"column-5\"><a href=\"http:\/\/www.merkur.de\/lokales\/erding\/landkreis\/16-jaehriger-fackelt-motorroller-stallinhaber-50-erleidet-rauchvergiftung-1429751.html\" target=\"_blank\">Merkur<\/a><\/td>\n<\/tr>\n<tr class=\"row-12\">\n\t<td class=\"column-1\">13<\/td><td class=\"column-2\">14.08.2011<\/td><td class=\"column-3\">Brand-Nachschau<\/td><td class=\"column-4\">Emling<\/td><td class=\"column-5\"><\/td>\n<\/tr>\n<tr class=\"row-13\">\n\t<td class=\"column-1\">12<\/td><td class=\"column-2\">13.08.2011<\/td><td class=\"column-3\">Brand Scheune<\/td><td class=\"column-4\">Emling<\/td><td class=\"column-5\"><a href=\"http:\/\/www.merkur.de\/lokales\/erding\/landkreis\/kinder-zuendeln-lupe-scheune-ernte-brennen-1360334.html\" target=\"_blank\">Merkur<\/a><\/td>\n<\/tr>\n<tr class=\"row-14\">\n\t<td class=\"column-1\">11<\/td><td class=\"column-2\">11.08.2011<\/td><td class=\"column-3\">Brand Acker<\/td><td class=\"column-4\">Gr\u00fcnbach<\/td><td class=\"column-5\"><\/td>\n<\/tr>\n<tr class=\"row-15\">\n\t<td class=\"column-1\">10<\/td><td class=\"column-2\">10.08.2011<\/td><td class=\"column-3\">Brand Wald<\/td><td class=\"column-4\">Gr\u00fcnbach<\/td><td class=\"column-5\"><\/td>\n<\/tr>\n<tr class=\"row-16\">\n\t<td class=\"column-1\">9<\/td><td class=\"column-2\">18.06.2011<\/td><td class=\"column-3\">Rauchentwicklung<\/td><td class=\"column-4\">Hecken<\/td><td class=\"column-5\"><\/td>\n<\/tr>\n<tr class=\"row-17\">\n\t<td class=\"column-1\">8<\/td><td class=\"column-2\">18.06.2011<\/td><td class=\"column-3\">Schwerer Verkehrsunfall<\/td><td class=\"column-4\">St2084, Bockhorn - Polzing<\/td><td class=\"column-5\"><a href=\"http:\/\/www.merkur.de\/lokales\/erding\/isen\/golf-kommt-strasse-45-jaehrige-schwerst-verletzt-1288865.html\" target=\"_blank\">Merkur<\/a><\/td>\n<\/tr>\n<tr class=\"row-18\">\n\t<td class=\"column-1\">7<\/td><td class=\"column-2\">10.06.2011<\/td><td class=\"column-3\">Chemikalienaustritt<\/td><td class=\"column-4\">Erding<\/td><td class=\"column-5\"><\/td>\n<\/tr>\n<tr class=\"row-19\">\n\t<td class=\"column-1\">6<\/td><td class=\"column-2\">13.05.2011<\/td><td class=\"column-3\">Schwerer Verkehrsunfall<\/td><td class=\"column-4\">B388, Erding<\/td><td class=\"column-5\"><a href=\"http:\/\/www.merkur.de\/lokales\/erding\/landkreis\/entenfamilie-verursacht-schweren-unfall-1244332.html\" target=\"_blank\">Merkur<\/a><\/td>\n<\/tr>\n<tr class=\"row-20\">\n\t<td class=\"column-1\">5<\/td><td class=\"column-2\">11.05.2011<\/td><td class=\"column-3\">Kleintierrettung<\/td><td class=\"column-4\">Salmannskirchen<\/td><td class=\"column-5\"><\/td>\n<\/tr>\n<tr class=\"row-21\">\n\t<td class=\"column-1\">4<\/td><td class=\"column-2\">28.04.2011<\/td><td class=\"column-3\">Schwerer Verkehrsunfall<\/td><td class=\"column-4\">Kirchasch<\/td><td class=\"column-5\"><a href=\"http:\/\/www.sueddeutsche.de\/muenchen\/erding\/betrunken-unterwegs-wer-sass-am-steuer-schwerer-unfall-bei-erding-jaehriger-tot-1.1040386\" target=\"_blank\">S\u00fcddeutsche<\/a><br \/>\n<a href=\"http:\/\/www.merkur.de\/lokales\/erding\/bockhorn\/golf-schleudert-gegenverkehr-drei-verletzte-1222860.html\" target=\"_blank\">Merkur<\/a><\/td>\n<\/tr>\n<tr class=\"row-22\">\n\t<td class=\"column-1\">3<\/td><td class=\"column-2\">12.04.2011<\/td><td class=\"column-3\">Brand Garage<\/td><td class=\"column-4\">Gr\u00fcnbach<\/td><td class=\"column-5\"><\/td>\n<\/tr>\n<tr class=\"row-23\">\n\t<td class=\"column-1\">2<\/td><td class=\"column-2\">26.03.2011<\/td><td class=\"column-3\">Brand Gartenh\u00fctte<\/td><td class=\"column-4\">Gr\u00fcnbach<\/td><td class=\"column-5\"><\/td>\n<\/tr>\n<tr class=\"row-24\">\n\t<td class=\"column-1\">1<\/td><td class=\"column-2\">24.01.2011<\/td><td class=\"column-3\">Brand Zimmer<\/td><td class=\"column-4\">Unterstrogn<\/td><td class=\"column-5\"><a href=\"http:\/\/www.merkur.de\/lokales\/erding\/bockhorn\/grossbrand-bauernhof-gerade-noch-verhindert-1093716.html\" target=\"_blank\">Merkur<\/a><\/td>\n<\/tr>\n<\/tbody>\n<\/table>\n<!-- #tablepress-5 from cache -->\n","protected":false},"excerpt":{"rendered":"","protected":false},"author":1,"featured_media":0,"parent":0,"menu_order":0,"comment_status":"closed","ping_status":"closed","template":"","meta":{"jetpack_post_was_ever_published":false,"footnotes":""},"class_list":["post-477","page","type-page","status-publish","hentry"],"jetpack_sharing_enabled":true,"jetpack_shortlink":"https:\/\/wp.me\/P6T4yF-7H","jetpack-related-posts":[{"id":3073,"url":"https:\/\/ffw-bockhorn.de\/?page_id=3073","url_meta":{"origin":477,"position":0},"title":"Eins\u00e4tze","author":"FFW Bockhorn","date":"9. Februar 2019","format":false,"excerpt":"","rel":"","context":"\u00c4hnlicher Beitrag","block_context":{"text":"\u00c4hnlicher Beitrag","link":""},"img":{"alt_text":"","src":"https:\/\/i0.wp.com\/ffw-bockhorn.de\/wp-content\/uploads\/2019\/02\/IMG_20181020_154455.jpg?resize=350%2C200&ssl=1","width":350,"height":200,"srcset":"https:\/\/i0.wp.com\/ffw-bockhorn.de\/wp-content\/uploads\/2019\/02\/IMG_20181020_154455.jpg?resize=350%2C200&ssl=1 1x, https:\/\/i0.wp.com\/ffw-bockhorn.de\/wp-content\/uploads\/2019\/02\/IMG_20181020_154455.jpg?resize=525%2C300&ssl=1 1.5x, https:\/\/i0.wp.com\/ffw-bockhorn.de\/wp-content\/uploads\/2019\/02\/IMG_20181020_154455.jpg?resize=700%2C400&ssl=1 2x, https:\/\/i0.wp.com\/ffw-bockhorn.de\/wp-content\/uploads\/2019\/02\/IMG_20181020_154455.jpg?resize=1050%2C600&ssl=1 3x, https:\/\/i0.wp.com\/ffw-bockhorn.de\/wp-content\/uploads\/2019\/02\/IMG_20181020_154455.jpg?resize=1400%2C800&ssl=1 4x"},"classes":[]},{"id":263,"url":"https:\/\/ffw-bockhorn.de\/?page_id=263","url_meta":{"origin":477,"position":1},"title":"Eins\u00e4tze 2012","author":"FFW Bockhorn","date":"5. November 2015","format":false,"excerpt":"","rel":"","context":"\u00c4hnlicher Beitrag","block_context":{"text":"\u00c4hnlicher Beitrag","link":""},"img":{"alt_text":"","src":"","width":0,"height":0},"classes":[]},{"id":479,"url":"https:\/\/ffw-bockhorn.de\/?page_id=479","url_meta":{"origin":477,"position":2},"title":"Eins\u00e4tze 2013","author":"FFW Bockhorn","date":"29. November 2015","format":false,"excerpt":"","rel":"","context":"\u00c4hnlicher Beitrag","block_context":{"text":"\u00c4hnlicher Beitrag","link":""},"img":{"alt_text":"","src":"","width":0,"height":0},"classes":[]},{"id":4293,"url":"https:\/\/ffw-bockhorn.de\/?page_id=4293","url_meta":{"origin":477,"position":3},"title":"Eins\u00e4tze 2023","author":"FFW Bockhorn","date":"22. Januar 2023","format":false,"excerpt":"","rel":"","context":"\u00c4hnlicher Beitrag","block_context":{"text":"\u00c4hnlicher Beitrag","link":""},"img":{"alt_text":"","src":"","width":0,"height":0},"classes":[]},{"id":2228,"url":"https:\/\/ffw-bockhorn.de\/?page_id=2228","url_meta":{"origin":477,"position":4},"title":"Eins\u00e4tze 2018","author":"FFW Bockhorn","date":"4. Januar 2018","format":false,"excerpt":"","rel":"","context":"\u00c4hnlicher Beitrag","block_context":{"text":"\u00c4hnlicher Beitrag","link":""},"img":{"alt_text":"","src":"https:\/\/i0.wp.com\/ffw-bockhorn.de\/wp-content\/uploads\/2016\/10\/Webbanner_155x55_Handy.jpg?resize=350%2C200","width":350,"height":200,"srcset":"https:\/\/i0.wp.com\/ffw-bockhorn.de\/wp-content\/uploads\/2016\/10\/Webbanner_155x55_Handy.jpg?resize=350%2C200 1x, https:\/\/i0.wp.com\/ffw-bockhorn.de\/wp-content\/uploads\/2016\/10\/Webbanner_155x55_Handy.jpg?resize=525%2C300 1.5x"},"classes":[]},{"id":451,"url":"https:\/\/ffw-bockhorn.de\/?page_id=451","url_meta":{"origin":477,"position":5},"title":"Eins\u00e4tze 2015","author":"FFW Bockhorn","date":"29. November 2015","format":false,"excerpt":"","rel":"","context":"\u00c4hnlicher Beitrag","block_context":{"text":"\u00c4hnlicher Beitrag","link":""},"img":{"alt_text":"","src":"","width":0,"height":0},"classes":[]}],"_links":{"self":[{"href":"https:\/\/ffw-bockhorn.de\/index.php?rest_route=\/wp\/v2\/pages\/477","targetHints":{"allow":["GET"]}}],"collection":[{"href":"https:\/\/ffw-bockhorn.de\/index.php?rest_route=\/wp\/v2\/pages"}],"about":[{"href":"https:\/\/ffw-bockhorn.de\/index.php?rest_route=\/wp\/v2\/types\/page"}],"author":[{"embeddable":true,"href":"https:\/\/ffw-bockhorn.de\/index.php?rest_route=\/wp\/v2\/users\/1"}],"replies":[{"embeddable":true,"href":"https:\/\/ffw-bockhorn.de\/index.php?rest_route=%2Fwp%2Fv2%2Fcomments&post=477"}],"version-history":[{"count":1,"href":"https:\/\/ffw-bockhorn.de\/index.php?rest_route=\/wp\/v2\/pages\/477\/revisions"}],"predecessor-version":[{"id":478,"href":"https:\/\/ffw-bockhorn.de\/index.php?rest_route=\/wp\/v2\/pages\/477\/revisions\/478"}],"wp:attachment":[{"href":"https:\/\/ffw-bockhorn.de\/index.php?rest_route=%2Fwp%2Fv2%2Fmedia&parent=477"}],"curies":[{"name":"wp","href":"https:\/\/api.w.org\/{rel}","templated":true}]}}