{"id":55,"date":"2015-10-27T21:09:23","date_gmt":"2015-10-27T21:09:23","guid":{"rendered":"http:\/\/ffw-bockhorn.de\/?page_id=55"},"modified":"2019-09-04T17:28:23","modified_gmt":"2019-09-04T15:28:23","slug":"drehleiter","status":"publish","type":"page","link":"https:\/\/ffw-bockhorn.de\/?page_id=55","title":{"rendered":"Drehleiter (a.D.)"},"content":{"rendered":"<figure id=\"attachment_1308\" aria-describedby=\"caption-attachment-1308\" style=\"width: 2666px\" class=\"wp-caption alignnone\"><img data-recalc-dims=\"1\" loading=\"lazy\" decoding=\"async\" data-attachment-id=\"1308\" data-permalink=\"https:\/\/ffw-bockhorn.de\/?attachment_id=1308\" data-orig-file=\"https:\/\/i0.wp.com\/ffw-bockhorn.de\/wp-content\/uploads\/2016\/01\/Chronik_FFW_13.jpg?fit=2666%2C2000&amp;ssl=1\" data-orig-size=\"2666,2000\" data-comments-opened=\"0\" data-image-meta=\"{&quot;aperture&quot;:&quot;3.5&quot;,&quot;credit&quot;:&quot;&quot;,&quot;camera&quot;:&quot;Canon DIGITAL IXUS&quot;,&quot;caption&quot;:&quot;&quot;,&quot;created_timestamp&quot;:&quot;1017996621&quot;,&quot;copyright&quot;:&quot;&quot;,&quot;focal_length&quot;:&quot;9.28125&quot;,&quot;iso&quot;:&quot;0&quot;,&quot;shutter_speed&quot;:&quot;0.002&quot;,&quot;title&quot;:&quot;&quot;,&quot;orientation&quot;:&quot;1&quot;}\" data-image-title=\"Chronik_FFW_13\" data-image-description=\"\" data-image-caption=\"&lt;p&gt;Drehleiter aus Strohballen2002&lt;\/p&gt;\n\" data-large-file=\"https:\/\/i0.wp.com\/ffw-bockhorn.de\/wp-content\/uploads\/2016\/01\/Chronik_FFW_13.jpg?fit=840%2C630&amp;ssl=1\" class=\"size-full wp-image-1308\" src=\"https:\/\/i0.wp.com\/ffw-bockhorn.de\/wp-content\/uploads\/2016\/01\/Chronik_FFW_13.jpg?resize=840%2C630&#038;ssl=1\" alt=\"\" width=\"840\" height=\"630\" srcset=\"https:\/\/i0.wp.com\/ffw-bockhorn.de\/wp-content\/uploads\/2016\/01\/Chronik_FFW_13.jpg?w=2666&amp;ssl=1 2666w, https:\/\/i0.wp.com\/ffw-bockhorn.de\/wp-content\/uploads\/2016\/01\/Chronik_FFW_13.jpg?resize=300%2C225&amp;ssl=1 300w, https:\/\/i0.wp.com\/ffw-bockhorn.de\/wp-content\/uploads\/2016\/01\/Chronik_FFW_13.jpg?resize=768%2C576&amp;ssl=1 768w, https:\/\/i0.wp.com\/ffw-bockhorn.de\/wp-content\/uploads\/2016\/01\/Chronik_FFW_13.jpg?resize=1024%2C768&amp;ssl=1 1024w, https:\/\/i0.wp.com\/ffw-bockhorn.de\/wp-content\/uploads\/2016\/01\/Chronik_FFW_13.jpg?resize=600%2C450&amp;ssl=1 600w, https:\/\/i0.wp.com\/ffw-bockhorn.de\/wp-content\/uploads\/2016\/01\/Chronik_FFW_13.jpg?w=1680&amp;ssl=1 1680w, https:\/\/i0.wp.com\/ffw-bockhorn.de\/wp-content\/uploads\/2016\/01\/Chronik_FFW_13.jpg?w=2520&amp;ssl=1 2520w\" sizes=\"auto, (max-width: 840px) 100vw, 840px\" \/><figcaption id=\"caption-attachment-1308\" class=\"wp-caption-text\">Drehleiter aus Strohballen2002<\/figcaption><\/figure>\n<p><strong>&nbsp;<\/strong><\/p>\n<p><strong>Dieses Fahrzeug wurde im Jahr 2002 kurz vor der Fahnenweihe der Feuerwehr Bockhorn angeschafft. Die Ausstattung war jedoch bereits bei Anschaffung \u00fcberholt. Die Mannschaft klagte \u00fcber mangelnden Platz im Fahrzeug sowohl f\u00fcr Personal als auch f\u00fcr die Ger\u00e4tschaften. Der niedrige Spritverbrauch w\u00fcrde zwar noch heute seines Gleichen suchen. Jedoch die geringe Leistung und die schlechten Fahreigenschaften machten das Fahrzeug f\u00fcr die Feuerwehr Bockhorn am Ende unbrauchbar. Man entschied sich daher bereits nach kurzer Zeit, das Fahrzeug wieder ausser Dienst zu stellen.<br \/>\n<\/strong><\/p>\n<p>&nbsp;<\/p>\n<h3><span style=\"text-decoration: underline;\">Technische Daten:<\/span><\/h3>\n\n<table id=\"tablepress-9\" class=\"tablepress tablepress-id-9\">\n<tbody class=\"row-striping row-hover\">\n<tr class=\"row-1\">\n\t<td class=\"column-1\">Hersteller<\/td><td class=\"column-2\">Sasl<\/td>\n<\/tr>\n<tr class=\"row-2\">\n\t<td class=\"column-1\">Rohstoff<\/td><td class=\"column-2\">Stroh<\/td>\n<\/tr>\n<tr class=\"row-3\">\n\t<td class=\"column-1\">W\u00e4rmeleitzahl \u03bb<\/td><td class=\"column-2\">fest: 0,038 W\/mK<\/td>\n<\/tr>\n<tr class=\"row-4\">\n\t<td class=\"column-1\">Spezifische W\u00e4rmekapazit\u00e4t c<\/td><td class=\"column-2\">2100 J\/kgK<\/td>\n<\/tr>\n<tr class=\"row-5\">\n\t<td class=\"column-1\">Rohdichte \u03c1<\/td><td class=\"column-2\">90-120 kg\/m\u00b3<\/td>\n<\/tr>\n<tr class=\"row-6\">\n\t<td class=\"column-1\">Recyclingf\u00e4hingkeit<\/td><td class=\"column-2\">100%<\/td>\n<\/tr>\n<tr class=\"row-7\">\n\t<td class=\"column-1\">Baujahr<\/td><td class=\"column-2\">2002<\/td>\n<\/tr>\n<\/tbody>\n<\/table>\n<!-- #tablepress-9 from cache -->\n<p>&nbsp;<\/p>\n<h4 style=\"text-align: center;\"><span style=\"text-decoration: underline;\"><a style=\"color: #0000ff; text-decoration: underline;\" href=\"https:\/\/ffw-bockhorn.de\/?page_id=65\">Zur\u00fcck zu &#8222;Fahrzeuge&#8220;<\/a><\/span><\/h4>\n","protected":false},"excerpt":{"rendered":"<p>&nbsp; Dieses Fahrzeug wurde im Jahr 2002 kurz vor der Fahnenweihe der Feuerwehr Bockhorn angeschafft. Die Ausstattung war jedoch bereits bei Anschaffung \u00fcberholt. Die Mannschaft klagte \u00fcber mangelnden Platz im<\/p>\n","protected":false},"author":1,"featured_media":0,"parent":0,"menu_order":0,"comment_status":"closed","ping_status":"closed","template":"","meta":{"jetpack_post_was_ever_published":false,"footnotes":""},"class_list":["post-55","page","type-page","status-publish","hentry"],"jetpack_sharing_enabled":true,"jetpack_shortlink":"https:\/\/wp.me\/P6T4yF-T","jetpack-related-posts":[{"id":43,"url":"https:\/\/ffw-bockhorn.de\/?page_id=43","url_meta":{"origin":55,"position":0},"title":"Chronik der Feuerwehr","author":"FFW Bockhorn","date":"27. Oktober 2015","format":false,"excerpt":"Die Geschichte der Feuerwehr Bockhorn ist bis 1875 zur\u00fcckzuverfolgen. Im Jahre 1873\u00a0wurde durch das Kgl. Bezirksamt Erding die Errichtung einer Pflichtfeuerwehr angeordnet.\u00a0Zum Feuerl\u00f6schbezirk Bockhorn geh\u00f6rten Gr\u00fcnbach, Salmannskirchen und Eschlbach, die\u00a0zur gegenseitigen Hilfe verpflichtet waren. Herangezogen wurden alle m\u00e4nnlichen\u00a0Ortsbewohner zwischen dem 18. und 50. Lebensjahr. Die Mannschaften bestanden aus\u00a0Steigern, Spritzenm\u00e4nnern und\u2026","rel":"","context":"\u00c4hnlicher Beitrag","block_context":{"text":"\u00c4hnlicher Beitrag","link":""},"img":{"alt_text":"","src":"https:\/\/i0.wp.com\/ffw-bockhorn.de\/wp-content\/uploads\/2016\/01\/Chronik_FFW_2-1024x717.jpg?resize=350%2C200","width":350,"height":200,"srcset":"https:\/\/i0.wp.com\/ffw-bockhorn.de\/wp-content\/uploads\/2016\/01\/Chronik_FFW_2-1024x717.jpg?resize=350%2C200 1x, https:\/\/i0.wp.com\/ffw-bockhorn.de\/wp-content\/uploads\/2016\/01\/Chronik_FFW_2-1024x717.jpg?resize=525%2C300 1.5x, https:\/\/i0.wp.com\/ffw-bockhorn.de\/wp-content\/uploads\/2016\/01\/Chronik_FFW_2-1024x717.jpg?resize=700%2C400 2x"},"classes":[]},{"id":2122,"url":"https:\/\/ffw-bockhorn.de\/?page_id=2122","url_meta":{"origin":55,"position":1},"title":"GW Dekon-P","author":"FFW Bockhorn","date":"4. Juni 2017","format":false,"excerpt":"Funkrufname: Florian Bockhorn 67\/1 Im April 2017 wurde der Dekon-P als eines der letzten Fahrzeuge f\u00fcr Bayern, an den Landkreis Erding \u00fcbergeben. Das Fahrzeug des Bundes ersetzt damit den Dekon-E-Anh\u00e4nger des Landkreises Erding. Wie auch schon der Dekon-E, ist der Dekon-P bei der Feuerwehr Bockhorn untergestellt und wird durch alle\u2026","rel":"","context":"\u00c4hnlicher Beitrag","block_context":{"text":"\u00c4hnlicher Beitrag","link":""},"img":{"alt_text":"","src":"https:\/\/i0.wp.com\/ffw-bockhorn.de\/wp-content\/uploads\/2017\/06\/Dekon-P.jpg?resize=350%2C200","width":350,"height":200,"srcset":"https:\/\/i0.wp.com\/ffw-bockhorn.de\/wp-content\/uploads\/2017\/06\/Dekon-P.jpg?resize=350%2C200 1x, https:\/\/i0.wp.com\/ffw-bockhorn.de\/wp-content\/uploads\/2017\/06\/Dekon-P.jpg?resize=525%2C300 1.5x, https:\/\/i0.wp.com\/ffw-bockhorn.de\/wp-content\/uploads\/2017\/06\/Dekon-P.jpg?resize=700%2C400 2x, https:\/\/i0.wp.com\/ffw-bockhorn.de\/wp-content\/uploads\/2017\/06\/Dekon-P.jpg?resize=1050%2C600 3x"},"classes":[]},{"id":71,"url":"https:\/\/ffw-bockhorn.de\/?page_id=71","url_meta":{"origin":55,"position":2},"title":"Mannschaftsbus","author":"FFW Bockhorn","date":"27. Oktober 2015","format":false,"excerpt":"Funkrufname: Florian Bockhorn 11\/1 Der Mannschaftsbus wurde 2003 als Neubeschaffung in den Dienst der Feuerwehr Bockhorn gestellt.\u00a0 Der Bus war zu diesem Zeitpunkt bereits ein Gebrauchtfahrzeug und wurde in ca. 300 Std. Eigenleistung komplett zerlegt, abgeschliffen, lackiert und wieder neu aufgebaut. Fahrzeug auf www.BOS-Fahrzeuge.info Technische Daten: Besondere Ausstattung \/ Beladung:\u2026","rel":"","context":"\u00c4hnlicher Beitrag","block_context":{"text":"\u00c4hnlicher Beitrag","link":""},"img":{"alt_text":"11","src":"https:\/\/i0.wp.com\/ffw-bockhorn.de\/wp-content\/uploads\/2015\/11\/11.jpg?resize=350%2C200","width":350,"height":200,"srcset":"https:\/\/i0.wp.com\/ffw-bockhorn.de\/wp-content\/uploads\/2015\/11\/11.jpg?resize=350%2C200 1x, https:\/\/i0.wp.com\/ffw-bockhorn.de\/wp-content\/uploads\/2015\/11\/11.jpg?resize=525%2C300 1.5x, https:\/\/i0.wp.com\/ffw-bockhorn.de\/wp-content\/uploads\/2015\/11\/11.jpg?resize=700%2C400 2x, https:\/\/i0.wp.com\/ffw-bockhorn.de\/wp-content\/uploads\/2015\/11\/11.jpg?resize=1050%2C600 3x"},"classes":[]},{"id":52,"url":"https:\/\/ffw-bockhorn.de\/?page_id=52","url_meta":{"origin":55,"position":3},"title":"Dekon-E Anh\u00e4nger (a.D.)","author":"FFW Bockhorn","date":"27. Oktober 2015","format":false,"excerpt":"Im Jahr 2003 fand der Dekon-Anh\u00e4nger seinen Platz in Bockhorn, da von der damaligen Kreisbrandinspektion Bockhorn als Mittelpunkt des Lankreises Erding ermittelt wurde. Der Anh\u00e4nger ist ein \"Landkreis-Fahrzeug\". Im August 2017 wurde der Anh\u00e4ngers durch das neue Bundes-Fahrzeug, den Dekon-P, abgel\u00f6st. \u00a0 Besondere Ausstattung \/ Beladung: DEKON-Zelt PE-Folie f\u00fcr DEKON-Platz\u2026","rel":"","context":"\u00c4hnlicher Beitrag","block_context":{"text":"\u00c4hnlicher Beitrag","link":""},"img":{"alt_text":"Dekon","src":"https:\/\/i0.wp.com\/ffw-bockhorn.de\/wp-content\/uploads\/2015\/11\/Dekon.jpg?resize=350%2C200","width":350,"height":200,"srcset":"https:\/\/i0.wp.com\/ffw-bockhorn.de\/wp-content\/uploads\/2015\/11\/Dekon.jpg?resize=350%2C200 1x, https:\/\/i0.wp.com\/ffw-bockhorn.de\/wp-content\/uploads\/2015\/11\/Dekon.jpg?resize=525%2C300 1.5x, https:\/\/i0.wp.com\/ffw-bockhorn.de\/wp-content\/uploads\/2015\/11\/Dekon.jpg?resize=700%2C400 2x"},"classes":[]},{"id":62,"url":"https:\/\/ffw-bockhorn.de\/?page_id=62","url_meta":{"origin":55,"position":4},"title":"Maibaum 2019","author":"FFW Bockhorn","date":"27. Oktober 2015","format":false,"excerpt":"Kontak zum Maibaumauschuss \u00fcber maibaum2019@ffw-bockhorn.de Bilder vom Maibaumaufstellen Allen Spendern ein herzliches \"vergelts`s Gott\"! Da Bam is furt... Gut verhandelt haben die Kameraden der Freiwilligen Feuerwehr Eschlbach, nachdem Sie morgens um 9 Uhr den Baum gestohlen hatten. F\u00fcr jeden gib`s a Brotzeit und 2 Ma\u00df Bier... :-) Da Bam kimmt\u2026","rel":"","context":"\u00c4hnlicher Beitrag","block_context":{"text":"\u00c4hnlicher Beitrag","link":""},"img":{"alt_text":"","src":"https:\/\/i0.wp.com\/ffw-bockhorn.de\/wp-content\/uploads\/2016\/01\/Chronik_FFW_16-3.jpg?fit=750%2C500&ssl=1&resize=350%2C200","width":350,"height":200,"srcset":"https:\/\/i0.wp.com\/ffw-bockhorn.de\/wp-content\/uploads\/2016\/01\/Chronik_FFW_16-3.jpg?fit=750%2C500&ssl=1&resize=350%2C200 1x, https:\/\/i0.wp.com\/ffw-bockhorn.de\/wp-content\/uploads\/2016\/01\/Chronik_FFW_16-3.jpg?fit=750%2C500&ssl=1&resize=525%2C300 1.5x, https:\/\/i0.wp.com\/ffw-bockhorn.de\/wp-content\/uploads\/2016\/01\/Chronik_FFW_16-3.jpg?fit=750%2C500&ssl=1&resize=700%2C400 2x"},"classes":[]},{"id":3427,"url":"https:\/\/ffw-bockhorn.de\/?page_id=3427","url_meta":{"origin":55,"position":5},"title":"Jugendordnung","author":"FFW Bockhorn","date":"21. Juli 2019","format":false,"excerpt":"JUGENDORDNUNG f\u00fcr die Jugendgruppe der \u201eFreiwilligen Feuerwehr Bockhorn e.V.\u201c Der Einfachheit halber wird in der Jugendordnung f\u00fcr Personen nur die m\u00e4nnliche Form verwendet. Dieweibliche Form ist immer miteingeschlossen. \u00a7 1 Die Jugendgruppe (1) Der Jugendgruppe der Freiwilligen Feuerwehr Bockhorn e.V. (Jugendgruppe) geh\u00f6ren alle Angeh\u00f6rigen der Freiwilligen Feuerwehr Bockhorn vom 12.\u2026","rel":"","context":"\u00c4hnlicher Beitrag","block_context":{"text":"\u00c4hnlicher Beitrag","link":""},"img":{"alt_text":"","src":"","width":0,"height":0},"classes":[]}],"_links":{"self":[{"href":"https:\/\/ffw-bockhorn.de\/index.php?rest_route=\/wp\/v2\/pages\/55","targetHints":{"allow":["GET"]}}],"collection":[{"href":"https:\/\/ffw-bockhorn.de\/index.php?rest_route=\/wp\/v2\/pages"}],"about":[{"href":"https:\/\/ffw-bockhorn.de\/index.php?rest_route=\/wp\/v2\/types\/page"}],"author":[{"embeddable":true,"href":"https:\/\/ffw-bockhorn.de\/index.php?rest_route=\/wp\/v2\/users\/1"}],"replies":[{"embeddable":true,"href":"https:\/\/ffw-bockhorn.de\/index.php?rest_route=%2Fwp%2Fv2%2Fcomments&post=55"}],"version-history":[{"count":12,"href":"https:\/\/ffw-bockhorn.de\/index.php?rest_route=\/wp\/v2\/pages\/55\/revisions"}],"predecessor-version":[{"id":3525,"href":"https:\/\/ffw-bockhorn.de\/index.php?rest_route=\/wp\/v2\/pages\/55\/revisions\/3525"}],"wp:attachment":[{"href":"https:\/\/ffw-bockhorn.de\/index.php?rest_route=%2Fwp%2Fv2%2Fmedia&parent=55"}],"curies":[{"name":"wp","href":"https:\/\/api.w.org\/{rel}","templated":true}]}}