{"id":65,"date":"2015-10-27T21:11:08","date_gmt":"2015-10-27T21:11:08","guid":{"rendered":"http:\/\/ffw-bockhorn.de\/?page_id=65"},"modified":"2022-11-06T14:32:19","modified_gmt":"2022-11-06T13:32:19","slug":"fahrzeuge","status":"publish","type":"page","link":"https:\/\/ffw-bockhorn.de\/?page_id=65","title":{"rendered":"Fahrzeuge"},"content":{"rendered":"<p><a href=\"https:\/\/ffw-bockhorn.de\/?page_id=74\"><img data-recalc-dims=\"1\" loading=\"lazy\" decoding=\"async\" data-attachment-id=\"225\" data-permalink=\"https:\/\/ffw-bockhorn.de\/?attachment_id=225\" data-orig-file=\"https:\/\/i0.wp.com\/ffw-bockhorn.de\/wp-content\/uploads\/2015\/11\/florian_transparent.jpg?fit=1128%2C1828&amp;ssl=1\" data-orig-size=\"1128,1828\" data-comments-opened=\"1\" data-image-meta=\"{&quot;aperture&quot;:&quot;0&quot;,&quot;credit&quot;:&quot;&quot;,&quot;camera&quot;:&quot;&quot;,&quot;caption&quot;:&quot;&quot;,&quot;created_timestamp&quot;:&quot;0&quot;,&quot;copyright&quot;:&quot;&quot;,&quot;focal_length&quot;:&quot;0&quot;,&quot;iso&quot;:&quot;0&quot;,&quot;shutter_speed&quot;:&quot;0&quot;,&quot;title&quot;:&quot;&quot;,&quot;orientation&quot;:&quot;0&quot;}\" data-image-title=\"florian_transparent\" data-image-description=\"\" data-image-caption=\"\" data-medium-file=\"https:\/\/i0.wp.com\/ffw-bockhorn.de\/wp-content\/uploads\/2015\/11\/florian_transparent.jpg?fit=185%2C300&amp;ssl=1\" data-large-file=\"https:\/\/i0.wp.com\/ffw-bockhorn.de\/wp-content\/uploads\/2015\/11\/florian_transparent.jpg?fit=632%2C1024&amp;ssl=1\" class=\"alignleft size-medium wp-image-225\" src=\"https:\/\/i0.wp.com\/ffw-bockhorn.de\/wp-content\/uploads\/2015\/11\/florian_transparent.jpg?resize=185%2C300&#038;ssl=1\" alt=\"florian_transparent\" width=\"185\" height=\"300\" srcset=\"https:\/\/i0.wp.com\/ffw-bockhorn.de\/wp-content\/uploads\/2015\/11\/florian_transparent.jpg?resize=185%2C300&amp;ssl=1 185w, https:\/\/i0.wp.com\/ffw-bockhorn.de\/wp-content\/uploads\/2015\/11\/florian_transparent.jpg?resize=632%2C1024&amp;ssl=1 632w, https:\/\/i0.wp.com\/ffw-bockhorn.de\/wp-content\/uploads\/2015\/11\/florian_transparent.jpg?w=1128&amp;ssl=1 1128w\" sizes=\"auto, (max-width: 185px) 100vw, 185px\" \/> <\/a><a href=\"https:\/\/ffw-bockhorn.de\/?page_id=3520\">HLF 20<\/a><\/p>\n<blockquote><p><a href=\"https:\/\/ffw-bockhorn.de\/?page_id=2122\">GW Dekon-P<\/a><\/p><\/blockquote>\n<blockquote><p><a href=\"https:\/\/ffw-bockhorn.de\/?page_id=71\">Mannschaftsbus<\/a><\/p><\/blockquote>\n<blockquote><p><a href=\"https:\/\/ffw-bockhorn.de\/?page_id=74\">LF 8\/6 (a.D.)<\/a><\/p>\n<p><a href=\"https:\/\/ffw-bockhorn.de\/?page_id=52\">Dekon-E Anh\u00e4nger (a.D.)<\/a><\/p>\n<p><a href=\"https:\/\/ffw-bockhorn.de\/?page_id=55\">Drehleiter (a.D.)<\/a><\/p><\/blockquote>\n","protected":false},"excerpt":{"rendered":"<p>HLF 20 GW Dekon-P Mannschaftsbus LF 8\/6 (a.D.) Dekon-E Anh\u00e4nger (a.D.) Drehleiter (a.D.)<\/p>\n","protected":false},"author":1,"featured_media":0,"parent":0,"menu_order":0,"comment_status":"closed","ping_status":"closed","template":"","meta":{"jetpack_post_was_ever_published":false,"footnotes":""},"class_list":["post-65","page","type-page","status-publish","hentry"],"jetpack_sharing_enabled":true,"jetpack_shortlink":"https:\/\/wp.me\/P6T4yF-13","jetpack-related-posts":[{"id":52,"url":"https:\/\/ffw-bockhorn.de\/?page_id=52","url_meta":{"origin":65,"position":0},"title":"Dekon-E Anh\u00e4nger (a.D.)","author":"FFW Bockhorn","date":"27. Oktober 2015","format":false,"excerpt":"Im Jahr 2003 fand der Dekon-Anh\u00e4nger seinen Platz in Bockhorn, da von der damaligen Kreisbrandinspektion Bockhorn als Mittelpunkt des Lankreises Erding ermittelt wurde. Der Anh\u00e4nger ist ein \"Landkreis-Fahrzeug\". Im August 2017 wurde der Anh\u00e4ngers durch das neue Bundes-Fahrzeug, den Dekon-P, abgel\u00f6st. \u00a0 Besondere Ausstattung \/ Beladung: DEKON-Zelt PE-Folie f\u00fcr DEKON-Platz\u2026","rel":"","context":"\u00c4hnlicher Beitrag","block_context":{"text":"\u00c4hnlicher Beitrag","link":""},"img":{"alt_text":"Dekon","src":"https:\/\/i0.wp.com\/ffw-bockhorn.de\/wp-content\/uploads\/2015\/11\/Dekon.jpg?resize=350%2C200","width":350,"height":200,"srcset":"https:\/\/i0.wp.com\/ffw-bockhorn.de\/wp-content\/uploads\/2015\/11\/Dekon.jpg?resize=350%2C200 1x, https:\/\/i0.wp.com\/ffw-bockhorn.de\/wp-content\/uploads\/2015\/11\/Dekon.jpg?resize=525%2C300 1.5x, https:\/\/i0.wp.com\/ffw-bockhorn.de\/wp-content\/uploads\/2015\/11\/Dekon.jpg?resize=700%2C400 2x"},"classes":[]},{"id":2122,"url":"https:\/\/ffw-bockhorn.de\/?page_id=2122","url_meta":{"origin":65,"position":1},"title":"GW Dekon-P","author":"FFW Bockhorn","date":"4. Juni 2017","format":false,"excerpt":"Funkrufname: Florian Bockhorn 67\/1 Im April 2017 wurde der Dekon-P als eines der letzten Fahrzeuge f\u00fcr Bayern, an den Landkreis Erding \u00fcbergeben. Das Fahrzeug des Bundes ersetzt damit den Dekon-E-Anh\u00e4nger des Landkreises Erding. Wie auch schon der Dekon-E, ist der Dekon-P bei der Feuerwehr Bockhorn untergestellt und wird durch alle\u2026","rel":"","context":"\u00c4hnlicher Beitrag","block_context":{"text":"\u00c4hnlicher Beitrag","link":""},"img":{"alt_text":"","src":"https:\/\/i0.wp.com\/ffw-bockhorn.de\/wp-content\/uploads\/2017\/06\/Dekon-P.jpg?resize=350%2C200","width":350,"height":200,"srcset":"https:\/\/i0.wp.com\/ffw-bockhorn.de\/wp-content\/uploads\/2017\/06\/Dekon-P.jpg?resize=350%2C200 1x, https:\/\/i0.wp.com\/ffw-bockhorn.de\/wp-content\/uploads\/2017\/06\/Dekon-P.jpg?resize=525%2C300 1.5x, https:\/\/i0.wp.com\/ffw-bockhorn.de\/wp-content\/uploads\/2017\/06\/Dekon-P.jpg?resize=700%2C400 2x, https:\/\/i0.wp.com\/ffw-bockhorn.de\/wp-content\/uploads\/2017\/06\/Dekon-P.jpg?resize=1050%2C600 3x"},"classes":[]},{"id":55,"url":"https:\/\/ffw-bockhorn.de\/?page_id=55","url_meta":{"origin":65,"position":2},"title":"Drehleiter (a.D.)","author":"FFW Bockhorn","date":"27. Oktober 2015","format":false,"excerpt":"\u00a0 Dieses Fahrzeug wurde im Jahr 2002 kurz vor der Fahnenweihe der Feuerwehr Bockhorn angeschafft. Die Ausstattung war jedoch bereits bei Anschaffung \u00fcberholt. Die Mannschaft klagte \u00fcber mangelnden Platz im Fahrzeug sowohl f\u00fcr Personal als auch f\u00fcr die Ger\u00e4tschaften. Der niedrige Spritverbrauch w\u00fcrde zwar noch heute seines Gleichen suchen. Jedoch\u2026","rel":"","context":"\u00c4hnlicher Beitrag","block_context":{"text":"\u00c4hnlicher Beitrag","link":""},"img":{"alt_text":"","src":"https:\/\/i0.wp.com\/ffw-bockhorn.de\/wp-content\/uploads\/2016\/01\/Chronik_FFW_13.jpg?resize=350%2C200","width":350,"height":200,"srcset":"https:\/\/i0.wp.com\/ffw-bockhorn.de\/wp-content\/uploads\/2016\/01\/Chronik_FFW_13.jpg?resize=350%2C200 1x, https:\/\/i0.wp.com\/ffw-bockhorn.de\/wp-content\/uploads\/2016\/01\/Chronik_FFW_13.jpg?resize=525%2C300 1.5x, https:\/\/i0.wp.com\/ffw-bockhorn.de\/wp-content\/uploads\/2016\/01\/Chronik_FFW_13.jpg?resize=700%2C400 2x, https:\/\/i0.wp.com\/ffw-bockhorn.de\/wp-content\/uploads\/2016\/01\/Chronik_FFW_13.jpg?resize=1050%2C600 3x, https:\/\/i0.wp.com\/ffw-bockhorn.de\/wp-content\/uploads\/2016\/01\/Chronik_FFW_13.jpg?resize=1400%2C800 4x"},"classes":[]},{"id":74,"url":"https:\/\/ffw-bockhorn.de\/?page_id=74","url_meta":{"origin":65,"position":3},"title":"LF 8\/6 (a.D.)","author":"FFW Bockhorn","date":"27. Oktober 2015","format":false,"excerpt":"Funkrufname: Florian Bockhorn 42\/1 Das L\u00f6schgruppenfahrzeug LF 8\/6 wurde 1992 als Ersatz f\u00fcr den damaligen Opel Blitz angeschafft. Das bis dahin bestehende Fahrzeug war 35 Jahre im Einsatz und war den damaligen Anforderungen nicht mehr gerecht. \u00a0 Technische Daten: \u00a0 Besondere Ausstattung \/ Beladung: Feuerl\u00f6schkreiselpumpe ( F\u00f6rderleistung: 800 l\/min bei\u2026","rel":"","context":"\u00c4hnlicher Beitrag","block_context":{"text":"\u00c4hnlicher Beitrag","link":""},"img":{"alt_text":"42","src":"https:\/\/i0.wp.com\/ffw-bockhorn.de\/wp-content\/uploads\/2015\/11\/42.jpg?resize=350%2C200","width":350,"height":200,"srcset":"https:\/\/i0.wp.com\/ffw-bockhorn.de\/wp-content\/uploads\/2015\/11\/42.jpg?resize=350%2C200 1x, https:\/\/i0.wp.com\/ffw-bockhorn.de\/wp-content\/uploads\/2015\/11\/42.jpg?resize=525%2C300 1.5x, https:\/\/i0.wp.com\/ffw-bockhorn.de\/wp-content\/uploads\/2015\/11\/42.jpg?resize=700%2C400 2x"},"classes":[]},{"id":43,"url":"https:\/\/ffw-bockhorn.de\/?page_id=43","url_meta":{"origin":65,"position":4},"title":"Chronik der Feuerwehr","author":"FFW Bockhorn","date":"27. Oktober 2015","format":false,"excerpt":"Die Geschichte der Feuerwehr Bockhorn ist bis 1875 zur\u00fcckzuverfolgen. Im Jahre 1873\u00a0wurde durch das Kgl. Bezirksamt Erding die Errichtung einer Pflichtfeuerwehr angeordnet.\u00a0Zum Feuerl\u00f6schbezirk Bockhorn geh\u00f6rten Gr\u00fcnbach, Salmannskirchen und Eschlbach, die\u00a0zur gegenseitigen Hilfe verpflichtet waren. Herangezogen wurden alle m\u00e4nnlichen\u00a0Ortsbewohner zwischen dem 18. und 50. Lebensjahr. Die Mannschaften bestanden aus\u00a0Steigern, Spritzenm\u00e4nnern und\u2026","rel":"","context":"\u00c4hnlicher Beitrag","block_context":{"text":"\u00c4hnlicher Beitrag","link":""},"img":{"alt_text":"","src":"https:\/\/i0.wp.com\/ffw-bockhorn.de\/wp-content\/uploads\/2016\/01\/Chronik_FFW_2-1024x717.jpg?resize=350%2C200","width":350,"height":200,"srcset":"https:\/\/i0.wp.com\/ffw-bockhorn.de\/wp-content\/uploads\/2016\/01\/Chronik_FFW_2-1024x717.jpg?resize=350%2C200 1x, https:\/\/i0.wp.com\/ffw-bockhorn.de\/wp-content\/uploads\/2016\/01\/Chronik_FFW_2-1024x717.jpg?resize=525%2C300 1.5x, https:\/\/i0.wp.com\/ffw-bockhorn.de\/wp-content\/uploads\/2016\/01\/Chronik_FFW_2-1024x717.jpg?resize=700%2C400 2x"},"classes":[]},{"id":71,"url":"https:\/\/ffw-bockhorn.de\/?page_id=71","url_meta":{"origin":65,"position":5},"title":"Mannschaftsbus","author":"FFW Bockhorn","date":"27. Oktober 2015","format":false,"excerpt":"Funkrufname: Florian Bockhorn 11\/1 Der Mannschaftsbus wurde 2003 als Neubeschaffung in den Dienst der Feuerwehr Bockhorn gestellt.\u00a0 Der Bus war zu diesem Zeitpunkt bereits ein Gebrauchtfahrzeug und wurde in ca. 300 Std. Eigenleistung komplett zerlegt, abgeschliffen, lackiert und wieder neu aufgebaut. Fahrzeug auf www.BOS-Fahrzeuge.info Technische Daten: Besondere Ausstattung \/ Beladung:\u2026","rel":"","context":"\u00c4hnlicher Beitrag","block_context":{"text":"\u00c4hnlicher Beitrag","link":""},"img":{"alt_text":"11","src":"https:\/\/i0.wp.com\/ffw-bockhorn.de\/wp-content\/uploads\/2015\/11\/11.jpg?resize=350%2C200","width":350,"height":200,"srcset":"https:\/\/i0.wp.com\/ffw-bockhorn.de\/wp-content\/uploads\/2015\/11\/11.jpg?resize=350%2C200 1x, https:\/\/i0.wp.com\/ffw-bockhorn.de\/wp-content\/uploads\/2015\/11\/11.jpg?resize=525%2C300 1.5x, https:\/\/i0.wp.com\/ffw-bockhorn.de\/wp-content\/uploads\/2015\/11\/11.jpg?resize=700%2C400 2x, https:\/\/i0.wp.com\/ffw-bockhorn.de\/wp-content\/uploads\/2015\/11\/11.jpg?resize=1050%2C600 3x"},"classes":[]}],"_links":{"self":[{"href":"https:\/\/ffw-bockhorn.de\/index.php?rest_route=\/wp\/v2\/pages\/65","targetHints":{"allow":["GET"]}}],"collection":[{"href":"https:\/\/ffw-bockhorn.de\/index.php?rest_route=\/wp\/v2\/pages"}],"about":[{"href":"https:\/\/ffw-bockhorn.de\/index.php?rest_route=\/wp\/v2\/types\/page"}],"author":[{"embeddable":true,"href":"https:\/\/ffw-bockhorn.de\/index.php?rest_route=\/wp\/v2\/users\/1"}],"replies":[{"embeddable":true,"href":"https:\/\/ffw-bockhorn.de\/index.php?rest_route=%2Fwp%2Fv2%2Fcomments&post=65"}],"version-history":[{"count":14,"href":"https:\/\/ffw-bockhorn.de\/index.php?rest_route=\/wp\/v2\/pages\/65\/revisions"}],"predecessor-version":[{"id":4275,"href":"https:\/\/ffw-bockhorn.de\/index.php?rest_route=\/wp\/v2\/pages\/65\/revisions\/4275"}],"wp:attachment":[{"href":"https:\/\/ffw-bockhorn.de\/index.php?rest_route=%2Fwp%2Fv2%2Fmedia&parent=65"}],"curies":[{"name":"wp","href":"https:\/\/api.w.org\/{rel}","templated":true}]}}