{"id":71,"date":"2015-10-27T21:12:10","date_gmt":"2015-10-27T21:12:10","guid":{"rendered":"http:\/\/ffw-bockhorn.de\/?page_id=71"},"modified":"2020-08-29T07:34:42","modified_gmt":"2020-08-29T05:34:42","slug":"florian-bockhorn-111","status":"publish","type":"page","link":"https:\/\/ffw-bockhorn.de\/?page_id=71","title":{"rendered":"Mannschaftsbus"},"content":{"rendered":"<h3><strong>Funkrufname: <\/strong>Florian Bockhorn 11\/1<\/h3>\n<p><img data-recalc-dims=\"1\" loading=\"lazy\" decoding=\"async\" data-attachment-id=\"196\" data-permalink=\"https:\/\/ffw-bockhorn.de\/?attachment_id=196\" data-orig-file=\"https:\/\/i0.wp.com\/ffw-bockhorn.de\/wp-content\/uploads\/2015\/11\/11.jpg?fit=1247%2C733&amp;ssl=1\" data-orig-size=\"1247,733\" data-comments-opened=\"1\" data-image-meta=\"{&quot;aperture&quot;:&quot;0&quot;,&quot;credit&quot;:&quot;&quot;,&quot;camera&quot;:&quot;&quot;,&quot;caption&quot;:&quot;&quot;,&quot;created_timestamp&quot;:&quot;0&quot;,&quot;copyright&quot;:&quot;&quot;,&quot;focal_length&quot;:&quot;0&quot;,&quot;iso&quot;:&quot;0&quot;,&quot;shutter_speed&quot;:&quot;0&quot;,&quot;title&quot;:&quot;&quot;,&quot;orientation&quot;:&quot;1&quot;}\" data-image-title=\"11\" data-image-description=\"\" data-image-caption=\"\" data-medium-file=\"https:\/\/i0.wp.com\/ffw-bockhorn.de\/wp-content\/uploads\/2015\/11\/11.jpg?fit=300%2C176&amp;ssl=1\" data-large-file=\"https:\/\/i0.wp.com\/ffw-bockhorn.de\/wp-content\/uploads\/2015\/11\/11.jpg?fit=840%2C494&amp;ssl=1\" class=\"size-full wp-image-196 aligncenter\" src=\"https:\/\/i0.wp.com\/ffw-bockhorn.de\/wp-content\/uploads\/2015\/11\/11.jpg?resize=840%2C494&#038;ssl=1\" alt=\"11\" width=\"840\" height=\"494\" srcset=\"https:\/\/i0.wp.com\/ffw-bockhorn.de\/wp-content\/uploads\/2015\/11\/11.jpg?w=1247&amp;ssl=1 1247w, https:\/\/i0.wp.com\/ffw-bockhorn.de\/wp-content\/uploads\/2015\/11\/11.jpg?resize=300%2C176&amp;ssl=1 300w, https:\/\/i0.wp.com\/ffw-bockhorn.de\/wp-content\/uploads\/2015\/11\/11.jpg?resize=1024%2C602&amp;ssl=1 1024w\" sizes=\"auto, (max-width: 840px) 100vw, 840px\" \/><\/p>\n<p><strong>Der <span style=\"color: #000000;\">Mannschaftsbus wurde 2003 als Neubeschaffung in den Dienst der Feuerwehr Bockhorn gestellt.\u00a0 Der Bus war zu diesem Zeitpunkt bereits ein Gebrauchtfahrzeug und wurde in ca. 300 Std. Eigenleistung komplett zerlegt, abgeschliffen, lackiert und wieder neu aufgebaut.<\/span><br \/>\n<\/strong><\/p>\n<p><span style=\"color: #000000;\"><strong>Fahrzeug auf <a href=\"https:\/\/bos-fahrzeuge.info\/einsatzfahrzeuge\/54289\/Florian_Bockhorn_1101\" target=\"_blank\" rel=\"noopener noreferrer\">www.BOS-Fahrzeuge.info<\/a><\/strong><\/span><\/p>\n<h3><span style=\"text-decoration: underline;\"><strong>Technische Daten:<\/strong><\/span><\/h3>\n\n<table id=\"tablepress-6\" class=\"tablepress tablepress-id-6\">\n<tbody class=\"row-striping row-hover\">\n<tr class=\"row-1\">\n\t<td class=\"column-1\">Hersteller<\/td><td class=\"column-2\">Fiat Ducato<\/td>\n<\/tr>\n<tr class=\"row-2\">\n\t<td class=\"column-1\">Motor<\/td><td class=\"column-2\">4-Zylinder<\/td>\n<\/tr>\n<tr class=\"row-3\">\n\t<td class=\"column-1\">Baujahr<\/td><td class=\"column-2\">2000<\/td>\n<\/tr>\n<tr class=\"row-4\">\n\t<td class=\"column-1\">Leistung<\/td><td class=\"column-2\">122 PS<\/td>\n<\/tr>\n<tr class=\"row-5\">\n\t<td class=\"column-1\">Mannschaftsst\u00e4rke<\/td><td class=\"column-2\">1\/7<\/td>\n<\/tr>\n<\/tbody>\n<\/table>\n<!-- #tablepress-6 from cache -->\n<h3><span style=\"text-decoration: underline;\"><strong>Besondere Ausstattung \/ Beladung:<\/strong><\/span><\/h3>\n<ul>\n<li>Normbeladung eines MZF 11\/1<\/li>\n<\/ul>\n<h4 style=\"text-align: center;\"><span style=\"text-decoration: underline; color: #0000ff;\"><a style=\"color: #0000ff; text-decoration: underline;\" href=\"https:\/\/ffw-bockhorn.de\/?page_id=65\">Zur\u00fcck zu &#8222;Fahrzeuge&#8220;<\/a><\/span><\/h4>\n","protected":false},"excerpt":{"rendered":"<p>Funkrufname: Florian Bockhorn 11\/1 Der Mannschaftsbus wurde 2003 als Neubeschaffung in den Dienst der Feuerwehr Bockhorn gestellt.\u00a0 Der Bus war zu diesem Zeitpunkt bereits ein Gebrauchtfahrzeug und wurde in ca.<\/p>\n","protected":false},"author":1,"featured_media":0,"parent":0,"menu_order":0,"comment_status":"closed","ping_status":"closed","template":"","meta":{"jetpack_post_was_ever_published":false,"footnotes":""},"class_list":["post-71","page","type-page","status-publish","hentry"],"jetpack_sharing_enabled":true,"jetpack_shortlink":"https:\/\/wp.me\/P6T4yF-19","jetpack-related-posts":[{"id":46,"url":"https:\/\/ffw-bockhorn.de\/?page_id=46","url_meta":{"origin":71,"position":0},"title":"Chronik der Gemeinde","author":"FFW Bockhorn","date":"27. Oktober 2015","format":false,"excerpt":"Bockhorn liegt etwa 7 km \u00f6stlich der Kreisstadt Erding, genau in der Mitte des Landkreises und umfasst 47 qkm. Das Gemeindegebiet mit seinen fruchtbaren B\u00f6den und seinem Wasserreichtum geh\u00f6rt zu den fr\u00fchest besiedelten Gebieten. Das erste Volk, dessen Name uns noch bekannt ist, waren die Kelten um 500 v.Chr.. Letzte\u2026","rel":"","context":"\u00c4hnlicher Beitrag","block_context":{"text":"\u00c4hnlicher Beitrag","link":""},"img":{"alt_text":"festsc0","src":"https:\/\/i0.wp.com\/ffw-bockhorn.de\/wp-content\/uploads\/2015\/12\/festsc0.jpg?resize=350%2C200","width":350,"height":200},"classes":[]},{"id":3353,"url":"https:\/\/ffw-bockhorn.de\/?page_id=3353","url_meta":{"origin":71,"position":1},"title":"2019 &#8211; l\u00e4uft bei uns","author":"FFW Bockhorn","date":"8. Juli 2019","format":false,"excerpt":"Die neuesten Beitr\u00e4ge Aktion Ferienspass Den Kindern der Gemeinde Bockhorn wurde heute an allen 4 Feuerwehrh\u00e4usern der Gemeinde etwas gro\u00dfartiges Rund um die Feuerwehr geboten. In Bockhorn hat die Jugendfeuerwehr unter Anleitung ein Auto mit Scheere und Spreizer zerlegt. Daf\u00fcr durfte die Jugend auch in das Gewand der \"Gro\u00dfen\" schl\u00fcpfen!\u2026","rel":"","context":"\u00c4hnlicher Beitrag","block_context":{"text":"\u00c4hnlicher Beitrag","link":""},"img":{"alt_text":"","src":"https:\/\/i0.wp.com\/ffw-bockhorn.de\/wp-content\/uploads\/2019\/07\/IMG_20190317_184316.jpg?fit=1200%2C781&ssl=1&resize=350%2C200","width":350,"height":200,"srcset":"https:\/\/i0.wp.com\/ffw-bockhorn.de\/wp-content\/uploads\/2019\/07\/IMG_20190317_184316.jpg?fit=1200%2C781&ssl=1&resize=350%2C200 1x, https:\/\/i0.wp.com\/ffw-bockhorn.de\/wp-content\/uploads\/2019\/07\/IMG_20190317_184316.jpg?fit=1200%2C781&ssl=1&resize=525%2C300 1.5x, https:\/\/i0.wp.com\/ffw-bockhorn.de\/wp-content\/uploads\/2019\/07\/IMG_20190317_184316.jpg?fit=1200%2C781&ssl=1&resize=700%2C400 2x, https:\/\/i0.wp.com\/ffw-bockhorn.de\/wp-content\/uploads\/2019\/07\/IMG_20190317_184316.jpg?fit=1200%2C781&ssl=1&resize=1050%2C600 3x"},"classes":[]},{"id":43,"url":"https:\/\/ffw-bockhorn.de\/?page_id=43","url_meta":{"origin":71,"position":2},"title":"Chronik der Feuerwehr","author":"FFW Bockhorn","date":"27. Oktober 2015","format":false,"excerpt":"Die Geschichte der Feuerwehr Bockhorn ist bis 1875 zur\u00fcckzuverfolgen. Im Jahre 1873\u00a0wurde durch das Kgl. Bezirksamt Erding die Errichtung einer Pflichtfeuerwehr angeordnet.\u00a0Zum Feuerl\u00f6schbezirk Bockhorn geh\u00f6rten Gr\u00fcnbach, Salmannskirchen und Eschlbach, die\u00a0zur gegenseitigen Hilfe verpflichtet waren. Herangezogen wurden alle m\u00e4nnlichen\u00a0Ortsbewohner zwischen dem 18. und 50. Lebensjahr. Die Mannschaften bestanden aus\u00a0Steigern, Spritzenm\u00e4nnern und\u2026","rel":"","context":"\u00c4hnlicher Beitrag","block_context":{"text":"\u00c4hnlicher Beitrag","link":""},"img":{"alt_text":"","src":"https:\/\/i0.wp.com\/ffw-bockhorn.de\/wp-content\/uploads\/2016\/01\/Chronik_FFW_2-1024x717.jpg?resize=350%2C200","width":350,"height":200,"srcset":"https:\/\/i0.wp.com\/ffw-bockhorn.de\/wp-content\/uploads\/2016\/01\/Chronik_FFW_2-1024x717.jpg?resize=350%2C200 1x, https:\/\/i0.wp.com\/ffw-bockhorn.de\/wp-content\/uploads\/2016\/01\/Chronik_FFW_2-1024x717.jpg?resize=525%2C300 1.5x, https:\/\/i0.wp.com\/ffw-bockhorn.de\/wp-content\/uploads\/2016\/01\/Chronik_FFW_2-1024x717.jpg?resize=700%2C400 2x"},"classes":[]},{"id":2122,"url":"https:\/\/ffw-bockhorn.de\/?page_id=2122","url_meta":{"origin":71,"position":3},"title":"GW Dekon-P","author":"FFW Bockhorn","date":"4. Juni 2017","format":false,"excerpt":"Funkrufname: Florian Bockhorn 67\/1 Im April 2017 wurde der Dekon-P als eines der letzten Fahrzeuge f\u00fcr Bayern, an den Landkreis Erding \u00fcbergeben. Das Fahrzeug des Bundes ersetzt damit den Dekon-E-Anh\u00e4nger des Landkreises Erding. Wie auch schon der Dekon-E, ist der Dekon-P bei der Feuerwehr Bockhorn untergestellt und wird durch alle\u2026","rel":"","context":"\u00c4hnlicher Beitrag","block_context":{"text":"\u00c4hnlicher Beitrag","link":""},"img":{"alt_text":"","src":"https:\/\/i0.wp.com\/ffw-bockhorn.de\/wp-content\/uploads\/2017\/06\/Dekon-P.jpg?resize=350%2C200","width":350,"height":200,"srcset":"https:\/\/i0.wp.com\/ffw-bockhorn.de\/wp-content\/uploads\/2017\/06\/Dekon-P.jpg?resize=350%2C200 1x, https:\/\/i0.wp.com\/ffw-bockhorn.de\/wp-content\/uploads\/2017\/06\/Dekon-P.jpg?resize=525%2C300 1.5x, https:\/\/i0.wp.com\/ffw-bockhorn.de\/wp-content\/uploads\/2017\/06\/Dekon-P.jpg?resize=700%2C400 2x, https:\/\/i0.wp.com\/ffw-bockhorn.de\/wp-content\/uploads\/2017\/06\/Dekon-P.jpg?resize=1050%2C600 3x"},"classes":[]},{"id":3427,"url":"https:\/\/ffw-bockhorn.de\/?page_id=3427","url_meta":{"origin":71,"position":4},"title":"Jugendordnung","author":"FFW Bockhorn","date":"21. Juli 2019","format":false,"excerpt":"JUGENDORDNUNG f\u00fcr die Jugendgruppe der \u201eFreiwilligen Feuerwehr Bockhorn e.V.\u201c Der Einfachheit halber wird in der Jugendordnung f\u00fcr Personen nur die m\u00e4nnliche Form verwendet. Dieweibliche Form ist immer miteingeschlossen. \u00a7 1 Die Jugendgruppe (1) Der Jugendgruppe der Freiwilligen Feuerwehr Bockhorn e.V. (Jugendgruppe) geh\u00f6ren alle Angeh\u00f6rigen der Freiwilligen Feuerwehr Bockhorn vom 12.\u2026","rel":"","context":"\u00c4hnlicher Beitrag","block_context":{"text":"\u00c4hnlicher Beitrag","link":""},"img":{"alt_text":"","src":"","width":0,"height":0},"classes":[]},{"id":55,"url":"https:\/\/ffw-bockhorn.de\/?page_id=55","url_meta":{"origin":71,"position":5},"title":"Drehleiter (a.D.)","author":"FFW Bockhorn","date":"27. Oktober 2015","format":false,"excerpt":"\u00a0 Dieses Fahrzeug wurde im Jahr 2002 kurz vor der Fahnenweihe der Feuerwehr Bockhorn angeschafft. Die Ausstattung war jedoch bereits bei Anschaffung \u00fcberholt. Die Mannschaft klagte \u00fcber mangelnden Platz im Fahrzeug sowohl f\u00fcr Personal als auch f\u00fcr die Ger\u00e4tschaften. Der niedrige Spritverbrauch w\u00fcrde zwar noch heute seines Gleichen suchen. Jedoch\u2026","rel":"","context":"\u00c4hnlicher Beitrag","block_context":{"text":"\u00c4hnlicher Beitrag","link":""},"img":{"alt_text":"","src":"https:\/\/i0.wp.com\/ffw-bockhorn.de\/wp-content\/uploads\/2016\/01\/Chronik_FFW_13.jpg?resize=350%2C200","width":350,"height":200,"srcset":"https:\/\/i0.wp.com\/ffw-bockhorn.de\/wp-content\/uploads\/2016\/01\/Chronik_FFW_13.jpg?resize=350%2C200 1x, https:\/\/i0.wp.com\/ffw-bockhorn.de\/wp-content\/uploads\/2016\/01\/Chronik_FFW_13.jpg?resize=525%2C300 1.5x, https:\/\/i0.wp.com\/ffw-bockhorn.de\/wp-content\/uploads\/2016\/01\/Chronik_FFW_13.jpg?resize=700%2C400 2x, https:\/\/i0.wp.com\/ffw-bockhorn.de\/wp-content\/uploads\/2016\/01\/Chronik_FFW_13.jpg?resize=1050%2C600 3x, https:\/\/i0.wp.com\/ffw-bockhorn.de\/wp-content\/uploads\/2016\/01\/Chronik_FFW_13.jpg?resize=1400%2C800 4x"},"classes":[]}],"_links":{"self":[{"href":"https:\/\/ffw-bockhorn.de\/index.php?rest_route=\/wp\/v2\/pages\/71","targetHints":{"allow":["GET"]}}],"collection":[{"href":"https:\/\/ffw-bockhorn.de\/index.php?rest_route=\/wp\/v2\/pages"}],"about":[{"href":"https:\/\/ffw-bockhorn.de\/index.php?rest_route=\/wp\/v2\/types\/page"}],"author":[{"embeddable":true,"href":"https:\/\/ffw-bockhorn.de\/index.php?rest_route=\/wp\/v2\/users\/1"}],"replies":[{"embeddable":true,"href":"https:\/\/ffw-bockhorn.de\/index.php?rest_route=%2Fwp%2Fv2%2Fcomments&post=71"}],"version-history":[{"count":20,"href":"https:\/\/ffw-bockhorn.de\/index.php?rest_route=\/wp\/v2\/pages\/71\/revisions"}],"predecessor-version":[{"id":3919,"href":"https:\/\/ffw-bockhorn.de\/index.php?rest_route=\/wp\/v2\/pages\/71\/revisions\/3919"}],"wp:attachment":[{"href":"https:\/\/ffw-bockhorn.de\/index.php?rest_route=%2Fwp%2Fv2%2Fmedia&parent=71"}],"curies":[{"name":"wp","href":"https:\/\/api.w.org\/{rel}","templated":true}]}}