{"id":74,"date":"2015-10-27T21:13:06","date_gmt":"2015-10-27T21:13:06","guid":{"rendered":"http:\/\/ffw-bockhorn.de\/?page_id=74"},"modified":"2020-02-06T21:13:59","modified_gmt":"2020-02-06T20:13:59","slug":"florian-bockhorn-421","status":"publish","type":"page","link":"https:\/\/ffw-bockhorn.de\/?page_id=74","title":{"rendered":"LF 8\/6 (a.D.)"},"content":{"rendered":"<h3><strong>Funkrufname: <\/strong>Florian Bockhorn 42\/1<\/h3>\n<p><strong><img data-recalc-dims=\"1\" loading=\"lazy\" decoding=\"async\" data-attachment-id=\"197\" data-permalink=\"https:\/\/ffw-bockhorn.de\/?attachment_id=197\" data-orig-file=\"https:\/\/i0.wp.com\/ffw-bockhorn.de\/wp-content\/uploads\/2015\/11\/42.jpg?fit=870%2C529&amp;ssl=1\" data-orig-size=\"870,529\" data-comments-opened=\"1\" data-image-meta=\"{&quot;aperture&quot;:&quot;0&quot;,&quot;credit&quot;:&quot;&quot;,&quot;camera&quot;:&quot;&quot;,&quot;caption&quot;:&quot;&quot;,&quot;created_timestamp&quot;:&quot;0&quot;,&quot;copyright&quot;:&quot;&quot;,&quot;focal_length&quot;:&quot;0&quot;,&quot;iso&quot;:&quot;0&quot;,&quot;shutter_speed&quot;:&quot;0&quot;,&quot;title&quot;:&quot;&quot;,&quot;orientation&quot;:&quot;1&quot;}\" data-image-title=\"42\" data-image-description=\"\" data-image-caption=\"\" data-medium-file=\"https:\/\/i0.wp.com\/ffw-bockhorn.de\/wp-content\/uploads\/2015\/11\/42.jpg?fit=300%2C182&amp;ssl=1\" data-large-file=\"https:\/\/i0.wp.com\/ffw-bockhorn.de\/wp-content\/uploads\/2015\/11\/42.jpg?fit=840%2C840&amp;ssl=1\" class=\"aligncenter size-full wp-image-197\" src=\"https:\/\/i0.wp.com\/ffw-bockhorn.de\/wp-content\/uploads\/2015\/11\/42.jpg?resize=840%2C511&#038;ssl=1\" alt=\"42\" width=\"840\" height=\"511\" srcset=\"https:\/\/i0.wp.com\/ffw-bockhorn.de\/wp-content\/uploads\/2015\/11\/42.jpg?w=870&amp;ssl=1 870w, https:\/\/i0.wp.com\/ffw-bockhorn.de\/wp-content\/uploads\/2015\/11\/42.jpg?resize=300%2C182&amp;ssl=1 300w\" sizes=\"auto, (max-width: 840px) 100vw, 840px\" \/><\/strong><\/p>\n<p><strong>Das L\u00f6schgruppenfahrzeug LF 8\/6 wurde 1992 als Ersatz f\u00fcr den damaligen Opel Blitz angeschafft. Das bis dahin bestehende Fahrzeug war 35 Jahre im Einsatz und war den damaligen Anforderungen nicht mehr gerecht.<\/strong><\/p>\n<p>&nbsp;<\/p>\n<h3><span style=\"text-decoration: underline;\"><strong>Technische Daten:<\/strong><\/span><\/h3>\n\n<table id=\"tablepress-7\" class=\"tablepress tablepress-id-7\">\n<tbody class=\"row-striping row-hover\">\n<tr class=\"row-1\">\n\t<td class=\"column-1\">Hersteller<\/td><td class=\"column-2\">Iveco-Magirus<\/td>\n<\/tr>\n<tr class=\"row-2\">\n\t<td class=\"column-1\">Motor<\/td><td class=\"column-2\">6-Zylinder<\/td>\n<\/tr>\n<tr class=\"row-3\">\n\t<td class=\"column-1\">Baujahr<\/td><td class=\"column-2\">1992<\/td>\n<\/tr>\n<tr class=\"row-4\">\n\t<td class=\"column-1\">Leistung<\/td><td class=\"column-2\">140 PS<\/td>\n<\/tr>\n<tr class=\"row-5\">\n\t<td class=\"column-1\">Mannschaftsst\u00e4rke<\/td><td class=\"column-2\">1\/8<\/td>\n<\/tr>\n<\/tbody>\n<\/table>\n<!-- #tablepress-7 from cache -->\n<p>&nbsp;<\/p>\n<h3><span style=\"text-decoration: underline;\"><strong>Besondere Ausstattung \/ Beladung:<\/strong><\/span><\/h3>\n<ul>\n<li>Feuerl\u00f6schkreiselpumpe ( F\u00f6rderleistung: 800 l\/min bei 8 Bar )<\/li>\n<li>Eingebauter Wassertank f\u00fcr Schnellangriff aus glasfaserverst\u00e4rktem Kunststoff Inhalt: 600 Liter<\/li>\n<li>4 Atemschutzger\u00e4te davon 2 St\u00fcck in der Mannschaftskabine integriert<\/li>\n<li>Schwerschaumrohr mit 60 Liter Schaummittel, Mittelschaumrohr<\/li>\n<li>Rettungsschere und Rettungsspreizer mit Zubeh\u00f6r<\/li>\n<li>Glass\u00e4ge, Trennschleifer<\/li>\n<li>tragbarer Stromerzeuger 5,5 kVA, Beleuchtungsmaterial 2 x 1.000 Watt<\/li>\n<li>4-teilige Steckleiter, Schlauchbr\u00fccken<\/li>\n<li>12 Schl\u00e4uche Gr\u00f6\u00dfe B, 10 Schl\u00e4uche Gr\u00f6\u00dfe C, Schnellangriffseinrichtung<\/li>\n<li>Hitzeschutzanz\u00fcge<\/li>\n<li>6 kg Pulverl\u00f6scher<\/li>\n<li>K\u00fcbelspritze<\/li>\n<li>\u00d6lbindemittel 3 Sack<\/li>\n<\/ul>\n<p>&nbsp;<\/p>\n<h4 style=\"text-align: center;\"><span style=\"text-decoration: underline;\"><span style=\"color: #0000ff;\"><a style=\"color: #0000ff; text-decoration: underline;\" href=\"https:\/\/ffw-bockhorn.de\/?page_id=65\">Zur\u00fcck zu &#8222;Fahrzeuge&#8220;<\/a><\/span><\/span><\/h4>\n","protected":false},"excerpt":{"rendered":"<p>Funkrufname: Florian Bockhorn 42\/1 Das L\u00f6schgruppenfahrzeug LF 8\/6 wurde 1992 als Ersatz f\u00fcr den damaligen Opel Blitz angeschafft. Das bis dahin bestehende Fahrzeug war 35 Jahre im Einsatz und war<\/p>\n","protected":false},"author":1,"featured_media":0,"parent":0,"menu_order":0,"comment_status":"closed","ping_status":"closed","template":"","meta":{"jetpack_post_was_ever_published":false,"footnotes":""},"class_list":["post-74","page","type-page","status-publish","hentry"],"jetpack_sharing_enabled":true,"jetpack_shortlink":"https:\/\/wp.me\/P6T4yF-1c","jetpack-related-posts":[{"id":52,"url":"https:\/\/ffw-bockhorn.de\/?page_id=52","url_meta":{"origin":74,"position":0},"title":"Dekon-E Anh\u00e4nger (a.D.)","author":"FFW Bockhorn","date":"27. Oktober 2015","format":false,"excerpt":"Im Jahr 2003 fand der Dekon-Anh\u00e4nger seinen Platz in Bockhorn, da von der damaligen Kreisbrandinspektion Bockhorn als Mittelpunkt des Lankreises Erding ermittelt wurde. Der Anh\u00e4nger ist ein \"Landkreis-Fahrzeug\". Im August 2017 wurde der Anh\u00e4ngers durch das neue Bundes-Fahrzeug, den Dekon-P, abgel\u00f6st. \u00a0 Besondere Ausstattung \/ Beladung: DEKON-Zelt PE-Folie f\u00fcr DEKON-Platz\u2026","rel":"","context":"\u00c4hnlicher Beitrag","block_context":{"text":"\u00c4hnlicher Beitrag","link":""},"img":{"alt_text":"Dekon","src":"https:\/\/i0.wp.com\/ffw-bockhorn.de\/wp-content\/uploads\/2015\/11\/Dekon.jpg?resize=350%2C200","width":350,"height":200,"srcset":"https:\/\/i0.wp.com\/ffw-bockhorn.de\/wp-content\/uploads\/2015\/11\/Dekon.jpg?resize=350%2C200 1x, https:\/\/i0.wp.com\/ffw-bockhorn.de\/wp-content\/uploads\/2015\/11\/Dekon.jpg?resize=525%2C300 1.5x, https:\/\/i0.wp.com\/ffw-bockhorn.de\/wp-content\/uploads\/2015\/11\/Dekon.jpg?resize=700%2C400 2x"},"classes":[]},{"id":43,"url":"https:\/\/ffw-bockhorn.de\/?page_id=43","url_meta":{"origin":74,"position":1},"title":"Chronik der Feuerwehr","author":"FFW Bockhorn","date":"27. Oktober 2015","format":false,"excerpt":"Die Geschichte der Feuerwehr Bockhorn ist bis 1875 zur\u00fcckzuverfolgen. Im Jahre 1873\u00a0wurde durch das Kgl. Bezirksamt Erding die Errichtung einer Pflichtfeuerwehr angeordnet.\u00a0Zum Feuerl\u00f6schbezirk Bockhorn geh\u00f6rten Gr\u00fcnbach, Salmannskirchen und Eschlbach, die\u00a0zur gegenseitigen Hilfe verpflichtet waren. Herangezogen wurden alle m\u00e4nnlichen\u00a0Ortsbewohner zwischen dem 18. und 50. Lebensjahr. Die Mannschaften bestanden aus\u00a0Steigern, Spritzenm\u00e4nnern und\u2026","rel":"","context":"\u00c4hnlicher Beitrag","block_context":{"text":"\u00c4hnlicher Beitrag","link":""},"img":{"alt_text":"","src":"https:\/\/i0.wp.com\/ffw-bockhorn.de\/wp-content\/uploads\/2016\/01\/Chronik_FFW_2-1024x717.jpg?resize=350%2C200","width":350,"height":200,"srcset":"https:\/\/i0.wp.com\/ffw-bockhorn.de\/wp-content\/uploads\/2016\/01\/Chronik_FFW_2-1024x717.jpg?resize=350%2C200 1x, https:\/\/i0.wp.com\/ffw-bockhorn.de\/wp-content\/uploads\/2016\/01\/Chronik_FFW_2-1024x717.jpg?resize=525%2C300 1.5x, https:\/\/i0.wp.com\/ffw-bockhorn.de\/wp-content\/uploads\/2016\/01\/Chronik_FFW_2-1024x717.jpg?resize=700%2C400 2x"},"classes":[]},{"id":2122,"url":"https:\/\/ffw-bockhorn.de\/?page_id=2122","url_meta":{"origin":74,"position":2},"title":"GW Dekon-P","author":"FFW Bockhorn","date":"4. Juni 2017","format":false,"excerpt":"Funkrufname: Florian Bockhorn 67\/1 Im April 2017 wurde der Dekon-P als eines der letzten Fahrzeuge f\u00fcr Bayern, an den Landkreis Erding \u00fcbergeben. Das Fahrzeug des Bundes ersetzt damit den Dekon-E-Anh\u00e4nger des Landkreises Erding. Wie auch schon der Dekon-E, ist der Dekon-P bei der Feuerwehr Bockhorn untergestellt und wird durch alle\u2026","rel":"","context":"\u00c4hnlicher Beitrag","block_context":{"text":"\u00c4hnlicher Beitrag","link":""},"img":{"alt_text":"","src":"https:\/\/i0.wp.com\/ffw-bockhorn.de\/wp-content\/uploads\/2017\/06\/Dekon-P.jpg?resize=350%2C200","width":350,"height":200,"srcset":"https:\/\/i0.wp.com\/ffw-bockhorn.de\/wp-content\/uploads\/2017\/06\/Dekon-P.jpg?resize=350%2C200 1x, https:\/\/i0.wp.com\/ffw-bockhorn.de\/wp-content\/uploads\/2017\/06\/Dekon-P.jpg?resize=525%2C300 1.5x, https:\/\/i0.wp.com\/ffw-bockhorn.de\/wp-content\/uploads\/2017\/06\/Dekon-P.jpg?resize=700%2C400 2x, https:\/\/i0.wp.com\/ffw-bockhorn.de\/wp-content\/uploads\/2017\/06\/Dekon-P.jpg?resize=1050%2C600 3x"},"classes":[]},{"id":1473,"url":"https:\/\/ffw-bockhorn.de\/?page_id=1473","url_meta":{"origin":74,"position":3},"title":"Datenschutz","author":"FFW Bockhorn","date":"9. Januar 2016","format":false,"excerpt":"Datenschutzerkl\u00e4rung Wir freuen uns sehr \u00fcber Ihr Interesse an unserem Unternehmen. Datenschutz hat einen besonders hohen Stellenwert f\u00fcr die Gesch\u00e4ftsleitung der Freiwillige Feuerwehr Bockorn e.V.. Eine Nutzung der Internetseiten der Freiwillige Feuerwehr Bockorn e.V. ist grunds\u00e4tzlich ohne jede Angabe personenbezogener Daten m\u00f6glich. Sofern eine betroffene Person besondere Services unseres Unternehmens\u2026","rel":"","context":"\u00c4hnlicher Beitrag","block_context":{"text":"\u00c4hnlicher Beitrag","link":""},"img":{"alt_text":"","src":"","width":0,"height":0},"classes":[]},{"id":46,"url":"https:\/\/ffw-bockhorn.de\/?page_id=46","url_meta":{"origin":74,"position":4},"title":"Chronik der Gemeinde","author":"FFW Bockhorn","date":"27. Oktober 2015","format":false,"excerpt":"Bockhorn liegt etwa 7 km \u00f6stlich der Kreisstadt Erding, genau in der Mitte des Landkreises und umfasst 47 qkm. Das Gemeindegebiet mit seinen fruchtbaren B\u00f6den und seinem Wasserreichtum geh\u00f6rt zu den fr\u00fchest besiedelten Gebieten. Das erste Volk, dessen Name uns noch bekannt ist, waren die Kelten um 500 v.Chr.. Letzte\u2026","rel":"","context":"\u00c4hnlicher Beitrag","block_context":{"text":"\u00c4hnlicher Beitrag","link":""},"img":{"alt_text":"festsc0","src":"https:\/\/i0.wp.com\/ffw-bockhorn.de\/wp-content\/uploads\/2015\/12\/festsc0.jpg?resize=350%2C200","width":350,"height":200},"classes":[]},{"id":2526,"url":"https:\/\/ffw-bockhorn.de\/?page_id=2526","url_meta":{"origin":74,"position":5},"title":"2017 &#8211; Unser erstes Jahr","author":"FFW Bockhorn","date":"5. Februar 2019","format":false,"excerpt":"Im Jahr 2017 wurde die Jugendfeuerwehr Bockhorn gegr\u00fcndet. Willst du wissen was wir im ersten Jahr erlebt haben? Dann schau`s dir an! Ich m\u00f6chte auch dabei sein Erste Hilfe Unter Anleitung der Kollegen aus Gr\u00fcnbach lernten die Jungs und M\u00e4dchen Basics wie die stabile Seitenlage und die richtige Wiederbelebung. Auch\u2026","rel":"","context":"\u00c4hnlicher Beitrag","block_context":{"text":"\u00c4hnlicher Beitrag","link":""},"img":{"alt_text":"","src":"https:\/\/i0.wp.com\/ffw-bockhorn.de\/wp-content\/uploads\/2019\/02\/JF_2017_056.jpg?fit=1200%2C900&ssl=1&resize=350%2C200","width":350,"height":200,"srcset":"https:\/\/i0.wp.com\/ffw-bockhorn.de\/wp-content\/uploads\/2019\/02\/JF_2017_056.jpg?fit=1200%2C900&ssl=1&resize=350%2C200 1x, https:\/\/i0.wp.com\/ffw-bockhorn.de\/wp-content\/uploads\/2019\/02\/JF_2017_056.jpg?fit=1200%2C900&ssl=1&resize=525%2C300 1.5x, https:\/\/i0.wp.com\/ffw-bockhorn.de\/wp-content\/uploads\/2019\/02\/JF_2017_056.jpg?fit=1200%2C900&ssl=1&resize=700%2C400 2x, https:\/\/i0.wp.com\/ffw-bockhorn.de\/wp-content\/uploads\/2019\/02\/JF_2017_056.jpg?fit=1200%2C900&ssl=1&resize=1050%2C600 3x"},"classes":[]}],"_links":{"self":[{"href":"https:\/\/ffw-bockhorn.de\/index.php?rest_route=\/wp\/v2\/pages\/74","targetHints":{"allow":["GET"]}}],"collection":[{"href":"https:\/\/ffw-bockhorn.de\/index.php?rest_route=\/wp\/v2\/pages"}],"about":[{"href":"https:\/\/ffw-bockhorn.de\/index.php?rest_route=\/wp\/v2\/types\/page"}],"author":[{"embeddable":true,"href":"https:\/\/ffw-bockhorn.de\/index.php?rest_route=\/wp\/v2\/users\/1"}],"replies":[{"embeddable":true,"href":"https:\/\/ffw-bockhorn.de\/index.php?rest_route=%2Fwp%2Fv2%2Fcomments&post=74"}],"version-history":[{"count":16,"href":"https:\/\/ffw-bockhorn.de\/index.php?rest_route=\/wp\/v2\/pages\/74\/revisions"}],"predecessor-version":[{"id":3840,"href":"https:\/\/ffw-bockhorn.de\/index.php?rest_route=\/wp\/v2\/pages\/74\/revisions\/3840"}],"wp:attachment":[{"href":"https:\/\/ffw-bockhorn.de\/index.php?rest_route=%2Fwp%2Fv2%2Fmedia&parent=74"}],"curies":[{"name":"wp","href":"https:\/\/api.w.org\/{rel}","templated":true}]}}