{"id":77,"date":"2015-10-27T21:14:03","date_gmt":"2015-10-27T21:14:03","guid":{"rendered":"http:\/\/ffw-bockhorn.de\/?page_id=77"},"modified":"2015-11-02T20:42:43","modified_gmt":"2015-11-02T20:42:43","slug":"historisches","status":"publish","type":"page","link":"https:\/\/ffw-bockhorn.de\/?page_id=77","title":{"rendered":"Historisches"},"content":{"rendered":"<p><a href=\"https:\/\/ffw-bockhorn.de\/?page_id=46\"><img data-recalc-dims=\"1\" loading=\"lazy\" decoding=\"async\" data-attachment-id=\"225\" data-permalink=\"https:\/\/ffw-bockhorn.de\/?attachment_id=225\" data-orig-file=\"https:\/\/i0.wp.com\/ffw-bockhorn.de\/wp-content\/uploads\/2015\/11\/florian_transparent.jpg?fit=1128%2C1828&amp;ssl=1\" data-orig-size=\"1128,1828\" data-comments-opened=\"1\" data-image-meta=\"{&quot;aperture&quot;:&quot;0&quot;,&quot;credit&quot;:&quot;&quot;,&quot;camera&quot;:&quot;&quot;,&quot;caption&quot;:&quot;&quot;,&quot;created_timestamp&quot;:&quot;0&quot;,&quot;copyright&quot;:&quot;&quot;,&quot;focal_length&quot;:&quot;0&quot;,&quot;iso&quot;:&quot;0&quot;,&quot;shutter_speed&quot;:&quot;0&quot;,&quot;title&quot;:&quot;&quot;,&quot;orientation&quot;:&quot;0&quot;}\" data-image-title=\"florian_transparent\" data-image-description=\"\" data-image-caption=\"\" data-medium-file=\"https:\/\/i0.wp.com\/ffw-bockhorn.de\/wp-content\/uploads\/2015\/11\/florian_transparent.jpg?fit=185%2C300&amp;ssl=1\" data-large-file=\"https:\/\/i0.wp.com\/ffw-bockhorn.de\/wp-content\/uploads\/2015\/11\/florian_transparent.jpg?fit=632%2C1024&amp;ssl=1\" class=\"alignleft size-medium wp-image-225\" src=\"https:\/\/i0.wp.com\/ffw-bockhorn.de\/wp-content\/uploads\/2015\/11\/florian_transparent.jpg?resize=185%2C300&#038;ssl=1\" alt=\"florian_transparent\" width=\"185\" height=\"300\" srcset=\"https:\/\/i0.wp.com\/ffw-bockhorn.de\/wp-content\/uploads\/2015\/11\/florian_transparent.jpg?resize=185%2C300&amp;ssl=1 185w, https:\/\/i0.wp.com\/ffw-bockhorn.de\/wp-content\/uploads\/2015\/11\/florian_transparent.jpg?resize=632%2C1024&amp;ssl=1 632w, https:\/\/i0.wp.com\/ffw-bockhorn.de\/wp-content\/uploads\/2015\/11\/florian_transparent.jpg?w=1128&amp;ssl=1 1128w\" sizes=\"auto, (max-width: 185px) 100vw, 185px\" \/>&gt; Chronik der Gemeinde<\/a><\/p>\n<p><a href=\"https:\/\/ffw-bockhorn.de\/?page_id=43\">&gt; Chronik der Feuerwehr<\/a><\/p>\n<p><a href=\"https:\/\/ffw-bockhorn.de\/?page_id=17\">&gt; Besondere Eins\u00e4tze<\/a><\/p>\n","protected":false},"excerpt":{"rendered":"<p>&gt; Chronik der Gemeinde &gt; Chronik der Feuerwehr &gt; Besondere Eins\u00e4tze<\/p>\n","protected":false},"author":1,"featured_media":0,"parent":0,"menu_order":0,"comment_status":"closed","ping_status":"closed","template":"","meta":{"jetpack_post_was_ever_published":false,"footnotes":""},"class_list":["post-77","page","type-page","status-publish","hentry"],"jetpack_sharing_enabled":true,"jetpack_shortlink":"https:\/\/wp.me\/P6T4yF-1f","jetpack-related-posts":[{"id":43,"url":"https:\/\/ffw-bockhorn.de\/?page_id=43","url_meta":{"origin":77,"position":0},"title":"Chronik der Feuerwehr","author":"FFW Bockhorn","date":"27. Oktober 2015","format":false,"excerpt":"Die Geschichte der Feuerwehr Bockhorn ist bis 1875 zur\u00fcckzuverfolgen. Im Jahre 1873\u00a0wurde durch das Kgl. Bezirksamt Erding die Errichtung einer Pflichtfeuerwehr angeordnet.\u00a0Zum Feuerl\u00f6schbezirk Bockhorn geh\u00f6rten Gr\u00fcnbach, Salmannskirchen und Eschlbach, die\u00a0zur gegenseitigen Hilfe verpflichtet waren. Herangezogen wurden alle m\u00e4nnlichen\u00a0Ortsbewohner zwischen dem 18. und 50. Lebensjahr. Die Mannschaften bestanden aus\u00a0Steigern, Spritzenm\u00e4nnern und\u2026","rel":"","context":"\u00c4hnlicher Beitrag","block_context":{"text":"\u00c4hnlicher Beitrag","link":""},"img":{"alt_text":"","src":"https:\/\/i0.wp.com\/ffw-bockhorn.de\/wp-content\/uploads\/2016\/01\/Chronik_FFW_2-1024x717.jpg?resize=350%2C200","width":350,"height":200,"srcset":"https:\/\/i0.wp.com\/ffw-bockhorn.de\/wp-content\/uploads\/2016\/01\/Chronik_FFW_2-1024x717.jpg?resize=350%2C200 1x, https:\/\/i0.wp.com\/ffw-bockhorn.de\/wp-content\/uploads\/2016\/01\/Chronik_FFW_2-1024x717.jpg?resize=525%2C300 1.5x, https:\/\/i0.wp.com\/ffw-bockhorn.de\/wp-content\/uploads\/2016\/01\/Chronik_FFW_2-1024x717.jpg?resize=700%2C400 2x"},"classes":[]},{"id":46,"url":"https:\/\/ffw-bockhorn.de\/?page_id=46","url_meta":{"origin":77,"position":1},"title":"Chronik der Gemeinde","author":"FFW Bockhorn","date":"27. Oktober 2015","format":false,"excerpt":"Bockhorn liegt etwa 7 km \u00f6stlich der Kreisstadt Erding, genau in der Mitte des Landkreises und umfasst 47 qkm. Das Gemeindegebiet mit seinen fruchtbaren B\u00f6den und seinem Wasserreichtum geh\u00f6rt zu den fr\u00fchest besiedelten Gebieten. Das erste Volk, dessen Name uns noch bekannt ist, waren die Kelten um 500 v.Chr.. Letzte\u2026","rel":"","context":"\u00c4hnlicher Beitrag","block_context":{"text":"\u00c4hnlicher Beitrag","link":""},"img":{"alt_text":"festsc0","src":"https:\/\/i0.wp.com\/ffw-bockhorn.de\/wp-content\/uploads\/2015\/12\/festsc0.jpg?resize=350%2C200","width":350,"height":200},"classes":[]},{"id":2122,"url":"https:\/\/ffw-bockhorn.de\/?page_id=2122","url_meta":{"origin":77,"position":2},"title":"GW Dekon-P","author":"FFW Bockhorn","date":"4. Juni 2017","format":false,"excerpt":"Funkrufname: Florian Bockhorn 67\/1 Im April 2017 wurde der Dekon-P als eines der letzten Fahrzeuge f\u00fcr Bayern, an den Landkreis Erding \u00fcbergeben. Das Fahrzeug des Bundes ersetzt damit den Dekon-E-Anh\u00e4nger des Landkreises Erding. Wie auch schon der Dekon-E, ist der Dekon-P bei der Feuerwehr Bockhorn untergestellt und wird durch alle\u2026","rel":"","context":"\u00c4hnlicher Beitrag","block_context":{"text":"\u00c4hnlicher Beitrag","link":""},"img":{"alt_text":"","src":"https:\/\/i0.wp.com\/ffw-bockhorn.de\/wp-content\/uploads\/2017\/06\/Dekon-P.jpg?resize=350%2C200","width":350,"height":200,"srcset":"https:\/\/i0.wp.com\/ffw-bockhorn.de\/wp-content\/uploads\/2017\/06\/Dekon-P.jpg?resize=350%2C200 1x, https:\/\/i0.wp.com\/ffw-bockhorn.de\/wp-content\/uploads\/2017\/06\/Dekon-P.jpg?resize=525%2C300 1.5x, https:\/\/i0.wp.com\/ffw-bockhorn.de\/wp-content\/uploads\/2017\/06\/Dekon-P.jpg?resize=700%2C400 2x, https:\/\/i0.wp.com\/ffw-bockhorn.de\/wp-content\/uploads\/2017\/06\/Dekon-P.jpg?resize=1050%2C600 3x"},"classes":[]},{"id":34,"url":"https:\/\/ffw-bockhorn.de\/?page_id=34","url_meta":{"origin":77,"position":3},"title":"Satzung","author":"FFW Bockhorn","date":"27. Oktober 2015","format":false,"excerpt":"Die Satzung wurde in der Mitgliederversammlung vom 20.05.2006 angenommen. Satzung des Vereins \"Freiwillige Feuerwehr Bockhorn e.V.\" \u00a7 1 Name, Sitz, Gesch\u00e4ftsjahr (1) Der Verein f\u00fchrt den Namen \"Freiwillige Feuerwehr Bockhorn e.V.\". Er ist in das Vereinsregister einzutragen. (2) Der Verein hat seinen Sitz in Bockhorn. (3) Gesch\u00e4ftsjahr des Vereins ist\u2026","rel":"","context":"\u00c4hnlicher Beitrag","block_context":{"text":"\u00c4hnlicher Beitrag","link":""},"img":{"alt_text":"","src":"","width":0,"height":0},"classes":[]},{"id":17,"url":"https:\/\/ffw-bockhorn.de\/?page_id=17","url_meta":{"origin":77,"position":4},"title":"Besondere Eins\u00e4tze","author":"FFW Bockhorn","date":"27. Oktober 2015","format":false,"excerpt":"Auch in der Bockhorner Feuerwehr hat sich das Einsatzgebiet seit den Gr\u00fcndungsjahren stark gewandelt. Waren es lange Zeit \u00fcberwiegend Br\u00e4nde, die die Aktiven ausr\u00fccken liessen, so sind es heute meist Eins\u00e4tze in der Technischen Hilfeleistung. Dennoch kam es auch in j\u00fcngerer Vergangenheit im Zust\u00e4ndigkeitsbereich der Bockhorner Wehr zu einer Vielzahl\u2026","rel":"","context":"\u00c4hnlicher Beitrag","block_context":{"text":"\u00c4hnlicher Beitrag","link":""},"img":{"alt_text":"Chronik_FFW_16","src":"https:\/\/i0.wp.com\/ffw-bockhorn.de\/wp-content\/uploads\/2016\/01\/Chronik_FFW_16-1024x344.jpg?resize=350%2C200","width":350,"height":200,"srcset":"https:\/\/i0.wp.com\/ffw-bockhorn.de\/wp-content\/uploads\/2016\/01\/Chronik_FFW_16-1024x344.jpg?resize=350%2C200 1x, https:\/\/i0.wp.com\/ffw-bockhorn.de\/wp-content\/uploads\/2016\/01\/Chronik_FFW_16-1024x344.jpg?resize=525%2C300 1.5x, https:\/\/i0.wp.com\/ffw-bockhorn.de\/wp-content\/uploads\/2016\/01\/Chronik_FFW_16-1024x344.jpg?resize=700%2C400 2x"},"classes":[]},{"id":3353,"url":"https:\/\/ffw-bockhorn.de\/?page_id=3353","url_meta":{"origin":77,"position":5},"title":"2019 &#8211; l\u00e4uft bei uns","author":"FFW Bockhorn","date":"8. Juli 2019","format":false,"excerpt":"Die neuesten Beitr\u00e4ge Aktion Ferienspass Den Kindern der Gemeinde Bockhorn wurde heute an allen 4 Feuerwehrh\u00e4usern der Gemeinde etwas gro\u00dfartiges Rund um die Feuerwehr geboten. In Bockhorn hat die Jugendfeuerwehr unter Anleitung ein Auto mit Scheere und Spreizer zerlegt. Daf\u00fcr durfte die Jugend auch in das Gewand der \"Gro\u00dfen\" schl\u00fcpfen!\u2026","rel":"","context":"\u00c4hnlicher Beitrag","block_context":{"text":"\u00c4hnlicher Beitrag","link":""},"img":{"alt_text":"","src":"https:\/\/i0.wp.com\/ffw-bockhorn.de\/wp-content\/uploads\/2019\/07\/IMG_20190317_184316.jpg?fit=1200%2C781&ssl=1&resize=350%2C200","width":350,"height":200,"srcset":"https:\/\/i0.wp.com\/ffw-bockhorn.de\/wp-content\/uploads\/2019\/07\/IMG_20190317_184316.jpg?fit=1200%2C781&ssl=1&resize=350%2C200 1x, https:\/\/i0.wp.com\/ffw-bockhorn.de\/wp-content\/uploads\/2019\/07\/IMG_20190317_184316.jpg?fit=1200%2C781&ssl=1&resize=525%2C300 1.5x, https:\/\/i0.wp.com\/ffw-bockhorn.de\/wp-content\/uploads\/2019\/07\/IMG_20190317_184316.jpg?fit=1200%2C781&ssl=1&resize=700%2C400 2x, https:\/\/i0.wp.com\/ffw-bockhorn.de\/wp-content\/uploads\/2019\/07\/IMG_20190317_184316.jpg?fit=1200%2C781&ssl=1&resize=1050%2C600 3x"},"classes":[]}],"_links":{"self":[{"href":"https:\/\/ffw-bockhorn.de\/index.php?rest_route=\/wp\/v2\/pages\/77","targetHints":{"allow":["GET"]}}],"collection":[{"href":"https:\/\/ffw-bockhorn.de\/index.php?rest_route=\/wp\/v2\/pages"}],"about":[{"href":"https:\/\/ffw-bockhorn.de\/index.php?rest_route=\/wp\/v2\/types\/page"}],"author":[{"embeddable":true,"href":"https:\/\/ffw-bockhorn.de\/index.php?rest_route=\/wp\/v2\/users\/1"}],"replies":[{"embeddable":true,"href":"https:\/\/ffw-bockhorn.de\/index.php?rest_route=%2Fwp%2Fv2%2Fcomments&post=77"}],"version-history":[{"count":3,"href":"https:\/\/ffw-bockhorn.de\/index.php?rest_route=\/wp\/v2\/pages\/77\/revisions"}],"predecessor-version":[{"id":229,"href":"https:\/\/ffw-bockhorn.de\/index.php?rest_route=\/wp\/v2\/pages\/77\/revisions\/229"}],"wp:attachment":[{"href":"https:\/\/ffw-bockhorn.de\/index.php?rest_route=%2Fwp%2Fv2%2Fmedia&parent=77"}],"curies":[{"name":"wp","href":"https:\/\/api.w.org\/{rel}","templated":true}]}}