{"id":86,"date":"2015-10-27T21:17:21","date_gmt":"2015-10-27T21:17:21","guid":{"rendered":"http:\/\/ffw-bockhorn.de\/?page_id=86"},"modified":"2020-12-31T07:52:01","modified_gmt":"2020-12-31T06:52:01","slug":"kontaktformular","status":"publish","type":"page","link":"https:\/\/ffw-bockhorn.de\/?page_id=86","title":{"rendered":"Kontakt"},"content":{"rendered":"\n<div class=\"wp-block-columns is-layout-flex wp-container-core-columns-is-layout-9d6595d7 wp-block-columns-is-layout-flex\">\n<div class=\"wp-block-column is-layout-flow wp-block-column-is-layout-flow\" style=\"flex-basis:100%\"><\/div>\n<\/div>\n\n\n<p>Haben Sie Fragen, Anregungen, Kritik oder Lob? Nutzen Sie das Kontaktformular und schreiben Sie uns eine Nachricht. Soll der Empf\u00e4nger der Mitteilung z.B. der Kommandant oder Vereinsvorstand sein, teilen Sie uns dies bitte mit.<\/p>\n\n<div class=\"wp-block-jetpack-contact-form is-layout-flex wp-container-jetpack-contact-form-is-layout-faa3ad1c wp-block-jetpack-contact-form-is-layout-flex\"><a href=\"https:\/\/ffw-bockhorn.de\/?page_id=86\" target=\"_blank\" rel=\"noopener noreferrer\">Formular einreichen.<\/a><\/div>","protected":false},"excerpt":{"rendered":"<p>Haben Sie Fragen, Anregungen, Kritik oder Lob? Nutzen Sie das Kontaktformular und schreiben Sie uns eine Nachricht. Soll der Empf\u00e4nger der Mitteilung z.B. der Kommandant oder Vereinsvorstand sein, teilen Sie<\/p>\n","protected":false},"author":1,"featured_media":0,"parent":0,"menu_order":0,"comment_status":"closed","ping_status":"closed","template":"","meta":{"jetpack_post_was_ever_published":false,"footnotes":""},"class_list":["post-86","page","type-page","status-publish","hentry"],"jetpack_sharing_enabled":true,"jetpack_shortlink":"https:\/\/wp.me\/P6T4yF-1o","jetpack-related-posts":[{"id":49,"url":"https:\/\/ffw-bockhorn.de\/?page_id=49","url_meta":{"origin":86,"position":0},"title":"Datenschutz alt","author":"FFW Bockhorn","date":"27. Oktober 2015","format":false,"excerpt":"Datenschutzerkl\u00e4rung Diese Datenschutzerkl\u00e4rung erl\u00e4utert wie wir pers\u00f6nliche Daten erheben, verarbeiten und nutzen. Ferner erkl\u00e4rt diese Datenschutzerkl\u00e4rung, wie Sie auf die Erhebung, Verarbeitung und Nutzung Ihrer pers\u00f6nlichen Daten Einfluss nehmen k\u00f6nnen. Wenn Sie im Rahmen Ihrer erstmaligen Registrierung auf unserer Web-Site ein entsprechend gekennzeichnetes K\u00e4stchen ankreuzen oder die Felder \"Weiter\", \"Einverstanden\",\u2026","rel":"","context":"\u00c4hnlicher Beitrag","block_context":{"text":"\u00c4hnlicher Beitrag","link":""},"img":{"alt_text":"","src":"","width":0,"height":0},"classes":[]},{"id":1473,"url":"https:\/\/ffw-bockhorn.de\/?page_id=1473","url_meta":{"origin":86,"position":1},"title":"Datenschutz","author":"FFW Bockhorn","date":"9. Januar 2016","format":false,"excerpt":"Datenschutzerkl\u00e4rung Wir freuen uns sehr \u00fcber Ihr Interesse an unserem Unternehmen. Datenschutz hat einen besonders hohen Stellenwert f\u00fcr die Gesch\u00e4ftsleitung der Freiwillige Feuerwehr Bockorn e.V.. Eine Nutzung der Internetseiten der Freiwillige Feuerwehr Bockorn e.V. ist grunds\u00e4tzlich ohne jede Angabe personenbezogener Daten m\u00f6glich. Sofern eine betroffene Person besondere Services unseres Unternehmens\u2026","rel":"","context":"\u00c4hnlicher Beitrag","block_context":{"text":"\u00c4hnlicher Beitrag","link":""},"img":{"alt_text":"","src":"","width":0,"height":0},"classes":[]},{"id":2526,"url":"https:\/\/ffw-bockhorn.de\/?page_id=2526","url_meta":{"origin":86,"position":2},"title":"2017 &#8211; Unser erstes Jahr","author":"FFW Bockhorn","date":"5. Februar 2019","format":false,"excerpt":"Im Jahr 2017 wurde die Jugendfeuerwehr Bockhorn gegr\u00fcndet. Willst du wissen was wir im ersten Jahr erlebt haben? Dann schau`s dir an! Ich m\u00f6chte auch dabei sein Erste Hilfe Unter Anleitung der Kollegen aus Gr\u00fcnbach lernten die Jungs und M\u00e4dchen Basics wie die stabile Seitenlage und die richtige Wiederbelebung. Auch\u2026","rel":"","context":"\u00c4hnlicher Beitrag","block_context":{"text":"\u00c4hnlicher Beitrag","link":""},"img":{"alt_text":"","src":"https:\/\/i0.wp.com\/ffw-bockhorn.de\/wp-content\/uploads\/2019\/02\/JF_2017_056.jpg?fit=1200%2C900&ssl=1&resize=350%2C200","width":350,"height":200,"srcset":"https:\/\/i0.wp.com\/ffw-bockhorn.de\/wp-content\/uploads\/2019\/02\/JF_2017_056.jpg?fit=1200%2C900&ssl=1&resize=350%2C200 1x, https:\/\/i0.wp.com\/ffw-bockhorn.de\/wp-content\/uploads\/2019\/02\/JF_2017_056.jpg?fit=1200%2C900&ssl=1&resize=525%2C300 1.5x, https:\/\/i0.wp.com\/ffw-bockhorn.de\/wp-content\/uploads\/2019\/02\/JF_2017_056.jpg?fit=1200%2C900&ssl=1&resize=700%2C400 2x, https:\/\/i0.wp.com\/ffw-bockhorn.de\/wp-content\/uploads\/2019\/02\/JF_2017_056.jpg?fit=1200%2C900&ssl=1&resize=1050%2C600 3x"},"classes":[]},{"id":34,"url":"https:\/\/ffw-bockhorn.de\/?page_id=34","url_meta":{"origin":86,"position":3},"title":"Satzung","author":"FFW Bockhorn","date":"27. Oktober 2015","format":false,"excerpt":"Die Satzung wurde in der Mitgliederversammlung vom 20.05.2006 angenommen. Satzung des Vereins \"Freiwillige Feuerwehr Bockhorn e.V.\" \u00a7 1 Name, Sitz, Gesch\u00e4ftsjahr (1) Der Verein f\u00fchrt den Namen \"Freiwillige Feuerwehr Bockhorn e.V.\". Er ist in das Vereinsregister einzutragen. (2) Der Verein hat seinen Sitz in Bockhorn. (3) Gesch\u00e4ftsjahr des Vereins ist\u2026","rel":"","context":"\u00c4hnlicher Beitrag","block_context":{"text":"\u00c4hnlicher Beitrag","link":""},"img":{"alt_text":"","src":"","width":0,"height":0},"classes":[]},{"id":80,"url":"https:\/\/ffw-bockhorn.de\/?page_id=80","url_meta":{"origin":86,"position":4},"title":"Impressum","author":"FFW Bockhorn","date":"27. Oktober 2015","format":false,"excerpt":"Angaben gem\u00e4\u00df \u00a7 5 TMG: Freiwillige Feuerwehr Bockhorn e. V.Untere Hauptstra\u00dfe 885461 Bockhorn Vertreten durch: Andreas Scharl (1. Vorsitzender)Lucas Huber (2. Vorsitzender) Kontakt: Telefon:08122 \/ 50 24E-Mail:ffwbockhorn ( a ) gmail . com Registereintrag: Eintragung im Vereinsregister.Registergericht:Amtsgericht M\u00fcnchenRegisternummer: VR110608 Aufsichtsbeh\u00f6rde: Gemeinde Bockhorn Verantwortlich f\u00fcr den Inhalt nach \u00a7 55 Abs.\u2026","rel":"","context":"\u00c4hnlicher Beitrag","block_context":{"text":"\u00c4hnlicher Beitrag","link":""},"img":{"alt_text":"","src":"","width":0,"height":0},"classes":[]},{"id":62,"url":"https:\/\/ffw-bockhorn.de\/?page_id=62","url_meta":{"origin":86,"position":5},"title":"Maibaum 2019","author":"FFW Bockhorn","date":"27. Oktober 2015","format":false,"excerpt":"Kontak zum Maibaumauschuss \u00fcber maibaum2019@ffw-bockhorn.de Bilder vom Maibaumaufstellen Allen Spendern ein herzliches \"vergelts`s Gott\"! Da Bam is furt... Gut verhandelt haben die Kameraden der Freiwilligen Feuerwehr Eschlbach, nachdem Sie morgens um 9 Uhr den Baum gestohlen hatten. F\u00fcr jeden gib`s a Brotzeit und 2 Ma\u00df Bier... :-) Da Bam kimmt\u2026","rel":"","context":"\u00c4hnlicher Beitrag","block_context":{"text":"\u00c4hnlicher Beitrag","link":""},"img":{"alt_text":"","src":"https:\/\/i0.wp.com\/ffw-bockhorn.de\/wp-content\/uploads\/2016\/01\/Chronik_FFW_16-3.jpg?fit=750%2C500&ssl=1&resize=350%2C200","width":350,"height":200,"srcset":"https:\/\/i0.wp.com\/ffw-bockhorn.de\/wp-content\/uploads\/2016\/01\/Chronik_FFW_16-3.jpg?fit=750%2C500&ssl=1&resize=350%2C200 1x, https:\/\/i0.wp.com\/ffw-bockhorn.de\/wp-content\/uploads\/2016\/01\/Chronik_FFW_16-3.jpg?fit=750%2C500&ssl=1&resize=525%2C300 1.5x, https:\/\/i0.wp.com\/ffw-bockhorn.de\/wp-content\/uploads\/2016\/01\/Chronik_FFW_16-3.jpg?fit=750%2C500&ssl=1&resize=700%2C400 2x"},"classes":[]}],"_links":{"self":[{"href":"https:\/\/ffw-bockhorn.de\/index.php?rest_route=\/wp\/v2\/pages\/86","targetHints":{"allow":["GET"]}}],"collection":[{"href":"https:\/\/ffw-bockhorn.de\/index.php?rest_route=\/wp\/v2\/pages"}],"about":[{"href":"https:\/\/ffw-bockhorn.de\/index.php?rest_route=\/wp\/v2\/types\/page"}],"author":[{"embeddable":true,"href":"https:\/\/ffw-bockhorn.de\/index.php?rest_route=\/wp\/v2\/users\/1"}],"replies":[{"embeddable":true,"href":"https:\/\/ffw-bockhorn.de\/index.php?rest_route=%2Fwp%2Fv2%2Fcomments&post=86"}],"version-history":[{"count":32,"href":"https:\/\/ffw-bockhorn.de\/index.php?rest_route=\/wp\/v2\/pages\/86\/revisions"}],"predecessor-version":[{"id":3986,"href":"https:\/\/ffw-bockhorn.de\/index.php?rest_route=\/wp\/v2\/pages\/86\/revisions\/3986"}],"wp:attachment":[{"href":"https:\/\/ffw-bockhorn.de\/index.php?rest_route=%2Fwp%2Fv2%2Fmedia&parent=86"}],"curies":[{"name":"wp","href":"https:\/\/api.w.org\/{rel}","templated":true}]}}